{"id":1538,"date":"2025-10-26T19:08:15","date_gmt":"2025-10-26T18:08:15","guid":{"rendered":"https:\/\/mb-project.hr\/?post_type=product&#038;p=1538"},"modified":"2026-02-03T18:47:00","modified_gmt":"2026-02-03T17:47:00","slug":"metalni-gravirani-upaljac-elegancija-u-svakom-detalju","status":"publish","type":"product","link":"https:\/\/mb-project.hr\/it\/prodotto\/metalni-gravirani-upaljac-elegancija-u-svakom-detalju\/","title":{"rendered":"Accendino in metallo inciso - eleganza in ogni dettaglio"},"content":{"rendered":"<p data-start=\"395\" data-end=\"741\">Evidenzia il tuo stile con il nostro <strong data-start=\"421\" data-end=\"454\">accendino per incisione su metallo<\/strong> \u2013 un connubio perfetto <strong data-start=\"474\" data-end=\"521\">eleganza, resistenza e funzionalit\u00e0<\/strong>.<br data-start=\"522\" data-end=\"525\" \/>Questo <strong data-start=\"530\" data-end=\"557\">accendino personalizzato<\/strong> realizzato in metallo di alta qualit\u00e0 e inciso con attenzione ai dettagli, che lo rende ideale <strong data-start=\"650\" data-end=\"674\">Regali per gli uomini<\/strong>, <strong data-start=\"676\" data-end=\"689\">souvenir<\/strong> oppure <strong data-start=\"694\" data-end=\"716\">un supplemento unico<\/strong> per l'uso quotidiano.<\/p>\n<p data-start=\"743\" data-end=\"764\">\u25cb <strong data-start=\"745\" data-end=\"764\">Caratteristiche:<\/strong><\/p>\n<ul data-start=\"765\" data-end=\"1106\">\n<li data-start=\"765\" data-end=\"834\">\n<p data-start=\"767\" data-end=\"834\">premio <strong data-start=\"775\" data-end=\"799\">costruzione in metallo<\/strong> \u2013 solido, duraturo ed elegante<\/p>\n<\/li>\n<li data-start=\"835\" data-end=\"895\">\n<p data-start=\"837\" data-end=\"895\">Preciso <strong data-start=\"846\" data-end=\"867\">incisione a scelta<\/strong> \u2013 banner, logo o messaggio<\/p>\n<\/li>\n<li data-start=\"896\" data-end=\"946\">\n<p data-start=\"898\" data-end=\"946\"><strong data-start=\"898\" data-end=\"919\">Accendino a benzina<\/strong> \u2013 facile da riempire e utilizzare<\/p>\n<\/li>\n<li data-start=\"947\" data-end=\"1015\">\n<p data-start=\"949\" data-end=\"1015\">Venduto <strong data-start=\"960\" data-end=\"975\">senza benzina<\/strong> (a causa delle norme di sicurezza durante l'invio)<\/p>\n<\/li>\n<li data-start=\"1016\" data-end=\"1106\">\n<p data-start=\"1018\" data-end=\"1106\">Design classico, adatto a tutte le occasioni: compleanni, anniversari, regali o collezioni<\/p>\n<\/li>\n<\/ul>\n<p data-start=\"1108\" data-end=\"1283\">?? <strong data-start=\"1111\" data-end=\"1124\">N.B.:<\/strong><br data-start=\"1124\" data-end=\"1127\" \/>L'accendino \u00e8 fornito <strong data-start=\"797\" data-end=\"821\">Vuoto (senza benzina)<\/strong> a causa delle norme di sicurezza durante il trasporto. Prima del primo utilizzo, deve essere riempito con benzina standard per accendini (ad esempio Zippo o simili).<\/p>\n<p data-start=\"1285\" data-end=\"1483\">?? <strong data-start=\"1288\" data-end=\"1329\">Perch\u00e9 scegliere il nostro accendino inciso?<\/strong><br data-start=\"1329\" data-end=\"1332\" \/>\u2714 Look unico che riflette la personalit\u00e0<\/p>\n<p data-start=\"1285\" data-end=\"1483\">\u2714 Durevole e ricaricabile - pi\u00f9 leggero che non si getta via<\/p>\n<p data-start=\"1285\" data-end=\"1483\">\u2714 Perfetto <strong data-start=\"1438\" data-end=\"1464\">regalo personalizzato<\/strong> Per ogni occasione<\/p>\n<p data-start=\"1285\" data-end=\"1483\">\u2714 Possibilit\u00e0 di incisione unilaterale o bifacciale<\/p>\n<p data-start=\"1285\" data-end=\"1483\">Contatto via e-mail:\u00a0 <strong>3dmbproject@gmail.com<\/strong><\/p>\n<p data-start=\"1285\" data-end=\"1483\">?? Inviare per posta o ritirare di persona.<\/p>","protected":false},"excerpt":{"rendered":"<p>Accendino in metallo unico con incisione a vostro piacimento. Scegli un'iscrizione, un nome o un messaggio e trasformalo in un regalo speciale per ogni occasione.<\/p>\n<p>Colore dell'accendino: nero<\/p>\n<p>Possibilit\u00e0 di incisione unilaterale o bifacciale.<\/p>\n<p>Dimensione dell'accendino: 58x39mm<\/p>\n<p><strong>Tempi di consegna<\/strong>: 5-7 giorni lavorativi<\/p>","protected":false},"featured_media":1593,"template":"","meta":[],"product_brand":[],"product_cat":[59,43],"product_tag":[],"class_list":{"0":"post-1538","1":"product","2":"type-product","3":"status-publish","4":"has-post-thumbnail","6":"product_cat-graviranje","7":"product_cat-personalizirani","9":"first","10":"onbackorder","11":"shipping-taxable","12":"purchasable","13":"product-type-variable"},"group_of_quantity":0,"min_quantity":0,"max_quantity":"","exclude_order_quantity_value_rules":"no","exclude_category_quantity_rules":"no","combine_variations":"no","exclude_global_add_ons":[],"addons":[],"yoast_head":"<!-- This site is optimized with the Yoast SEO plugin v26.0 - https:\/\/yoast.com\/wordpress\/plugins\/seo\/ -->\n<title>Metalni gravirani upalja\u010d \u2013 elegancija u svakom detalju - 3D printanje, 3D modeliranje i lasersko graviranje<\/title>\n<meta name=\"robots\" content=\"index, follow, max-snippet:-1, max-image-preview:large, max-video-preview:-1\" \/>\n<link rel=\"canonical\" href=\"https:\/\/mb-project.hr\/it\/prodotto\/metalni-gravirani-upaljac-elegancija-u-svakom-detalju\/\" \/>\n<meta property=\"og:locale\" content=\"it_IT\" \/>\n<meta property=\"og:type\" content=\"article\" \/>\n<meta property=\"og:title\" content=\"Metalni gravirani upalja\u010d \u2013 elegancija u svakom detalju - 3D printanje, 3D modeliranje i lasersko graviranje\" \/>\n<meta property=\"og:description\" content=\"Unikatan metalni upalja\u010d s gravurom po va\u0161oj \u017eelji. Odaberite natpis, ime ili poruku i pretvorite ga u poseban poklon za svaku priliku.  Boja upalja\u010da: crna  Mogu\u010dnost jednostranog ili dvostranog graviranja.  Dimenzija upalja\u010da: 58x39mm  Rok isporuke: 5-7 radnih dana\" \/>\n<meta property=\"og:url\" content=\"https:\/\/mb-project.hr\/it\/prodotto\/metalni-gravirani-upaljac-elegancija-u-svakom-detalju\/\" \/>\n<meta property=\"og:site_name\" content=\"3D printanje, 3D modeliranje i lasersko graviranje\" \/>\n<meta property=\"article:modified_time\" content=\"2026-02-03T17:47:00+00:00\" \/>\n<meta property=\"og:image\" content=\"https:\/\/mb-project.hr\/wp-content\/uploads\/2025\/10\/ChatGPT-Image-26.-lis-2025.-19_02_56-683x1024.png\" \/>\n\t<meta property=\"og:image:width\" content=\"683\" \/>\n\t<meta property=\"og:image:height\" content=\"1024\" \/>\n\t<meta property=\"og:image:type\" content=\"image\/png\" \/>\n<meta name=\"twitter:card\" content=\"summary_large_image\" \/>\n<meta name=\"twitter:label1\" content=\"Tempo di lettura stimato\" \/>\n\t<meta name=\"twitter:data1\" content=\"2 minuti\" \/>\n<script type=\"application\/ld+json\" class=\"yoast-schema-graph\">{\"@context\":\"https:\/\/schema.org\",\"@graph\":[{\"@type\":\"WebPage\",\"@id\":\"https:\/\/mb-project.hr\/proizvod\/metalni-gravirani-upaljac-elegancija-u-svakom-detalju\/\",\"url\":\"https:\/\/mb-project.hr\/proizvod\/metalni-gravirani-upaljac-elegancija-u-svakom-detalju\/\",\"name\":\"Metalni gravirani upalja\u010d \u2013 elegancija u svakom detalju - 3D printanje, 3D modeliranje i lasersko graviranje\",\"isPartOf\":{\"@id\":\"https:\/\/mb-project.hr\/#website\"},\"primaryImageOfPage\":{\"@id\":\"https:\/\/mb-project.hr\/proizvod\/metalni-gravirani-upaljac-elegancija-u-svakom-detalju\/#primaryimage\"},\"image\":{\"@id\":\"https:\/\/mb-project.hr\/proizvod\/metalni-gravirani-upaljac-elegancija-u-svakom-detalju\/#primaryimage\"},\"thumbnailUrl\":\"https:\/\/mb-project.hr\/wp-content\/uploads\/2025\/10\/ChatGPT-Image-26.-lis-2025.-19_02_56.png\",\"datePublished\":\"2025-10-26T18:08:15+00:00\",\"dateModified\":\"2026-02-03T17:47:00+00:00\",\"breadcrumb\":{\"@id\":\"https:\/\/mb-project.hr\/proizvod\/metalni-gravirani-upaljac-elegancija-u-svakom-detalju\/#breadcrumb\"},\"inLanguage\":\"it-IT\",\"potentialAction\":[{\"@type\":\"ReadAction\",\"target\":[\"https:\/\/mb-project.hr\/proizvod\/metalni-gravirani-upaljac-elegancija-u-svakom-detalju\/\"]}]},{\"@type\":\"ImageObject\",\"inLanguage\":\"it-IT\",\"@id\":\"https:\/\/mb-project.hr\/proizvod\/metalni-gravirani-upaljac-elegancija-u-svakom-detalju\/#primaryimage\",\"url\":\"https:\/\/mb-project.hr\/wp-content\/uploads\/2025\/10\/ChatGPT-Image-26.-lis-2025.-19_02_56.png\",\"contentUrl\":\"https:\/\/mb-project.hr\/wp-content\/uploads\/2025\/10\/ChatGPT-Image-26.-lis-2025.-19_02_56.png\",\"width\":1024,\"height\":1536},{\"@type\":\"BreadcrumbList\",\"@id\":\"https:\/\/mb-project.hr\/proizvod\/metalni-gravirani-upaljac-elegancija-u-svakom-detalju\/#breadcrumb\",\"itemListElement\":[{\"@type\":\"ListItem\",\"position\":1,\"name\":\"Po\u010detna stranica\",\"item\":\"https:\/\/mb-project.hr\/\"},{\"@type\":\"ListItem\",\"position\":2,\"name\":\"WEB SHOP\",\"item\":\"https:\/\/mb-project.hr\/web-shop\/\"},{\"@type\":\"ListItem\",\"position\":3,\"name\":\"Metalni gravirani upalja\u010d \u2013 elegancija u svakom detalju\"}]},{\"@type\":\"WebSite\",\"@id\":\"https:\/\/mb-project.hr\/#website\",\"url\":\"https:\/\/mb-project.hr\/\",\"name\":\"3D printanje, 3D modeliranje i lasersko graviranje\",\"description\":\"\",\"publisher\":{\"@id\":\"https:\/\/mb-project.hr\/#organization\"},\"potentialAction\":[{\"@type\":\"SearchAction\",\"target\":{\"@type\":\"EntryPoint\",\"urlTemplate\":\"https:\/\/mb-project.hr\/?s={search_term_string}\"},\"query-input\":{\"@type\":\"PropertyValueSpecification\",\"valueRequired\":true,\"valueName\":\"search_term_string\"}}],\"inLanguage\":\"it-IT\"},{\"@type\":\"Organization\",\"@id\":\"https:\/\/mb-project.hr\/#organization\",\"name\":\"3D printanje, 3D modeliranje i lasersko graviranje\",\"url\":\"https:\/\/mb-project.hr\/\",\"logo\":{\"@type\":\"ImageObject\",\"inLanguage\":\"it-IT\",\"@id\":\"https:\/\/mb-project.hr\/#\/schema\/logo\/image\/\",\"url\":\"https:\/\/mb-project.hr\/wp-content\/uploads\/2023\/02\/logo.png\",\"contentUrl\":\"https:\/\/mb-project.hr\/wp-content\/uploads\/2023\/02\/logo.png\",\"width\":1024,\"height\":650,\"caption\":\"3D printanje, 3D modeliranje i lasersko graviranje\"},\"image\":{\"@id\":\"https:\/\/mb-project.hr\/#\/schema\/logo\/image\/\"}}]}<\/script>\n<!-- \/ Yoast SEO plugin. -->","yoast_head_json":{"title":"Metalni gravirani upalja\u010d \u2013 elegancija u svakom detalju - 3D printanje, 3D modeliranje i lasersko graviranje","robots":{"index":"index","follow":"follow","max-snippet":"max-snippet:-1","max-image-preview":"max-image-preview:large","max-video-preview":"max-video-preview:-1"},"canonical":"https:\/\/mb-project.hr\/it\/prodotto\/metalni-gravirani-upaljac-elegancija-u-svakom-detalju\/","og_locale":"it_IT","og_type":"article","og_title":"Metalni gravirani upalja\u010d \u2013 elegancija u svakom detalju - 3D printanje, 3D modeliranje i lasersko graviranje","og_description":"Unikatan metalni upalja\u010d s gravurom po va\u0161oj \u017eelji. Odaberite natpis, ime ili poruku i pretvorite ga u poseban poklon za svaku priliku.  Boja upalja\u010da: crna  Mogu\u010dnost jednostranog ili dvostranog graviranja.  Dimenzija upalja\u010da: 58x39mm  Rok isporuke: 5-7 radnih dana","og_url":"https:\/\/mb-project.hr\/it\/prodotto\/metalni-gravirani-upaljac-elegancija-u-svakom-detalju\/","og_site_name":"3D printanje, 3D modeliranje i lasersko graviranje","article_modified_time":"2026-02-03T17:47:00+00:00","og_image":[{"width":683,"height":1024,"url":"https:\/\/mb-project.hr\/wp-content\/uploads\/2025\/10\/ChatGPT-Image-26.-lis-2025.-19_02_56-683x1024.png","type":"image\/png"}],"twitter_card":"summary_large_image","twitter_misc":{"Tempo di lettura stimato":"2 minuti"},"schema":{"@context":"https:\/\/schema.org","@graph":[{"@type":"WebPage","@id":"https:\/\/mb-project.hr\/proizvod\/metalni-gravirani-upaljac-elegancija-u-svakom-detalju\/","url":"https:\/\/mb-project.hr\/proizvod\/metalni-gravirani-upaljac-elegancija-u-svakom-detalju\/","name":"Metalni gravirani upalja\u010d \u2013 elegancija u svakom detalju - 3D printanje, 3D modeliranje i lasersko graviranje","isPartOf":{"@id":"https:\/\/mb-project.hr\/#website"},"primaryImageOfPage":{"@id":"https:\/\/mb-project.hr\/proizvod\/metalni-gravirani-upaljac-elegancija-u-svakom-detalju\/#primaryimage"},"image":{"@id":"https:\/\/mb-project.hr\/proizvod\/metalni-gravirani-upaljac-elegancija-u-svakom-detalju\/#primaryimage"},"thumbnailUrl":"https:\/\/mb-project.hr\/wp-content\/uploads\/2025\/10\/ChatGPT-Image-26.-lis-2025.-19_02_56.png","datePublished":"2025-10-26T18:08:15+00:00","dateModified":"2026-02-03T17:47:00+00:00","breadcrumb":{"@id":"https:\/\/mb-project.hr\/proizvod\/metalni-gravirani-upaljac-elegancija-u-svakom-detalju\/#breadcrumb"},"inLanguage":"it-IT","potentialAction":[{"@type":"ReadAction","target":["https:\/\/mb-project.hr\/proizvod\/metalni-gravirani-upaljac-elegancija-u-svakom-detalju\/"]}]},{"@type":"ImageObject","inLanguage":"it-IT","@id":"https:\/\/mb-project.hr\/proizvod\/metalni-gravirani-upaljac-elegancija-u-svakom-detalju\/#primaryimage","url":"https:\/\/mb-project.hr\/wp-content\/uploads\/2025\/10\/ChatGPT-Image-26.-lis-2025.-19_02_56.png","contentUrl":"https:\/\/mb-project.hr\/wp-content\/uploads\/2025\/10\/ChatGPT-Image-26.-lis-2025.-19_02_56.png","width":1024,"height":1536},{"@type":"BreadcrumbList","@id":"https:\/\/mb-project.hr\/proizvod\/metalni-gravirani-upaljac-elegancija-u-svakom-detalju\/#breadcrumb","itemListElement":[{"@type":"ListItem","position":1,"name":"Po\u010detna stranica","item":"https:\/\/mb-project.hr\/"},{"@type":"ListItem","position":2,"name":"WEB SHOP","item":"https:\/\/mb-project.hr\/web-shop\/"},{"@type":"ListItem","position":3,"name":"Metalni gravirani upalja\u010d \u2013 elegancija u svakom detalju"}]},{"@type":"WebSite","@id":"https:\/\/mb-project.hr\/#website","url":"https:\/\/mb-project.hr\/","name":"3D printanje, 3D modeliranje i lasersko graviranje","description":"","publisher":{"@id":"https:\/\/mb-project.hr\/#organization"},"potentialAction":[{"@type":"SearchAction","target":{"@type":"EntryPoint","urlTemplate":"https:\/\/mb-project.hr\/?s={search_term_string}"},"query-input":{"@type":"PropertyValueSpecification","valueRequired":true,"valueName":"search_term_string"}}],"inLanguage":"it-IT"},{"@type":"Organization","@id":"https:\/\/mb-project.hr\/#organization","name":"3D printanje, 3D modeliranje i lasersko graviranje","url":"https:\/\/mb-project.hr\/","logo":{"@type":"ImageObject","inLanguage":"it-IT","@id":"https:\/\/mb-project.hr\/#\/schema\/logo\/image\/","url":"https:\/\/mb-project.hr\/wp-content\/uploads\/2023\/02\/logo.png","contentUrl":"https:\/\/mb-project.hr\/wp-content\/uploads\/2023\/02\/logo.png","width":1024,"height":650,"caption":"3D printanje, 3D modeliranje i lasersko graviranje"},"image":{"@id":"https:\/\/mb-project.hr\/#\/schema\/logo\/image\/"}}]}},"jetpack_sharing_enabled":true,"_links":{"self":[{"href":"https:\/\/mb-project.hr\/it\/wp-json\/wp\/v2\/product\/1538","targetHints":{"allow":["GET"]}}],"collection":[{"href":"https:\/\/mb-project.hr\/it\/wp-json\/wp\/v2\/product"}],"about":[{"href":"https:\/\/mb-project.hr\/it\/wp-json\/wp\/v2\/types\/product"}],"wp:featuredmedia":[{"embeddable":true,"href":"https:\/\/mb-project.hr\/it\/wp-json\/wp\/v2\/media\/1593"}],"wp:attachment":[{"href":"https:\/\/mb-project.hr\/it\/wp-json\/wp\/v2\/media?parent=1538"}],"wp:term":[{"taxonomy":"product_brand","embeddable":true,"href":"https:\/\/mb-project.hr\/it\/wp-json\/wp\/v2\/product_brand?post=1538"},{"taxonomy":"product_cat","embeddable":true,"href":"https:\/\/mb-project.hr\/it\/wp-json\/wp\/v2\/product_cat?post=1538"},{"taxonomy":"product_tag","embeddable":true,"href":"https:\/\/mb-project.hr\/it\/wp-json\/wp\/v2\/product_tag?post=1538"}],"curies":[{"name":"wp","href":"https:\/\/api.w.org\/{rel}","templated":true}]}}