{"id":1394,"date":"2025-10-08T15:54:33","date_gmt":"2025-10-08T13:54:33","guid":{"rendered":"https:\/\/mb-project.hr\/?post_type=product&#038;p=1394"},"modified":"2026-02-03T18:53:35","modified_gmt":"2026-02-03T17:53:35","slug":"drvene-medalje-unikatne-i-personalizirane","status":"publish","type":"product","link":"https:\/\/mb-project.hr\/it\/prodotto\/drvene-medalje-unikatne-i-personalizirane\/","title":{"rendered":"Medaglie in legno \u2013 uniche e personalizzate"},"content":{"rendered":"<p data-start=\"259\" data-end=\"549\">Il nostro <strong data-start=\"264\" data-end=\"282\">Medaglie di legno<\/strong> sono realizzati con particolare cura e precisione, da <strong data-start=\"332\" data-end=\"368\">Legno di qualit\u00e0 4 mm di spessore<\/strong>. Ogni medaglia <strong data-start=\"384\" data-end=\"418\">taglio e incisione laser<\/strong>, consentendo la produzione di dettagli precisi e di iscrizioni permanenti. Ideale per <strong data-start=\"492\" data-end=\"548\">concorsi, regali occasionali, eventi o souvenir<\/strong>.<\/p>\n<p data-start=\"551\" data-end=\"602\">Offriamo <strong data-start=\"558\" data-end=\"581\">Due tipi di medaglie<\/strong> secondo i vostri desideri:<\/p>\n<ol data-start=\"604\" data-end=\"959\">\n<li data-start=\"604\" data-end=\"752\">\n<p data-start=\"607\" data-end=\"635\"><strong data-start=\"610\" data-end=\"633\">Medaglie monostrato<\/strong><\/p>\n<ul data-start=\"639\" data-end=\"752\">\n<li data-start=\"639\" data-end=\"674\">\n<p data-start=\"641\" data-end=\"674\">Taglio laser alla forma desiderata<\/p>\n<\/li>\n<li data-start=\"678\" data-end=\"752\">\n<p data-start=\"680\" data-end=\"752\">Possibilit\u00e0 <strong data-start=\"690\" data-end=\"710\">incisioni laser<\/strong> con un'iscrizione, un logo o un motivo a scelta<\/p>\n<\/li>\n<\/ul>\n<\/li>\n<li data-start=\"754\" data-end=\"959\">\n<p data-start=\"757\" data-end=\"796\"><strong data-start=\"760\" data-end=\"794\">Medaglie a due strati con effetto 3D<\/strong><\/p>\n<ul data-start=\"800\" data-end=\"959\">\n<li data-start=\"800\" data-end=\"835\">\n<p data-start=\"802\" data-end=\"835\">Taglio laser alla forma desiderata<\/p>\n<\/li>\n<li data-start=\"839\" data-end=\"900\">\n<p data-start=\"841\" data-end=\"900\">Essi consistono in <strong data-start=\"855\" data-end=\"875\">due strati di legno<\/strong> incollato al tutto<\/p>\n<\/li>\n<li data-start=\"904\" data-end=\"959\">\n<p data-start=\"906\" data-end=\"959\">Lo strato superiore porta espressivo <strong data-start=\"935\" data-end=\"957\">Aspetto e profondit\u00e0 3D<\/strong><\/p>\n<\/li>\n<\/ul>\n<\/li>\n<\/ol>\n<p data-start=\"961\" data-end=\"1088\">?? <strong data-start=\"964\" data-end=\"993\">Personalizzazione come desiderato!<\/strong><br data-start=\"993\" data-end=\"996\" \/>\u00c8 possibile creare con il vostro disegno, logo o motivo, la soluzione perfetta per ogni occasione.<\/p>\n<p data-start=\"961\" data-end=\"1088\">Ideale per tornei sportivi, competizioni ed eventi promozionali.<\/p>\n<p data-start=\"961\" data-end=\"1088\">Produzione di programmi di taglio e incisione addebitiamo 30\u20ac indipendentemente dall'importo.<\/p>\n<p data-start=\"988\" data-end=\"1030\">?? Inviare per posta o ritirare di persona.<\/p>","protected":false},"excerpt":{"rendered":"<h3 data-start=\"80\" data-end=\"130\">Medaglie di legno tagliate e incise al laser<\/h3>\n<p data-start=\"131\" data-end=\"316\">Taglio laser nella forma desiderata, con possibilit\u00e0 di incisione personalizzata di loghi, iscrizioni o motivi.<br data-start=\"284\" data-end=\"287\" \/>Disponibile in due varianti:<\/p>\n<ul data-start=\"317\" data-end=\"470\">\n<li data-start=\"317\" data-end=\"374\">\n<p data-start=\"319\" data-end=\"374\"><strong data-start=\"319\" data-end=\"342\">Medaglie monostrato<\/strong> \u2013 Taglio e incisione laser<\/p>\n<\/li>\n<li data-start=\"375\" data-end=\"470\">\n<p data-start=\"377\" data-end=\"470\"><strong data-start=\"377\" data-end=\"409\">Medaglie a due strati (effetto 3D)<\/strong> \u2013 composto da due strati di legno per un'impressione visiva pi\u00f9 pronunciata;<\/p>\n<\/li>\n<\/ul>\n<p>Il prezzo delle medaglie include i nastri di vostra scelta.<\/p>\n<p>I prezzi si riferiscono a medaglie fino ad una dimensione massima di 50 cm2 (ad esempio: max. 7 x 7cm)<\/p>\n<p><strong>Produzione di programmi di taglio e incisione addebitiamo 30\u20ac indipendentemente dall'importo.<\/strong><\/p>\n<p><strong>Per altre dimensioni\u00a0 <\/strong><strong>PREZZO SU DOMANDA !!!<\/strong><\/p>\n<p>&nbsp;<\/p>\n<p><strong>Quantit\u00e0 di ordine minimo: 25 pezzi<\/strong><\/p>\n<p>&nbsp;<\/p>\n<p>Contatto via e-mail:\u00a0 <strong>3dmbproject@gmail.com<\/strong><\/p>","protected":false},"featured_media":1417,"template":"","meta":[],"product_brand":[],"product_cat":[43,125],"product_tag":[],"class_list":{"0":"post-1394","1":"product","2":"type-product","3":"status-publish","4":"has-post-thumbnail","6":"product_cat-personalizirani","7":"product_cat-upload-priprema-naplata","9":"first","10":"onbackorder","11":"shipping-taxable","12":"purchasable","13":"product-type-variable"},"group_of_quantity":0,"min_quantity":10,"max_quantity":"","exclude_order_quantity_value_rules":"no","exclude_category_quantity_rules":"no","combine_variations":"no","exclude_global_add_ons":[],"addons":[],"yoast_head":"<!-- This site is optimized with the Yoast SEO plugin v26.0 - https:\/\/yoast.com\/wordpress\/plugins\/seo\/ -->\n<title>Drvene medalje \u2013 unikatne i personalizirane - 3D printanje, 3D modeliranje i lasersko graviranje<\/title>\n<meta name=\"robots\" content=\"index, follow, max-snippet:-1, max-image-preview:large, max-video-preview:-1\" \/>\n<link rel=\"canonical\" href=\"https:\/\/mb-project.hr\/it\/prodotto\/drvene-medalje-unikatne-i-personalizirane\/\" \/>\n<meta property=\"og:locale\" content=\"it_IT\" \/>\n<meta property=\"og:type\" content=\"article\" \/>\n<meta property=\"og:title\" content=\"Drvene medalje \u2013 unikatne i personalizirane - 3D printanje, 3D modeliranje i lasersko graviranje\" \/>\n<meta property=\"og:description\" content=\"Drvene medalje \u2013 laserski rezane i gravirane Laserski rezane u \u017eeljeni oblik, s mogu\u0107no\u0161\u0107u personalizirane gravure logotipa, natpisa ili motiva.Dostupne u dvije varijante:     Jednoslojne medalje \u2013 laserski rezane i gravirane    Dvoslojne medalje (3D efekt) \u2013 slo\u017eene od dva sloja drveta za izra\u017eeniji vizualni dojam   U cijene medalja uklju\u010dene i trakice po izboru.  Cijene se odnose na medalje veli\u010dine do maksimalno 50 cm2 (naprimjer: max. 7 x 7cm)  Izradu programa za rezanje i graviranje napla\u010dujemo 30\u20ac bez obzira na koli\u010dinu.  Za ostale veli\u010dine\u00a0 CIJENA NA UPIT !!!  &nbsp;  Minimalna koli\u010dina za narud\u017ebu: 25 komada  &nbsp;  Kontakt na e-mail:\u00a0 3dmbproject@gmail.com\" \/>\n<meta property=\"og:url\" content=\"https:\/\/mb-project.hr\/it\/prodotto\/drvene-medalje-unikatne-i-personalizirane\/\" \/>\n<meta property=\"og:site_name\" content=\"3D printanje, 3D modeliranje i lasersko graviranje\" \/>\n<meta property=\"article:modified_time\" content=\"2026-02-03T17:53:35+00:00\" \/>\n<meta property=\"og:image\" content=\"https:\/\/mb-project.hr\/wp-content\/uploads\/2025\/10\/ChatGPT-Image-14.-lis-2025.-19_12_31-1024x683.png\" \/>\n\t<meta property=\"og:image:width\" content=\"1024\" \/>\n\t<meta property=\"og:image:height\" content=\"683\" \/>\n\t<meta property=\"og:image:type\" content=\"image\/png\" \/>\n<meta name=\"twitter:card\" content=\"summary_large_image\" \/>\n<meta name=\"twitter:label1\" content=\"Tempo di lettura stimato\" \/>\n\t<meta name=\"twitter:data1\" content=\"1 minuto\" \/>\n<script type=\"application\/ld+json\" class=\"yoast-schema-graph\">{\"@context\":\"https:\/\/schema.org\",\"@graph\":[{\"@type\":\"WebPage\",\"@id\":\"https:\/\/mb-project.hr\/proizvod\/drvene-medalje-unikatne-i-personalizirane\/\",\"url\":\"https:\/\/mb-project.hr\/proizvod\/drvene-medalje-unikatne-i-personalizirane\/\",\"name\":\"Drvene medalje \u2013 unikatne i personalizirane - 3D printanje, 3D modeliranje i lasersko graviranje\",\"isPartOf\":{\"@id\":\"https:\/\/mb-project.hr\/#website\"},\"primaryImageOfPage\":{\"@id\":\"https:\/\/mb-project.hr\/proizvod\/drvene-medalje-unikatne-i-personalizirane\/#primaryimage\"},\"image\":{\"@id\":\"https:\/\/mb-project.hr\/proizvod\/drvene-medalje-unikatne-i-personalizirane\/#primaryimage\"},\"thumbnailUrl\":\"https:\/\/mb-project.hr\/wp-content\/uploads\/2025\/10\/ChatGPT-Image-14.-lis-2025.-19_12_31.png\",\"datePublished\":\"2025-10-08T13:54:33+00:00\",\"dateModified\":\"2026-02-03T17:53:35+00:00\",\"breadcrumb\":{\"@id\":\"https:\/\/mb-project.hr\/proizvod\/drvene-medalje-unikatne-i-personalizirane\/#breadcrumb\"},\"inLanguage\":\"it-IT\",\"potentialAction\":[{\"@type\":\"ReadAction\",\"target\":[\"https:\/\/mb-project.hr\/proizvod\/drvene-medalje-unikatne-i-personalizirane\/\"]}]},{\"@type\":\"ImageObject\",\"inLanguage\":\"it-IT\",\"@id\":\"https:\/\/mb-project.hr\/proizvod\/drvene-medalje-unikatne-i-personalizirane\/#primaryimage\",\"url\":\"https:\/\/mb-project.hr\/wp-content\/uploads\/2025\/10\/ChatGPT-Image-14.-lis-2025.-19_12_31.png\",\"contentUrl\":\"https:\/\/mb-project.hr\/wp-content\/uploads\/2025\/10\/ChatGPT-Image-14.-lis-2025.-19_12_31.png\",\"width\":1536,\"height\":1024},{\"@type\":\"BreadcrumbList\",\"@id\":\"https:\/\/mb-project.hr\/proizvod\/drvene-medalje-unikatne-i-personalizirane\/#breadcrumb\",\"itemListElement\":[{\"@type\":\"ListItem\",\"position\":1,\"name\":\"Po\u010detna stranica\",\"item\":\"https:\/\/mb-project.hr\/\"},{\"@type\":\"ListItem\",\"position\":2,\"name\":\"WEB SHOP\",\"item\":\"https:\/\/mb-project.hr\/web-shop\/\"},{\"@type\":\"ListItem\",\"position\":3,\"name\":\"Drvene medalje \u2013 unikatne i personalizirane\"}]},{\"@type\":\"WebSite\",\"@id\":\"https:\/\/mb-project.hr\/#website\",\"url\":\"https:\/\/mb-project.hr\/\",\"name\":\"3D printanje, 3D modeliranje i lasersko graviranje\",\"description\":\"\",\"publisher\":{\"@id\":\"https:\/\/mb-project.hr\/#organization\"},\"potentialAction\":[{\"@type\":\"SearchAction\",\"target\":{\"@type\":\"EntryPoint\",\"urlTemplate\":\"https:\/\/mb-project.hr\/?s={search_term_string}\"},\"query-input\":{\"@type\":\"PropertyValueSpecification\",\"valueRequired\":true,\"valueName\":\"search_term_string\"}}],\"inLanguage\":\"it-IT\"},{\"@type\":\"Organization\",\"@id\":\"https:\/\/mb-project.hr\/#organization\",\"name\":\"3D printanje, 3D modeliranje i lasersko graviranje\",\"url\":\"https:\/\/mb-project.hr\/\",\"logo\":{\"@type\":\"ImageObject\",\"inLanguage\":\"it-IT\",\"@id\":\"https:\/\/mb-project.hr\/#\/schema\/logo\/image\/\",\"url\":\"https:\/\/mb-project.hr\/wp-content\/uploads\/2023\/02\/logo.png\",\"contentUrl\":\"https:\/\/mb-project.hr\/wp-content\/uploads\/2023\/02\/logo.png\",\"width\":1024,\"height\":650,\"caption\":\"3D printanje, 3D modeliranje i lasersko graviranje\"},\"image\":{\"@id\":\"https:\/\/mb-project.hr\/#\/schema\/logo\/image\/\"}}]}<\/script>\n<!-- \/ Yoast SEO plugin. -->","yoast_head_json":{"title":"Drvene medalje \u2013 unikatne i personalizirane - 3D printanje, 3D modeliranje i lasersko graviranje","robots":{"index":"index","follow":"follow","max-snippet":"max-snippet:-1","max-image-preview":"max-image-preview:large","max-video-preview":"max-video-preview:-1"},"canonical":"https:\/\/mb-project.hr\/it\/prodotto\/drvene-medalje-unikatne-i-personalizirane\/","og_locale":"it_IT","og_type":"article","og_title":"Drvene medalje \u2013 unikatne i personalizirane - 3D printanje, 3D modeliranje i lasersko graviranje","og_description":"Drvene medalje \u2013 laserski rezane i gravirane Laserski rezane u \u017eeljeni oblik, s mogu\u0107no\u0161\u0107u personalizirane gravure logotipa, natpisa ili motiva.Dostupne u dvije varijante:     Jednoslojne medalje \u2013 laserski rezane i gravirane    Dvoslojne medalje (3D efekt) \u2013 slo\u017eene od dva sloja drveta za izra\u017eeniji vizualni dojam   U cijene medalja uklju\u010dene i trakice po izboru.  Cijene se odnose na medalje veli\u010dine do maksimalno 50 cm2 (naprimjer: max. 7 x 7cm)  Izradu programa za rezanje i graviranje napla\u010dujemo 30\u20ac bez obzira na koli\u010dinu.  Za ostale veli\u010dine\u00a0 CIJENA NA UPIT !!!  &nbsp;  Minimalna koli\u010dina za narud\u017ebu: 25 komada  &nbsp;  Kontakt na e-mail:\u00a0 3dmbproject@gmail.com","og_url":"https:\/\/mb-project.hr\/it\/prodotto\/drvene-medalje-unikatne-i-personalizirane\/","og_site_name":"3D printanje, 3D modeliranje i lasersko graviranje","article_modified_time":"2026-02-03T17:53:35+00:00","og_image":[{"width":1024,"height":683,"url":"https:\/\/mb-project.hr\/wp-content\/uploads\/2025\/10\/ChatGPT-Image-14.-lis-2025.-19_12_31-1024x683.png","type":"image\/png"}],"twitter_card":"summary_large_image","twitter_misc":{"Tempo di lettura stimato":"1 minuto"},"schema":{"@context":"https:\/\/schema.org","@graph":[{"@type":"WebPage","@id":"https:\/\/mb-project.hr\/proizvod\/drvene-medalje-unikatne-i-personalizirane\/","url":"https:\/\/mb-project.hr\/proizvod\/drvene-medalje-unikatne-i-personalizirane\/","name":"Drvene medalje \u2013 unikatne i personalizirane - 3D printanje, 3D modeliranje i lasersko graviranje","isPartOf":{"@id":"https:\/\/mb-project.hr\/#website"},"primaryImageOfPage":{"@id":"https:\/\/mb-project.hr\/proizvod\/drvene-medalje-unikatne-i-personalizirane\/#primaryimage"},"image":{"@id":"https:\/\/mb-project.hr\/proizvod\/drvene-medalje-unikatne-i-personalizirane\/#primaryimage"},"thumbnailUrl":"https:\/\/mb-project.hr\/wp-content\/uploads\/2025\/10\/ChatGPT-Image-14.-lis-2025.-19_12_31.png","datePublished":"2025-10-08T13:54:33+00:00","dateModified":"2026-02-03T17:53:35+00:00","breadcrumb":{"@id":"https:\/\/mb-project.hr\/proizvod\/drvene-medalje-unikatne-i-personalizirane\/#breadcrumb"},"inLanguage":"it-IT","potentialAction":[{"@type":"ReadAction","target":["https:\/\/mb-project.hr\/proizvod\/drvene-medalje-unikatne-i-personalizirane\/"]}]},{"@type":"ImageObject","inLanguage":"it-IT","@id":"https:\/\/mb-project.hr\/proizvod\/drvene-medalje-unikatne-i-personalizirane\/#primaryimage","url":"https:\/\/mb-project.hr\/wp-content\/uploads\/2025\/10\/ChatGPT-Image-14.-lis-2025.-19_12_31.png","contentUrl":"https:\/\/mb-project.hr\/wp-content\/uploads\/2025\/10\/ChatGPT-Image-14.-lis-2025.-19_12_31.png","width":1536,"height":1024},{"@type":"BreadcrumbList","@id":"https:\/\/mb-project.hr\/proizvod\/drvene-medalje-unikatne-i-personalizirane\/#breadcrumb","itemListElement":[{"@type":"ListItem","position":1,"name":"Po\u010detna stranica","item":"https:\/\/mb-project.hr\/"},{"@type":"ListItem","position":2,"name":"WEB SHOP","item":"https:\/\/mb-project.hr\/web-shop\/"},{"@type":"ListItem","position":3,"name":"Drvene medalje \u2013 unikatne i personalizirane"}]},{"@type":"WebSite","@id":"https:\/\/mb-project.hr\/#website","url":"https:\/\/mb-project.hr\/","name":"3D printanje, 3D modeliranje i lasersko graviranje","description":"","publisher":{"@id":"https:\/\/mb-project.hr\/#organization"},"potentialAction":[{"@type":"SearchAction","target":{"@type":"EntryPoint","urlTemplate":"https:\/\/mb-project.hr\/?s={search_term_string}"},"query-input":{"@type":"PropertyValueSpecification","valueRequired":true,"valueName":"search_term_string"}}],"inLanguage":"it-IT"},{"@type":"Organization","@id":"https:\/\/mb-project.hr\/#organization","name":"3D printanje, 3D modeliranje i lasersko graviranje","url":"https:\/\/mb-project.hr\/","logo":{"@type":"ImageObject","inLanguage":"it-IT","@id":"https:\/\/mb-project.hr\/#\/schema\/logo\/image\/","url":"https:\/\/mb-project.hr\/wp-content\/uploads\/2023\/02\/logo.png","contentUrl":"https:\/\/mb-project.hr\/wp-content\/uploads\/2023\/02\/logo.png","width":1024,"height":650,"caption":"3D printanje, 3D modeliranje i lasersko graviranje"},"image":{"@id":"https:\/\/mb-project.hr\/#\/schema\/logo\/image\/"}}]}},"jetpack_sharing_enabled":true,"_links":{"self":[{"href":"https:\/\/mb-project.hr\/it\/wp-json\/wp\/v2\/product\/1394","targetHints":{"allow":["GET"]}}],"collection":[{"href":"https:\/\/mb-project.hr\/it\/wp-json\/wp\/v2\/product"}],"about":[{"href":"https:\/\/mb-project.hr\/it\/wp-json\/wp\/v2\/types\/product"}],"wp:featuredmedia":[{"embeddable":true,"href":"https:\/\/mb-project.hr\/it\/wp-json\/wp\/v2\/media\/1417"}],"wp:attachment":[{"href":"https:\/\/mb-project.hr\/it\/wp-json\/wp\/v2\/media?parent=1394"}],"wp:term":[{"taxonomy":"product_brand","embeddable":true,"href":"https:\/\/mb-project.hr\/it\/wp-json\/wp\/v2\/product_brand?post=1394"},{"taxonomy":"product_cat","embeddable":true,"href":"https:\/\/mb-project.hr\/it\/wp-json\/wp\/v2\/product_cat?post=1394"},{"taxonomy":"product_tag","embeddable":true,"href":"https:\/\/mb-project.hr\/it\/wp-json\/wp\/v2\/product_tag?post=1394"}],"curies":[{"name":"wp","href":"https:\/\/api.w.org\/{rel}","templated":true}]}}