{"id":1325,"date":"2025-10-03T10:04:01","date_gmt":"2025-10-03T08:04:01","guid":{"rendered":"https:\/\/mb-project.hr\/?post_type=product&#038;p=1325"},"modified":"2025-10-24T19:40:58","modified_gmt":"2025-10-24T17:40:58","slug":"distance-za-montazu-aluminijskih-ograda","status":"publish","type":"product","link":"https:\/\/mb-project.hr\/it\/prodotto\/distance-za-montazu-aluminijskih-ograda\/","title":{"rendered":"Distanza per il montaggio di recinzioni in alluminio"},"content":{"rendered":"<h3 data-start=\"146\" data-end=\"211\">Distanziatori per il montaggio di recinzioni in alluminio<\/h3>\n<p data-start=\"213\" data-end=\"512\">Distanza (spazi) realizzato per l'installazione pi\u00f9 veloce, pi\u00f9 precisa e pi\u00f9 facile di recinzioni in alluminio.<br data-start=\"314\" data-end=\"317\" \/>Disponibile <strong data-start=\"358\" data-end=\"375\">18 spazi<\/strong>, e ciascuno ha <strong data-start=\"389\" data-end=\"414\">4 diverse dimensioni<\/strong>. Ecco come si ottiene il totale <strong data-start=\"438\" data-end=\"452\">72 spazi<\/strong>, che vanno da <strong data-start=\"467\" data-end=\"485\">da 10 mm a 81 mm<\/strong>, con un passo di solo 1 mm.<\/p>\n<p data-start=\"514\" data-end=\"1028\">?? <strong data-start=\"517\" data-end=\"535\">Risparmio di tempo<\/strong> \u2013 invece di cercare o improvvisare rondelle, \u00e8 sufficiente selezionare la barra spaziatrice appropriata.<br data-start=\"631\" data-end=\"634\" \/>?? <strong data-start=\"637\" data-end=\"651\">Precisione<\/strong> \u2013 ogni millimetro \u00e8 coperto, senza errori di montaggio.<br data-start=\"707\" data-end=\"710\" \/>?? <strong data-start=\"713\" data-end=\"736\">Imballaggio pratico<\/strong> \u2013 viene fornito in una valigia rigida in PVC, ordinatamente impilata e pronta a lavorare sul campo.<br data-start=\"810\" data-end=\"813\" \/>?? <strong data-start=\"816\" data-end=\"831\" data-is-only-node=\"\">Panoramica<\/strong> \u2013 gli spazi sono chiaramente contrassegnati e raggruppati (dimensioni pari e dispari), il che accelera la selezione.<br data-start=\"923\" data-end=\"926\" \/>?? <strong data-start=\"929\" data-end=\"945\">Durata<\/strong> \u2013 realizzato in materiale di alta qualit\u00e0, resistente all'usura e all'uso a lungo termine.<\/p>\n<p data-start=\"1030\" data-end=\"1154\"><strong data-start=\"1030\" data-end=\"1042\">Oggetto:<\/strong> installazione di recinzioni in alluminio, lavori di fabbro e falegnameria e tutti i lavori in cui \u00e8 necessaria una distanza precisa.<\/p>\n<p data-start=\"1156\" data-end=\"1244\">\u2705 Tutte le dimensioni a portata di mano - in un unico set!<br data-start=\"1197\" data-end=\"1200\" \/>\u2705 Strumento ideale per professionisti e hobbisti.<\/p>\n<p data-start=\"319\" data-end=\"581\">Tecnologia di fabbricazione: Stampa 3D<\/p>\n<p data-start=\"988\" data-end=\"1030\">?? Inviare per posta o ritirare di persona.<\/p>\n<p data-start=\"1156\" data-end=\"1244\">Dimensioni disponibili:<\/p>\n<table width=\"267\">\n<tbody>\n<tr>\n<td style=\"text-align: center;\" width=\"142\">DISTANZA DI PROGETTAZIONE<\/td>\n<td style=\"text-align: center;\" width=\"125\">DIMENSIONI IN \u201cmm\u201d<\/td>\n<\/tr>\n<tr>\n<td style=\"text-align: center;\">1A<\/td>\n<td>10 \/ 12 \/ 14 \/ 16<\/td>\n<\/tr>\n<tr>\n<td style=\"text-align: center;\">1B<\/td>\n<td>11 \/ 13 \/ 15 \/ 17<\/td>\n<\/tr>\n<tr>\n<td style=\"text-align: center;\">2A<\/td>\n<td>18 \/ 20 \/ 22 \/ 24<\/td>\n<\/tr>\n<tr>\n<td style=\"text-align: center;\">2B<\/td>\n<td>19 \/ 21 \/ 23 \/ 25<\/td>\n<\/tr>\n<tr>\n<td style=\"text-align: center;\">3A<\/td>\n<td>26 \/ 28 \/ 30 \/ 32<\/td>\n<\/tr>\n<tr>\n<td style=\"text-align: center;\">3B<\/td>\n<td>27 \/ 29 \/ 31 \/ 33<\/td>\n<\/tr>\n<tr>\n<td style=\"text-align: center;\">4A<\/td>\n<td>34 \/ 36 \/ 38 \/ 40<\/td>\n<\/tr>\n<tr>\n<td style=\"text-align: center;\">4B<\/td>\n<td>35 \/ 37 \/ 39 \/ 41<\/td>\n<\/tr>\n<tr>\n<td style=\"text-align: center;\">5A<\/td>\n<td>42 \/ 44 \/ 46 \/ 48<\/td>\n<\/tr>\n<tr>\n<td style=\"text-align: center;\">5B<\/td>\n<td>43 \/ 45 \/ 47 \/ 49<\/td>\n<\/tr>\n<tr>\n<td style=\"text-align: center;\">6A<\/td>\n<td>50 \/ 52 \/ 54 \/ 56<\/td>\n<\/tr>\n<tr>\n<td style=\"text-align: center;\">6B<\/td>\n<td>51 \/ 53 \/ 55 \/ 57<\/td>\n<\/tr>\n<tr>\n<td style=\"text-align: center;\">7A<\/td>\n<td>58 \/ 60 \/ 62 \/ 64<\/td>\n<\/tr>\n<tr>\n<td style=\"text-align: center;\">7B<\/td>\n<td>59 \/ 61 \/ 63 \/ 65<\/td>\n<\/tr>\n<tr>\n<td style=\"text-align: center;\">8A<\/td>\n<td>66 \/ 68 \/ 70 \/ 72<\/td>\n<\/tr>\n<tr>\n<td style=\"text-align: center;\">8B<\/td>\n<td>67 \/ 69 \/ 71 \/ 73<\/td>\n<\/tr>\n<tr>\n<td style=\"text-align: center;\">9A<\/td>\n<td>74 \/ 76 \/ 78 \/ 80<\/td>\n<\/tr>\n<tr>\n<td style=\"text-align: center;\">9B<\/td>\n<td>75 \/ 77 \/ 79 \/ 81<\/td>\n<\/tr>\n<\/tbody>\n<\/table>\n<p data-start=\"988\" data-end=\"1030\">","protected":false},"excerpt":{"rendered":"<p><strong>Distanza per un'installazione pi\u00f9 rapida e semplice delle recinzioni ALU<\/strong><\/p>\n<p>Una distanza di 10-81 mm con un passo di 1 mm.<\/p>\n<p>Ogni distanza ha 4 dimensioni diverse<strong data-start=\"389\" data-end=\"414\">.<\/strong><\/p>\n<p>&nbsp;<\/p>\n<p><strong>Tempi di consegna<\/strong>: 5-10 giorni lavorativi<\/p>","protected":false},"featured_media":1537,"template":"","meta":[],"product_brand":[],"product_cat":[42],"product_tag":[],"class_list":{"0":"post-1325","1":"product","2":"type-product","3":"status-publish","4":"has-post-thumbnail","6":"product_cat-pribor-za-alate-i-strojeve","8":"first","9":"onbackorder","10":"shipping-taxable","11":"purchasable","12":"product-type-variable"},"group_of_quantity":0,"min_quantity":0,"max_quantity":"","exclude_order_quantity_value_rules":"no","exclude_category_quantity_rules":"no","combine_variations":"no","exclude_global_add_ons":[],"addons":[],"yoast_head":"<!-- This site is optimized with the Yoast SEO plugin v26.0 - https:\/\/yoast.com\/wordpress\/plugins\/seo\/ -->\n<title>Distance za monta\u017eu aluminijskih ograda - 3D printanje, 3D modeliranje i lasersko graviranje<\/title>\n<meta name=\"robots\" content=\"index, follow, max-snippet:-1, max-image-preview:large, max-video-preview:-1\" \/>\n<link rel=\"canonical\" href=\"https:\/\/mb-project.hr\/it\/prodotto\/distance-za-montazu-aluminijskih-ograda\/\" \/>\n<meta property=\"og:locale\" content=\"it_IT\" \/>\n<meta property=\"og:type\" content=\"article\" \/>\n<meta property=\"og:title\" content=\"Distance za monta\u017eu aluminijskih ograda - 3D printanje, 3D modeliranje i lasersko graviranje\" \/>\n<meta property=\"og:description\" content=\"Distance (razmaknice) za br\u017eu i lak\u0161u monta\u017eu ALU ograda  Distance od 10-81 mm sa korakom od 1 mm.  Svaka distanca ima 4 razli\u010dite dimenzije.  &nbsp;  Rok isporuke: 5-10 radnih dana\" \/>\n<meta property=\"og:url\" content=\"https:\/\/mb-project.hr\/it\/prodotto\/distance-za-montazu-aluminijskih-ograda\/\" \/>\n<meta property=\"og:site_name\" content=\"3D printanje, 3D modeliranje i lasersko graviranje\" \/>\n<meta property=\"article:modified_time\" content=\"2025-10-24T17:40:58+00:00\" \/>\n<meta property=\"og:image\" content=\"https:\/\/mb-project.hr\/wp-content\/uploads\/2025\/10\/Untitled-1-scaled.jpg\" \/>\n\t<meta property=\"og:image:width\" content=\"2560\" \/>\n\t<meta property=\"og:image:height\" content=\"2463\" \/>\n\t<meta property=\"og:image:type\" content=\"image\/jpeg\" \/>\n<meta name=\"twitter:card\" content=\"summary_large_image\" \/>\n<meta name=\"twitter:label1\" content=\"Tempo di lettura stimato\" \/>\n\t<meta name=\"twitter:data1\" content=\"2 minuti\" \/>\n<script type=\"application\/ld+json\" class=\"yoast-schema-graph\">{\"@context\":\"https:\/\/schema.org\",\"@graph\":[{\"@type\":\"WebPage\",\"@id\":\"https:\/\/mb-project.hr\/proizvod\/distance-za-montazu-aluminijskih-ograda\/\",\"url\":\"https:\/\/mb-project.hr\/proizvod\/distance-za-montazu-aluminijskih-ograda\/\",\"name\":\"Distance za monta\u017eu aluminijskih ograda - 3D printanje, 3D modeliranje i lasersko graviranje\",\"isPartOf\":{\"@id\":\"https:\/\/mb-project.hr\/#website\"},\"primaryImageOfPage\":{\"@id\":\"https:\/\/mb-project.hr\/proizvod\/distance-za-montazu-aluminijskih-ograda\/#primaryimage\"},\"image\":{\"@id\":\"https:\/\/mb-project.hr\/proizvod\/distance-za-montazu-aluminijskih-ograda\/#primaryimage\"},\"thumbnailUrl\":\"https:\/\/mb-project.hr\/wp-content\/uploads\/2025\/10\/Untitled-1-scaled.jpg\",\"datePublished\":\"2025-10-03T08:04:01+00:00\",\"dateModified\":\"2025-10-24T17:40:58+00:00\",\"breadcrumb\":{\"@id\":\"https:\/\/mb-project.hr\/proizvod\/distance-za-montazu-aluminijskih-ograda\/#breadcrumb\"},\"inLanguage\":\"it-IT\",\"potentialAction\":[{\"@type\":\"ReadAction\",\"target\":[\"https:\/\/mb-project.hr\/proizvod\/distance-za-montazu-aluminijskih-ograda\/\"]}]},{\"@type\":\"ImageObject\",\"inLanguage\":\"it-IT\",\"@id\":\"https:\/\/mb-project.hr\/proizvod\/distance-za-montazu-aluminijskih-ograda\/#primaryimage\",\"url\":\"https:\/\/mb-project.hr\/wp-content\/uploads\/2025\/10\/Untitled-1-scaled.jpg\",\"contentUrl\":\"https:\/\/mb-project.hr\/wp-content\/uploads\/2025\/10\/Untitled-1-scaled.jpg\",\"width\":2560,\"height\":2463,\"caption\":\"Web\"},{\"@type\":\"BreadcrumbList\",\"@id\":\"https:\/\/mb-project.hr\/proizvod\/distance-za-montazu-aluminijskih-ograda\/#breadcrumb\",\"itemListElement\":[{\"@type\":\"ListItem\",\"position\":1,\"name\":\"Po\u010detna stranica\",\"item\":\"https:\/\/mb-project.hr\/\"},{\"@type\":\"ListItem\",\"position\":2,\"name\":\"WEB SHOP\",\"item\":\"https:\/\/mb-project.hr\/web-shop\/\"},{\"@type\":\"ListItem\",\"position\":3,\"name\":\"Distance za monta\u017eu aluminijskih ograda\"}]},{\"@type\":\"WebSite\",\"@id\":\"https:\/\/mb-project.hr\/#website\",\"url\":\"https:\/\/mb-project.hr\/\",\"name\":\"3D printanje, 3D modeliranje i lasersko graviranje\",\"description\":\"\",\"publisher\":{\"@id\":\"https:\/\/mb-project.hr\/#organization\"},\"potentialAction\":[{\"@type\":\"SearchAction\",\"target\":{\"@type\":\"EntryPoint\",\"urlTemplate\":\"https:\/\/mb-project.hr\/?s={search_term_string}\"},\"query-input\":{\"@type\":\"PropertyValueSpecification\",\"valueRequired\":true,\"valueName\":\"search_term_string\"}}],\"inLanguage\":\"it-IT\"},{\"@type\":\"Organization\",\"@id\":\"https:\/\/mb-project.hr\/#organization\",\"name\":\"3D printanje, 3D modeliranje i lasersko graviranje\",\"url\":\"https:\/\/mb-project.hr\/\",\"logo\":{\"@type\":\"ImageObject\",\"inLanguage\":\"it-IT\",\"@id\":\"https:\/\/mb-project.hr\/#\/schema\/logo\/image\/\",\"url\":\"https:\/\/mb-project.hr\/wp-content\/uploads\/2023\/02\/logo.png\",\"contentUrl\":\"https:\/\/mb-project.hr\/wp-content\/uploads\/2023\/02\/logo.png\",\"width\":1024,\"height\":650,\"caption\":\"3D printanje, 3D modeliranje i lasersko graviranje\"},\"image\":{\"@id\":\"https:\/\/mb-project.hr\/#\/schema\/logo\/image\/\"}}]}<\/script>\n<!-- \/ Yoast SEO plugin. -->","yoast_head_json":{"title":"Distance za monta\u017eu aluminijskih ograda - 3D printanje, 3D modeliranje i lasersko graviranje","robots":{"index":"index","follow":"follow","max-snippet":"max-snippet:-1","max-image-preview":"max-image-preview:large","max-video-preview":"max-video-preview:-1"},"canonical":"https:\/\/mb-project.hr\/it\/prodotto\/distance-za-montazu-aluminijskih-ograda\/","og_locale":"it_IT","og_type":"article","og_title":"Distance za monta\u017eu aluminijskih ograda - 3D printanje, 3D modeliranje i lasersko graviranje","og_description":"Distance (razmaknice) za br\u017eu i lak\u0161u monta\u017eu ALU ograda  Distance od 10-81 mm sa korakom od 1 mm.  Svaka distanca ima 4 razli\u010dite dimenzije.  &nbsp;  Rok isporuke: 5-10 radnih dana","og_url":"https:\/\/mb-project.hr\/it\/prodotto\/distance-za-montazu-aluminijskih-ograda\/","og_site_name":"3D printanje, 3D modeliranje i lasersko graviranje","article_modified_time":"2025-10-24T17:40:58+00:00","og_image":[{"width":2560,"height":2463,"url":"https:\/\/mb-project.hr\/wp-content\/uploads\/2025\/10\/Untitled-1-scaled.jpg","type":"image\/jpeg"}],"twitter_card":"summary_large_image","twitter_misc":{"Tempo di lettura stimato":"2 minuti"},"schema":{"@context":"https:\/\/schema.org","@graph":[{"@type":"WebPage","@id":"https:\/\/mb-project.hr\/proizvod\/distance-za-montazu-aluminijskih-ograda\/","url":"https:\/\/mb-project.hr\/proizvod\/distance-za-montazu-aluminijskih-ograda\/","name":"Distance za monta\u017eu aluminijskih ograda - 3D printanje, 3D modeliranje i lasersko graviranje","isPartOf":{"@id":"https:\/\/mb-project.hr\/#website"},"primaryImageOfPage":{"@id":"https:\/\/mb-project.hr\/proizvod\/distance-za-montazu-aluminijskih-ograda\/#primaryimage"},"image":{"@id":"https:\/\/mb-project.hr\/proizvod\/distance-za-montazu-aluminijskih-ograda\/#primaryimage"},"thumbnailUrl":"https:\/\/mb-project.hr\/wp-content\/uploads\/2025\/10\/Untitled-1-scaled.jpg","datePublished":"2025-10-03T08:04:01+00:00","dateModified":"2025-10-24T17:40:58+00:00","breadcrumb":{"@id":"https:\/\/mb-project.hr\/proizvod\/distance-za-montazu-aluminijskih-ograda\/#breadcrumb"},"inLanguage":"it-IT","potentialAction":[{"@type":"ReadAction","target":["https:\/\/mb-project.hr\/proizvod\/distance-za-montazu-aluminijskih-ograda\/"]}]},{"@type":"ImageObject","inLanguage":"it-IT","@id":"https:\/\/mb-project.hr\/proizvod\/distance-za-montazu-aluminijskih-ograda\/#primaryimage","url":"https:\/\/mb-project.hr\/wp-content\/uploads\/2025\/10\/Untitled-1-scaled.jpg","contentUrl":"https:\/\/mb-project.hr\/wp-content\/uploads\/2025\/10\/Untitled-1-scaled.jpg","width":2560,"height":2463,"caption":"Web"},{"@type":"BreadcrumbList","@id":"https:\/\/mb-project.hr\/proizvod\/distance-za-montazu-aluminijskih-ograda\/#breadcrumb","itemListElement":[{"@type":"ListItem","position":1,"name":"Po\u010detna stranica","item":"https:\/\/mb-project.hr\/"},{"@type":"ListItem","position":2,"name":"WEB SHOP","item":"https:\/\/mb-project.hr\/web-shop\/"},{"@type":"ListItem","position":3,"name":"Distance za monta\u017eu aluminijskih ograda"}]},{"@type":"WebSite","@id":"https:\/\/mb-project.hr\/#website","url":"https:\/\/mb-project.hr\/","name":"3D printanje, 3D modeliranje i lasersko graviranje","description":"","publisher":{"@id":"https:\/\/mb-project.hr\/#organization"},"potentialAction":[{"@type":"SearchAction","target":{"@type":"EntryPoint","urlTemplate":"https:\/\/mb-project.hr\/?s={search_term_string}"},"query-input":{"@type":"PropertyValueSpecification","valueRequired":true,"valueName":"search_term_string"}}],"inLanguage":"it-IT"},{"@type":"Organization","@id":"https:\/\/mb-project.hr\/#organization","name":"3D printanje, 3D modeliranje i lasersko graviranje","url":"https:\/\/mb-project.hr\/","logo":{"@type":"ImageObject","inLanguage":"it-IT","@id":"https:\/\/mb-project.hr\/#\/schema\/logo\/image\/","url":"https:\/\/mb-project.hr\/wp-content\/uploads\/2023\/02\/logo.png","contentUrl":"https:\/\/mb-project.hr\/wp-content\/uploads\/2023\/02\/logo.png","width":1024,"height":650,"caption":"3D printanje, 3D modeliranje i lasersko graviranje"},"image":{"@id":"https:\/\/mb-project.hr\/#\/schema\/logo\/image\/"}}]}},"jetpack_sharing_enabled":true,"_links":{"self":[{"href":"https:\/\/mb-project.hr\/it\/wp-json\/wp\/v2\/product\/1325","targetHints":{"allow":["GET"]}}],"collection":[{"href":"https:\/\/mb-project.hr\/it\/wp-json\/wp\/v2\/product"}],"about":[{"href":"https:\/\/mb-project.hr\/it\/wp-json\/wp\/v2\/types\/product"}],"wp:featuredmedia":[{"embeddable":true,"href":"https:\/\/mb-project.hr\/it\/wp-json\/wp\/v2\/media\/1537"}],"wp:attachment":[{"href":"https:\/\/mb-project.hr\/it\/wp-json\/wp\/v2\/media?parent=1325"}],"wp:term":[{"taxonomy":"product_brand","embeddable":true,"href":"https:\/\/mb-project.hr\/it\/wp-json\/wp\/v2\/product_brand?post=1325"},{"taxonomy":"product_cat","embeddable":true,"href":"https:\/\/mb-project.hr\/it\/wp-json\/wp\/v2\/product_cat?post=1325"},{"taxonomy":"product_tag","embeddable":true,"href":"https:\/\/mb-project.hr\/it\/wp-json\/wp\/v2\/product_tag?post=1325"}],"curies":[{"name":"wp","href":"https:\/\/api.w.org\/{rel}","templated":true}]}}