{"id":1198,"date":"2025-09-12T14:46:02","date_gmt":"2025-09-12T12:46:02","guid":{"rendered":"https:\/\/mb-project.hr\/?post_type=product&#038;p=1198"},"modified":"2025-11-01T19:49:34","modified_gmt":"2025-11-01T18:49:34","slug":"kip-majke-bozje-sa-sklopljenim-rukama-40-cm","status":"publish","type":"product","link":"https:\/\/mb-project.hr\/it\/prodotto\/kip-majke-bozje-sa-sklopljenim-rukama-40-cm\/","title":{"rendered":"Statua Madre di Dio con Mani Pieghevoli (40 cm)"},"content":{"rendered":"<p data-start=\"206\" data-end=\"467\">Aggiungi una nota spirituale ed elegante al tuo spazio con questa bella statua della Madre di Dio. Realizzata in calcestruzzo di alta qualit\u00e0 e rivestita con materiale in PVC per una maggiore durata e protezione, la statua \u00e8 dipinta a mano in oro o argento di lusso, che porta lucentezza e calore.<\/p>\n<p data-start=\"469\" data-end=\"804\">L'altezza della statua \u00e8 di 40 cm, il che la rende ideale per l'esposizione in diversi spazi, che si tratti di una casa, di una chiesa o di tombe. Le mani piegate della Madre di Dio simboleggiano la pace, la preghiera e la protezione, e la statua \u00e8 progettata per resistere alle condizioni atmosferiche esterne, rendendola la scelta perfetta per spazi esterni come tombe o giardini.<\/p>\n<p data-start=\"806\" data-end=\"819\"><strong data-start=\"806\" data-end=\"819\">Caratteristiche:<\/strong><\/p>\n<ul data-start=\"820\" data-end=\"1063\">\n<li data-start=\"820\" data-end=\"862\">\n<p data-start=\"822\" data-end=\"862\">Materiale: Calcestruzzo rivestito con materiale in PVC<\/p>\n<\/li>\n<li data-start=\"863\" data-end=\"877\">\n<p data-start=\"865\" data-end=\"877\">Colore: Oro antico, argento<\/p>\n<\/li>\n<li data-start=\"878\" data-end=\"893\">\n<p data-start=\"880\" data-end=\"893\">Altezza: 40 cm<\/p>\n<\/li>\n<li data-start=\"878\" data-end=\"893\">Peso: ca. 3 kg<\/li>\n<li data-start=\"894\" data-end=\"938\">\n<p data-start=\"896\" data-end=\"938\">Dipinto a mano per una lucentezza e una protezione di lunga durata<\/p>\n<\/li>\n<li data-start=\"939\" data-end=\"1021\">\n<p data-start=\"941\" data-end=\"1021\">Resistente alle condizioni atmosferiche esterne (ideale per tombe, giardini, altari esterni)<\/p>\n<\/li>\n<li data-start=\"1022\" data-end=\"1063\">\n<p data-start=\"1024\" data-end=\"1063\">Perfetto per spazi interni ed esterni<\/p>\n<\/li>\n<\/ul>\n<p data-start=\"412\" data-end=\"726\">La statua pu\u00f2 stare indipendentemente sullo scaffale o su qualsiasi superficie piana, mentre sul lato inferiore ha una presa integrata per una fissazione sicura sul substrato, come la tomba. Questo accessorio permette alla statua di essere stabile e non soggetta al vento. Oltre alla statua, c'\u00e8 anche un accessorio di fissaggio completo, se si sceglie questa opzione.<\/p>\n<p data-start=\"728\" data-end=\"833\">Le mani piegate simboleggiano pace, preghiera e protezione, rendendo questa statua perfetta per qualsiasi spazio religioso.<\/p>\n<p data-start=\"1065\" data-end=\"1170\"><strong data-start=\"1065\" data-end=\"1080\">Ideale per:<\/strong> Regali, decorazioni interne ed esterne, spazi religiosi, tombe, spazi spirituali.<\/p>\n<p data-start=\"1065\" data-end=\"1170\">Per il prezzo di fabbricazione in altri colori e dimensioni come desiderato, si prega di chiedere a <strong>3dmbproject@gmail.com <\/strong><\/p>\n<p data-start=\"988\" data-end=\"1030\">?? Inviare per posta o ritirare di persona.<\/p>","protected":false},"excerpt":{"rendered":"<p>Questa statua della Madre di Dio \u00e8 realizzata in calcestruzzo liquido, rivestita in materiale PVC e dipinta a mano in oro o argento.<\/p>\n<p>\u00c8 resistente agli agenti atmosferici.<\/p>\n<p>Con la statua viene fornito un set per la possibilit\u00e0 di fissaggio sul substrato.<\/p>\n<p>Questo accessorio permette alla statua di essere stabile e non soggetta al vento.<\/p>\n<p>Altezza: 40 cm<\/p>\n<p>&nbsp;<\/p>\n<p>Per il prezzo di fabbricazione in altri colori e dimensioni come desiderato, si prega di chiedere a <strong>3dmbproject@gmail.com <\/strong><\/p>\n<p>&nbsp;<\/p>\n<p><strong>Termine per la produzione<\/strong>: 5-10 giorni lavorativi<\/p>","protected":false},"featured_media":1481,"template":"","meta":[],"product_brand":[],"product_cat":[45],"product_tag":[],"class_list":{"0":"post-1198","1":"product","2":"type-product","3":"status-publish","4":"has-post-thumbnail","6":"product_cat-religija","8":"first","9":"onbackorder","10":"sale","11":"shipping-taxable","12":"purchasable","13":"product-type-variable"},"group_of_quantity":0,"min_quantity":0,"max_quantity":"","exclude_order_quantity_value_rules":"no","exclude_category_quantity_rules":"no","combine_variations":"no","exclude_global_add_ons":[],"addons":[],"yoast_head":"<!-- This site is optimized with the Yoast SEO plugin v26.0 - https:\/\/yoast.com\/wordpress\/plugins\/seo\/ -->\n<title>Kip Majka Bo\u017eja sa Sklopljenim Rukama (40 cm) - 3D printanje, 3D modeliranje i lasersko graviranje<\/title>\n<meta name=\"robots\" content=\"index, follow, max-snippet:-1, max-image-preview:large, max-video-preview:-1\" \/>\n<link rel=\"canonical\" href=\"https:\/\/mb-project.hr\/it\/prodotto\/kip-majke-bozje-sa-sklopljenim-rukama-40-cm\/\" \/>\n<meta property=\"og:locale\" content=\"it_IT\" \/>\n<meta property=\"og:type\" content=\"article\" \/>\n<meta property=\"og:title\" content=\"Kip Majka Bo\u017eja sa Sklopljenim Rukama (40 cm) - 3D printanje, 3D modeliranje i lasersko graviranje\" \/>\n<meta property=\"og:description\" content=\"Ovaj kip Majke Bo\u017eje izra\u0111en je od teku\u0107eg betona, presvu\u010den PVC materijalom i ru\u010dno lakiran u zlatnu ili srebrnu.  Otporan je na vremenske uvjete.  Uz kip dolazi set za mogu\u010dnost fiksiranja na podlogu.  Ovaj dodatak omogu\u0107ava da kip bude stabilan i ne bude podlo\u017ean vjetru.  Visina: 40 cm  &nbsp;  Za cijenu izrade u ostalim bojama i dimenzijama po \u017eelji, molim upitati na 3dmbproject@gmail.com   &nbsp;  Rok izrade: 5-10 radnih dana\" \/>\n<meta property=\"og:url\" content=\"https:\/\/mb-project.hr\/it\/prodotto\/kip-majke-bozje-sa-sklopljenim-rukama-40-cm\/\" \/>\n<meta property=\"og:site_name\" content=\"3D printanje, 3D modeliranje i lasersko graviranje\" \/>\n<meta property=\"article:modified_time\" content=\"2025-11-01T18:49:34+00:00\" \/>\n<meta property=\"og:image\" content=\"https:\/\/mb-project.hr\/wp-content\/uploads\/2025\/09\/Sklopljene-ruke-40.jpg\" \/>\n\t<meta property=\"og:image:width\" content=\"398\" \/>\n\t<meta property=\"og:image:height\" content=\"466\" \/>\n\t<meta property=\"og:image:type\" content=\"image\/jpeg\" \/>\n<meta name=\"twitter:card\" content=\"summary_large_image\" \/>\n<meta name=\"twitter:label1\" content=\"Tempo di lettura stimato\" \/>\n\t<meta name=\"twitter:data1\" content=\"2 minuti\" \/>\n<script type=\"application\/ld+json\" class=\"yoast-schema-graph\">{\"@context\":\"https:\/\/schema.org\",\"@graph\":[{\"@type\":\"WebPage\",\"@id\":\"https:\/\/mb-project.hr\/proizvod\/kip-majke-bozje-sa-sklopljenim-rukama-40-cm\/\",\"url\":\"https:\/\/mb-project.hr\/proizvod\/kip-majke-bozje-sa-sklopljenim-rukama-40-cm\/\",\"name\":\"Kip Majka Bo\u017eja sa Sklopljenim Rukama (40 cm) - 3D printanje, 3D modeliranje i lasersko graviranje\",\"isPartOf\":{\"@id\":\"https:\/\/mb-project.hr\/#website\"},\"primaryImageOfPage\":{\"@id\":\"https:\/\/mb-project.hr\/proizvod\/kip-majke-bozje-sa-sklopljenim-rukama-40-cm\/#primaryimage\"},\"image\":{\"@id\":\"https:\/\/mb-project.hr\/proizvod\/kip-majke-bozje-sa-sklopljenim-rukama-40-cm\/#primaryimage\"},\"thumbnailUrl\":\"https:\/\/mb-project.hr\/wp-content\/uploads\/2025\/09\/Sklopljene-ruke-40.jpg\",\"datePublished\":\"2025-09-12T12:46:02+00:00\",\"dateModified\":\"2025-11-01T18:49:34+00:00\",\"breadcrumb\":{\"@id\":\"https:\/\/mb-project.hr\/proizvod\/kip-majke-bozje-sa-sklopljenim-rukama-40-cm\/#breadcrumb\"},\"inLanguage\":\"it-IT\",\"potentialAction\":[{\"@type\":\"ReadAction\",\"target\":[\"https:\/\/mb-project.hr\/proizvod\/kip-majke-bozje-sa-sklopljenim-rukama-40-cm\/\"]}]},{\"@type\":\"ImageObject\",\"inLanguage\":\"it-IT\",\"@id\":\"https:\/\/mb-project.hr\/proizvod\/kip-majke-bozje-sa-sklopljenim-rukama-40-cm\/#primaryimage\",\"url\":\"https:\/\/mb-project.hr\/wp-content\/uploads\/2025\/09\/Sklopljene-ruke-40.jpg\",\"contentUrl\":\"https:\/\/mb-project.hr\/wp-content\/uploads\/2025\/09\/Sklopljene-ruke-40.jpg\",\"width\":398,\"height\":466},{\"@type\":\"BreadcrumbList\",\"@id\":\"https:\/\/mb-project.hr\/proizvod\/kip-majke-bozje-sa-sklopljenim-rukama-40-cm\/#breadcrumb\",\"itemListElement\":[{\"@type\":\"ListItem\",\"position\":1,\"name\":\"Po\u010detna stranica\",\"item\":\"https:\/\/mb-project.hr\/\"},{\"@type\":\"ListItem\",\"position\":2,\"name\":\"WEB SHOP\",\"item\":\"https:\/\/mb-project.hr\/web-shop\/\"},{\"@type\":\"ListItem\",\"position\":3,\"name\":\"Kip Majka Bo\u017eja sa Sklopljenim Rukama (40 cm)\"}]},{\"@type\":\"WebSite\",\"@id\":\"https:\/\/mb-project.hr\/#website\",\"url\":\"https:\/\/mb-project.hr\/\",\"name\":\"3D printanje, 3D modeliranje i lasersko graviranje\",\"description\":\"\",\"publisher\":{\"@id\":\"https:\/\/mb-project.hr\/#organization\"},\"potentialAction\":[{\"@type\":\"SearchAction\",\"target\":{\"@type\":\"EntryPoint\",\"urlTemplate\":\"https:\/\/mb-project.hr\/?s={search_term_string}\"},\"query-input\":{\"@type\":\"PropertyValueSpecification\",\"valueRequired\":true,\"valueName\":\"search_term_string\"}}],\"inLanguage\":\"it-IT\"},{\"@type\":\"Organization\",\"@id\":\"https:\/\/mb-project.hr\/#organization\",\"name\":\"3D printanje, 3D modeliranje i lasersko graviranje\",\"url\":\"https:\/\/mb-project.hr\/\",\"logo\":{\"@type\":\"ImageObject\",\"inLanguage\":\"it-IT\",\"@id\":\"https:\/\/mb-project.hr\/#\/schema\/logo\/image\/\",\"url\":\"https:\/\/mb-project.hr\/wp-content\/uploads\/2023\/02\/logo.png\",\"contentUrl\":\"https:\/\/mb-project.hr\/wp-content\/uploads\/2023\/02\/logo.png\",\"width\":1024,\"height\":650,\"caption\":\"3D printanje, 3D modeliranje i lasersko graviranje\"},\"image\":{\"@id\":\"https:\/\/mb-project.hr\/#\/schema\/logo\/image\/\"}}]}<\/script>\n<!-- \/ Yoast SEO plugin. -->","yoast_head_json":{"title":"Kip Majka Bo\u017eja sa Sklopljenim Rukama (40 cm) - 3D printanje, 3D modeliranje i lasersko graviranje","robots":{"index":"index","follow":"follow","max-snippet":"max-snippet:-1","max-image-preview":"max-image-preview:large","max-video-preview":"max-video-preview:-1"},"canonical":"https:\/\/mb-project.hr\/it\/prodotto\/kip-majke-bozje-sa-sklopljenim-rukama-40-cm\/","og_locale":"it_IT","og_type":"article","og_title":"Kip Majka Bo\u017eja sa Sklopljenim Rukama (40 cm) - 3D printanje, 3D modeliranje i lasersko graviranje","og_description":"Ovaj kip Majke Bo\u017eje izra\u0111en je od teku\u0107eg betona, presvu\u010den PVC materijalom i ru\u010dno lakiran u zlatnu ili srebrnu.  Otporan je na vremenske uvjete.  Uz kip dolazi set za mogu\u010dnost fiksiranja na podlogu.  Ovaj dodatak omogu\u0107ava da kip bude stabilan i ne bude podlo\u017ean vjetru.  Visina: 40 cm  &nbsp;  Za cijenu izrade u ostalim bojama i dimenzijama po \u017eelji, molim upitati na 3dmbproject@gmail.com   &nbsp;  Rok izrade: 5-10 radnih dana","og_url":"https:\/\/mb-project.hr\/it\/prodotto\/kip-majke-bozje-sa-sklopljenim-rukama-40-cm\/","og_site_name":"3D printanje, 3D modeliranje i lasersko graviranje","article_modified_time":"2025-11-01T18:49:34+00:00","og_image":[{"width":398,"height":466,"url":"https:\/\/mb-project.hr\/wp-content\/uploads\/2025\/09\/Sklopljene-ruke-40.jpg","type":"image\/jpeg"}],"twitter_card":"summary_large_image","twitter_misc":{"Tempo di lettura stimato":"2 minuti"},"schema":{"@context":"https:\/\/schema.org","@graph":[{"@type":"WebPage","@id":"https:\/\/mb-project.hr\/proizvod\/kip-majke-bozje-sa-sklopljenim-rukama-40-cm\/","url":"https:\/\/mb-project.hr\/proizvod\/kip-majke-bozje-sa-sklopljenim-rukama-40-cm\/","name":"Kip Majka Bo\u017eja sa Sklopljenim Rukama (40 cm) - 3D printanje, 3D modeliranje i lasersko graviranje","isPartOf":{"@id":"https:\/\/mb-project.hr\/#website"},"primaryImageOfPage":{"@id":"https:\/\/mb-project.hr\/proizvod\/kip-majke-bozje-sa-sklopljenim-rukama-40-cm\/#primaryimage"},"image":{"@id":"https:\/\/mb-project.hr\/proizvod\/kip-majke-bozje-sa-sklopljenim-rukama-40-cm\/#primaryimage"},"thumbnailUrl":"https:\/\/mb-project.hr\/wp-content\/uploads\/2025\/09\/Sklopljene-ruke-40.jpg","datePublished":"2025-09-12T12:46:02+00:00","dateModified":"2025-11-01T18:49:34+00:00","breadcrumb":{"@id":"https:\/\/mb-project.hr\/proizvod\/kip-majke-bozje-sa-sklopljenim-rukama-40-cm\/#breadcrumb"},"inLanguage":"it-IT","potentialAction":[{"@type":"ReadAction","target":["https:\/\/mb-project.hr\/proizvod\/kip-majke-bozje-sa-sklopljenim-rukama-40-cm\/"]}]},{"@type":"ImageObject","inLanguage":"it-IT","@id":"https:\/\/mb-project.hr\/proizvod\/kip-majke-bozje-sa-sklopljenim-rukama-40-cm\/#primaryimage","url":"https:\/\/mb-project.hr\/wp-content\/uploads\/2025\/09\/Sklopljene-ruke-40.jpg","contentUrl":"https:\/\/mb-project.hr\/wp-content\/uploads\/2025\/09\/Sklopljene-ruke-40.jpg","width":398,"height":466},{"@type":"BreadcrumbList","@id":"https:\/\/mb-project.hr\/proizvod\/kip-majke-bozje-sa-sklopljenim-rukama-40-cm\/#breadcrumb","itemListElement":[{"@type":"ListItem","position":1,"name":"Po\u010detna stranica","item":"https:\/\/mb-project.hr\/"},{"@type":"ListItem","position":2,"name":"WEB SHOP","item":"https:\/\/mb-project.hr\/web-shop\/"},{"@type":"ListItem","position":3,"name":"Kip Majka Bo\u017eja sa Sklopljenim Rukama (40 cm)"}]},{"@type":"WebSite","@id":"https:\/\/mb-project.hr\/#website","url":"https:\/\/mb-project.hr\/","name":"3D printanje, 3D modeliranje i lasersko graviranje","description":"","publisher":{"@id":"https:\/\/mb-project.hr\/#organization"},"potentialAction":[{"@type":"SearchAction","target":{"@type":"EntryPoint","urlTemplate":"https:\/\/mb-project.hr\/?s={search_term_string}"},"query-input":{"@type":"PropertyValueSpecification","valueRequired":true,"valueName":"search_term_string"}}],"inLanguage":"it-IT"},{"@type":"Organization","@id":"https:\/\/mb-project.hr\/#organization","name":"3D printanje, 3D modeliranje i lasersko graviranje","url":"https:\/\/mb-project.hr\/","logo":{"@type":"ImageObject","inLanguage":"it-IT","@id":"https:\/\/mb-project.hr\/#\/schema\/logo\/image\/","url":"https:\/\/mb-project.hr\/wp-content\/uploads\/2023\/02\/logo.png","contentUrl":"https:\/\/mb-project.hr\/wp-content\/uploads\/2023\/02\/logo.png","width":1024,"height":650,"caption":"3D printanje, 3D modeliranje i lasersko graviranje"},"image":{"@id":"https:\/\/mb-project.hr\/#\/schema\/logo\/image\/"}}]}},"jetpack_sharing_enabled":true,"_links":{"self":[{"href":"https:\/\/mb-project.hr\/it\/wp-json\/wp\/v2\/product\/1198","targetHints":{"allow":["GET"]}}],"collection":[{"href":"https:\/\/mb-project.hr\/it\/wp-json\/wp\/v2\/product"}],"about":[{"href":"https:\/\/mb-project.hr\/it\/wp-json\/wp\/v2\/types\/product"}],"wp:featuredmedia":[{"embeddable":true,"href":"https:\/\/mb-project.hr\/it\/wp-json\/wp\/v2\/media\/1481"}],"wp:attachment":[{"href":"https:\/\/mb-project.hr\/it\/wp-json\/wp\/v2\/media?parent=1198"}],"wp:term":[{"taxonomy":"product_brand","embeddable":true,"href":"https:\/\/mb-project.hr\/it\/wp-json\/wp\/v2\/product_brand?post=1198"},{"taxonomy":"product_cat","embeddable":true,"href":"https:\/\/mb-project.hr\/it\/wp-json\/wp\/v2\/product_cat?post=1198"},{"taxonomy":"product_tag","embeddable":true,"href":"https:\/\/mb-project.hr\/it\/wp-json\/wp\/v2\/product_tag?post=1198"}],"curies":[{"name":"wp","href":"https:\/\/api.w.org\/{rel}","templated":true}]}}