{"id":992,"date":"2025-08-06T10:25:16","date_gmt":"2025-08-06T08:25:16","guid":{"rendered":"https:\/\/mb-project.hr\/?page_id=992"},"modified":"2025-08-23T19:26:44","modified_gmt":"2025-08-23T17:26:44","slug":"povrat-i-zamjena-robe","status":"publish","type":"page","link":"https:\/\/mb-project.hr\/it\/povrat-i-zamjena-robe\/","title":{"rendered":"Restituzione e sostituzione della merce"},"content":{"rendered":"<div data-elementor-type=\"wp-page\" data-elementor-id=\"992\" class=\"elementor elementor-992\" data-elementor-post-type=\"page\">\n\t\t\t\t\t\t<section class=\"elementor-section elementor-top-section elementor-element elementor-element-79e9980e elementor-section-boxed elementor-section-height-default elementor-section-height-default\" data-id=\"79e9980e\" data-element_type=\"section\">\n\t\t\t\t\t\t<div class=\"elementor-container elementor-column-gap-default\">\n\t\t\t\t\t<div class=\"elementor-column elementor-col-100 elementor-top-column elementor-element elementor-element-39738a76\" data-id=\"39738a76\" data-element_type=\"column\">\n\t\t\t<div class=\"elementor-widget-wrap elementor-element-populated\">\n\t\t\t\t\t\t<div class=\"elementor-element elementor-element-17054a74 elementor-widget elementor-widget-heading\" data-id=\"17054a74\" data-element_type=\"widget\" data-widget_type=\"heading.default\">\n\t\t\t\t<div class=\"elementor-widget-container\">\n\t\t\t\t\t<h1 class=\"elementor-heading-title elementor-size-default\">Restituzione e sostituzione della merce<\/h1>\t\t\t\t<\/div>\n\t\t\t\t<\/div>\n\t\t\t\t<div class=\"elementor-element elementor-element-5aa88afb elementor-widget elementor-widget-text-editor\" data-id=\"5aa88afb\" data-element_type=\"widget\" data-widget_type=\"text-editor.default\">\n\t\t\t\t<div class=\"elementor-widget-container\">\n\t\t\t\t\t\t\t\t\t<h6>RESO E SOSTITUZIONE DELLE MERCI<\/h6>\nIn conformit\u00e0 con la legge sulla protezione dei consumatori, in caso di acquisto a distanza (quando non si tratta di un acquisto personale ma la merce viene inviata tramite servizio di consegna), si \u00e8 autorizzati a risolvere unilateralmente il contratto senza indicarne i motivi, entro 14 giorni dalla data di consegna del prodotto o della consegna dell'ultimo prodotto dall'ordine. In caso di risoluzione unilaterale del contratto, agiremo secondo la legge sulla protezione dei consumatori o la legge sulle obbligazioni civili. Rimborseremo l'importo pagato dopo che la merce \u00e8 stata restituita. Devi restituire la merce senza indugio e non oltre 14 giorni dal giorno in cui ci hai dichiarato la risoluzione unilaterale del contratto. Secondo la legge sulla tutela dei consumatori, l'acquirente \u00e8 tenuto a sostenere i costi diretti della restituzione dei beni se si avvale del suo diritto di risolvere unilateralmente il contratto e, se l'acquirente lo desidera, pu\u00f2 contattarci al tel. 099\/673-0169 o all'indirizzo e-mail: 3dmbproject@gmail.com per informare circa il metodo, le opzioni e le condizioni di restituzione del prodotto. L'Acquirente \u00e8 tenuto a rispettare l'articolo 77, paragrafo 5. La legge sulla tutela dei consumatori \u00e8 responsabile di qualsiasi deterioramento del valore del prodotto acquistato derivante dalla manipolazione del prodotto acquistato. Il prodotto restituito deve essere integro, con adeguate etichette originali, ciondoli e una dichiarazione. Si prega di restituire gli articoli entro e non oltre 14 giorni dal ricevimento della spedizione alle seguenti condizioni: \u2013 il prodotto che stai restituendo non deve essere utilizzato e deve essere imballato nella confezione originale con pendenti ed etichette intatti \u2013 allegare la fattura originale \u00c8 possibile restituire la spedizione nei seguenti modi: 1. consegnando la spedizione personalmente al nostro indirizzo: MB Project, Klokovec 178, Krapinske Toplice 2. Con l'invio della spedizione al servizio di consegna, le spese di restituzione o sostituzione della merce in base ai difetti del prodotto sono a carico di MB Project. Le merci restituite saranno scambiate secondo i tuoi desideri o rimborsate sul tuo account. Le spese di restituzione e\/o sostituzione della merce, se non \u00e8 colpa del prodotto, sono interamente a carico dell'acquirente.\n\n<h6>SOSTITUZIONE DELLE MERCI<\/h6>\nL'acquirente pu\u00f2 pubblicizzare personalmente il prodotto o inviarlo a MB Project. Se il motivo della sostituzione \u00e8 la merce danneggiata o difettosa, la sostituzione va all'account MB Project, e se si tratta di una sostituzione della merce a causa del desiderio del cliente, il cliente invia la merce a proprie spese. Il venditore non \u00e8 responsabile per eventuali danni e altri obblighi che sono nel dominio del servizio di consegna, ma in accordo con loro garantir\u00e0 il miglior servizio possibile per ogni cliente. Se l'acquirente nota eventuali danni al momento del ritiro della merce, \u00e8 tenuto a inviare un reclamo al corriere sul posto e informare il corriere per iscritto via e-mail: 3dmbproject@gmail.com\n\n<h6>DIRITTO DI CANCELLAZIONE DELL'ORGANIZZAZIONE<\/h6>\nSia il commerciante (MB Project) che l'acquirente possono esercitare il diritto di risolvere il contratto (cancellazione dell'ordine) prima di inviare la merce per la consegna, con un rimborso dei fondi precedentemente pagati. Se il commerciante (progetto MB) non pu\u00f2 consegnare la merce pagata per qualsiasi motivo, viene offerto un articolo sostitutivo all'acquirente e, se l'acquirente non lo desidera, i fondi pagati vengono completamente restituiti all'acquirente. Se l'acquirente decide di recedere dal contratto (annullare l'ordine) prima che la merce venga spedita per la consegna, il rimborso verr\u00e0 effettuato entro 3 (tre) giorni lavorativi. Se l'acquirente decide di annullare l'ordine dopo che la merce \u00e8 stata inviata per la consegna, il rimborso sar\u00e0 effettuato entro 3 (tre) giorni lavorativi dal ricevimento della restituzione della merce da parte dell'acquirente, meno il costo della consegna.\t\t\t\t\t\t\t\t<\/div>\n\t\t\t\t<\/div>\n\t\t\t\t\t<\/div>\n\t\t<\/div>\n\t\t\t\t\t<\/div>\n\t\t<\/section>\n\t\t\t\t<\/div>","protected":false},"excerpt":{"rendered":"<p>In conformit\u00e0 con la legge sulla protezione dei consumatori, in caso di acquisto a distanza (quando non si tratta di un acquisto personale ma la merce viene inviata tramite servizio di consegna), si \u00e8 autorizzati a risolvere unilateralmente il contratto senza indicarne i motivi, entro 14 giorni dalla data di consegna del prodotto, vale a dire la consegna dell'ultimo prodotto dall'ordine. In caso di risoluzione unilaterale [...]<\/p>","protected":false},"author":1,"featured_media":0,"parent":0,"menu_order":0,"comment_status":"closed","ping_status":"closed","template":"elementor_header_footer","meta":{"footnotes":""},"class_list":["post-992","page","type-page","status-publish","hentry"],"yoast_head":"<!-- This site is optimized with the Yoast SEO plugin v26.0 - https:\/\/yoast.com\/wordpress\/plugins\/seo\/ -->\n<title>Povrat i zamjena robe - 3D printanje, 3D modeliranje i lasersko graviranje<\/title>\n<meta name=\"robots\" content=\"index, follow, max-snippet:-1, max-image-preview:large, max-video-preview:-1\" \/>\n<link rel=\"canonical\" href=\"https:\/\/mb-project.hr\/it\/povrat-i-zamjena-robe\/\" \/>\n<meta property=\"og:locale\" content=\"it_IT\" \/>\n<meta property=\"og:type\" content=\"article\" \/>\n<meta property=\"og:title\" content=\"Povrat i zamjena robe - 3D printanje, 3D modeliranje i lasersko graviranje\" \/>\n<meta property=\"og:description\" content=\"POVRAT I ZAMJENA ROBE Sukladno zakonu o za\u0161titi potro\u0161a\u010da, u slu\u010daju kupovine na daljinu (kada se ne radi o osobnom preuzimanju nego se roba \u0161alje dostavnom slu\u017ebom), ovla\u0161teni ste jednostrano raskinuti ugovor ne navode\u0107i razloge za to, u roku 14 dana od datuma isporuke proizvoda, odnosno isporuke posljednjeg proizvoda iz narud\u017ebe. U slu\u010daju jednostranog raskida [&hellip;]\" \/>\n<meta property=\"og:url\" content=\"https:\/\/mb-project.hr\/it\/povrat-i-zamjena-robe\/\" \/>\n<meta property=\"og:site_name\" content=\"3D printanje, 3D modeliranje i lasersko graviranje\" \/>\n<meta property=\"article:modified_time\" content=\"2025-08-23T17:26:44+00:00\" \/>\n<meta name=\"twitter:card\" content=\"summary_large_image\" \/>\n<meta name=\"twitter:label1\" content=\"Tempo di lettura stimato\" \/>\n\t<meta name=\"twitter:data1\" content=\"3 minuti\" \/>\n<script type=\"application\/ld+json\" class=\"yoast-schema-graph\">{\"@context\":\"https:\/\/schema.org\",\"@graph\":[{\"@type\":\"WebPage\",\"@id\":\"https:\/\/mb-project.hr\/povrat-i-zamjena-robe\/\",\"url\":\"https:\/\/mb-project.hr\/povrat-i-zamjena-robe\/\",\"name\":\"Povrat i zamjena robe - 3D printanje, 3D modeliranje i lasersko graviranje\",\"isPartOf\":{\"@id\":\"https:\/\/mb-project.hr\/#website\"},\"datePublished\":\"2025-08-06T08:25:16+00:00\",\"dateModified\":\"2025-08-23T17:26:44+00:00\",\"breadcrumb\":{\"@id\":\"https:\/\/mb-project.hr\/povrat-i-zamjena-robe\/#breadcrumb\"},\"inLanguage\":\"it-IT\",\"potentialAction\":[{\"@type\":\"ReadAction\",\"target\":[\"https:\/\/mb-project.hr\/povrat-i-zamjena-robe\/\"]}]},{\"@type\":\"BreadcrumbList\",\"@id\":\"https:\/\/mb-project.hr\/povrat-i-zamjena-robe\/#breadcrumb\",\"itemListElement\":[{\"@type\":\"ListItem\",\"position\":1,\"name\":\"Po\u010detna stranica\",\"item\":\"https:\/\/mb-project.hr\/\"},{\"@type\":\"ListItem\",\"position\":2,\"name\":\"Povrat i zamjena robe\"}]},{\"@type\":\"WebSite\",\"@id\":\"https:\/\/mb-project.hr\/#website\",\"url\":\"https:\/\/mb-project.hr\/\",\"name\":\"3D printanje, 3D modeliranje i lasersko graviranje\",\"description\":\"\",\"publisher\":{\"@id\":\"https:\/\/mb-project.hr\/#organization\"},\"potentialAction\":[{\"@type\":\"SearchAction\",\"target\":{\"@type\":\"EntryPoint\",\"urlTemplate\":\"https:\/\/mb-project.hr\/?s={search_term_string}\"},\"query-input\":{\"@type\":\"PropertyValueSpecification\",\"valueRequired\":true,\"valueName\":\"search_term_string\"}}],\"inLanguage\":\"it-IT\"},{\"@type\":\"Organization\",\"@id\":\"https:\/\/mb-project.hr\/#organization\",\"name\":\"3D printanje, 3D modeliranje i lasersko graviranje\",\"url\":\"https:\/\/mb-project.hr\/\",\"logo\":{\"@type\":\"ImageObject\",\"inLanguage\":\"it-IT\",\"@id\":\"https:\/\/mb-project.hr\/#\/schema\/logo\/image\/\",\"url\":\"https:\/\/mb-project.hr\/wp-content\/uploads\/2023\/02\/logo.png\",\"contentUrl\":\"https:\/\/mb-project.hr\/wp-content\/uploads\/2023\/02\/logo.png\",\"width\":1024,\"height\":650,\"caption\":\"3D printanje, 3D modeliranje i lasersko graviranje\"},\"image\":{\"@id\":\"https:\/\/mb-project.hr\/#\/schema\/logo\/image\/\"}}]}<\/script>\n<!-- \/ Yoast SEO plugin. -->","yoast_head_json":{"title":"Povrat i zamjena robe - 3D printanje, 3D modeliranje i lasersko graviranje","robots":{"index":"index","follow":"follow","max-snippet":"max-snippet:-1","max-image-preview":"max-image-preview:large","max-video-preview":"max-video-preview:-1"},"canonical":"https:\/\/mb-project.hr\/it\/povrat-i-zamjena-robe\/","og_locale":"it_IT","og_type":"article","og_title":"Povrat i zamjena robe - 3D printanje, 3D modeliranje i lasersko graviranje","og_description":"POVRAT I ZAMJENA ROBE Sukladno zakonu o za\u0161titi potro\u0161a\u010da, u slu\u010daju kupovine na daljinu (kada se ne radi o osobnom preuzimanju nego se roba \u0161alje dostavnom slu\u017ebom), ovla\u0161teni ste jednostrano raskinuti ugovor ne navode\u0107i razloge za to, u roku 14 dana od datuma isporuke proizvoda, odnosno isporuke posljednjeg proizvoda iz narud\u017ebe. U slu\u010daju jednostranog raskida [&hellip;]","og_url":"https:\/\/mb-project.hr\/it\/povrat-i-zamjena-robe\/","og_site_name":"3D printanje, 3D modeliranje i lasersko graviranje","article_modified_time":"2025-08-23T17:26:44+00:00","twitter_card":"summary_large_image","twitter_misc":{"Tempo di lettura stimato":"3 minuti"},"schema":{"@context":"https:\/\/schema.org","@graph":[{"@type":"WebPage","@id":"https:\/\/mb-project.hr\/povrat-i-zamjena-robe\/","url":"https:\/\/mb-project.hr\/povrat-i-zamjena-robe\/","name":"Povrat i zamjena robe - 3D printanje, 3D modeliranje i lasersko graviranje","isPartOf":{"@id":"https:\/\/mb-project.hr\/#website"},"datePublished":"2025-08-06T08:25:16+00:00","dateModified":"2025-08-23T17:26:44+00:00","breadcrumb":{"@id":"https:\/\/mb-project.hr\/povrat-i-zamjena-robe\/#breadcrumb"},"inLanguage":"it-IT","potentialAction":[{"@type":"ReadAction","target":["https:\/\/mb-project.hr\/povrat-i-zamjena-robe\/"]}]},{"@type":"BreadcrumbList","@id":"https:\/\/mb-project.hr\/povrat-i-zamjena-robe\/#breadcrumb","itemListElement":[{"@type":"ListItem","position":1,"name":"Po\u010detna stranica","item":"https:\/\/mb-project.hr\/"},{"@type":"ListItem","position":2,"name":"Povrat i zamjena robe"}]},{"@type":"WebSite","@id":"https:\/\/mb-project.hr\/#website","url":"https:\/\/mb-project.hr\/","name":"3D printanje, 3D modeliranje i lasersko graviranje","description":"","publisher":{"@id":"https:\/\/mb-project.hr\/#organization"},"potentialAction":[{"@type":"SearchAction","target":{"@type":"EntryPoint","urlTemplate":"https:\/\/mb-project.hr\/?s={search_term_string}"},"query-input":{"@type":"PropertyValueSpecification","valueRequired":true,"valueName":"search_term_string"}}],"inLanguage":"it-IT"},{"@type":"Organization","@id":"https:\/\/mb-project.hr\/#organization","name":"3D printanje, 3D modeliranje i lasersko graviranje","url":"https:\/\/mb-project.hr\/","logo":{"@type":"ImageObject","inLanguage":"it-IT","@id":"https:\/\/mb-project.hr\/#\/schema\/logo\/image\/","url":"https:\/\/mb-project.hr\/wp-content\/uploads\/2023\/02\/logo.png","contentUrl":"https:\/\/mb-project.hr\/wp-content\/uploads\/2023\/02\/logo.png","width":1024,"height":650,"caption":"3D printanje, 3D modeliranje i lasersko graviranje"},"image":{"@id":"https:\/\/mb-project.hr\/#\/schema\/logo\/image\/"}}]}},"jetpack_sharing_enabled":true,"_links":{"self":[{"href":"https:\/\/mb-project.hr\/it\/wp-json\/wp\/v2\/pages\/992","targetHints":{"allow":["GET"]}}],"collection":[{"href":"https:\/\/mb-project.hr\/it\/wp-json\/wp\/v2\/pages"}],"about":[{"href":"https:\/\/mb-project.hr\/it\/wp-json\/wp\/v2\/types\/page"}],"author":[{"embeddable":true,"href":"https:\/\/mb-project.hr\/it\/wp-json\/wp\/v2\/users\/1"}],"replies":[{"embeddable":true,"href":"https:\/\/mb-project.hr\/it\/wp-json\/wp\/v2\/comments?post=992"}],"version-history":[{"count":4,"href":"https:\/\/mb-project.hr\/it\/wp-json\/wp\/v2\/pages\/992\/revisions"}],"predecessor-version":[{"id":997,"href":"https:\/\/mb-project.hr\/it\/wp-json\/wp\/v2\/pages\/992\/revisions\/997"}],"wp:attachment":[{"href":"https:\/\/mb-project.hr\/it\/wp-json\/wp\/v2\/media?parent=992"}],"curies":[{"name":"wp","href":"https:\/\/api.w.org\/{rel}","templated":true}]}}