{"id":3,"date":"2023-02-24T14:09:08","date_gmt":"2023-02-24T13:09:08","guid":{"rendered":"https:\/\/mb-project.hr\/?page_id=3"},"modified":"2025-08-23T19:26:44","modified_gmt":"2025-08-23T17:26:44","slug":"pravila-privatnosti","status":"publish","type":"page","link":"https:\/\/mb-project.hr\/it\/pravila-privatnosti\/","title":{"rendered":"Informativa sulla privacy"},"content":{"rendered":"<div data-elementor-type=\"wp-page\" data-elementor-id=\"3\" class=\"elementor elementor-3\" data-elementor-post-type=\"page\">\n\t\t\t\t\t\t<section class=\"elementor-section elementor-top-section elementor-element elementor-element-6a9a60f elementor-section-boxed elementor-section-height-default elementor-section-height-default\" data-id=\"6a9a60f\" data-element_type=\"section\">\n\t\t\t\t\t\t<div class=\"elementor-container elementor-column-gap-default\">\n\t\t\t\t\t<div class=\"elementor-column elementor-col-100 elementor-top-column elementor-element elementor-element-784c11a\" data-id=\"784c11a\" data-element_type=\"column\">\n\t\t\t<div class=\"elementor-widget-wrap elementor-element-populated\">\n\t\t\t\t\t\t<div class=\"elementor-element elementor-element-e1239df elementor-widget elementor-widget-heading\" data-id=\"e1239df\" data-element_type=\"widget\" data-widget_type=\"heading.default\">\n\t\t\t\t<div class=\"elementor-widget-container\">\n\t\t\t\t\t<h1 class=\"elementor-heading-title elementor-size-default\">Informativa sulla privacy<\/h1>\t\t\t\t<\/div>\n\t\t\t\t<\/div>\n\t\t\t\t<div class=\"elementor-element elementor-element-20c8b33 elementor-widget elementor-widget-text-editor\" data-id=\"20c8b33\" data-element_type=\"widget\" data-widget_type=\"text-editor.default\">\n\t\t\t\t<div class=\"elementor-widget-container\">\n\t\t\t\t\t\t\t\t\t<h6>INFORMAZIONI CHE RACCOGLIAMO<\/h6><p>L'accesso al sito mb-project.hr \u00e8 gratuito e non \u00e8 richiesta la registrazione. Contattandoci tramite moduli di contatto o via e-mail, inserisci i tuoi dati. Queste informazioni sono disponibili solo per il sito web mb-project.hr a cui sono indirizzate allo scopo di risolvere la tua richiesta. Il conferimento dei Suoi dati personali \u00e8 volontario. Non trattiamo pi\u00f9 dati personali di quanto sia strettamente necessario per rispondere alla tua richiesta.<\/p><h6>PROTEZIONE DEI VOSTRI DATI PERSONALI<\/h6><p>mb-project.hr rispetta la tua privacy e tratta i tuoi dati personali in modo equo e lecito. Conserviamo i tuoi dati personali in forma elettronica e a fini di protezione applichiamo misure tecniche e organizzative adeguate per proteggere i dati personali e procedure per impedire l'accesso non autorizzato ai dati personali.<\/p><h6>COOKIE<\/h6><p>Il sito web www.mb-project.hr utilizza i cosiddetti cookie (cookie). \"cookie\") al fine di poter fornire all'utente un servizio con funzionalit\u00e0 complete e contenuti di altissima qualit\u00e0. I cookie sono un insieme di dati generati dal server del sito web e memorizzati dal browser web sul disco dell'utente sotto forma di un piccolo file di testo. Ci sforziamo costantemente di fornire ai nostri utenti la migliore esperienza utente possibile, quindi va notato che i nostri siti web funzionano in modo ottimale solo se i cookie sono abilitati. Per utilizzare i \"cookie\" in conformit\u00e0 con la legge sulle comunicazioni elettroniche, la legge sulla protezione dei dati personali e le direttive dell'UE, abbiamo bisogno del tuo consenso. Utilizzando questo sito web, dai il tuo consenso e acconsenti all'uso dei cookie. Bloccando i cookie, puoi comunque navigare nel sito, ma alcune delle sue funzionalit\u00e0 non saranno disponibili per te.<\/p><h6>CONTENUTI INCLUSI DA ALTRI SITI WEB<\/h6><p>Gli articoli su questo sito web possono contenere contenuti incorporati (ad esempio video, immagini, articoli, ecc.). I contenuti incorporati da altri siti web si comportano allo stesso modo come se il visitatore avesse visitato quell'altro sito web.<\/p><h6>MISURE DI PROTEZIONE<\/h6><p>Il sito mb-project.hr utilizza misure tecnologiche e di sicurezza, regole e altre procedure per proteggere le informazioni personali degli utenti di questo sito da accessi non autorizzati, uso improprio, rilevamento, perdita o distruzione. Al fine di proteggere la privacy degli utenti del sito, utilizziamo misure di sicurezza standard del settore, come firewall e protezione con password. Tuttavia, l'utente \u00e8 tenuto a garantire che il computer che utilizza sia anche sicuro e protetto da software dannosi come trojan, virus informatici e worm. L'utente del Sito \u00e8 consapevole che senza adeguate misure di sicurezza (ad esempio, configurazione sicura del browser Internet, programmi antivirus aggiornati, programmi firewall personali, mancato utilizzo di programmi provenienti da fonti sospette) esiste il rischio che i dati e le password utilizzate per impedire l'accesso ai dati personali possano essere divulgati a terzi non autorizzati.<\/p><h6>STATISTICHE DELL'OFFERTA<\/h6><p>Questo sito web utilizza il plugin Jetpack per misurare le statistiche di presenza.<\/p><h6>LIMITAZIONE DI RESPONSABILIT\u00c0<\/h6><p>Sebbene adottiamo le misure tecniche e organizzative disponibili per impedire la divulgazione non autorizzata delle tue informazioni personali, non possiamo garantire che alcune delle informazioni personali che raccogliamo non saranno mai divulgate accidentalmente, contrariamente alle disposizioni della presente Informativa sulla privacy. Nella misura massima consentita dalla legge, escludiamo la responsabilit\u00e0 per danni causati agli utenti o a terzi dalla divulgazione accidentale di dati personali.<\/p>\t\t\t\t\t\t\t\t<\/div>\n\t\t\t\t<\/div>\n\t\t\t\t\t<\/div>\n\t\t<\/div>\n\t\t\t\t\t<\/div>\n\t\t<\/section>\n\t\t\t\t<\/div>","protected":false},"excerpt":{"rendered":"<p>L'accesso al sito mb-project.hr \u00e8 gratuito e non \u00e8 richiesta alcuna registrazione. Contattandoci tramite moduli di contatto o via e-mail, inserisci i tuoi dati. Queste informazioni sono disponibili solo per il sito web mb-project.hr a cui sono indirizzate allo scopo di risolvere la tua richiesta. Il conferimento dei Suoi dati personali \u00e8 volontario. Non trattiamo pi\u00f9 dati personali di quanto non sia in realt\u00e0 [...]<\/p>","protected":false},"author":1,"featured_media":0,"parent":0,"menu_order":0,"comment_status":"closed","ping_status":"closed","template":"elementor_header_footer","meta":{"footnotes":""},"class_list":["post-3","page","type-page","status-publish","hentry"],"yoast_head":"<!-- This site is optimized with the Yoast SEO plugin v26.0 - https:\/\/yoast.com\/wordpress\/plugins\/seo\/ -->\n<title>Pravila privatnosti - 3D printanje, 3D modeliranje i lasersko graviranje<\/title>\n<meta name=\"robots\" content=\"index, follow, max-snippet:-1, max-image-preview:large, max-video-preview:-1\" \/>\n<link rel=\"canonical\" href=\"https:\/\/mb-project.hr\/it\/pravila-privatnosti\/\" \/>\n<meta property=\"og:locale\" content=\"it_IT\" \/>\n<meta property=\"og:type\" content=\"article\" \/>\n<meta property=\"og:title\" content=\"Pravila privatnosti - 3D printanje, 3D modeliranje i lasersko graviranje\" \/>\n<meta property=\"og:description\" content=\"Pravila privatnosti PODACI KOJE PRIKUPLJAMO Pristup web stranici mb-project.hr je slobodan i ne tra\u017ei se registracija. Kontaktiranjem putem kontakt-obrazaca ili elektroni\u010dkom po\u0161tom ispunjavate svoje podatke. Ti su podaci dostupni isklju\u010divo stranici mb-project.hr kojima su upu\u0107eni u svrhu rje\u0161avanja va\u0161eg upita. Davanje va\u0161ih osobnih podataka je dobrovoljno. Ne obra\u0111ujemo vi\u0161e osobnih podataka no \u0161to je doista [&hellip;]\" \/>\n<meta property=\"og:url\" content=\"https:\/\/mb-project.hr\/it\/pravila-privatnosti\/\" \/>\n<meta property=\"og:site_name\" content=\"3D printanje, 3D modeliranje i lasersko graviranje\" \/>\n<meta property=\"article:modified_time\" content=\"2025-08-23T17:26:44+00:00\" \/>\n<meta name=\"twitter:card\" content=\"summary_large_image\" \/>\n<meta name=\"twitter:label1\" content=\"Tempo di lettura stimato\" \/>\n\t<meta name=\"twitter:data1\" content=\"3 minuti\" \/>\n<script type=\"application\/ld+json\" class=\"yoast-schema-graph\">{\"@context\":\"https:\/\/schema.org\",\"@graph\":[{\"@type\":\"WebPage\",\"@id\":\"https:\/\/mb-project.hr\/pravila-privatnosti\/\",\"url\":\"https:\/\/mb-project.hr\/pravila-privatnosti\/\",\"name\":\"Pravila privatnosti - 3D printanje, 3D modeliranje i lasersko graviranje\",\"isPartOf\":{\"@id\":\"https:\/\/mb-project.hr\/#website\"},\"datePublished\":\"2023-02-24T13:09:08+00:00\",\"dateModified\":\"2025-08-23T17:26:44+00:00\",\"breadcrumb\":{\"@id\":\"https:\/\/mb-project.hr\/pravila-privatnosti\/#breadcrumb\"},\"inLanguage\":\"it-IT\",\"potentialAction\":[{\"@type\":\"ReadAction\",\"target\":[\"https:\/\/mb-project.hr\/pravila-privatnosti\/\"]}]},{\"@type\":\"BreadcrumbList\",\"@id\":\"https:\/\/mb-project.hr\/pravila-privatnosti\/#breadcrumb\",\"itemListElement\":[{\"@type\":\"ListItem\",\"position\":1,\"name\":\"Po\u010detna stranica\",\"item\":\"https:\/\/mb-project.hr\/\"},{\"@type\":\"ListItem\",\"position\":2,\"name\":\"Pravila privatnosti\"}]},{\"@type\":\"WebSite\",\"@id\":\"https:\/\/mb-project.hr\/#website\",\"url\":\"https:\/\/mb-project.hr\/\",\"name\":\"3D printanje, 3D modeliranje i lasersko graviranje\",\"description\":\"\",\"publisher\":{\"@id\":\"https:\/\/mb-project.hr\/#organization\"},\"potentialAction\":[{\"@type\":\"SearchAction\",\"target\":{\"@type\":\"EntryPoint\",\"urlTemplate\":\"https:\/\/mb-project.hr\/?s={search_term_string}\"},\"query-input\":{\"@type\":\"PropertyValueSpecification\",\"valueRequired\":true,\"valueName\":\"search_term_string\"}}],\"inLanguage\":\"it-IT\"},{\"@type\":\"Organization\",\"@id\":\"https:\/\/mb-project.hr\/#organization\",\"name\":\"3D printanje, 3D modeliranje i lasersko graviranje\",\"url\":\"https:\/\/mb-project.hr\/\",\"logo\":{\"@type\":\"ImageObject\",\"inLanguage\":\"it-IT\",\"@id\":\"https:\/\/mb-project.hr\/#\/schema\/logo\/image\/\",\"url\":\"https:\/\/mb-project.hr\/wp-content\/uploads\/2023\/02\/logo.png\",\"contentUrl\":\"https:\/\/mb-project.hr\/wp-content\/uploads\/2023\/02\/logo.png\",\"width\":1024,\"height\":650,\"caption\":\"3D printanje, 3D modeliranje i lasersko graviranje\"},\"image\":{\"@id\":\"https:\/\/mb-project.hr\/#\/schema\/logo\/image\/\"}}]}<\/script>\n<!-- \/ Yoast SEO plugin. -->","yoast_head_json":{"title":"Pravila privatnosti - 3D printanje, 3D modeliranje i lasersko graviranje","robots":{"index":"index","follow":"follow","max-snippet":"max-snippet:-1","max-image-preview":"max-image-preview:large","max-video-preview":"max-video-preview:-1"},"canonical":"https:\/\/mb-project.hr\/it\/pravila-privatnosti\/","og_locale":"it_IT","og_type":"article","og_title":"Pravila privatnosti - 3D printanje, 3D modeliranje i lasersko graviranje","og_description":"Pravila privatnosti PODACI KOJE PRIKUPLJAMO Pristup web stranici mb-project.hr je slobodan i ne tra\u017ei se registracija. Kontaktiranjem putem kontakt-obrazaca ili elektroni\u010dkom po\u0161tom ispunjavate svoje podatke. Ti su podaci dostupni isklju\u010divo stranici mb-project.hr kojima su upu\u0107eni u svrhu rje\u0161avanja va\u0161eg upita. Davanje va\u0161ih osobnih podataka je dobrovoljno. Ne obra\u0111ujemo vi\u0161e osobnih podataka no \u0161to je doista [&hellip;]","og_url":"https:\/\/mb-project.hr\/it\/pravila-privatnosti\/","og_site_name":"3D printanje, 3D modeliranje i lasersko graviranje","article_modified_time":"2025-08-23T17:26:44+00:00","twitter_card":"summary_large_image","twitter_misc":{"Tempo di lettura stimato":"3 minuti"},"schema":{"@context":"https:\/\/schema.org","@graph":[{"@type":"WebPage","@id":"https:\/\/mb-project.hr\/pravila-privatnosti\/","url":"https:\/\/mb-project.hr\/pravila-privatnosti\/","name":"Pravila privatnosti - 3D printanje, 3D modeliranje i lasersko graviranje","isPartOf":{"@id":"https:\/\/mb-project.hr\/#website"},"datePublished":"2023-02-24T13:09:08+00:00","dateModified":"2025-08-23T17:26:44+00:00","breadcrumb":{"@id":"https:\/\/mb-project.hr\/pravila-privatnosti\/#breadcrumb"},"inLanguage":"it-IT","potentialAction":[{"@type":"ReadAction","target":["https:\/\/mb-project.hr\/pravila-privatnosti\/"]}]},{"@type":"BreadcrumbList","@id":"https:\/\/mb-project.hr\/pravila-privatnosti\/#breadcrumb","itemListElement":[{"@type":"ListItem","position":1,"name":"Po\u010detna stranica","item":"https:\/\/mb-project.hr\/"},{"@type":"ListItem","position":2,"name":"Pravila privatnosti"}]},{"@type":"WebSite","@id":"https:\/\/mb-project.hr\/#website","url":"https:\/\/mb-project.hr\/","name":"3D printanje, 3D modeliranje i lasersko graviranje","description":"","publisher":{"@id":"https:\/\/mb-project.hr\/#organization"},"potentialAction":[{"@type":"SearchAction","target":{"@type":"EntryPoint","urlTemplate":"https:\/\/mb-project.hr\/?s={search_term_string}"},"query-input":{"@type":"PropertyValueSpecification","valueRequired":true,"valueName":"search_term_string"}}],"inLanguage":"it-IT"},{"@type":"Organization","@id":"https:\/\/mb-project.hr\/#organization","name":"3D printanje, 3D modeliranje i lasersko graviranje","url":"https:\/\/mb-project.hr\/","logo":{"@type":"ImageObject","inLanguage":"it-IT","@id":"https:\/\/mb-project.hr\/#\/schema\/logo\/image\/","url":"https:\/\/mb-project.hr\/wp-content\/uploads\/2023\/02\/logo.png","contentUrl":"https:\/\/mb-project.hr\/wp-content\/uploads\/2023\/02\/logo.png","width":1024,"height":650,"caption":"3D printanje, 3D modeliranje i lasersko graviranje"},"image":{"@id":"https:\/\/mb-project.hr\/#\/schema\/logo\/image\/"}}]}},"jetpack_sharing_enabled":true,"_links":{"self":[{"href":"https:\/\/mb-project.hr\/it\/wp-json\/wp\/v2\/pages\/3","targetHints":{"allow":["GET"]}}],"collection":[{"href":"https:\/\/mb-project.hr\/it\/wp-json\/wp\/v2\/pages"}],"about":[{"href":"https:\/\/mb-project.hr\/it\/wp-json\/wp\/v2\/types\/page"}],"author":[{"embeddable":true,"href":"https:\/\/mb-project.hr\/it\/wp-json\/wp\/v2\/users\/1"}],"replies":[{"embeddable":true,"href":"https:\/\/mb-project.hr\/it\/wp-json\/wp\/v2\/comments?post=3"}],"version-history":[{"count":8,"href":"https:\/\/mb-project.hr\/it\/wp-json\/wp\/v2\/pages\/3\/revisions"}],"predecessor-version":[{"id":1009,"href":"https:\/\/mb-project.hr\/it\/wp-json\/wp\/v2\/pages\/3\/revisions\/1009"}],"wp:attachment":[{"href":"https:\/\/mb-project.hr\/it\/wp-json\/wp\/v2\/media?parent=3"}],"curies":[{"name":"wp","href":"https:\/\/api.w.org\/{rel}","templated":true}]}}