{"id":1010,"date":"2025-08-06T10:39:14","date_gmt":"2025-08-06T08:39:14","guid":{"rendered":"https:\/\/mb-project.hr\/?page_id=1010"},"modified":"2025-08-23T19:26:44","modified_gmt":"2025-08-23T17:26:44","slug":"nacini-dostave","status":"publish","type":"page","link":"https:\/\/mb-project.hr\/it\/nacini-dostave\/","title":{"rendered":"Modalit\u00e0 di consegna"},"content":{"rendered":"<div data-elementor-type=\"wp-page\" data-elementor-id=\"1010\" class=\"elementor elementor-1010\" data-elementor-post-type=\"page\">\n\t\t\t\t\t\t<section class=\"elementor-section elementor-top-section elementor-element elementor-element-26aa9633 elementor-section-boxed elementor-section-height-default elementor-section-height-default\" data-id=\"26aa9633\" data-element_type=\"section\">\n\t\t\t\t\t\t<div class=\"elementor-container elementor-column-gap-default\">\n\t\t\t\t\t<div class=\"elementor-column elementor-col-100 elementor-top-column elementor-element elementor-element-7bed4a1b\" data-id=\"7bed4a1b\" data-element_type=\"column\">\n\t\t\t<div class=\"elementor-widget-wrap elementor-element-populated\">\n\t\t\t\t\t\t<div class=\"elementor-element elementor-element-b5f76b8 elementor-widget elementor-widget-heading\" data-id=\"b5f76b8\" data-element_type=\"widget\" data-widget_type=\"heading.default\">\n\t\t\t\t<div class=\"elementor-widget-container\">\n\t\t\t\t\t<h1 class=\"elementor-heading-title elementor-size-default\">Modalit\u00e0 di consegna<\/h1>\t\t\t\t<\/div>\n\t\t\t\t<\/div>\n\t\t\t\t<div class=\"elementor-element elementor-element-44a48ea0 elementor-widget elementor-widget-text-editor\" data-id=\"44a48ea0\" data-element_type=\"widget\" data-widget_type=\"text-editor.default\">\n\t\t\t\t<div class=\"elementor-widget-container\">\n\t\t\t\t\t\t\t\t\t<h6>OGGETTO SERVIZIO E COSTI<\/h6><p><br \/>Gli articoli ordinati vengono inviati al servizio di consegna come pacco entro 2-5 giorni lavorativi, dalla data di ricevimento dell'ordine o del pagamento.<br \/>Eccezionalmente, a causa della vendita di un particolare articolo o di circostanze impreviste, \u00e8 possibile che la consegna duri pi\u00f9 a lungo, di cui verrai informato via e-mail.<\/p><p><br \/>La consegna viene calcolata in base al listino prezzi concordato con il servizio di corriere:<br \/>\u2022 per la Croazia: <strong>6 \u20ac<\/strong><br \/>\u2022 per gli importi di cui sopra <strong>60 EUR: spedizione gratuita<\/strong><br \/>Se il servizio di corriere cambia il prezzo di consegna, il venditore indicher\u00e0 chiaramente il nuovo prezzo nel negozio online.<br \/>I prezzi di consegna sono indicati con IVA inclusa.<\/p><p><br \/>Sfortunatamente, non siamo in grado di influenzare la velocit\u00e0 di consegna e le possibili complicazioni legate alla consegna stessa causate dal servizio di consegna.<\/p><p><br \/>Se il cliente non si trova all'indirizzo di consegna durante il tentativo di consegna, il servizio di consegna lascer\u00e0 un avviso con il numero di spedizione e le istruzioni per ulteriori passaggi.<\/p><p><br \/>Nel caso in cui l'acquirente ordini la merce e si rifiuti di riceverla, MB Project ha il diritto di negare all'acquirente l'importo pagato del prezzo di acquisto.<\/p><p><br \/>Se l'acquirente che non ha ricevuto la merce, riordina tramite il negozio online https:\/\/mb-project.hr\/, il venditore si riserva il diritto di rifiutare l'ulteriore elaborazione dell'ordine, nonch\u00e9 il diritto di addebitare.<\/p><p><br \/>MB Project si riserva il diritto di non inviare ordini con informazioni di contatto errate o incomplete, nonch\u00e9 ordini con e-mail o telefono che non possono essere contattati.<\/p>\t\t\t\t\t\t\t\t<\/div>\n\t\t\t\t<\/div>\n\t\t\t\t\t<\/div>\n\t\t<\/div>\n\t\t\t\t\t<\/div>\n\t\t<\/section>\n\t\t\t\t<\/div>","protected":false},"excerpt":{"rendered":"<p>Inviamo gli articoli ordinati al servizio di consegna come pacco entro 2-5 giorni lavorativi, dal giorno di ricevimento dell'ordine o del pagamento.Di solito, a causa della vendita di un singolo articolo o di circostanze impreviste, \u00e8 possibile che la consegna duri pi\u00f9 a lungo, di cui sarai informato via e-mail. La consegna \u00e8 calcolata in base al listino prezzi concordato con il servizio di corriere:\u2022 per la Croazia: 6 [...]<\/p>","protected":false},"author":1,"featured_media":0,"parent":0,"menu_order":0,"comment_status":"closed","ping_status":"closed","template":"elementor_header_footer","meta":{"footnotes":""},"class_list":["post-1010","page","type-page","status-publish","hentry"],"yoast_head":"<!-- This site is optimized with the Yoast SEO plugin v26.0 - https:\/\/yoast.com\/wordpress\/plugins\/seo\/ -->\n<title>Na\u010dini dostave - 3D printanje, 3D modeliranje i lasersko graviranje<\/title>\n<meta name=\"robots\" content=\"index, follow, max-snippet:-1, max-image-preview:large, max-video-preview:-1\" \/>\n<link rel=\"canonical\" href=\"https:\/\/mb-project.hr\/it\/nacini-dostave\/\" \/>\n<meta property=\"og:locale\" content=\"it_IT\" \/>\n<meta property=\"og:type\" content=\"article\" \/>\n<meta property=\"og:title\" content=\"Na\u010dini dostave - 3D printanje, 3D modeliranje i lasersko graviranje\" \/>\n<meta property=\"og:description\" content=\"ISPORUKA DOSTAVNOM SLU\u017dBOM I TRO\u0160KOVI Naru\u010dene artikle \u0161aljemo dostavnom slu\u017ebom kao paket u roku od 2\u20135 radnih dana,od dana primitka narud\u017ebe, odnosno uplate.Iznimno, uslijed rasprodanosti pojedinog artikla ili nepredvi\u0111enih okolnosti, mogu\u0107e je da isporuka traje dulje, o \u010demu \u0107ete biti obavije\u0161teni putem e-po\u0161te. Dostava se obra\u010dunava prema cjeniku ugovorenom s kurirskom slu\u017ebom:\u2022 za Hrvatsku: 6 [&hellip;]\" \/>\n<meta property=\"og:url\" content=\"https:\/\/mb-project.hr\/it\/nacini-dostave\/\" \/>\n<meta property=\"og:site_name\" content=\"3D printanje, 3D modeliranje i lasersko graviranje\" \/>\n<meta property=\"article:modified_time\" content=\"2025-08-23T17:26:44+00:00\" \/>\n<meta name=\"twitter:card\" content=\"summary_large_image\" \/>\n<meta name=\"twitter:label1\" content=\"Tempo di lettura stimato\" \/>\n\t<meta name=\"twitter:data1\" content=\"2 minuti\" \/>\n<script type=\"application\/ld+json\" class=\"yoast-schema-graph\">{\"@context\":\"https:\/\/schema.org\",\"@graph\":[{\"@type\":\"WebPage\",\"@id\":\"https:\/\/mb-project.hr\/nacini-dostave\/\",\"url\":\"https:\/\/mb-project.hr\/nacini-dostave\/\",\"name\":\"Na\u010dini dostave - 3D printanje, 3D modeliranje i lasersko graviranje\",\"isPartOf\":{\"@id\":\"https:\/\/mb-project.hr\/#website\"},\"datePublished\":\"2025-08-06T08:39:14+00:00\",\"dateModified\":\"2025-08-23T17:26:44+00:00\",\"breadcrumb\":{\"@id\":\"https:\/\/mb-project.hr\/nacini-dostave\/#breadcrumb\"},\"inLanguage\":\"it-IT\",\"potentialAction\":[{\"@type\":\"ReadAction\",\"target\":[\"https:\/\/mb-project.hr\/nacini-dostave\/\"]}]},{\"@type\":\"BreadcrumbList\",\"@id\":\"https:\/\/mb-project.hr\/nacini-dostave\/#breadcrumb\",\"itemListElement\":[{\"@type\":\"ListItem\",\"position\":1,\"name\":\"Po\u010detna stranica\",\"item\":\"https:\/\/mb-project.hr\/\"},{\"@type\":\"ListItem\",\"position\":2,\"name\":\"Na\u010dini dostave\"}]},{\"@type\":\"WebSite\",\"@id\":\"https:\/\/mb-project.hr\/#website\",\"url\":\"https:\/\/mb-project.hr\/\",\"name\":\"3D printanje, 3D modeliranje i lasersko graviranje\",\"description\":\"\",\"publisher\":{\"@id\":\"https:\/\/mb-project.hr\/#organization\"},\"potentialAction\":[{\"@type\":\"SearchAction\",\"target\":{\"@type\":\"EntryPoint\",\"urlTemplate\":\"https:\/\/mb-project.hr\/?s={search_term_string}\"},\"query-input\":{\"@type\":\"PropertyValueSpecification\",\"valueRequired\":true,\"valueName\":\"search_term_string\"}}],\"inLanguage\":\"it-IT\"},{\"@type\":\"Organization\",\"@id\":\"https:\/\/mb-project.hr\/#organization\",\"name\":\"3D printanje, 3D modeliranje i lasersko graviranje\",\"url\":\"https:\/\/mb-project.hr\/\",\"logo\":{\"@type\":\"ImageObject\",\"inLanguage\":\"it-IT\",\"@id\":\"https:\/\/mb-project.hr\/#\/schema\/logo\/image\/\",\"url\":\"https:\/\/mb-project.hr\/wp-content\/uploads\/2023\/02\/logo.png\",\"contentUrl\":\"https:\/\/mb-project.hr\/wp-content\/uploads\/2023\/02\/logo.png\",\"width\":1024,\"height\":650,\"caption\":\"3D printanje, 3D modeliranje i lasersko graviranje\"},\"image\":{\"@id\":\"https:\/\/mb-project.hr\/#\/schema\/logo\/image\/\"}}]}<\/script>\n<!-- \/ Yoast SEO plugin. -->","yoast_head_json":{"title":"Na\u010dini dostave - 3D printanje, 3D modeliranje i lasersko graviranje","robots":{"index":"index","follow":"follow","max-snippet":"max-snippet:-1","max-image-preview":"max-image-preview:large","max-video-preview":"max-video-preview:-1"},"canonical":"https:\/\/mb-project.hr\/it\/nacini-dostave\/","og_locale":"it_IT","og_type":"article","og_title":"Na\u010dini dostave - 3D printanje, 3D modeliranje i lasersko graviranje","og_description":"ISPORUKA DOSTAVNOM SLU\u017dBOM I TRO\u0160KOVI Naru\u010dene artikle \u0161aljemo dostavnom slu\u017ebom kao paket u roku od 2\u20135 radnih dana,od dana primitka narud\u017ebe, odnosno uplate.Iznimno, uslijed rasprodanosti pojedinog artikla ili nepredvi\u0111enih okolnosti, mogu\u0107e je da isporuka traje dulje, o \u010demu \u0107ete biti obavije\u0161teni putem e-po\u0161te. Dostava se obra\u010dunava prema cjeniku ugovorenom s kurirskom slu\u017ebom:\u2022 za Hrvatsku: 6 [&hellip;]","og_url":"https:\/\/mb-project.hr\/it\/nacini-dostave\/","og_site_name":"3D printanje, 3D modeliranje i lasersko graviranje","article_modified_time":"2025-08-23T17:26:44+00:00","twitter_card":"summary_large_image","twitter_misc":{"Tempo di lettura stimato":"2 minuti"},"schema":{"@context":"https:\/\/schema.org","@graph":[{"@type":"WebPage","@id":"https:\/\/mb-project.hr\/nacini-dostave\/","url":"https:\/\/mb-project.hr\/nacini-dostave\/","name":"Na\u010dini dostave - 3D printanje, 3D modeliranje i lasersko graviranje","isPartOf":{"@id":"https:\/\/mb-project.hr\/#website"},"datePublished":"2025-08-06T08:39:14+00:00","dateModified":"2025-08-23T17:26:44+00:00","breadcrumb":{"@id":"https:\/\/mb-project.hr\/nacini-dostave\/#breadcrumb"},"inLanguage":"it-IT","potentialAction":[{"@type":"ReadAction","target":["https:\/\/mb-project.hr\/nacini-dostave\/"]}]},{"@type":"BreadcrumbList","@id":"https:\/\/mb-project.hr\/nacini-dostave\/#breadcrumb","itemListElement":[{"@type":"ListItem","position":1,"name":"Po\u010detna stranica","item":"https:\/\/mb-project.hr\/"},{"@type":"ListItem","position":2,"name":"Na\u010dini dostave"}]},{"@type":"WebSite","@id":"https:\/\/mb-project.hr\/#website","url":"https:\/\/mb-project.hr\/","name":"3D printanje, 3D modeliranje i lasersko graviranje","description":"","publisher":{"@id":"https:\/\/mb-project.hr\/#organization"},"potentialAction":[{"@type":"SearchAction","target":{"@type":"EntryPoint","urlTemplate":"https:\/\/mb-project.hr\/?s={search_term_string}"},"query-input":{"@type":"PropertyValueSpecification","valueRequired":true,"valueName":"search_term_string"}}],"inLanguage":"it-IT"},{"@type":"Organization","@id":"https:\/\/mb-project.hr\/#organization","name":"3D printanje, 3D modeliranje i lasersko graviranje","url":"https:\/\/mb-project.hr\/","logo":{"@type":"ImageObject","inLanguage":"it-IT","@id":"https:\/\/mb-project.hr\/#\/schema\/logo\/image\/","url":"https:\/\/mb-project.hr\/wp-content\/uploads\/2023\/02\/logo.png","contentUrl":"https:\/\/mb-project.hr\/wp-content\/uploads\/2023\/02\/logo.png","width":1024,"height":650,"caption":"3D printanje, 3D modeliranje i lasersko graviranje"},"image":{"@id":"https:\/\/mb-project.hr\/#\/schema\/logo\/image\/"}}]}},"jetpack_sharing_enabled":true,"_links":{"self":[{"href":"https:\/\/mb-project.hr\/it\/wp-json\/wp\/v2\/pages\/1010","targetHints":{"allow":["GET"]}}],"collection":[{"href":"https:\/\/mb-project.hr\/it\/wp-json\/wp\/v2\/pages"}],"about":[{"href":"https:\/\/mb-project.hr\/it\/wp-json\/wp\/v2\/types\/page"}],"author":[{"embeddable":true,"href":"https:\/\/mb-project.hr\/it\/wp-json\/wp\/v2\/users\/1"}],"replies":[{"embeddable":true,"href":"https:\/\/mb-project.hr\/it\/wp-json\/wp\/v2\/comments?post=1010"}],"version-history":[{"count":5,"href":"https:\/\/mb-project.hr\/it\/wp-json\/wp\/v2\/pages\/1010\/revisions"}],"predecessor-version":[{"id":1016,"href":"https:\/\/mb-project.hr\/it\/wp-json\/wp\/v2\/pages\/1010\/revisions\/1016"}],"wp:attachment":[{"href":"https:\/\/mb-project.hr\/it\/wp-json\/wp\/v2\/media?parent=1010"}],"curies":[{"name":"wp","href":"https:\/\/api.w.org\/{rel}","templated":true}]}}