{"id":1641,"date":"2025-10-31T15:36:04","date_gmt":"2025-10-31T14:36:04","guid":{"rendered":"https:\/\/mb-project.hr\/?post_type=product&#038;p=1641"},"modified":"2025-11-30T17:07:55","modified_gmt":"2025-11-30T16:07:55","slug":"unikatne-bozicne-kuglice-izradene-3d-printom","status":"publish","type":"product","link":"https:\/\/mb-project.hr\/en\/product\/unikatne-bozicne-kuglice-izradene-3d-printom\/","title":{"rendered":"Unique Christmas balls made with 3D print"},"content":{"rendered":"<p data-start=\"901\" data-end=\"1164\">A blend of tradition and modern technology in a unique Christmas decoration!<br data-start=\"969\" data-end=\"972\" \/>Our <strong data-start=\"977\" data-end=\"1008\">3D Printed Christmas Balls<\/strong> they are made with care and precision using modern 3D print technology, which gives them the perfect combination <strong data-start=\"1117\" data-end=\"1161\">lightness, strength and original design<\/strong>.<\/p>\n<p data-start=\"1166\" data-end=\"1310\">They are available in various shapes and colors, and you can also <strong data-start=\"1219\" data-end=\"1267\">personalize by name, inscription or year<\/strong> to make your pine shine with a special glow.<\/p>\n<p data-start=\"1312\" data-end=\"1335\">\u25cb <strong data-start=\"1314\" data-end=\"1333\">Characteristics:<\/strong><\/p>\n<ul data-start=\"1336\" data-end=\"1554\">\n<li data-start=\"1336\" data-end=\"1370\">\n<p data-start=\"1338\" data-end=\"1370\">Created with 3D print technology<\/p>\n<\/li>\n<li data-start=\"1371\" data-end=\"1404\">\n<p data-start=\"1373\" data-end=\"1404\">Lightweight and break resistant<\/p>\n<\/li>\n<li data-start=\"1405\" data-end=\"1456\">\n<p data-start=\"1407\" data-end=\"1456\">Possibility of personalization (name, message, year)<\/p>\n<\/li>\n<li data-start=\"1457\" data-end=\"1502\">\n<p data-start=\"1459\" data-end=\"1502\">Available in different colors and sizes<\/p>\n<\/li>\n<li data-start=\"1503\" data-end=\"1554\">\n<p data-start=\"1505\" data-end=\"1554\">Ideal as a gift or a modern holiday decoration<\/p>\n<\/li>\n<\/ul>\n<p data-start=\"1556\" data-end=\"1673\">Add a modern touch to your Christmas and highlight your style with unique <strong data-start=\"1619\" data-end=\"1642\">3D printed balls<\/strong> who tell your story.<\/p>\n<p>&nbsp;<\/p>\n<p data-start=\"1285\" data-end=\"1483\">Contact by e-mail:\u00a0 <strong>3dmbproject@gmail.com<\/strong><\/p>\n<p data-start=\"1285\" data-end=\"1483\">\u2047  Send by post or pick up in person.<\/p>","protected":false},"excerpt":{"rendered":"<p data-start=\"566\" data-end=\"842\">Bring a touch of modern design into holiday decoration with <strong data-start=\"622\" data-end=\"653\">3D Printed Christmas Balls<\/strong>!<br data-start=\"654\" data-end=\"657\" \/>Lightweight, sturdy and unique \u2013 each bead is made with 3D technology with the ability to personalise a name, inscription or pattern. Perfect for a modern home or as a special gift.<\/p>\n<p data-start=\"566\" data-end=\"842\">Beads are made of PLA biodegradable material of plant origin.<\/p>\n<p>Dimensions: \u00d8 85 mm<\/p>\n<p><strong>If you wish to have more than one ball of different colours in one order, please select one of the colours and write the other colours and inscriptions under \u201cNAMES\u201d.<\/strong><\/p>\n<p><strong>Delivery time<\/strong>: 5-7 working days<\/p>","protected":false},"featured_media":1710,"template":"","meta":[],"product_brand":[],"product_cat":[96,43,60],"product_tag":[],"class_list":{"0":"post-1641","1":"product","2":"type-product","3":"status-publish","4":"has-post-thumbnail","6":"product_cat-dekoracije","7":"product_cat-personalizirani","8":"product_cat-upload","10":"first","11":"onbackorder","12":"shipping-taxable","13":"purchasable","14":"product-type-variable"},"group_of_quantity":0,"min_quantity":0,"max_quantity":"","exclude_order_quantity_value_rules":"no","exclude_category_quantity_rules":"no","combine_variations":"no","exclude_global_add_ons":[],"addons":[],"yoast_head":"<!-- This site is optimized with the Yoast SEO plugin v26.0 - https:\/\/yoast.com\/wordpress\/plugins\/seo\/ -->\n<title>Unikatne bo\u017ei\u0107ne kuglice izra\u0111ene 3D printom - 3D printanje, 3D modeliranje i lasersko graviranje<\/title>\n<meta name=\"robots\" content=\"index, follow, max-snippet:-1, max-image-preview:large, max-video-preview:-1\" \/>\n<link rel=\"canonical\" href=\"https:\/\/mb-project.hr\/en\/product\/unikatne-bozicne-kuglice-izradene-3d-printom\/\" \/>\n<meta property=\"og:locale\" content=\"en_GB\" \/>\n<meta property=\"og:type\" content=\"article\" \/>\n<meta property=\"og:title\" content=\"Unikatne bo\u017ei\u0107ne kuglice izra\u0111ene 3D printom - 3D printanje, 3D modeliranje i lasersko graviranje\" \/>\n<meta property=\"og:description\" content=\"Unesi da\u0161ak modernog dizajna u blagdansku dekoraciju uz 3D printane bo\u017ei\u0107ne kuglice!Lagane, \u010dvrste i unikatne \u2013 svaka kuglica izra\u0111ena je 3D tehnologijom s mogu\u0107no\u0161\u0107u personalizacije imena, natpisa ili uzorka. Savr\u0161ene za moderno ure\u0111en dom ili kao poseban poklon. Kuglice su izra\u0111ene od PLA biorazgradivog materijala biljnog porijekla. Dimenzije: \u00d8 85 mm  Ukoliko \u017eelite vi\u0161e kuglica razli\u010ditih boja u jednoj narud\u017ebi,odaberite jednu od boja , a ostale boje i natpise upi\u0161ite pod &quot;NAPOMENE&quot;.  Rok isporuke: 5-7 radnih dana\" \/>\n<meta property=\"og:url\" content=\"https:\/\/mb-project.hr\/en\/product\/unikatne-bozicne-kuglice-izradene-3d-printom\/\" \/>\n<meta property=\"og:site_name\" content=\"3D printanje, 3D modeliranje i lasersko graviranje\" \/>\n<meta property=\"article:modified_time\" content=\"2025-11-30T16:07:55+00:00\" \/>\n<meta property=\"og:image\" content=\"https:\/\/mb-project.hr\/wp-content\/uploads\/2025\/10\/a7724c6b-95b2-419d-819c-cc1924f09168.jpg\" \/>\n\t<meta property=\"og:image:width\" content=\"1698\" \/>\n\t<meta property=\"og:image:height\" content=\"981\" \/>\n\t<meta property=\"og:image:type\" content=\"image\/jpeg\" \/>\n<meta name=\"twitter:card\" content=\"summary_large_image\" \/>\n<meta name=\"twitter:label1\" content=\"Estimated reading time\" \/>\n\t<meta name=\"twitter:data1\" content=\"1 minute\" \/>\n<script type=\"application\/ld+json\" class=\"yoast-schema-graph\">{\"@context\":\"https:\/\/schema.org\",\"@graph\":[{\"@type\":\"WebPage\",\"@id\":\"https:\/\/mb-project.hr\/proizvod\/unikatne-bozicne-kuglice-izradene-3d-printom\/\",\"url\":\"https:\/\/mb-project.hr\/proizvod\/unikatne-bozicne-kuglice-izradene-3d-printom\/\",\"name\":\"Unikatne bo\u017ei\u0107ne kuglice izra\u0111ene 3D printom - 3D printanje, 3D modeliranje i lasersko graviranje\",\"isPartOf\":{\"@id\":\"https:\/\/mb-project.hr\/#website\"},\"primaryImageOfPage\":{\"@id\":\"https:\/\/mb-project.hr\/proizvod\/unikatne-bozicne-kuglice-izradene-3d-printom\/#primaryimage\"},\"image\":{\"@id\":\"https:\/\/mb-project.hr\/proizvod\/unikatne-bozicne-kuglice-izradene-3d-printom\/#primaryimage\"},\"thumbnailUrl\":\"https:\/\/mb-project.hr\/wp-content\/uploads\/2025\/10\/a7724c6b-95b2-419d-819c-cc1924f09168.jpg\",\"datePublished\":\"2025-10-31T14:36:04+00:00\",\"dateModified\":\"2025-11-30T16:07:55+00:00\",\"breadcrumb\":{\"@id\":\"https:\/\/mb-project.hr\/proizvod\/unikatne-bozicne-kuglice-izradene-3d-printom\/#breadcrumb\"},\"inLanguage\":\"en-GB\",\"potentialAction\":[{\"@type\":\"ReadAction\",\"target\":[\"https:\/\/mb-project.hr\/proizvod\/unikatne-bozicne-kuglice-izradene-3d-printom\/\"]}]},{\"@type\":\"ImageObject\",\"inLanguage\":\"en-GB\",\"@id\":\"https:\/\/mb-project.hr\/proizvod\/unikatne-bozicne-kuglice-izradene-3d-printom\/#primaryimage\",\"url\":\"https:\/\/mb-project.hr\/wp-content\/uploads\/2025\/10\/a7724c6b-95b2-419d-819c-cc1924f09168.jpg\",\"contentUrl\":\"https:\/\/mb-project.hr\/wp-content\/uploads\/2025\/10\/a7724c6b-95b2-419d-819c-cc1924f09168.jpg\",\"width\":1698,\"height\":981},{\"@type\":\"BreadcrumbList\",\"@id\":\"https:\/\/mb-project.hr\/proizvod\/unikatne-bozicne-kuglice-izradene-3d-printom\/#breadcrumb\",\"itemListElement\":[{\"@type\":\"ListItem\",\"position\":1,\"name\":\"Po\u010detna stranica\",\"item\":\"https:\/\/mb-project.hr\/\"},{\"@type\":\"ListItem\",\"position\":2,\"name\":\"WEB SHOP\",\"item\":\"https:\/\/mb-project.hr\/web-shop\/\"},{\"@type\":\"ListItem\",\"position\":3,\"name\":\"Unikatne bo\u017ei\u0107ne kuglice izra\u0111ene 3D printom\"}]},{\"@type\":\"WebSite\",\"@id\":\"https:\/\/mb-project.hr\/#website\",\"url\":\"https:\/\/mb-project.hr\/\",\"name\":\"3D printanje, 3D modeliranje i lasersko graviranje\",\"description\":\"\",\"publisher\":{\"@id\":\"https:\/\/mb-project.hr\/#organization\"},\"potentialAction\":[{\"@type\":\"SearchAction\",\"target\":{\"@type\":\"EntryPoint\",\"urlTemplate\":\"https:\/\/mb-project.hr\/?s={search_term_string}\"},\"query-input\":{\"@type\":\"PropertyValueSpecification\",\"valueRequired\":true,\"valueName\":\"search_term_string\"}}],\"inLanguage\":\"en-GB\"},{\"@type\":\"Organization\",\"@id\":\"https:\/\/mb-project.hr\/#organization\",\"name\":\"3D printanje, 3D modeliranje i lasersko graviranje\",\"url\":\"https:\/\/mb-project.hr\/\",\"logo\":{\"@type\":\"ImageObject\",\"inLanguage\":\"en-GB\",\"@id\":\"https:\/\/mb-project.hr\/#\/schema\/logo\/image\/\",\"url\":\"https:\/\/mb-project.hr\/wp-content\/uploads\/2023\/02\/logo.png\",\"contentUrl\":\"https:\/\/mb-project.hr\/wp-content\/uploads\/2023\/02\/logo.png\",\"width\":1024,\"height\":650,\"caption\":\"3D printanje, 3D modeliranje i lasersko graviranje\"},\"image\":{\"@id\":\"https:\/\/mb-project.hr\/#\/schema\/logo\/image\/\"}}]}<\/script>\n<!-- \/ Yoast SEO plugin. -->","yoast_head_json":{"title":"Unikatne bo\u017ei\u0107ne kuglice izra\u0111ene 3D printom - 3D printanje, 3D modeliranje i lasersko graviranje","robots":{"index":"index","follow":"follow","max-snippet":"max-snippet:-1","max-image-preview":"max-image-preview:large","max-video-preview":"max-video-preview:-1"},"canonical":"https:\/\/mb-project.hr\/en\/product\/unikatne-bozicne-kuglice-izradene-3d-printom\/","og_locale":"en_GB","og_type":"article","og_title":"Unikatne bo\u017ei\u0107ne kuglice izra\u0111ene 3D printom - 3D printanje, 3D modeliranje i lasersko graviranje","og_description":"Unesi da\u0161ak modernog dizajna u blagdansku dekoraciju uz 3D printane bo\u017ei\u0107ne kuglice!Lagane, \u010dvrste i unikatne \u2013 svaka kuglica izra\u0111ena je 3D tehnologijom s mogu\u0107no\u0161\u0107u personalizacije imena, natpisa ili uzorka. Savr\u0161ene za moderno ure\u0111en dom ili kao poseban poklon. Kuglice su izra\u0111ene od PLA biorazgradivog materijala biljnog porijekla. Dimenzije: \u00d8 85 mm  Ukoliko \u017eelite vi\u0161e kuglica razli\u010ditih boja u jednoj narud\u017ebi,odaberite jednu od boja , a ostale boje i natpise upi\u0161ite pod \"NAPOMENE\".  Rok isporuke: 5-7 radnih dana","og_url":"https:\/\/mb-project.hr\/en\/product\/unikatne-bozicne-kuglice-izradene-3d-printom\/","og_site_name":"3D printanje, 3D modeliranje i lasersko graviranje","article_modified_time":"2025-11-30T16:07:55+00:00","og_image":[{"width":1698,"height":981,"url":"https:\/\/mb-project.hr\/wp-content\/uploads\/2025\/10\/a7724c6b-95b2-419d-819c-cc1924f09168.jpg","type":"image\/jpeg"}],"twitter_card":"summary_large_image","twitter_misc":{"Estimated reading time":"1 minute"},"schema":{"@context":"https:\/\/schema.org","@graph":[{"@type":"WebPage","@id":"https:\/\/mb-project.hr\/proizvod\/unikatne-bozicne-kuglice-izradene-3d-printom\/","url":"https:\/\/mb-project.hr\/proizvod\/unikatne-bozicne-kuglice-izradene-3d-printom\/","name":"Unikatne bo\u017ei\u0107ne kuglice izra\u0111ene 3D printom - 3D printanje, 3D modeliranje i lasersko graviranje","isPartOf":{"@id":"https:\/\/mb-project.hr\/#website"},"primaryImageOfPage":{"@id":"https:\/\/mb-project.hr\/proizvod\/unikatne-bozicne-kuglice-izradene-3d-printom\/#primaryimage"},"image":{"@id":"https:\/\/mb-project.hr\/proizvod\/unikatne-bozicne-kuglice-izradene-3d-printom\/#primaryimage"},"thumbnailUrl":"https:\/\/mb-project.hr\/wp-content\/uploads\/2025\/10\/a7724c6b-95b2-419d-819c-cc1924f09168.jpg","datePublished":"2025-10-31T14:36:04+00:00","dateModified":"2025-11-30T16:07:55+00:00","breadcrumb":{"@id":"https:\/\/mb-project.hr\/proizvod\/unikatne-bozicne-kuglice-izradene-3d-printom\/#breadcrumb"},"inLanguage":"en-GB","potentialAction":[{"@type":"ReadAction","target":["https:\/\/mb-project.hr\/proizvod\/unikatne-bozicne-kuglice-izradene-3d-printom\/"]}]},{"@type":"ImageObject","inLanguage":"en-GB","@id":"https:\/\/mb-project.hr\/proizvod\/unikatne-bozicne-kuglice-izradene-3d-printom\/#primaryimage","url":"https:\/\/mb-project.hr\/wp-content\/uploads\/2025\/10\/a7724c6b-95b2-419d-819c-cc1924f09168.jpg","contentUrl":"https:\/\/mb-project.hr\/wp-content\/uploads\/2025\/10\/a7724c6b-95b2-419d-819c-cc1924f09168.jpg","width":1698,"height":981},{"@type":"BreadcrumbList","@id":"https:\/\/mb-project.hr\/proizvod\/unikatne-bozicne-kuglice-izradene-3d-printom\/#breadcrumb","itemListElement":[{"@type":"ListItem","position":1,"name":"Po\u010detna stranica","item":"https:\/\/mb-project.hr\/"},{"@type":"ListItem","position":2,"name":"WEB SHOP","item":"https:\/\/mb-project.hr\/web-shop\/"},{"@type":"ListItem","position":3,"name":"Unikatne bo\u017ei\u0107ne kuglice izra\u0111ene 3D printom"}]},{"@type":"WebSite","@id":"https:\/\/mb-project.hr\/#website","url":"https:\/\/mb-project.hr\/","name":"3D printanje, 3D modeliranje i lasersko graviranje","description":"","publisher":{"@id":"https:\/\/mb-project.hr\/#organization"},"potentialAction":[{"@type":"SearchAction","target":{"@type":"EntryPoint","urlTemplate":"https:\/\/mb-project.hr\/?s={search_term_string}"},"query-input":{"@type":"PropertyValueSpecification","valueRequired":true,"valueName":"search_term_string"}}],"inLanguage":"en-GB"},{"@type":"Organization","@id":"https:\/\/mb-project.hr\/#organization","name":"3D printanje, 3D modeliranje i lasersko graviranje","url":"https:\/\/mb-project.hr\/","logo":{"@type":"ImageObject","inLanguage":"en-GB","@id":"https:\/\/mb-project.hr\/#\/schema\/logo\/image\/","url":"https:\/\/mb-project.hr\/wp-content\/uploads\/2023\/02\/logo.png","contentUrl":"https:\/\/mb-project.hr\/wp-content\/uploads\/2023\/02\/logo.png","width":1024,"height":650,"caption":"3D printanje, 3D modeliranje i lasersko graviranje"},"image":{"@id":"https:\/\/mb-project.hr\/#\/schema\/logo\/image\/"}}]}},"jetpack_sharing_enabled":true,"_links":{"self":[{"href":"https:\/\/mb-project.hr\/en\/wp-json\/wp\/v2\/product\/1641","targetHints":{"allow":["GET"]}}],"collection":[{"href":"https:\/\/mb-project.hr\/en\/wp-json\/wp\/v2\/product"}],"about":[{"href":"https:\/\/mb-project.hr\/en\/wp-json\/wp\/v2\/types\/product"}],"wp:featuredmedia":[{"embeddable":true,"href":"https:\/\/mb-project.hr\/en\/wp-json\/wp\/v2\/media\/1710"}],"wp:attachment":[{"href":"https:\/\/mb-project.hr\/en\/wp-json\/wp\/v2\/media?parent=1641"}],"wp:term":[{"taxonomy":"product_brand","embeddable":true,"href":"https:\/\/mb-project.hr\/en\/wp-json\/wp\/v2\/product_brand?post=1641"},{"taxonomy":"product_cat","embeddable":true,"href":"https:\/\/mb-project.hr\/en\/wp-json\/wp\/v2\/product_cat?post=1641"},{"taxonomy":"product_tag","embeddable":true,"href":"https:\/\/mb-project.hr\/en\/wp-json\/wp\/v2\/product_tag?post=1641"}],"curies":[{"name":"wp","href":"https:\/\/api.w.org\/{rel}","templated":true}]}}