{"id":1562,"date":"2025-10-25T18:26:53","date_gmt":"2025-10-25T16:26:53","guid":{"rendered":"https:\/\/mb-project.hr\/?post_type=product&#038;p=1562"},"modified":"2026-02-03T18:46:48","modified_gmt":"2026-02-03T17:46:48","slug":"pljoska-s-mat-crnom-povrsinom-promotivni-poslovni-poklon","status":"publish","type":"product","link":"https:\/\/mb-project.hr\/en\/product\/pljoska-s-mat-crnom-povrsinom-promotivni-poslovni-poklon\/","title":{"rendered":"Pljoska with matt black surface - promotional business gift"},"content":{"rendered":"<p data-start=\"293\" data-end=\"580\">A modern and elegant business gift that leaves a strong impression.<br data-start=\"356\" data-end=\"359\" \/>This one <strong data-start=\"363\" data-end=\"418\">stainless steel flask with matt black surface<\/strong> it has a refined design and exceptional durability, making it the perfect choice for <strong data-start=\"511\" data-end=\"577\">promotional materials, business gifts and corporate events<\/strong>.<\/p>\n<p data-start=\"582\" data-end=\"863\">The area of the pljeoska is ideal for <strong data-start=\"613\" data-end=\"645\">Laser Engraving Logo<\/strong>, names or motifs of your choice, creating a personalised item that highlights the professionalism and style of your company.<br data-start=\"759\" data-end=\"762\" \/>With capacity of <strong data-start=\"780\" data-end=\"790\">200 ml<\/strong>, it is practical to use and compact enough to carry on a daily basis.<\/p>\n<h3 data-start=\"870\" data-end=\"898\">Technical specifications<\/h3>\n<ul data-start=\"899\" data-end=\"1191\">\n<li data-start=\"899\" data-end=\"934\">\n<p data-start=\"901\" data-end=\"934\"><strong data-start=\"901\" data-end=\"915\">Material:<\/strong> stainless steel<\/p>\n<\/li>\n<li data-start=\"935\" data-end=\"982\">\n<p data-start=\"937\" data-end=\"982\"><strong data-start=\"937\" data-end=\"950\">Surface:<\/strong> matt black (wear resistant)<\/p>\n<\/li>\n<li data-start=\"983\" data-end=\"1009\">\n<p data-start=\"985\" data-end=\"1009\"><strong data-start=\"985\" data-end=\"1000\">Volume:<\/strong> 200 ml<\/p>\n<\/li>\n<li data-start=\"1010\" data-end=\"1068\">\n<p data-start=\"1012\" data-end=\"1068\"><strong data-start=\"1012\" data-end=\"1027\">Engraving:<\/strong> laser (logo, text, motif as desired)<\/p>\n<\/li>\n<li data-start=\"1069\" data-end=\"1118\">\n<p data-start=\"1071\" data-end=\"1118\"><strong data-start=\"1071\" data-end=\"1085\">Packaging:<\/strong> Individual (cardboard box)<\/p>\n<\/li>\n<li data-start=\"1119\" data-end=\"1191\">\n<p data-start=\"1121\" data-end=\"1191\"><strong data-start=\"1121\" data-end=\"1136\">Maintenance:<\/strong> easy cleaning, long-lasting corrosion protection<\/p>\n<\/li>\n<li data-start=\"1119\" data-end=\"1191\"><\/li>\n<\/ul>\n<h3 data-start=\"1198\" data-end=\"1235\">Benefits for business users<\/h3>\n<p data-start=\"1236\" data-end=\"1496\">\u2705 Elegant and contemporary brand presentation<br data-start=\"1279\" data-end=\"1282\" \/>\u2705 Suitable for <strong data-start=\"1295\" data-end=\"1338\">logo engraving and promotional messages<\/strong><br data-start=\"1338\" data-end=\"1341\" \/>\u2705 High durability and quality of workmanship<br data-start=\"1377\" data-end=\"1380\" \/>\u2705 Great choice for <strong data-start=\"1399\" data-end=\"1437\">Business gifts, events and fairs<\/strong><br data-start=\"1437\" data-end=\"1440\" \/>\u2705 Combines functionality, aesthetics and professionalism<\/p>\n<h3 data-start=\"1496\" data-end=\"1517\">Terms of order<\/h3>\n<ul data-start=\"1518\" data-end=\"1725\">\n<li data-start=\"1518\" data-end=\"1564\">\n<p data-start=\"1520\" data-end=\"1564\"><strong data-start=\"1520\" data-end=\"1555\">Minimum order quantity:<\/strong> 10 pcs<\/p>\n<\/li>\n<li data-start=\"1636\" data-end=\"1672\">\n<p data-start=\"1638\" data-end=\"1672\"><strong data-start=\"1638\" data-end=\"1667\">Possibility of a test sample:<\/strong> yes<\/p>\n<\/li>\n<\/ul>\n<p data-start=\"1285\" data-end=\"1483\">\u2047  Send by post or pick up in person.<\/p>\n<p data-start=\"1285\" data-end=\"1483\">Contact by e-mail:\u00a0 <strong>3dmbproject@gmail.com<\/strong><\/p>","protected":false},"excerpt":{"rendered":"<p><strong data-start=\"84\" data-end=\"148\">Stainless steel flask with matt black surface (200 ml)<\/strong> \u2013 a modern promotional gift for businesses.<\/p>\n<p>Surface suitable for <strong data-start=\"208\" data-end=\"240\">Laser Engraving Logo<\/strong> provides an elegant and professional look for your brand.<\/p>\n<p>Volume: 200 ml<\/p>\n<p>Maximum engraving dimension: 65x85mm<\/p>\n<p>Possibility of one-sided or two-sided engraving.<\/p>\n<p>Minimum order quantity: 10 pieces<\/p>\n<p>For quantities greater than 25 pieces, you can request an offer with an additional discount on e-mail: <strong>3dmbproject@gmail.com<\/strong><\/p>","protected":false},"featured_media":1590,"template":"","meta":[],"product_brand":[],"product_cat":[59,44],"product_tag":[],"class_list":{"0":"post-1562","1":"product","2":"type-product","3":"status-publish","4":"has-post-thumbnail","6":"product_cat-graviranje","7":"product_cat-promocijski-materijali","9":"first","10":"onbackorder","11":"shipping-taxable","12":"purchasable","13":"product-type-variable"},"group_of_quantity":0,"min_quantity":10,"max_quantity":"","exclude_order_quantity_value_rules":"no","exclude_category_quantity_rules":"no","combine_variations":"no","exclude_global_add_ons":[],"addons":[],"yoast_head":"<!-- This site is optimized with the Yoast SEO plugin v26.0 - https:\/\/yoast.com\/wordpress\/plugins\/seo\/ -->\n<title>Pljoska s mat crnom povr\u0161inom \u2013 promotivni poslovni poklon - 3D printanje, 3D modeliranje i lasersko graviranje<\/title>\n<meta name=\"robots\" content=\"index, follow, max-snippet:-1, max-image-preview:large, max-video-preview:-1\" \/>\n<link rel=\"canonical\" href=\"https:\/\/mb-project.hr\/en\/product\/pljoska-s-mat-crnom-povrsinom-promotivni-poslovni-poklon\/\" \/>\n<meta property=\"og:locale\" content=\"en_GB\" \/>\n<meta property=\"og:type\" content=\"article\" \/>\n<meta property=\"og:title\" content=\"Pljoska s mat crnom povr\u0161inom \u2013 promotivni poslovni poklon - 3D printanje, 3D modeliranje i lasersko graviranje\" \/>\n<meta property=\"og:description\" content=\"Pljoska od nehr\u0111aju\u0107eg \u010delika s mat crnom povr\u0161inom (200 ml) \u2013 moderan promotivni poklon za tvrtke.  Povr\u0161ina pogodna za lasersko graviranje logotipa pru\u017ea elegantan i profesionalan izgled va\u0161eg brenda.  Zapremnina: 200 ml  Maksimalna dimenzija gravure: 65x85mm  Mogu\u010dnost jednostranog ili dvostranog graviranja.  Minimalna koli\u010dina za narud\u017ebu: 10 komada  Za koli\u010dine ve\u010de od 25 komada mo\u017eete zatra\u017eiti ponudu sa dodatnim popustom na e-mail: 3dmbproject@gmail.com\" \/>\n<meta property=\"og:url\" content=\"https:\/\/mb-project.hr\/en\/product\/pljoska-s-mat-crnom-povrsinom-promotivni-poslovni-poklon\/\" \/>\n<meta property=\"og:site_name\" content=\"3D printanje, 3D modeliranje i lasersko graviranje\" \/>\n<meta property=\"article:modified_time\" content=\"2026-02-03T17:46:48+00:00\" \/>\n<meta property=\"og:image\" content=\"https:\/\/mb-project.hr\/wp-content\/uploads\/2025\/10\/ChatGPT-Image-26.-lis-2025.-16_06_45-1024x683.png\" \/>\n\t<meta property=\"og:image:width\" content=\"1024\" \/>\n\t<meta property=\"og:image:height\" content=\"683\" \/>\n\t<meta property=\"og:image:type\" content=\"image\/png\" \/>\n<meta name=\"twitter:card\" content=\"summary_large_image\" \/>\n<meta name=\"twitter:label1\" content=\"Estimated reading time\" \/>\n\t<meta name=\"twitter:data1\" content=\"2 minutes\" \/>\n<script type=\"application\/ld+json\" class=\"yoast-schema-graph\">{\"@context\":\"https:\/\/schema.org\",\"@graph\":[{\"@type\":\"WebPage\",\"@id\":\"https:\/\/mb-project.hr\/proizvod\/pljoska-s-mat-crnom-povrsinom-promotivni-poslovni-poklon\/\",\"url\":\"https:\/\/mb-project.hr\/proizvod\/pljoska-s-mat-crnom-povrsinom-promotivni-poslovni-poklon\/\",\"name\":\"Pljoska s mat crnom povr\u0161inom \u2013 promotivni poslovni poklon - 3D printanje, 3D modeliranje i lasersko graviranje\",\"isPartOf\":{\"@id\":\"https:\/\/mb-project.hr\/#website\"},\"primaryImageOfPage\":{\"@id\":\"https:\/\/mb-project.hr\/proizvod\/pljoska-s-mat-crnom-povrsinom-promotivni-poslovni-poklon\/#primaryimage\"},\"image\":{\"@id\":\"https:\/\/mb-project.hr\/proizvod\/pljoska-s-mat-crnom-povrsinom-promotivni-poslovni-poklon\/#primaryimage\"},\"thumbnailUrl\":\"https:\/\/mb-project.hr\/wp-content\/uploads\/2025\/10\/ChatGPT-Image-26.-lis-2025.-16_06_45.png\",\"datePublished\":\"2025-10-25T16:26:53+00:00\",\"dateModified\":\"2026-02-03T17:46:48+00:00\",\"breadcrumb\":{\"@id\":\"https:\/\/mb-project.hr\/proizvod\/pljoska-s-mat-crnom-povrsinom-promotivni-poslovni-poklon\/#breadcrumb\"},\"inLanguage\":\"en-GB\",\"potentialAction\":[{\"@type\":\"ReadAction\",\"target\":[\"https:\/\/mb-project.hr\/proizvod\/pljoska-s-mat-crnom-povrsinom-promotivni-poslovni-poklon\/\"]}]},{\"@type\":\"ImageObject\",\"inLanguage\":\"en-GB\",\"@id\":\"https:\/\/mb-project.hr\/proizvod\/pljoska-s-mat-crnom-povrsinom-promotivni-poslovni-poklon\/#primaryimage\",\"url\":\"https:\/\/mb-project.hr\/wp-content\/uploads\/2025\/10\/ChatGPT-Image-26.-lis-2025.-16_06_45.png\",\"contentUrl\":\"https:\/\/mb-project.hr\/wp-content\/uploads\/2025\/10\/ChatGPT-Image-26.-lis-2025.-16_06_45.png\",\"width\":1536,\"height\":1024},{\"@type\":\"BreadcrumbList\",\"@id\":\"https:\/\/mb-project.hr\/proizvod\/pljoska-s-mat-crnom-povrsinom-promotivni-poslovni-poklon\/#breadcrumb\",\"itemListElement\":[{\"@type\":\"ListItem\",\"position\":1,\"name\":\"Po\u010detna stranica\",\"item\":\"https:\/\/mb-project.hr\/\"},{\"@type\":\"ListItem\",\"position\":2,\"name\":\"WEB SHOP\",\"item\":\"https:\/\/mb-project.hr\/web-shop\/\"},{\"@type\":\"ListItem\",\"position\":3,\"name\":\"Pljoska s mat crnom povr\u0161inom \u2013 promotivni poslovni poklon\"}]},{\"@type\":\"WebSite\",\"@id\":\"https:\/\/mb-project.hr\/#website\",\"url\":\"https:\/\/mb-project.hr\/\",\"name\":\"3D printanje, 3D modeliranje i lasersko graviranje\",\"description\":\"\",\"publisher\":{\"@id\":\"https:\/\/mb-project.hr\/#organization\"},\"potentialAction\":[{\"@type\":\"SearchAction\",\"target\":{\"@type\":\"EntryPoint\",\"urlTemplate\":\"https:\/\/mb-project.hr\/?s={search_term_string}\"},\"query-input\":{\"@type\":\"PropertyValueSpecification\",\"valueRequired\":true,\"valueName\":\"search_term_string\"}}],\"inLanguage\":\"en-GB\"},{\"@type\":\"Organization\",\"@id\":\"https:\/\/mb-project.hr\/#organization\",\"name\":\"3D printanje, 3D modeliranje i lasersko graviranje\",\"url\":\"https:\/\/mb-project.hr\/\",\"logo\":{\"@type\":\"ImageObject\",\"inLanguage\":\"en-GB\",\"@id\":\"https:\/\/mb-project.hr\/#\/schema\/logo\/image\/\",\"url\":\"https:\/\/mb-project.hr\/wp-content\/uploads\/2023\/02\/logo.png\",\"contentUrl\":\"https:\/\/mb-project.hr\/wp-content\/uploads\/2023\/02\/logo.png\",\"width\":1024,\"height\":650,\"caption\":\"3D printanje, 3D modeliranje i lasersko graviranje\"},\"image\":{\"@id\":\"https:\/\/mb-project.hr\/#\/schema\/logo\/image\/\"}}]}<\/script>\n<!-- \/ Yoast SEO plugin. -->","yoast_head_json":{"title":"Pljoska s mat crnom povr\u0161inom \u2013 promotivni poslovni poklon - 3D printanje, 3D modeliranje i lasersko graviranje","robots":{"index":"index","follow":"follow","max-snippet":"max-snippet:-1","max-image-preview":"max-image-preview:large","max-video-preview":"max-video-preview:-1"},"canonical":"https:\/\/mb-project.hr\/en\/product\/pljoska-s-mat-crnom-povrsinom-promotivni-poslovni-poklon\/","og_locale":"en_GB","og_type":"article","og_title":"Pljoska s mat crnom povr\u0161inom \u2013 promotivni poslovni poklon - 3D printanje, 3D modeliranje i lasersko graviranje","og_description":"Pljoska od nehr\u0111aju\u0107eg \u010delika s mat crnom povr\u0161inom (200 ml) \u2013 moderan promotivni poklon za tvrtke.  Povr\u0161ina pogodna za lasersko graviranje logotipa pru\u017ea elegantan i profesionalan izgled va\u0161eg brenda.  Zapremnina: 200 ml  Maksimalna dimenzija gravure: 65x85mm  Mogu\u010dnost jednostranog ili dvostranog graviranja.  Minimalna koli\u010dina za narud\u017ebu: 10 komada  Za koli\u010dine ve\u010de od 25 komada mo\u017eete zatra\u017eiti ponudu sa dodatnim popustom na e-mail: 3dmbproject@gmail.com","og_url":"https:\/\/mb-project.hr\/en\/product\/pljoska-s-mat-crnom-povrsinom-promotivni-poslovni-poklon\/","og_site_name":"3D printanje, 3D modeliranje i lasersko graviranje","article_modified_time":"2026-02-03T17:46:48+00:00","og_image":[{"width":1024,"height":683,"url":"https:\/\/mb-project.hr\/wp-content\/uploads\/2025\/10\/ChatGPT-Image-26.-lis-2025.-16_06_45-1024x683.png","type":"image\/png"}],"twitter_card":"summary_large_image","twitter_misc":{"Estimated reading time":"2 minutes"},"schema":{"@context":"https:\/\/schema.org","@graph":[{"@type":"WebPage","@id":"https:\/\/mb-project.hr\/proizvod\/pljoska-s-mat-crnom-povrsinom-promotivni-poslovni-poklon\/","url":"https:\/\/mb-project.hr\/proizvod\/pljoska-s-mat-crnom-povrsinom-promotivni-poslovni-poklon\/","name":"Pljoska s mat crnom povr\u0161inom \u2013 promotivni poslovni poklon - 3D printanje, 3D modeliranje i lasersko graviranje","isPartOf":{"@id":"https:\/\/mb-project.hr\/#website"},"primaryImageOfPage":{"@id":"https:\/\/mb-project.hr\/proizvod\/pljoska-s-mat-crnom-povrsinom-promotivni-poslovni-poklon\/#primaryimage"},"image":{"@id":"https:\/\/mb-project.hr\/proizvod\/pljoska-s-mat-crnom-povrsinom-promotivni-poslovni-poklon\/#primaryimage"},"thumbnailUrl":"https:\/\/mb-project.hr\/wp-content\/uploads\/2025\/10\/ChatGPT-Image-26.-lis-2025.-16_06_45.png","datePublished":"2025-10-25T16:26:53+00:00","dateModified":"2026-02-03T17:46:48+00:00","breadcrumb":{"@id":"https:\/\/mb-project.hr\/proizvod\/pljoska-s-mat-crnom-povrsinom-promotivni-poslovni-poklon\/#breadcrumb"},"inLanguage":"en-GB","potentialAction":[{"@type":"ReadAction","target":["https:\/\/mb-project.hr\/proizvod\/pljoska-s-mat-crnom-povrsinom-promotivni-poslovni-poklon\/"]}]},{"@type":"ImageObject","inLanguage":"en-GB","@id":"https:\/\/mb-project.hr\/proizvod\/pljoska-s-mat-crnom-povrsinom-promotivni-poslovni-poklon\/#primaryimage","url":"https:\/\/mb-project.hr\/wp-content\/uploads\/2025\/10\/ChatGPT-Image-26.-lis-2025.-16_06_45.png","contentUrl":"https:\/\/mb-project.hr\/wp-content\/uploads\/2025\/10\/ChatGPT-Image-26.-lis-2025.-16_06_45.png","width":1536,"height":1024},{"@type":"BreadcrumbList","@id":"https:\/\/mb-project.hr\/proizvod\/pljoska-s-mat-crnom-povrsinom-promotivni-poslovni-poklon\/#breadcrumb","itemListElement":[{"@type":"ListItem","position":1,"name":"Po\u010detna stranica","item":"https:\/\/mb-project.hr\/"},{"@type":"ListItem","position":2,"name":"WEB SHOP","item":"https:\/\/mb-project.hr\/web-shop\/"},{"@type":"ListItem","position":3,"name":"Pljoska s mat crnom povr\u0161inom \u2013 promotivni poslovni poklon"}]},{"@type":"WebSite","@id":"https:\/\/mb-project.hr\/#website","url":"https:\/\/mb-project.hr\/","name":"3D printanje, 3D modeliranje i lasersko graviranje","description":"","publisher":{"@id":"https:\/\/mb-project.hr\/#organization"},"potentialAction":[{"@type":"SearchAction","target":{"@type":"EntryPoint","urlTemplate":"https:\/\/mb-project.hr\/?s={search_term_string}"},"query-input":{"@type":"PropertyValueSpecification","valueRequired":true,"valueName":"search_term_string"}}],"inLanguage":"en-GB"},{"@type":"Organization","@id":"https:\/\/mb-project.hr\/#organization","name":"3D printanje, 3D modeliranje i lasersko graviranje","url":"https:\/\/mb-project.hr\/","logo":{"@type":"ImageObject","inLanguage":"en-GB","@id":"https:\/\/mb-project.hr\/#\/schema\/logo\/image\/","url":"https:\/\/mb-project.hr\/wp-content\/uploads\/2023\/02\/logo.png","contentUrl":"https:\/\/mb-project.hr\/wp-content\/uploads\/2023\/02\/logo.png","width":1024,"height":650,"caption":"3D printanje, 3D modeliranje i lasersko graviranje"},"image":{"@id":"https:\/\/mb-project.hr\/#\/schema\/logo\/image\/"}}]}},"jetpack_sharing_enabled":true,"_links":{"self":[{"href":"https:\/\/mb-project.hr\/en\/wp-json\/wp\/v2\/product\/1562","targetHints":{"allow":["GET"]}}],"collection":[{"href":"https:\/\/mb-project.hr\/en\/wp-json\/wp\/v2\/product"}],"about":[{"href":"https:\/\/mb-project.hr\/en\/wp-json\/wp\/v2\/types\/product"}],"wp:featuredmedia":[{"embeddable":true,"href":"https:\/\/mb-project.hr\/en\/wp-json\/wp\/v2\/media\/1590"}],"wp:attachment":[{"href":"https:\/\/mb-project.hr\/en\/wp-json\/wp\/v2\/media?parent=1562"}],"wp:term":[{"taxonomy":"product_brand","embeddable":true,"href":"https:\/\/mb-project.hr\/en\/wp-json\/wp\/v2\/product_brand?post=1562"},{"taxonomy":"product_cat","embeddable":true,"href":"https:\/\/mb-project.hr\/en\/wp-json\/wp\/v2\/product_cat?post=1562"},{"taxonomy":"product_tag","embeddable":true,"href":"https:\/\/mb-project.hr\/en\/wp-json\/wp\/v2\/product_tag?post=1562"}],"curies":[{"name":"wp","href":"https:\/\/api.w.org\/{rel}","templated":true}]}}