{"id":1559,"date":"2025-10-25T18:17:32","date_gmt":"2025-10-25T16:17:32","guid":{"rendered":"https:\/\/mb-project.hr\/?post_type=product&#038;p=1559"},"modified":"2026-02-03T18:47:14","modified_gmt":"2026-02-03T17:47:14","slug":"pljoska-s-drvenom-oblogom-promotivni-poslovni-poklon","status":"publish","type":"product","link":"https:\/\/mb-project.hr\/en\/product\/pljoska-s-drvenom-oblogom-promotivni-poslovni-poklon\/","title":{"rendered":"Pljoska with wooden lining - promotional business gift"},"content":{"rendered":"<p data-start=\"305\" data-end=\"633\">Exclusive <strong data-start=\"317\" data-end=\"379\">stainless steel flask with elegant wooden lining<\/strong> It is an ideal choice for companies that want to give away <strong data-start=\"427\" data-end=\"482\">personalized and representative promotional item<\/strong>.<br data-start=\"483\" data-end=\"486\" \/>Natural wood texture and possibility <strong data-start=\"523\" data-end=\"566\">Precision Laser Engraving Logo<\/strong> ensure the ultimate impression and long-lasting visibility of your brand.<\/p>\n<p data-start=\"635\" data-end=\"825\">Thanks to <strong data-start=\"648\" data-end=\"672\">capacity of 170 ml<\/strong>, compact in size and modern design, pljoska is perfect for gifts to employees, partners or as a promotional souvenir at events and fairs.<\/p>\n<h3 data-start=\"832\" data-end=\"860\">Technical specifications<\/h3>\n<ul data-start=\"861\" data-end=\"1154\">\n<li data-start=\"861\" data-end=\"912\">\n<p data-start=\"863\" data-end=\"912\"><strong data-start=\"863\" data-end=\"877\">Material:<\/strong> stainless steel + wooden lining<\/p>\n<\/li>\n<li data-start=\"913\" data-end=\"939\">\n<p data-start=\"915\" data-end=\"939\"><strong data-start=\"915\" data-end=\"930\">Volume:<\/strong> 170 ml<\/p>\n<\/li>\n<li data-start=\"940\" data-end=\"998\">\n<p data-start=\"942\" data-end=\"998\"><strong data-start=\"942\" data-end=\"957\">Engraving:<\/strong> laser (logo, text, motif as desired)<\/p>\n<\/li>\n<li data-start=\"999\" data-end=\"1042\">\n<p data-start=\"1001\" data-end=\"1042\"><strong data-start=\"1001\" data-end=\"1010\">Colour:<\/strong> natural wood \/ silver steel<\/p>\n<\/li>\n<li data-start=\"1043\" data-end=\"1092\">\n<p data-start=\"1045\" data-end=\"1092\"><strong data-start=\"1045\" data-end=\"1059\">Packaging:<\/strong> Individual (cardboard box)<\/p>\n<\/li>\n<li data-start=\"1093\" data-end=\"1154\">\n<p data-start=\"1095\" data-end=\"1154\"><strong data-start=\"1095\" data-end=\"1110\">Maintenance:<\/strong> easy cleaning, corrosion resistant<\/p>\n<\/li>\n<li data-start=\"1093\" data-end=\"1154\"><\/li>\n<\/ul>\n<h3 data-start=\"1161\" data-end=\"1198\">Benefits for business users<\/h3>\n<p data-start=\"1199\" data-end=\"1489\">\u2705 Great corporate gift that leaves a professional impression<br data-start=\"1263\" data-end=\"1266\" \/>\u2705 Long-term use and high quality workmanship<br data-start=\"1313\" data-end=\"1316\" \/>\u2705 Possibility <strong data-start=\"1328\" data-end=\"1364\">personalization with the company logo<\/strong><br data-start=\"1364\" data-end=\"1367\" \/>\u2705 Suitable for <strong data-start=\"1380\" data-end=\"1429\">promotions, business gifts, events and fairs<\/strong><br data-start=\"1429\" data-end=\"1432\" \/>\u2705 Aesthetic blend of natural material and modern design<\/p>\n<h3 data-start=\"1496\" data-end=\"1517\"><\/h3>\n<h3 data-start=\"1496\" data-end=\"1517\">Terms of order<\/h3>\n<ul data-start=\"1518\" data-end=\"1725\">\n<li data-start=\"1518\" data-end=\"1564\">\n<p data-start=\"1520\" data-end=\"1564\"><strong data-start=\"1520\" data-end=\"1555\">Minimum order quantity:<\/strong> 10 pcs<\/p>\n<\/li>\n<li data-start=\"1636\" data-end=\"1672\">\n<p data-start=\"1638\" data-end=\"1672\"><strong data-start=\"1638\" data-end=\"1667\">Possibility of a test sample:<\/strong> yes<\/p>\n<\/li>\n<\/ul>\n<p data-start=\"1285\" data-end=\"1483\">\u2047  Send by post or pick up in person.<\/p>\n<p data-start=\"1285\" data-end=\"1483\">Contact by e-mail:\u00a0 <strong>3dmbproject@gmail.com<\/strong><\/p>","protected":false},"excerpt":{"rendered":"<p><strong data-start=\"101\" data-end=\"171\">Elegant stainless steel flask with wooden lining (170 ml)<\/strong> \u2013 an ideal promotional gift for companies.<\/p>\n<p>Possibility <strong data-start=\"221\" data-end=\"254\">Laser Engraving Logo<\/strong> ensures a recognizable and lasting impression of your brand.<\/p>\n<p>Volume: 170 ml<\/p>\n<p>Maximum engraving dimension: 65x75mm<\/p>\n<p>Possibility of one-sided or two-sided engraving.<\/p>\n<p>Minimum order quantity: 10 pieces<\/p>\n<p>&nbsp;<\/p>\n<p>For quantities greater than 25 pieces, you can request an offer with an additional discount on e-mail: <strong>3dmbproject@gmail.com<\/strong><\/p>","protected":false},"featured_media":1588,"template":"","meta":[],"product_brand":[],"product_cat":[59,44],"product_tag":[],"class_list":{"0":"post-1559","1":"product","2":"type-product","3":"status-publish","4":"has-post-thumbnail","6":"product_cat-graviranje","7":"product_cat-promocijski-materijali","9":"first","10":"onbackorder","11":"shipping-taxable","12":"purchasable","13":"product-type-variable"},"group_of_quantity":0,"min_quantity":10,"max_quantity":"","exclude_order_quantity_value_rules":"no","exclude_category_quantity_rules":"no","combine_variations":"no","exclude_global_add_ons":[],"addons":[],"yoast_head":"<!-- This site is optimized with the Yoast SEO plugin v26.0 - https:\/\/yoast.com\/wordpress\/plugins\/seo\/ -->\n<title>Pljoska s drvenom oblogom \u2013 promotivni poslovni poklon - 3D printanje, 3D modeliranje i lasersko graviranje<\/title>\n<meta name=\"robots\" content=\"index, follow, max-snippet:-1, max-image-preview:large, max-video-preview:-1\" \/>\n<link rel=\"canonical\" href=\"https:\/\/mb-project.hr\/en\/product\/pljoska-s-drvenom-oblogom-promotivni-poslovni-poklon\/\" \/>\n<meta property=\"og:locale\" content=\"en_GB\" \/>\n<meta property=\"og:type\" content=\"article\" \/>\n<meta property=\"og:title\" content=\"Pljoska s drvenom oblogom \u2013 promotivni poslovni poklon - 3D printanje, 3D modeliranje i lasersko graviranje\" \/>\n<meta property=\"og:description\" content=\"Elegantna pljoska od nehr\u0111aju\u0107eg \u010delika s drvenom oblogom (170 ml) \u2013 idealan promotivni poklon za tvrtke.  Mogu\u0107nost laserskog graviranja logotipa osigurava prepoznatljiv i trajan dojam va\u0161eg brenda.  Zapremnina: 170 ml  Maksimalna dimenzija gravure: 65x75mm  Mogu\u010dnost jednostranog ili dvostranog graviranja.  Minimalna koli\u010dina za narud\u017ebu: 10 komada  &nbsp;  Za koli\u010dine ve\u010de od 25 komada mo\u017eete zatra\u017eiti ponudu sa dodatnim popustom na e-mail: 3dmbproject@gmail.com\" \/>\n<meta property=\"og:url\" content=\"https:\/\/mb-project.hr\/en\/product\/pljoska-s-drvenom-oblogom-promotivni-poslovni-poklon\/\" \/>\n<meta property=\"og:site_name\" content=\"3D printanje, 3D modeliranje i lasersko graviranje\" \/>\n<meta property=\"article:modified_time\" content=\"2026-02-03T17:47:14+00:00\" \/>\n<meta property=\"og:image\" content=\"https:\/\/mb-project.hr\/wp-content\/uploads\/2025\/10\/ChatGPT-Image-26.-lis-2025.-16_03_57.png\" \/>\n\t<meta property=\"og:image:width\" content=\"1024\" \/>\n\t<meta property=\"og:image:height\" content=\"1024\" \/>\n\t<meta property=\"og:image:type\" content=\"image\/png\" \/>\n<meta name=\"twitter:card\" content=\"summary_large_image\" \/>\n<meta name=\"twitter:label1\" content=\"Estimated reading time\" \/>\n\t<meta name=\"twitter:data1\" content=\"2 minutes\" \/>\n<script type=\"application\/ld+json\" class=\"yoast-schema-graph\">{\"@context\":\"https:\/\/schema.org\",\"@graph\":[{\"@type\":\"WebPage\",\"@id\":\"https:\/\/mb-project.hr\/proizvod\/pljoska-s-drvenom-oblogom-promotivni-poslovni-poklon\/\",\"url\":\"https:\/\/mb-project.hr\/proizvod\/pljoska-s-drvenom-oblogom-promotivni-poslovni-poklon\/\",\"name\":\"Pljoska s drvenom oblogom \u2013 promotivni poslovni poklon - 3D printanje, 3D modeliranje i lasersko graviranje\",\"isPartOf\":{\"@id\":\"https:\/\/mb-project.hr\/#website\"},\"primaryImageOfPage\":{\"@id\":\"https:\/\/mb-project.hr\/proizvod\/pljoska-s-drvenom-oblogom-promotivni-poslovni-poklon\/#primaryimage\"},\"image\":{\"@id\":\"https:\/\/mb-project.hr\/proizvod\/pljoska-s-drvenom-oblogom-promotivni-poslovni-poklon\/#primaryimage\"},\"thumbnailUrl\":\"https:\/\/mb-project.hr\/wp-content\/uploads\/2025\/10\/ChatGPT-Image-26.-lis-2025.-16_03_57.png\",\"datePublished\":\"2025-10-25T16:17:32+00:00\",\"dateModified\":\"2026-02-03T17:47:14+00:00\",\"breadcrumb\":{\"@id\":\"https:\/\/mb-project.hr\/proizvod\/pljoska-s-drvenom-oblogom-promotivni-poslovni-poklon\/#breadcrumb\"},\"inLanguage\":\"en-GB\",\"potentialAction\":[{\"@type\":\"ReadAction\",\"target\":[\"https:\/\/mb-project.hr\/proizvod\/pljoska-s-drvenom-oblogom-promotivni-poslovni-poklon\/\"]}]},{\"@type\":\"ImageObject\",\"inLanguage\":\"en-GB\",\"@id\":\"https:\/\/mb-project.hr\/proizvod\/pljoska-s-drvenom-oblogom-promotivni-poslovni-poklon\/#primaryimage\",\"url\":\"https:\/\/mb-project.hr\/wp-content\/uploads\/2025\/10\/ChatGPT-Image-26.-lis-2025.-16_03_57.png\",\"contentUrl\":\"https:\/\/mb-project.hr\/wp-content\/uploads\/2025\/10\/ChatGPT-Image-26.-lis-2025.-16_03_57.png\",\"width\":1024,\"height\":1024},{\"@type\":\"BreadcrumbList\",\"@id\":\"https:\/\/mb-project.hr\/proizvod\/pljoska-s-drvenom-oblogom-promotivni-poslovni-poklon\/#breadcrumb\",\"itemListElement\":[{\"@type\":\"ListItem\",\"position\":1,\"name\":\"Po\u010detna stranica\",\"item\":\"https:\/\/mb-project.hr\/\"},{\"@type\":\"ListItem\",\"position\":2,\"name\":\"WEB SHOP\",\"item\":\"https:\/\/mb-project.hr\/web-shop\/\"},{\"@type\":\"ListItem\",\"position\":3,\"name\":\"Pljoska s drvenom oblogom \u2013 promotivni poslovni poklon\"}]},{\"@type\":\"WebSite\",\"@id\":\"https:\/\/mb-project.hr\/#website\",\"url\":\"https:\/\/mb-project.hr\/\",\"name\":\"3D printanje, 3D modeliranje i lasersko graviranje\",\"description\":\"\",\"publisher\":{\"@id\":\"https:\/\/mb-project.hr\/#organization\"},\"potentialAction\":[{\"@type\":\"SearchAction\",\"target\":{\"@type\":\"EntryPoint\",\"urlTemplate\":\"https:\/\/mb-project.hr\/?s={search_term_string}\"},\"query-input\":{\"@type\":\"PropertyValueSpecification\",\"valueRequired\":true,\"valueName\":\"search_term_string\"}}],\"inLanguage\":\"en-GB\"},{\"@type\":\"Organization\",\"@id\":\"https:\/\/mb-project.hr\/#organization\",\"name\":\"3D printanje, 3D modeliranje i lasersko graviranje\",\"url\":\"https:\/\/mb-project.hr\/\",\"logo\":{\"@type\":\"ImageObject\",\"inLanguage\":\"en-GB\",\"@id\":\"https:\/\/mb-project.hr\/#\/schema\/logo\/image\/\",\"url\":\"https:\/\/mb-project.hr\/wp-content\/uploads\/2023\/02\/logo.png\",\"contentUrl\":\"https:\/\/mb-project.hr\/wp-content\/uploads\/2023\/02\/logo.png\",\"width\":1024,\"height\":650,\"caption\":\"3D printanje, 3D modeliranje i lasersko graviranje\"},\"image\":{\"@id\":\"https:\/\/mb-project.hr\/#\/schema\/logo\/image\/\"}}]}<\/script>\n<!-- \/ Yoast SEO plugin. -->","yoast_head_json":{"title":"Pljoska s drvenom oblogom \u2013 promotivni poslovni poklon - 3D printanje, 3D modeliranje i lasersko graviranje","robots":{"index":"index","follow":"follow","max-snippet":"max-snippet:-1","max-image-preview":"max-image-preview:large","max-video-preview":"max-video-preview:-1"},"canonical":"https:\/\/mb-project.hr\/en\/product\/pljoska-s-drvenom-oblogom-promotivni-poslovni-poklon\/","og_locale":"en_GB","og_type":"article","og_title":"Pljoska s drvenom oblogom \u2013 promotivni poslovni poklon - 3D printanje, 3D modeliranje i lasersko graviranje","og_description":"Elegantna pljoska od nehr\u0111aju\u0107eg \u010delika s drvenom oblogom (170 ml) \u2013 idealan promotivni poklon za tvrtke.  Mogu\u0107nost laserskog graviranja logotipa osigurava prepoznatljiv i trajan dojam va\u0161eg brenda.  Zapremnina: 170 ml  Maksimalna dimenzija gravure: 65x75mm  Mogu\u010dnost jednostranog ili dvostranog graviranja.  Minimalna koli\u010dina za narud\u017ebu: 10 komada  &nbsp;  Za koli\u010dine ve\u010de od 25 komada mo\u017eete zatra\u017eiti ponudu sa dodatnim popustom na e-mail: 3dmbproject@gmail.com","og_url":"https:\/\/mb-project.hr\/en\/product\/pljoska-s-drvenom-oblogom-promotivni-poslovni-poklon\/","og_site_name":"3D printanje, 3D modeliranje i lasersko graviranje","article_modified_time":"2026-02-03T17:47:14+00:00","og_image":[{"width":1024,"height":1024,"url":"https:\/\/mb-project.hr\/wp-content\/uploads\/2025\/10\/ChatGPT-Image-26.-lis-2025.-16_03_57.png","type":"image\/png"}],"twitter_card":"summary_large_image","twitter_misc":{"Estimated reading time":"2 minutes"},"schema":{"@context":"https:\/\/schema.org","@graph":[{"@type":"WebPage","@id":"https:\/\/mb-project.hr\/proizvod\/pljoska-s-drvenom-oblogom-promotivni-poslovni-poklon\/","url":"https:\/\/mb-project.hr\/proizvod\/pljoska-s-drvenom-oblogom-promotivni-poslovni-poklon\/","name":"Pljoska s drvenom oblogom \u2013 promotivni poslovni poklon - 3D printanje, 3D modeliranje i lasersko graviranje","isPartOf":{"@id":"https:\/\/mb-project.hr\/#website"},"primaryImageOfPage":{"@id":"https:\/\/mb-project.hr\/proizvod\/pljoska-s-drvenom-oblogom-promotivni-poslovni-poklon\/#primaryimage"},"image":{"@id":"https:\/\/mb-project.hr\/proizvod\/pljoska-s-drvenom-oblogom-promotivni-poslovni-poklon\/#primaryimage"},"thumbnailUrl":"https:\/\/mb-project.hr\/wp-content\/uploads\/2025\/10\/ChatGPT-Image-26.-lis-2025.-16_03_57.png","datePublished":"2025-10-25T16:17:32+00:00","dateModified":"2026-02-03T17:47:14+00:00","breadcrumb":{"@id":"https:\/\/mb-project.hr\/proizvod\/pljoska-s-drvenom-oblogom-promotivni-poslovni-poklon\/#breadcrumb"},"inLanguage":"en-GB","potentialAction":[{"@type":"ReadAction","target":["https:\/\/mb-project.hr\/proizvod\/pljoska-s-drvenom-oblogom-promotivni-poslovni-poklon\/"]}]},{"@type":"ImageObject","inLanguage":"en-GB","@id":"https:\/\/mb-project.hr\/proizvod\/pljoska-s-drvenom-oblogom-promotivni-poslovni-poklon\/#primaryimage","url":"https:\/\/mb-project.hr\/wp-content\/uploads\/2025\/10\/ChatGPT-Image-26.-lis-2025.-16_03_57.png","contentUrl":"https:\/\/mb-project.hr\/wp-content\/uploads\/2025\/10\/ChatGPT-Image-26.-lis-2025.-16_03_57.png","width":1024,"height":1024},{"@type":"BreadcrumbList","@id":"https:\/\/mb-project.hr\/proizvod\/pljoska-s-drvenom-oblogom-promotivni-poslovni-poklon\/#breadcrumb","itemListElement":[{"@type":"ListItem","position":1,"name":"Po\u010detna stranica","item":"https:\/\/mb-project.hr\/"},{"@type":"ListItem","position":2,"name":"WEB SHOP","item":"https:\/\/mb-project.hr\/web-shop\/"},{"@type":"ListItem","position":3,"name":"Pljoska s drvenom oblogom \u2013 promotivni poslovni poklon"}]},{"@type":"WebSite","@id":"https:\/\/mb-project.hr\/#website","url":"https:\/\/mb-project.hr\/","name":"3D printanje, 3D modeliranje i lasersko graviranje","description":"","publisher":{"@id":"https:\/\/mb-project.hr\/#organization"},"potentialAction":[{"@type":"SearchAction","target":{"@type":"EntryPoint","urlTemplate":"https:\/\/mb-project.hr\/?s={search_term_string}"},"query-input":{"@type":"PropertyValueSpecification","valueRequired":true,"valueName":"search_term_string"}}],"inLanguage":"en-GB"},{"@type":"Organization","@id":"https:\/\/mb-project.hr\/#organization","name":"3D printanje, 3D modeliranje i lasersko graviranje","url":"https:\/\/mb-project.hr\/","logo":{"@type":"ImageObject","inLanguage":"en-GB","@id":"https:\/\/mb-project.hr\/#\/schema\/logo\/image\/","url":"https:\/\/mb-project.hr\/wp-content\/uploads\/2023\/02\/logo.png","contentUrl":"https:\/\/mb-project.hr\/wp-content\/uploads\/2023\/02\/logo.png","width":1024,"height":650,"caption":"3D printanje, 3D modeliranje i lasersko graviranje"},"image":{"@id":"https:\/\/mb-project.hr\/#\/schema\/logo\/image\/"}}]}},"jetpack_sharing_enabled":true,"_links":{"self":[{"href":"https:\/\/mb-project.hr\/en\/wp-json\/wp\/v2\/product\/1559","targetHints":{"allow":["GET"]}}],"collection":[{"href":"https:\/\/mb-project.hr\/en\/wp-json\/wp\/v2\/product"}],"about":[{"href":"https:\/\/mb-project.hr\/en\/wp-json\/wp\/v2\/types\/product"}],"wp:featuredmedia":[{"embeddable":true,"href":"https:\/\/mb-project.hr\/en\/wp-json\/wp\/v2\/media\/1588"}],"wp:attachment":[{"href":"https:\/\/mb-project.hr\/en\/wp-json\/wp\/v2\/media?parent=1559"}],"wp:term":[{"taxonomy":"product_brand","embeddable":true,"href":"https:\/\/mb-project.hr\/en\/wp-json\/wp\/v2\/product_brand?post=1559"},{"taxonomy":"product_cat","embeddable":true,"href":"https:\/\/mb-project.hr\/en\/wp-json\/wp\/v2\/product_cat?post=1559"},{"taxonomy":"product_tag","embeddable":true,"href":"https:\/\/mb-project.hr\/en\/wp-json\/wp\/v2\/product_tag?post=1559"}],"curies":[{"name":"wp","href":"https:\/\/api.w.org\/{rel}","templated":true}]}}