{"id":1541,"date":"2025-10-24T20:19:03","date_gmt":"2025-10-24T18:19:03","guid":{"rendered":"https:\/\/mb-project.hr\/?post_type=product&#038;p=1541"},"modified":"2026-02-03T18:47:49","modified_gmt":"2026-02-03T17:47:49","slug":"metalni-upaljaci-s-gravurom-logotipa-idealan-poslovni-poklon","status":"publish","type":"product","link":"https:\/\/mb-project.hr\/en\/product\/metalni-upaljaci-s-gravurom-logotipa-idealan-poslovni-poklon\/","title":{"rendered":"Metal lighters with logo engraving - ideal business gift"},"content":{"rendered":"<p data-start=\"390\" data-end=\"702\">Highlight your brand with <strong data-start=\"413\" data-end=\"470\">Stylish metal lighters engraved to order<\/strong>.<br data-start=\"471\" data-end=\"474\" \/>They are as perfect as <strong data-start=\"490\" data-end=\"510\">Business gifts<\/strong>, <strong data-start=\"512\" data-end=\"534\">promotional items<\/strong> or <strong data-start=\"539\" data-end=\"576\">gifts for partners and employees<\/strong>. A precise laser engraving allows you to add a logo, company name or message of your choice \u2013 for a professional and lasting impression.<\/p>\n<p data-start=\"704\" data-end=\"725\">\u25cb <strong data-start=\"706\" data-end=\"725\">Characteristics:<\/strong><\/p>\n<ul data-start=\"726\" data-end=\"1086\">\n<li data-start=\"726\" data-end=\"819\">\n<p data-start=\"728\" data-end=\"819\">Quality <strong data-start=\"739\" data-end=\"758\">metal lighter<\/strong> with possibility <strong data-start=\"772\" data-end=\"817\">Laser engraving of logos or inscriptions<\/strong><\/p>\n<\/li>\n<li data-start=\"820\" data-end=\"896\">\n<p data-start=\"822\" data-end=\"896\">Long-lasting, <strong data-start=\"834\" data-end=\"870\">rechargeable gasoline lighter<\/strong> (sold without fuel)<\/p>\n<\/li>\n<li data-start=\"897\" data-end=\"957\">\n<p data-start=\"899\" data-end=\"957\">Elegant metal surface - ideal for brand highlighting<\/p>\n<\/li>\n<li data-start=\"958\" data-end=\"1029\">\n<p data-start=\"960\" data-end=\"1029\">Possibility <strong data-start=\"970\" data-end=\"1004\">personalization of each unit<\/strong> according to the client's wishes<\/p>\n<\/li>\n<li data-start=\"1030\" data-end=\"1086\">\n<p data-start=\"1032\" data-end=\"1086\">Higher volumes available for businesses, events and promotions<\/p>\n<\/li>\n<\/ul>\n<p data-start=\"1088\" data-end=\"1112\">\u2047 <strong data-start=\"1091\" data-end=\"1112\">The perfect choice for:<\/strong><\/p>\n<ul data-start=\"1113\" data-end=\"1246\">\n<li data-start=\"1113\" data-end=\"1156\">\n<p data-start=\"1115\" data-end=\"1156\">Business gifts and gifts for associates<\/p>\n<\/li>\n<li data-start=\"1157\" data-end=\"1192\">\n<p data-start=\"1159\" data-end=\"1192\">Promotional campaigns and events<\/p>\n<\/li>\n<li data-start=\"1193\" data-end=\"1246\">\n<p data-start=\"1195\" data-end=\"1246\">Equipping points of sale and marketing actions<\/p>\n<\/li>\n<\/ul>\n<p data-start=\"1248\" data-end=\"1413\">\u2047 <strong data-start=\"1251\" data-end=\"1264\">N.B.:<\/strong><br data-start=\"1264\" data-end=\"1267\" \/>Lighters are delivered <strong data-start=\"1290\" data-end=\"1314\">Blank (no gasoline)<\/strong> for safe transport. Before use, they should be filled with standard gasoline for lighters.<\/p>\n<p data-start=\"1285\" data-end=\"1483\">Possibility of engraving one-sided or two-sided<\/p>\n<p data-start=\"1285\" data-end=\"1483\">\u2047  Send by post or pick up in person.<\/p>","protected":false},"excerpt":{"rendered":"<p>Highlight your brand with personalized metal lighters. Gravura logo as desired \u2013 an ideal gift for customers and business partners.<\/p>\n<p>Colour of lighter: black<\/p>\n<p>Maximum engraving dimension: 50x30mm<\/p>\n<p>Possibility of one-sided or two-sided engraving.<\/p>\n<p>Minimum order quantity: 20 pieces<\/p>\n<p>&nbsp;<\/p>\n<p>For quantities greater than 50 pieces, you can request an offer with an additional discount on e-mail: <strong>3dmbproject@gmail.com<\/strong><\/p>","protected":false},"featured_media":1605,"template":"","meta":[],"product_brand":[],"product_cat":[59,44],"product_tag":[],"class_list":{"0":"post-1541","1":"product","2":"type-product","3":"status-publish","4":"has-post-thumbnail","6":"product_cat-graviranje","7":"product_cat-promocijski-materijali","9":"first","10":"onbackorder","11":"shipping-taxable","12":"purchasable","13":"product-type-variable"},"group_of_quantity":0,"min_quantity":20,"max_quantity":"","exclude_order_quantity_value_rules":"no","exclude_category_quantity_rules":"no","combine_variations":"no","exclude_global_add_ons":[],"addons":[],"yoast_head":"<!-- This site is optimized with the Yoast SEO plugin v26.0 - https:\/\/yoast.com\/wordpress\/plugins\/seo\/ -->\n<title>Metalni upalja\u010di s gravurom logotipa \u2013 idealan poslovni poklon - 3D printanje, 3D modeliranje i lasersko graviranje<\/title>\n<meta name=\"robots\" content=\"index, follow, max-snippet:-1, max-image-preview:large, max-video-preview:-1\" \/>\n<link rel=\"canonical\" href=\"https:\/\/mb-project.hr\/en\/product\/metalni-upaljaci-s-gravurom-logotipa-idealan-poslovni-poklon\/\" \/>\n<meta property=\"og:locale\" content=\"en_GB\" \/>\n<meta property=\"og:type\" content=\"article\" \/>\n<meta property=\"og:title\" content=\"Metalni upalja\u010di s gravurom logotipa \u2013 idealan poslovni poklon - 3D printanje, 3D modeliranje i lasersko graviranje\" \/>\n<meta property=\"og:description\" content=\"Istaknite svoj brend s personaliziranim metalnim upalja\u010dima. Gravura logotipa po \u017eelji \u2013 idealan poklon za klijente i poslovne partnere.  Boja upalja\u010da: crna  Maksimalna dimenzija gravure: 50x30mm  Mogu\u010dnost jednostranog ili dvostranog graviranja.  Minimalna koli\u010dina za narud\u017ebu: 20 komada  &nbsp;  Za koli\u010dine ve\u010de od 50 komada mo\u017eete zatra\u017eiti ponudu sa dodatnim popustom na e-mail: 3dmbproject@gmail.com\" \/>\n<meta property=\"og:url\" content=\"https:\/\/mb-project.hr\/en\/product\/metalni-upaljaci-s-gravurom-logotipa-idealan-poslovni-poklon\/\" \/>\n<meta property=\"og:site_name\" content=\"3D printanje, 3D modeliranje i lasersko graviranje\" \/>\n<meta property=\"article:modified_time\" content=\"2026-02-03T17:47:49+00:00\" \/>\n<meta property=\"og:image\" content=\"https:\/\/mb-project.hr\/wp-content\/uploads\/2025\/10\/ChatGPT-Image-26.-lis-2025.-19_27_32-1024x683.png\" \/>\n\t<meta property=\"og:image:width\" content=\"1024\" \/>\n\t<meta property=\"og:image:height\" content=\"683\" \/>\n\t<meta property=\"og:image:type\" content=\"image\/png\" \/>\n<meta name=\"twitter:card\" content=\"summary_large_image\" \/>\n<meta name=\"twitter:label1\" content=\"Estimated reading time\" \/>\n\t<meta name=\"twitter:data1\" content=\"1 minute\" \/>\n<script type=\"application\/ld+json\" class=\"yoast-schema-graph\">{\"@context\":\"https:\/\/schema.org\",\"@graph\":[{\"@type\":\"WebPage\",\"@id\":\"https:\/\/mb-project.hr\/proizvod\/metalni-upaljaci-s-gravurom-logotipa-idealan-poslovni-poklon\/\",\"url\":\"https:\/\/mb-project.hr\/proizvod\/metalni-upaljaci-s-gravurom-logotipa-idealan-poslovni-poklon\/\",\"name\":\"Metalni upalja\u010di s gravurom logotipa \u2013 idealan poslovni poklon - 3D printanje, 3D modeliranje i lasersko graviranje\",\"isPartOf\":{\"@id\":\"https:\/\/mb-project.hr\/#website\"},\"primaryImageOfPage\":{\"@id\":\"https:\/\/mb-project.hr\/proizvod\/metalni-upaljaci-s-gravurom-logotipa-idealan-poslovni-poklon\/#primaryimage\"},\"image\":{\"@id\":\"https:\/\/mb-project.hr\/proizvod\/metalni-upaljaci-s-gravurom-logotipa-idealan-poslovni-poklon\/#primaryimage\"},\"thumbnailUrl\":\"https:\/\/mb-project.hr\/wp-content\/uploads\/2025\/10\/ChatGPT-Image-26.-lis-2025.-19_27_32.png\",\"datePublished\":\"2025-10-24T18:19:03+00:00\",\"dateModified\":\"2026-02-03T17:47:49+00:00\",\"breadcrumb\":{\"@id\":\"https:\/\/mb-project.hr\/proizvod\/metalni-upaljaci-s-gravurom-logotipa-idealan-poslovni-poklon\/#breadcrumb\"},\"inLanguage\":\"en-GB\",\"potentialAction\":[{\"@type\":\"ReadAction\",\"target\":[\"https:\/\/mb-project.hr\/proizvod\/metalni-upaljaci-s-gravurom-logotipa-idealan-poslovni-poklon\/\"]}]},{\"@type\":\"ImageObject\",\"inLanguage\":\"en-GB\",\"@id\":\"https:\/\/mb-project.hr\/proizvod\/metalni-upaljaci-s-gravurom-logotipa-idealan-poslovni-poklon\/#primaryimage\",\"url\":\"https:\/\/mb-project.hr\/wp-content\/uploads\/2025\/10\/ChatGPT-Image-26.-lis-2025.-19_27_32.png\",\"contentUrl\":\"https:\/\/mb-project.hr\/wp-content\/uploads\/2025\/10\/ChatGPT-Image-26.-lis-2025.-19_27_32.png\",\"width\":1536,\"height\":1024},{\"@type\":\"BreadcrumbList\",\"@id\":\"https:\/\/mb-project.hr\/proizvod\/metalni-upaljaci-s-gravurom-logotipa-idealan-poslovni-poklon\/#breadcrumb\",\"itemListElement\":[{\"@type\":\"ListItem\",\"position\":1,\"name\":\"Po\u010detna stranica\",\"item\":\"https:\/\/mb-project.hr\/\"},{\"@type\":\"ListItem\",\"position\":2,\"name\":\"WEB SHOP\",\"item\":\"https:\/\/mb-project.hr\/web-shop\/\"},{\"@type\":\"ListItem\",\"position\":3,\"name\":\"Metalni upalja\u010di s gravurom logotipa \u2013 idealan poslovni poklon\"}]},{\"@type\":\"WebSite\",\"@id\":\"https:\/\/mb-project.hr\/#website\",\"url\":\"https:\/\/mb-project.hr\/\",\"name\":\"3D printanje, 3D modeliranje i lasersko graviranje\",\"description\":\"\",\"publisher\":{\"@id\":\"https:\/\/mb-project.hr\/#organization\"},\"potentialAction\":[{\"@type\":\"SearchAction\",\"target\":{\"@type\":\"EntryPoint\",\"urlTemplate\":\"https:\/\/mb-project.hr\/?s={search_term_string}\"},\"query-input\":{\"@type\":\"PropertyValueSpecification\",\"valueRequired\":true,\"valueName\":\"search_term_string\"}}],\"inLanguage\":\"en-GB\"},{\"@type\":\"Organization\",\"@id\":\"https:\/\/mb-project.hr\/#organization\",\"name\":\"3D printanje, 3D modeliranje i lasersko graviranje\",\"url\":\"https:\/\/mb-project.hr\/\",\"logo\":{\"@type\":\"ImageObject\",\"inLanguage\":\"en-GB\",\"@id\":\"https:\/\/mb-project.hr\/#\/schema\/logo\/image\/\",\"url\":\"https:\/\/mb-project.hr\/wp-content\/uploads\/2023\/02\/logo.png\",\"contentUrl\":\"https:\/\/mb-project.hr\/wp-content\/uploads\/2023\/02\/logo.png\",\"width\":1024,\"height\":650,\"caption\":\"3D printanje, 3D modeliranje i lasersko graviranje\"},\"image\":{\"@id\":\"https:\/\/mb-project.hr\/#\/schema\/logo\/image\/\"}}]}<\/script>\n<!-- \/ Yoast SEO plugin. -->","yoast_head_json":{"title":"Metalni upalja\u010di s gravurom logotipa \u2013 idealan poslovni poklon - 3D printanje, 3D modeliranje i lasersko graviranje","robots":{"index":"index","follow":"follow","max-snippet":"max-snippet:-1","max-image-preview":"max-image-preview:large","max-video-preview":"max-video-preview:-1"},"canonical":"https:\/\/mb-project.hr\/en\/product\/metalni-upaljaci-s-gravurom-logotipa-idealan-poslovni-poklon\/","og_locale":"en_GB","og_type":"article","og_title":"Metalni upalja\u010di s gravurom logotipa \u2013 idealan poslovni poklon - 3D printanje, 3D modeliranje i lasersko graviranje","og_description":"Istaknite svoj brend s personaliziranim metalnim upalja\u010dima. Gravura logotipa po \u017eelji \u2013 idealan poklon za klijente i poslovne partnere.  Boja upalja\u010da: crna  Maksimalna dimenzija gravure: 50x30mm  Mogu\u010dnost jednostranog ili dvostranog graviranja.  Minimalna koli\u010dina za narud\u017ebu: 20 komada  &nbsp;  Za koli\u010dine ve\u010de od 50 komada mo\u017eete zatra\u017eiti ponudu sa dodatnim popustom na e-mail: 3dmbproject@gmail.com","og_url":"https:\/\/mb-project.hr\/en\/product\/metalni-upaljaci-s-gravurom-logotipa-idealan-poslovni-poklon\/","og_site_name":"3D printanje, 3D modeliranje i lasersko graviranje","article_modified_time":"2026-02-03T17:47:49+00:00","og_image":[{"width":1024,"height":683,"url":"https:\/\/mb-project.hr\/wp-content\/uploads\/2025\/10\/ChatGPT-Image-26.-lis-2025.-19_27_32-1024x683.png","type":"image\/png"}],"twitter_card":"summary_large_image","twitter_misc":{"Estimated reading time":"1 minute"},"schema":{"@context":"https:\/\/schema.org","@graph":[{"@type":"WebPage","@id":"https:\/\/mb-project.hr\/proizvod\/metalni-upaljaci-s-gravurom-logotipa-idealan-poslovni-poklon\/","url":"https:\/\/mb-project.hr\/proizvod\/metalni-upaljaci-s-gravurom-logotipa-idealan-poslovni-poklon\/","name":"Metalni upalja\u010di s gravurom logotipa \u2013 idealan poslovni poklon - 3D printanje, 3D modeliranje i lasersko graviranje","isPartOf":{"@id":"https:\/\/mb-project.hr\/#website"},"primaryImageOfPage":{"@id":"https:\/\/mb-project.hr\/proizvod\/metalni-upaljaci-s-gravurom-logotipa-idealan-poslovni-poklon\/#primaryimage"},"image":{"@id":"https:\/\/mb-project.hr\/proizvod\/metalni-upaljaci-s-gravurom-logotipa-idealan-poslovni-poklon\/#primaryimage"},"thumbnailUrl":"https:\/\/mb-project.hr\/wp-content\/uploads\/2025\/10\/ChatGPT-Image-26.-lis-2025.-19_27_32.png","datePublished":"2025-10-24T18:19:03+00:00","dateModified":"2026-02-03T17:47:49+00:00","breadcrumb":{"@id":"https:\/\/mb-project.hr\/proizvod\/metalni-upaljaci-s-gravurom-logotipa-idealan-poslovni-poklon\/#breadcrumb"},"inLanguage":"en-GB","potentialAction":[{"@type":"ReadAction","target":["https:\/\/mb-project.hr\/proizvod\/metalni-upaljaci-s-gravurom-logotipa-idealan-poslovni-poklon\/"]}]},{"@type":"ImageObject","inLanguage":"en-GB","@id":"https:\/\/mb-project.hr\/proizvod\/metalni-upaljaci-s-gravurom-logotipa-idealan-poslovni-poklon\/#primaryimage","url":"https:\/\/mb-project.hr\/wp-content\/uploads\/2025\/10\/ChatGPT-Image-26.-lis-2025.-19_27_32.png","contentUrl":"https:\/\/mb-project.hr\/wp-content\/uploads\/2025\/10\/ChatGPT-Image-26.-lis-2025.-19_27_32.png","width":1536,"height":1024},{"@type":"BreadcrumbList","@id":"https:\/\/mb-project.hr\/proizvod\/metalni-upaljaci-s-gravurom-logotipa-idealan-poslovni-poklon\/#breadcrumb","itemListElement":[{"@type":"ListItem","position":1,"name":"Po\u010detna stranica","item":"https:\/\/mb-project.hr\/"},{"@type":"ListItem","position":2,"name":"WEB SHOP","item":"https:\/\/mb-project.hr\/web-shop\/"},{"@type":"ListItem","position":3,"name":"Metalni upalja\u010di s gravurom logotipa \u2013 idealan poslovni poklon"}]},{"@type":"WebSite","@id":"https:\/\/mb-project.hr\/#website","url":"https:\/\/mb-project.hr\/","name":"3D printanje, 3D modeliranje i lasersko graviranje","description":"","publisher":{"@id":"https:\/\/mb-project.hr\/#organization"},"potentialAction":[{"@type":"SearchAction","target":{"@type":"EntryPoint","urlTemplate":"https:\/\/mb-project.hr\/?s={search_term_string}"},"query-input":{"@type":"PropertyValueSpecification","valueRequired":true,"valueName":"search_term_string"}}],"inLanguage":"en-GB"},{"@type":"Organization","@id":"https:\/\/mb-project.hr\/#organization","name":"3D printanje, 3D modeliranje i lasersko graviranje","url":"https:\/\/mb-project.hr\/","logo":{"@type":"ImageObject","inLanguage":"en-GB","@id":"https:\/\/mb-project.hr\/#\/schema\/logo\/image\/","url":"https:\/\/mb-project.hr\/wp-content\/uploads\/2023\/02\/logo.png","contentUrl":"https:\/\/mb-project.hr\/wp-content\/uploads\/2023\/02\/logo.png","width":1024,"height":650,"caption":"3D printanje, 3D modeliranje i lasersko graviranje"},"image":{"@id":"https:\/\/mb-project.hr\/#\/schema\/logo\/image\/"}}]}},"jetpack_sharing_enabled":true,"_links":{"self":[{"href":"https:\/\/mb-project.hr\/en\/wp-json\/wp\/v2\/product\/1541","targetHints":{"allow":["GET"]}}],"collection":[{"href":"https:\/\/mb-project.hr\/en\/wp-json\/wp\/v2\/product"}],"about":[{"href":"https:\/\/mb-project.hr\/en\/wp-json\/wp\/v2\/types\/product"}],"wp:featuredmedia":[{"embeddable":true,"href":"https:\/\/mb-project.hr\/en\/wp-json\/wp\/v2\/media\/1605"}],"wp:attachment":[{"href":"https:\/\/mb-project.hr\/en\/wp-json\/wp\/v2\/media?parent=1541"}],"wp:term":[{"taxonomy":"product_brand","embeddable":true,"href":"https:\/\/mb-project.hr\/en\/wp-json\/wp\/v2\/product_brand?post=1541"},{"taxonomy":"product_cat","embeddable":true,"href":"https:\/\/mb-project.hr\/en\/wp-json\/wp\/v2\/product_cat?post=1541"},{"taxonomy":"product_tag","embeddable":true,"href":"https:\/\/mb-project.hr\/en\/wp-json\/wp\/v2\/product_tag?post=1541"}],"curies":[{"name":"wp","href":"https:\/\/api.w.org\/{rel}","templated":true}]}}