{"id":1471,"date":"2025-10-17T08:25:01","date_gmt":"2025-10-17T06:25:01","guid":{"rendered":"https:\/\/mb-project.hr\/?post_type=product&#038;p=1471"},"modified":"2025-11-01T19:50:55","modified_gmt":"2025-11-01T18:50:55","slug":"kip-andela-sa-srcem-20cm","status":"publish","type":"product","link":"https:\/\/mb-project.hr\/en\/product\/kip-andela-sa-srcem-20cm\/","title":{"rendered":"Statue of the Angel with the Heart ( 20cm)"},"content":{"rendered":"<p data-start=\"206\" data-end=\"467\">Add a spiritual and elegant note to your space with this beautiful angel statue. Made of high-quality concrete and coated with PVC material for additional durability and protection, the statue is hand-painted in white.<\/p>\n<p data-start=\"469\" data-end=\"804\">The height of the statue is 20 cm, making it ideal for display in different spaces \u2013 whether it is in a home, a church, or on graves. The statue is designed to withstand external weather conditions, making it the perfect choice for outdoor spaces such as graves or gardens.<\/p>\n<p data-start=\"806\" data-end=\"819\"><strong data-start=\"806\" data-end=\"819\">Characteristics:<\/strong><\/p>\n<ul data-start=\"820\" data-end=\"1063\">\n<li data-start=\"820\" data-end=\"862\">\n<p data-start=\"822\" data-end=\"862\">Material: Concrete coated with PVC material<\/p>\n<\/li>\n<li data-start=\"863\" data-end=\"877\">\n<p data-start=\"865\" data-end=\"877\">Colour: White<\/p>\n<\/li>\n<li data-start=\"878\" data-end=\"893\">\n<p data-start=\"880\" data-end=\"893\">Height: 20 cm<\/p>\n<\/li>\n<li>Weight: approx. 2 kg<\/li>\n<li data-start=\"894\" data-end=\"938\">\n<p data-start=\"896\" data-end=\"938\">Hand-painted for long-lasting gloss and protection<\/p>\n<\/li>\n<li data-start=\"939\" data-end=\"1021\">\n<p data-start=\"941\" data-end=\"1021\">Resistant to outdoor weather conditions (ideal for graves, gardens, outdoor altars)<\/p>\n<\/li>\n<li data-start=\"1022\" data-end=\"1063\">\n<p data-start=\"1024\" data-end=\"1063\">Perfect for indoor and outdoor spaces<\/p>\n<\/li>\n<\/ul>\n<p data-start=\"412\" data-end=\"726\">The statue can stand independently on the shelf or any flat surface, while on the lower side it has a built-in grip for secure fixation on the substrate, such as the grave. This accessory allows the statue to be stable and not subject to wind. In addition to the statue, there is also a complete fixation accessory, if you choose this option.<\/p>\n<p data-start=\"1065\" data-end=\"1170\"><strong data-start=\"1065\" data-end=\"1080\">Ideal for:<\/strong> Gifts, interior and exterior decorations, religious spaces, graves, spiritual spaces.<\/p>\n<p data-start=\"1065\" data-end=\"1170\">For the price of making in other colors and dimensions as desired, please ask at <strong>3dmbproject@gmail.com <\/strong><\/p>\n<p data-start=\"988\" data-end=\"1030\">\u2047  Send by post or pick up in person.<\/p>","protected":false},"excerpt":{"rendered":"<p>This angel statue is made of liquid concrete, coated with PVC material and hand-painted in white.<\/p>\n<p>It is weather resistant.<\/p>\n<p>With the statue comes a set for the possibility of fixing on the substrate.<\/p>\n<p>This accessory allows the statue to be stable and not subject to wind.<\/p>\n<p>Height: 20 cm<\/p>\n<p>&nbsp;<\/p>\n<p>For the price of making in other colors and dimensions as desired, please ask at <strong>3dmbproject@gmail.com <\/strong><\/p>\n<p>&nbsp;<\/p>\n<p><strong>Deadline for production<\/strong>: 5-10 working days<\/p>","protected":false},"featured_media":1519,"template":"","meta":[],"product_brand":[],"product_cat":[45],"product_tag":[],"class_list":{"0":"post-1471","1":"product","2":"type-product","3":"status-publish","4":"has-post-thumbnail","6":"product_cat-religija","8":"first","9":"onbackorder","10":"sale","11":"shipping-taxable","12":"purchasable","13":"product-type-variable"},"group_of_quantity":0,"min_quantity":0,"max_quantity":"","exclude_order_quantity_value_rules":"no","exclude_category_quantity_rules":"no","combine_variations":"no","exclude_global_add_ons":[],"addons":[],"yoast_head":"<!-- This site is optimized with the Yoast SEO plugin v26.0 - https:\/\/yoast.com\/wordpress\/plugins\/seo\/ -->\n<title>Kip An\u0111ela sa srcem ( 20cm ) - 3D printanje, 3D modeliranje i lasersko graviranje<\/title>\n<meta name=\"robots\" content=\"index, follow, max-snippet:-1, max-image-preview:large, max-video-preview:-1\" \/>\n<link rel=\"canonical\" href=\"https:\/\/mb-project.hr\/en\/product\/kip-andela-sa-srcem-20cm\/\" \/>\n<meta property=\"og:locale\" content=\"en_GB\" \/>\n<meta property=\"og:type\" content=\"article\" \/>\n<meta property=\"og:title\" content=\"Kip An\u0111ela sa srcem ( 20cm ) - 3D printanje, 3D modeliranje i lasersko graviranje\" \/>\n<meta property=\"og:description\" content=\"Ovaj kip an\u0111ela izra\u0111en je od teku\u0107eg betona, presvu\u010den PVC materijalom i ru\u010dno lakiran u bijelu boju.  Otporan je na vremenske uvjete.  Uz kip dolazi set za mogu\u010dnost fiksiranja na podlogu.  Ovaj dodatak omogu\u0107ava da kip bude stabilan i ne bude podlo\u017ean vjetru.  Visina: 20 cm  &nbsp;  Za cijenu izrade u ostalim bojama i dimenzijama po \u017eelji, molim upitati na 3dmbproject@gmail.com   &nbsp;  Rok izrade: 5-10 radnih dana\" \/>\n<meta property=\"og:url\" content=\"https:\/\/mb-project.hr\/en\/product\/kip-andela-sa-srcem-20cm\/\" \/>\n<meta property=\"og:site_name\" content=\"3D printanje, 3D modeliranje i lasersko graviranje\" \/>\n<meta property=\"article:modified_time\" content=\"2025-11-01T18:50:55+00:00\" \/>\n<meta property=\"og:image\" content=\"https:\/\/mb-project.hr\/wp-content\/uploads\/2025\/10\/ChatGPT-Image-21.-lis-2025.-07_52_49.png\" \/>\n\t<meta property=\"og:image:width\" content=\"1024\" \/>\n\t<meta property=\"og:image:height\" content=\"1536\" \/>\n\t<meta property=\"og:image:type\" content=\"image\/png\" \/>\n<meta name=\"twitter:card\" content=\"summary_large_image\" \/>\n<meta name=\"twitter:label1\" content=\"Estimated reading time\" \/>\n\t<meta name=\"twitter:data1\" content=\"2 minutes\" \/>\n<script type=\"application\/ld+json\" class=\"yoast-schema-graph\">{\"@context\":\"https:\/\/schema.org\",\"@graph\":[{\"@type\":\"WebPage\",\"@id\":\"https:\/\/mb-project.hr\/proizvod\/kip-andela-sa-srcem-20cm\/\",\"url\":\"https:\/\/mb-project.hr\/proizvod\/kip-andela-sa-srcem-20cm\/\",\"name\":\"Kip An\u0111ela sa srcem ( 20cm ) - 3D printanje, 3D modeliranje i lasersko graviranje\",\"isPartOf\":{\"@id\":\"https:\/\/mb-project.hr\/#website\"},\"primaryImageOfPage\":{\"@id\":\"https:\/\/mb-project.hr\/proizvod\/kip-andela-sa-srcem-20cm\/#primaryimage\"},\"image\":{\"@id\":\"https:\/\/mb-project.hr\/proizvod\/kip-andela-sa-srcem-20cm\/#primaryimage\"},\"thumbnailUrl\":\"https:\/\/mb-project.hr\/wp-content\/uploads\/2025\/10\/ChatGPT-Image-21.-lis-2025.-07_52_49.png\",\"datePublished\":\"2025-10-17T06:25:01+00:00\",\"dateModified\":\"2025-11-01T18:50:55+00:00\",\"breadcrumb\":{\"@id\":\"https:\/\/mb-project.hr\/proizvod\/kip-andela-sa-srcem-20cm\/#breadcrumb\"},\"inLanguage\":\"en-GB\",\"potentialAction\":[{\"@type\":\"ReadAction\",\"target\":[\"https:\/\/mb-project.hr\/proizvod\/kip-andela-sa-srcem-20cm\/\"]}]},{\"@type\":\"ImageObject\",\"inLanguage\":\"en-GB\",\"@id\":\"https:\/\/mb-project.hr\/proizvod\/kip-andela-sa-srcem-20cm\/#primaryimage\",\"url\":\"https:\/\/mb-project.hr\/wp-content\/uploads\/2025\/10\/ChatGPT-Image-21.-lis-2025.-07_52_49.png\",\"contentUrl\":\"https:\/\/mb-project.hr\/wp-content\/uploads\/2025\/10\/ChatGPT-Image-21.-lis-2025.-07_52_49.png\",\"width\":1024,\"height\":1536},{\"@type\":\"BreadcrumbList\",\"@id\":\"https:\/\/mb-project.hr\/proizvod\/kip-andela-sa-srcem-20cm\/#breadcrumb\",\"itemListElement\":[{\"@type\":\"ListItem\",\"position\":1,\"name\":\"Po\u010detna stranica\",\"item\":\"https:\/\/mb-project.hr\/\"},{\"@type\":\"ListItem\",\"position\":2,\"name\":\"WEB SHOP\",\"item\":\"https:\/\/mb-project.hr\/web-shop\/\"},{\"@type\":\"ListItem\",\"position\":3,\"name\":\"Kip An\u0111ela sa srcem ( 20cm )\"}]},{\"@type\":\"WebSite\",\"@id\":\"https:\/\/mb-project.hr\/#website\",\"url\":\"https:\/\/mb-project.hr\/\",\"name\":\"3D printanje, 3D modeliranje i lasersko graviranje\",\"description\":\"\",\"publisher\":{\"@id\":\"https:\/\/mb-project.hr\/#organization\"},\"potentialAction\":[{\"@type\":\"SearchAction\",\"target\":{\"@type\":\"EntryPoint\",\"urlTemplate\":\"https:\/\/mb-project.hr\/?s={search_term_string}\"},\"query-input\":{\"@type\":\"PropertyValueSpecification\",\"valueRequired\":true,\"valueName\":\"search_term_string\"}}],\"inLanguage\":\"en-GB\"},{\"@type\":\"Organization\",\"@id\":\"https:\/\/mb-project.hr\/#organization\",\"name\":\"3D printanje, 3D modeliranje i lasersko graviranje\",\"url\":\"https:\/\/mb-project.hr\/\",\"logo\":{\"@type\":\"ImageObject\",\"inLanguage\":\"en-GB\",\"@id\":\"https:\/\/mb-project.hr\/#\/schema\/logo\/image\/\",\"url\":\"https:\/\/mb-project.hr\/wp-content\/uploads\/2023\/02\/logo.png\",\"contentUrl\":\"https:\/\/mb-project.hr\/wp-content\/uploads\/2023\/02\/logo.png\",\"width\":1024,\"height\":650,\"caption\":\"3D printanje, 3D modeliranje i lasersko graviranje\"},\"image\":{\"@id\":\"https:\/\/mb-project.hr\/#\/schema\/logo\/image\/\"}}]}<\/script>\n<!-- \/ Yoast SEO plugin. -->","yoast_head_json":{"title":"Kip An\u0111ela sa srcem ( 20cm ) - 3D printanje, 3D modeliranje i lasersko graviranje","robots":{"index":"index","follow":"follow","max-snippet":"max-snippet:-1","max-image-preview":"max-image-preview:large","max-video-preview":"max-video-preview:-1"},"canonical":"https:\/\/mb-project.hr\/en\/product\/kip-andela-sa-srcem-20cm\/","og_locale":"en_GB","og_type":"article","og_title":"Kip An\u0111ela sa srcem ( 20cm ) - 3D printanje, 3D modeliranje i lasersko graviranje","og_description":"Ovaj kip an\u0111ela izra\u0111en je od teku\u0107eg betona, presvu\u010den PVC materijalom i ru\u010dno lakiran u bijelu boju.  Otporan je na vremenske uvjete.  Uz kip dolazi set za mogu\u010dnost fiksiranja na podlogu.  Ovaj dodatak omogu\u0107ava da kip bude stabilan i ne bude podlo\u017ean vjetru.  Visina: 20 cm  &nbsp;  Za cijenu izrade u ostalim bojama i dimenzijama po \u017eelji, molim upitati na 3dmbproject@gmail.com   &nbsp;  Rok izrade: 5-10 radnih dana","og_url":"https:\/\/mb-project.hr\/en\/product\/kip-andela-sa-srcem-20cm\/","og_site_name":"3D printanje, 3D modeliranje i lasersko graviranje","article_modified_time":"2025-11-01T18:50:55+00:00","og_image":[{"width":1024,"height":1536,"url":"https:\/\/mb-project.hr\/wp-content\/uploads\/2025\/10\/ChatGPT-Image-21.-lis-2025.-07_52_49.png","type":"image\/png"}],"twitter_card":"summary_large_image","twitter_misc":{"Estimated reading time":"2 minutes"},"schema":{"@context":"https:\/\/schema.org","@graph":[{"@type":"WebPage","@id":"https:\/\/mb-project.hr\/proizvod\/kip-andela-sa-srcem-20cm\/","url":"https:\/\/mb-project.hr\/proizvod\/kip-andela-sa-srcem-20cm\/","name":"Kip An\u0111ela sa srcem ( 20cm ) - 3D printanje, 3D modeliranje i lasersko graviranje","isPartOf":{"@id":"https:\/\/mb-project.hr\/#website"},"primaryImageOfPage":{"@id":"https:\/\/mb-project.hr\/proizvod\/kip-andela-sa-srcem-20cm\/#primaryimage"},"image":{"@id":"https:\/\/mb-project.hr\/proizvod\/kip-andela-sa-srcem-20cm\/#primaryimage"},"thumbnailUrl":"https:\/\/mb-project.hr\/wp-content\/uploads\/2025\/10\/ChatGPT-Image-21.-lis-2025.-07_52_49.png","datePublished":"2025-10-17T06:25:01+00:00","dateModified":"2025-11-01T18:50:55+00:00","breadcrumb":{"@id":"https:\/\/mb-project.hr\/proizvod\/kip-andela-sa-srcem-20cm\/#breadcrumb"},"inLanguage":"en-GB","potentialAction":[{"@type":"ReadAction","target":["https:\/\/mb-project.hr\/proizvod\/kip-andela-sa-srcem-20cm\/"]}]},{"@type":"ImageObject","inLanguage":"en-GB","@id":"https:\/\/mb-project.hr\/proizvod\/kip-andela-sa-srcem-20cm\/#primaryimage","url":"https:\/\/mb-project.hr\/wp-content\/uploads\/2025\/10\/ChatGPT-Image-21.-lis-2025.-07_52_49.png","contentUrl":"https:\/\/mb-project.hr\/wp-content\/uploads\/2025\/10\/ChatGPT-Image-21.-lis-2025.-07_52_49.png","width":1024,"height":1536},{"@type":"BreadcrumbList","@id":"https:\/\/mb-project.hr\/proizvod\/kip-andela-sa-srcem-20cm\/#breadcrumb","itemListElement":[{"@type":"ListItem","position":1,"name":"Po\u010detna stranica","item":"https:\/\/mb-project.hr\/"},{"@type":"ListItem","position":2,"name":"WEB SHOP","item":"https:\/\/mb-project.hr\/web-shop\/"},{"@type":"ListItem","position":3,"name":"Kip An\u0111ela sa srcem ( 20cm )"}]},{"@type":"WebSite","@id":"https:\/\/mb-project.hr\/#website","url":"https:\/\/mb-project.hr\/","name":"3D printanje, 3D modeliranje i lasersko graviranje","description":"","publisher":{"@id":"https:\/\/mb-project.hr\/#organization"},"potentialAction":[{"@type":"SearchAction","target":{"@type":"EntryPoint","urlTemplate":"https:\/\/mb-project.hr\/?s={search_term_string}"},"query-input":{"@type":"PropertyValueSpecification","valueRequired":true,"valueName":"search_term_string"}}],"inLanguage":"en-GB"},{"@type":"Organization","@id":"https:\/\/mb-project.hr\/#organization","name":"3D printanje, 3D modeliranje i lasersko graviranje","url":"https:\/\/mb-project.hr\/","logo":{"@type":"ImageObject","inLanguage":"en-GB","@id":"https:\/\/mb-project.hr\/#\/schema\/logo\/image\/","url":"https:\/\/mb-project.hr\/wp-content\/uploads\/2023\/02\/logo.png","contentUrl":"https:\/\/mb-project.hr\/wp-content\/uploads\/2023\/02\/logo.png","width":1024,"height":650,"caption":"3D printanje, 3D modeliranje i lasersko graviranje"},"image":{"@id":"https:\/\/mb-project.hr\/#\/schema\/logo\/image\/"}}]}},"jetpack_sharing_enabled":true,"_links":{"self":[{"href":"https:\/\/mb-project.hr\/en\/wp-json\/wp\/v2\/product\/1471","targetHints":{"allow":["GET"]}}],"collection":[{"href":"https:\/\/mb-project.hr\/en\/wp-json\/wp\/v2\/product"}],"about":[{"href":"https:\/\/mb-project.hr\/en\/wp-json\/wp\/v2\/types\/product"}],"wp:featuredmedia":[{"embeddable":true,"href":"https:\/\/mb-project.hr\/en\/wp-json\/wp\/v2\/media\/1519"}],"wp:attachment":[{"href":"https:\/\/mb-project.hr\/en\/wp-json\/wp\/v2\/media?parent=1471"}],"wp:term":[{"taxonomy":"product_brand","embeddable":true,"href":"https:\/\/mb-project.hr\/en\/wp-json\/wp\/v2\/product_brand?post=1471"},{"taxonomy":"product_cat","embeddable":true,"href":"https:\/\/mb-project.hr\/en\/wp-json\/wp\/v2\/product_cat?post=1471"},{"taxonomy":"product_tag","embeddable":true,"href":"https:\/\/mb-project.hr\/en\/wp-json\/wp\/v2\/product_tag?post=1471"}],"curies":[{"name":"wp","href":"https:\/\/api.w.org\/{rel}","templated":true}]}}