{"id":3,"date":"2023-02-24T14:09:08","date_gmt":"2023-02-24T13:09:08","guid":{"rendered":"https:\/\/mb-project.hr\/?page_id=3"},"modified":"2025-08-23T19:26:44","modified_gmt":"2025-08-23T17:26:44","slug":"pravila-privatnosti","status":"publish","type":"page","link":"https:\/\/mb-project.hr\/en\/pravila-privatnosti\/","title":{"rendered":"Privacy Policy"},"content":{"rendered":"<div data-elementor-type=\"wp-page\" data-elementor-id=\"3\" class=\"elementor elementor-3\" data-elementor-post-type=\"page\">\n\t\t\t\t\t\t<section class=\"elementor-section elementor-top-section elementor-element elementor-element-6a9a60f elementor-section-boxed elementor-section-height-default elementor-section-height-default\" data-id=\"6a9a60f\" data-element_type=\"section\">\n\t\t\t\t\t\t<div class=\"elementor-container elementor-column-gap-default\">\n\t\t\t\t\t<div class=\"elementor-column elementor-col-100 elementor-top-column elementor-element elementor-element-784c11a\" data-id=\"784c11a\" data-element_type=\"column\">\n\t\t\t<div class=\"elementor-widget-wrap elementor-element-populated\">\n\t\t\t\t\t\t<div class=\"elementor-element elementor-element-e1239df elementor-widget elementor-widget-heading\" data-id=\"e1239df\" data-element_type=\"widget\" data-widget_type=\"heading.default\">\n\t\t\t\t<div class=\"elementor-widget-container\">\n\t\t\t\t\t<h1 class=\"elementor-heading-title elementor-size-default\">Privacy Policy<\/h1>\t\t\t\t<\/div>\n\t\t\t\t<\/div>\n\t\t\t\t<div class=\"elementor-element elementor-element-20c8b33 elementor-widget elementor-widget-text-editor\" data-id=\"20c8b33\" data-element_type=\"widget\" data-widget_type=\"text-editor.default\">\n\t\t\t\t<div class=\"elementor-widget-container\">\n\t\t\t\t\t\t\t\t\t<h6>INFORMATION WE COLLECT<\/h6><p>Access to the mb-project.hr website is free and registration is not required. By contacting us via contact forms or by e-mail, you fill in your details. This information is available only to the web site mb-project.hr to which they are addressed for the purpose of resolving your query. The provision of your personal data is voluntary. We do not process more personal data than is strictly necessary to respond to your inquiry.<\/p><h6>PROTECTION OF YOUR PERSONAL DATA<\/h6><p>mb-project.hr respects your privacy and processes your personal data fairly and lawfully. We store your personal data in electronic form and for the purpose of protection we apply appropriate technical and organizational measures to protect personal data and procedures to prevent personal data from being accessed unauthorized.<\/p><h6>COOKIES<\/h6><p>The website www.mb-project.hr uses so-called cookies (cookies). \u2018cookies\u2019) in order to be able to provide the user with a service with full functionality and the highest quality content. Cookies are a set of data generated by the website's server and stored by the web browser on the user's disk in the form of a small text file. We constantly strive to provide our users with the best possible user experience, so it should be noted that our websites work optimally only if cookies are enabled. In order to use \"cookies\" in accordance with the Electronic Communications Act, the Personal Data Protection Act and EU Directives, we need your consent. By using this website, you give your consent and agree to the use of cookies. By blocking cookies, you can still browse the site, but some of its features will not be available to you.<\/p><h6>INCLUDED CONTENTS FROM OTHER WEBSITES<\/h6><p>Articles on this website may contain embedded content (e.g. videos, images, articles, etc.). Embedded content from other websites behaves in the same way as if the visitor had visited that other website.<\/p><h6>PROTECTIVE MEASURES<\/h6><p>The mb-project.hr site uses technological and security measures, rules and other procedures to protect the personal information of users of this site from unauthorized access, misuse, detection, loss or destruction. In order to protect the privacy of site users, we use industry-standard security measures, such as firewall and password protection. However, the user is obliged to ensure that the computer he uses is also safe and protected from malicious software such as trojans, computer viruses and worms. The user of the Site is aware that without adequate security measures (for example, secure Internet browser configuration, updated antivirus programs, personal firewall programs, non-use of programs from suspicious sources) there is a risk that the data and passwords used to prevent access to personal data may be disclosed to unauthorized third parties.<\/p><h6>OFFER STATISTICS<\/h6><p>This website uses the Jetpack plugin to measure attendance statistics.<\/p><h6>LIMITATION OF LIABILITY<\/h6><p>Although we take available technical and organizational measures to prevent unauthorized disclosure of your personal information, we cannot guarantee that some of the personal information we collect will never be accidentally disclosed, contrary to the provisions of this Privacy Policy. To the maximum extent permitted by law, we exclude liability for damage caused to users or third parties by accidental disclosure of personal data.<\/p>\t\t\t\t\t\t\t\t<\/div>\n\t\t\t\t<\/div>\n\t\t\t\t\t<\/div>\n\t\t<\/div>\n\t\t\t\t\t<\/div>\n\t\t<\/section>\n\t\t\t\t<\/div>","protected":false},"excerpt":{"rendered":"<p>Access to the mb-project.hr website is free and no registration is required. By contacting us via contact forms or by e-mail, you fill in your details. This information is available only to the web site mb-project.hr to which they are addressed for the purpose of resolving your query. The provision of your personal data is voluntary. We do not process more personal data than is actually [...]<\/p>","protected":false},"author":1,"featured_media":0,"parent":0,"menu_order":0,"comment_status":"closed","ping_status":"closed","template":"elementor_header_footer","meta":{"footnotes":""},"class_list":["post-3","page","type-page","status-publish","hentry"],"yoast_head":"<!-- This site is optimized with the Yoast SEO plugin v26.0 - https:\/\/yoast.com\/wordpress\/plugins\/seo\/ -->\n<title>Pravila privatnosti - 3D printanje, 3D modeliranje i lasersko graviranje<\/title>\n<meta name=\"robots\" content=\"index, follow, max-snippet:-1, max-image-preview:large, max-video-preview:-1\" \/>\n<link rel=\"canonical\" href=\"https:\/\/mb-project.hr\/en\/pravila-privatnosti\/\" \/>\n<meta property=\"og:locale\" content=\"en_GB\" \/>\n<meta property=\"og:type\" content=\"article\" \/>\n<meta property=\"og:title\" content=\"Pravila privatnosti - 3D printanje, 3D modeliranje i lasersko graviranje\" \/>\n<meta property=\"og:description\" content=\"Pravila privatnosti PODACI KOJE PRIKUPLJAMO Pristup web stranici mb-project.hr je slobodan i ne tra\u017ei se registracija. Kontaktiranjem putem kontakt-obrazaca ili elektroni\u010dkom po\u0161tom ispunjavate svoje podatke. Ti su podaci dostupni isklju\u010divo stranici mb-project.hr kojima su upu\u0107eni u svrhu rje\u0161avanja va\u0161eg upita. Davanje va\u0161ih osobnih podataka je dobrovoljno. Ne obra\u0111ujemo vi\u0161e osobnih podataka no \u0161to je doista [&hellip;]\" \/>\n<meta property=\"og:url\" content=\"https:\/\/mb-project.hr\/en\/pravila-privatnosti\/\" \/>\n<meta property=\"og:site_name\" content=\"3D printanje, 3D modeliranje i lasersko graviranje\" \/>\n<meta property=\"article:modified_time\" content=\"2025-08-23T17:26:44+00:00\" \/>\n<meta name=\"twitter:card\" content=\"summary_large_image\" \/>\n<meta name=\"twitter:label1\" content=\"Estimated reading time\" \/>\n\t<meta name=\"twitter:data1\" content=\"3 minutes\" \/>\n<script type=\"application\/ld+json\" class=\"yoast-schema-graph\">{\"@context\":\"https:\/\/schema.org\",\"@graph\":[{\"@type\":\"WebPage\",\"@id\":\"https:\/\/mb-project.hr\/pravila-privatnosti\/\",\"url\":\"https:\/\/mb-project.hr\/pravila-privatnosti\/\",\"name\":\"Pravila privatnosti - 3D printanje, 3D modeliranje i lasersko graviranje\",\"isPartOf\":{\"@id\":\"https:\/\/mb-project.hr\/#website\"},\"datePublished\":\"2023-02-24T13:09:08+00:00\",\"dateModified\":\"2025-08-23T17:26:44+00:00\",\"breadcrumb\":{\"@id\":\"https:\/\/mb-project.hr\/pravila-privatnosti\/#breadcrumb\"},\"inLanguage\":\"en-GB\",\"potentialAction\":[{\"@type\":\"ReadAction\",\"target\":[\"https:\/\/mb-project.hr\/pravila-privatnosti\/\"]}]},{\"@type\":\"BreadcrumbList\",\"@id\":\"https:\/\/mb-project.hr\/pravila-privatnosti\/#breadcrumb\",\"itemListElement\":[{\"@type\":\"ListItem\",\"position\":1,\"name\":\"Po\u010detna stranica\",\"item\":\"https:\/\/mb-project.hr\/\"},{\"@type\":\"ListItem\",\"position\":2,\"name\":\"Pravila privatnosti\"}]},{\"@type\":\"WebSite\",\"@id\":\"https:\/\/mb-project.hr\/#website\",\"url\":\"https:\/\/mb-project.hr\/\",\"name\":\"3D printanje, 3D modeliranje i lasersko graviranje\",\"description\":\"\",\"publisher\":{\"@id\":\"https:\/\/mb-project.hr\/#organization\"},\"potentialAction\":[{\"@type\":\"SearchAction\",\"target\":{\"@type\":\"EntryPoint\",\"urlTemplate\":\"https:\/\/mb-project.hr\/?s={search_term_string}\"},\"query-input\":{\"@type\":\"PropertyValueSpecification\",\"valueRequired\":true,\"valueName\":\"search_term_string\"}}],\"inLanguage\":\"en-GB\"},{\"@type\":\"Organization\",\"@id\":\"https:\/\/mb-project.hr\/#organization\",\"name\":\"3D printanje, 3D modeliranje i lasersko graviranje\",\"url\":\"https:\/\/mb-project.hr\/\",\"logo\":{\"@type\":\"ImageObject\",\"inLanguage\":\"en-GB\",\"@id\":\"https:\/\/mb-project.hr\/#\/schema\/logo\/image\/\",\"url\":\"https:\/\/mb-project.hr\/wp-content\/uploads\/2023\/02\/logo.png\",\"contentUrl\":\"https:\/\/mb-project.hr\/wp-content\/uploads\/2023\/02\/logo.png\",\"width\":1024,\"height\":650,\"caption\":\"3D printanje, 3D modeliranje i lasersko graviranje\"},\"image\":{\"@id\":\"https:\/\/mb-project.hr\/#\/schema\/logo\/image\/\"}}]}<\/script>\n<!-- \/ Yoast SEO plugin. -->","yoast_head_json":{"title":"Pravila privatnosti - 3D printanje, 3D modeliranje i lasersko graviranje","robots":{"index":"index","follow":"follow","max-snippet":"max-snippet:-1","max-image-preview":"max-image-preview:large","max-video-preview":"max-video-preview:-1"},"canonical":"https:\/\/mb-project.hr\/en\/pravila-privatnosti\/","og_locale":"en_GB","og_type":"article","og_title":"Pravila privatnosti - 3D printanje, 3D modeliranje i lasersko graviranje","og_description":"Pravila privatnosti PODACI KOJE PRIKUPLJAMO Pristup web stranici mb-project.hr je slobodan i ne tra\u017ei se registracija. Kontaktiranjem putem kontakt-obrazaca ili elektroni\u010dkom po\u0161tom ispunjavate svoje podatke. Ti su podaci dostupni isklju\u010divo stranici mb-project.hr kojima su upu\u0107eni u svrhu rje\u0161avanja va\u0161eg upita. Davanje va\u0161ih osobnih podataka je dobrovoljno. Ne obra\u0111ujemo vi\u0161e osobnih podataka no \u0161to je doista [&hellip;]","og_url":"https:\/\/mb-project.hr\/en\/pravila-privatnosti\/","og_site_name":"3D printanje, 3D modeliranje i lasersko graviranje","article_modified_time":"2025-08-23T17:26:44+00:00","twitter_card":"summary_large_image","twitter_misc":{"Estimated reading time":"3 minutes"},"schema":{"@context":"https:\/\/schema.org","@graph":[{"@type":"WebPage","@id":"https:\/\/mb-project.hr\/pravila-privatnosti\/","url":"https:\/\/mb-project.hr\/pravila-privatnosti\/","name":"Pravila privatnosti - 3D printanje, 3D modeliranje i lasersko graviranje","isPartOf":{"@id":"https:\/\/mb-project.hr\/#website"},"datePublished":"2023-02-24T13:09:08+00:00","dateModified":"2025-08-23T17:26:44+00:00","breadcrumb":{"@id":"https:\/\/mb-project.hr\/pravila-privatnosti\/#breadcrumb"},"inLanguage":"en-GB","potentialAction":[{"@type":"ReadAction","target":["https:\/\/mb-project.hr\/pravila-privatnosti\/"]}]},{"@type":"BreadcrumbList","@id":"https:\/\/mb-project.hr\/pravila-privatnosti\/#breadcrumb","itemListElement":[{"@type":"ListItem","position":1,"name":"Po\u010detna stranica","item":"https:\/\/mb-project.hr\/"},{"@type":"ListItem","position":2,"name":"Pravila privatnosti"}]},{"@type":"WebSite","@id":"https:\/\/mb-project.hr\/#website","url":"https:\/\/mb-project.hr\/","name":"3D printanje, 3D modeliranje i lasersko graviranje","description":"","publisher":{"@id":"https:\/\/mb-project.hr\/#organization"},"potentialAction":[{"@type":"SearchAction","target":{"@type":"EntryPoint","urlTemplate":"https:\/\/mb-project.hr\/?s={search_term_string}"},"query-input":{"@type":"PropertyValueSpecification","valueRequired":true,"valueName":"search_term_string"}}],"inLanguage":"en-GB"},{"@type":"Organization","@id":"https:\/\/mb-project.hr\/#organization","name":"3D printanje, 3D modeliranje i lasersko graviranje","url":"https:\/\/mb-project.hr\/","logo":{"@type":"ImageObject","inLanguage":"en-GB","@id":"https:\/\/mb-project.hr\/#\/schema\/logo\/image\/","url":"https:\/\/mb-project.hr\/wp-content\/uploads\/2023\/02\/logo.png","contentUrl":"https:\/\/mb-project.hr\/wp-content\/uploads\/2023\/02\/logo.png","width":1024,"height":650,"caption":"3D printanje, 3D modeliranje i lasersko graviranje"},"image":{"@id":"https:\/\/mb-project.hr\/#\/schema\/logo\/image\/"}}]}},"jetpack_sharing_enabled":true,"_links":{"self":[{"href":"https:\/\/mb-project.hr\/en\/wp-json\/wp\/v2\/pages\/3","targetHints":{"allow":["GET"]}}],"collection":[{"href":"https:\/\/mb-project.hr\/en\/wp-json\/wp\/v2\/pages"}],"about":[{"href":"https:\/\/mb-project.hr\/en\/wp-json\/wp\/v2\/types\/page"}],"author":[{"embeddable":true,"href":"https:\/\/mb-project.hr\/en\/wp-json\/wp\/v2\/users\/1"}],"replies":[{"embeddable":true,"href":"https:\/\/mb-project.hr\/en\/wp-json\/wp\/v2\/comments?post=3"}],"version-history":[{"count":8,"href":"https:\/\/mb-project.hr\/en\/wp-json\/wp\/v2\/pages\/3\/revisions"}],"predecessor-version":[{"id":1009,"href":"https:\/\/mb-project.hr\/en\/wp-json\/wp\/v2\/pages\/3\/revisions\/1009"}],"wp:attachment":[{"href":"https:\/\/mb-project.hr\/en\/wp-json\/wp\/v2\/media?parent=3"}],"curies":[{"name":"wp","href":"https:\/\/api.w.org\/{rel}","templated":true}]}}