{"id":1010,"date":"2025-08-06T10:39:14","date_gmt":"2025-08-06T08:39:14","guid":{"rendered":"https:\/\/mb-project.hr\/?page_id=1010"},"modified":"2025-08-23T19:26:44","modified_gmt":"2025-08-23T17:26:44","slug":"nacini-dostave","status":"publish","type":"page","link":"https:\/\/mb-project.hr\/en\/nacini-dostave\/","title":{"rendered":"Methods of delivery"},"content":{"rendered":"<div data-elementor-type=\"wp-page\" data-elementor-id=\"1010\" class=\"elementor elementor-1010\" data-elementor-post-type=\"page\">\n\t\t\t\t\t\t<section class=\"elementor-section elementor-top-section elementor-element elementor-element-26aa9633 elementor-section-boxed elementor-section-height-default elementor-section-height-default\" data-id=\"26aa9633\" data-element_type=\"section\">\n\t\t\t\t\t\t<div class=\"elementor-container elementor-column-gap-default\">\n\t\t\t\t\t<div class=\"elementor-column elementor-col-100 elementor-top-column elementor-element elementor-element-7bed4a1b\" data-id=\"7bed4a1b\" data-element_type=\"column\">\n\t\t\t<div class=\"elementor-widget-wrap elementor-element-populated\">\n\t\t\t\t\t\t<div class=\"elementor-element elementor-element-b5f76b8 elementor-widget elementor-widget-heading\" data-id=\"b5f76b8\" data-element_type=\"widget\" data-widget_type=\"heading.default\">\n\t\t\t\t<div class=\"elementor-widget-container\">\n\t\t\t\t\t<h1 class=\"elementor-heading-title elementor-size-default\">Methods of delivery<\/h1>\t\t\t\t<\/div>\n\t\t\t\t<\/div>\n\t\t\t\t<div class=\"elementor-element elementor-element-44a48ea0 elementor-widget elementor-widget-text-editor\" data-id=\"44a48ea0\" data-element_type=\"widget\" data-widget_type=\"text-editor.default\">\n\t\t\t\t<div class=\"elementor-widget-container\">\n\t\t\t\t\t\t\t\t\t<h6>SUBJECT SERVICE AND COSTS<\/h6><p><br \/>Ordered items are sent to the delivery service as a package within 2-5 working days, from the date of receipt of the order or payment.<br \/>Exceptionally, due to the sale of a particular item or unforeseen circumstances, it is possible that the delivery lasts longer, which you will be notified about by e-mail.<\/p><p><br \/>Delivery is calculated according to the price list agreed with the courier service:<br \/>\u2022 for Croatia: <strong>6 \u20ac<\/strong><br \/>\u2022 for amounts above <strong>\u20ac60: free shipping<\/strong><br \/>If the courier service changes the delivery price, the seller will clearly indicate the new price in the web shop.<br \/>Delivery prices are shown with VAT included.<\/p><p><br \/>Unfortunately, we are not able to influence the speed of delivery and possible complications related to the delivery itself caused by the delivery service.<\/p><p><br \/>If the customer is not at the delivery address when attempting delivery, the delivery service will leave a notice with the shipment number and instructions for further steps.<\/p><p><br \/>In the event that the buyer orders the goods and refuses to receive them, MB Project has the right to deny the buyer the paid amount of the purchase price.<\/p><p><br \/>If the buyer who has not received the goods, re-orders via the web shop https:\/\/mb-project.hr\/, the seller reserves the right to refuse further processing of the order as well as the right to charge.<\/p><p><br \/>MB Project reserves the right not to send orders with incorrect or incomplete contact information, as well as orders with an e-mail or phone that cannot be contacted.<\/p>\t\t\t\t\t\t\t\t<\/div>\n\t\t\t\t<\/div>\n\t\t\t\t\t<\/div>\n\t\t<\/div>\n\t\t\t\t\t<\/div>\n\t\t<\/section>\n\t\t\t\t<\/div>","protected":false},"excerpt":{"rendered":"<p>We send the ordered items to the delivery service as a package within 2-5 working days, from the day of receipt of the order or payment.Usually, due to the sale of an individual item or unforeseen circumstances, it is possible that the delivery lasts longer, which you will be informed about by email. Delivery is calculated according to the price list agreed with the courier service:\u2022 for Croatia: 6 [...]<\/p>","protected":false},"author":1,"featured_media":0,"parent":0,"menu_order":0,"comment_status":"closed","ping_status":"closed","template":"elementor_header_footer","meta":{"footnotes":""},"class_list":["post-1010","page","type-page","status-publish","hentry"],"yoast_head":"<!-- This site is optimized with the Yoast SEO plugin v26.0 - https:\/\/yoast.com\/wordpress\/plugins\/seo\/ -->\n<title>Na\u010dini dostave - 3D printanje, 3D modeliranje i lasersko graviranje<\/title>\n<meta name=\"robots\" content=\"index, follow, max-snippet:-1, max-image-preview:large, max-video-preview:-1\" \/>\n<link rel=\"canonical\" href=\"https:\/\/mb-project.hr\/en\/nacini-dostave\/\" \/>\n<meta property=\"og:locale\" content=\"en_GB\" \/>\n<meta property=\"og:type\" content=\"article\" \/>\n<meta property=\"og:title\" content=\"Na\u010dini dostave - 3D printanje, 3D modeliranje i lasersko graviranje\" \/>\n<meta property=\"og:description\" content=\"ISPORUKA DOSTAVNOM SLU\u017dBOM I TRO\u0160KOVI Naru\u010dene artikle \u0161aljemo dostavnom slu\u017ebom kao paket u roku od 2\u20135 radnih dana,od dana primitka narud\u017ebe, odnosno uplate.Iznimno, uslijed rasprodanosti pojedinog artikla ili nepredvi\u0111enih okolnosti, mogu\u0107e je da isporuka traje dulje, o \u010demu \u0107ete biti obavije\u0161teni putem e-po\u0161te. Dostava se obra\u010dunava prema cjeniku ugovorenom s kurirskom slu\u017ebom:\u2022 za Hrvatsku: 6 [&hellip;]\" \/>\n<meta property=\"og:url\" content=\"https:\/\/mb-project.hr\/en\/nacini-dostave\/\" \/>\n<meta property=\"og:site_name\" content=\"3D printanje, 3D modeliranje i lasersko graviranje\" \/>\n<meta property=\"article:modified_time\" content=\"2025-08-23T17:26:44+00:00\" \/>\n<meta name=\"twitter:card\" content=\"summary_large_image\" \/>\n<meta name=\"twitter:label1\" content=\"Estimated reading time\" \/>\n\t<meta name=\"twitter:data1\" content=\"2 minutes\" \/>\n<script type=\"application\/ld+json\" class=\"yoast-schema-graph\">{\"@context\":\"https:\/\/schema.org\",\"@graph\":[{\"@type\":\"WebPage\",\"@id\":\"https:\/\/mb-project.hr\/nacini-dostave\/\",\"url\":\"https:\/\/mb-project.hr\/nacini-dostave\/\",\"name\":\"Na\u010dini dostave - 3D printanje, 3D modeliranje i lasersko graviranje\",\"isPartOf\":{\"@id\":\"https:\/\/mb-project.hr\/#website\"},\"datePublished\":\"2025-08-06T08:39:14+00:00\",\"dateModified\":\"2025-08-23T17:26:44+00:00\",\"breadcrumb\":{\"@id\":\"https:\/\/mb-project.hr\/nacini-dostave\/#breadcrumb\"},\"inLanguage\":\"en-GB\",\"potentialAction\":[{\"@type\":\"ReadAction\",\"target\":[\"https:\/\/mb-project.hr\/nacini-dostave\/\"]}]},{\"@type\":\"BreadcrumbList\",\"@id\":\"https:\/\/mb-project.hr\/nacini-dostave\/#breadcrumb\",\"itemListElement\":[{\"@type\":\"ListItem\",\"position\":1,\"name\":\"Po\u010detna stranica\",\"item\":\"https:\/\/mb-project.hr\/\"},{\"@type\":\"ListItem\",\"position\":2,\"name\":\"Na\u010dini dostave\"}]},{\"@type\":\"WebSite\",\"@id\":\"https:\/\/mb-project.hr\/#website\",\"url\":\"https:\/\/mb-project.hr\/\",\"name\":\"3D printanje, 3D modeliranje i lasersko graviranje\",\"description\":\"\",\"publisher\":{\"@id\":\"https:\/\/mb-project.hr\/#organization\"},\"potentialAction\":[{\"@type\":\"SearchAction\",\"target\":{\"@type\":\"EntryPoint\",\"urlTemplate\":\"https:\/\/mb-project.hr\/?s={search_term_string}\"},\"query-input\":{\"@type\":\"PropertyValueSpecification\",\"valueRequired\":true,\"valueName\":\"search_term_string\"}}],\"inLanguage\":\"en-GB\"},{\"@type\":\"Organization\",\"@id\":\"https:\/\/mb-project.hr\/#organization\",\"name\":\"3D printanje, 3D modeliranje i lasersko graviranje\",\"url\":\"https:\/\/mb-project.hr\/\",\"logo\":{\"@type\":\"ImageObject\",\"inLanguage\":\"en-GB\",\"@id\":\"https:\/\/mb-project.hr\/#\/schema\/logo\/image\/\",\"url\":\"https:\/\/mb-project.hr\/wp-content\/uploads\/2023\/02\/logo.png\",\"contentUrl\":\"https:\/\/mb-project.hr\/wp-content\/uploads\/2023\/02\/logo.png\",\"width\":1024,\"height\":650,\"caption\":\"3D printanje, 3D modeliranje i lasersko graviranje\"},\"image\":{\"@id\":\"https:\/\/mb-project.hr\/#\/schema\/logo\/image\/\"}}]}<\/script>\n<!-- \/ Yoast SEO plugin. -->","yoast_head_json":{"title":"Na\u010dini dostave - 3D printanje, 3D modeliranje i lasersko graviranje","robots":{"index":"index","follow":"follow","max-snippet":"max-snippet:-1","max-image-preview":"max-image-preview:large","max-video-preview":"max-video-preview:-1"},"canonical":"https:\/\/mb-project.hr\/en\/nacini-dostave\/","og_locale":"en_GB","og_type":"article","og_title":"Na\u010dini dostave - 3D printanje, 3D modeliranje i lasersko graviranje","og_description":"ISPORUKA DOSTAVNOM SLU\u017dBOM I TRO\u0160KOVI Naru\u010dene artikle \u0161aljemo dostavnom slu\u017ebom kao paket u roku od 2\u20135 radnih dana,od dana primitka narud\u017ebe, odnosno uplate.Iznimno, uslijed rasprodanosti pojedinog artikla ili nepredvi\u0111enih okolnosti, mogu\u0107e je da isporuka traje dulje, o \u010demu \u0107ete biti obavije\u0161teni putem e-po\u0161te. Dostava se obra\u010dunava prema cjeniku ugovorenom s kurirskom slu\u017ebom:\u2022 za Hrvatsku: 6 [&hellip;]","og_url":"https:\/\/mb-project.hr\/en\/nacini-dostave\/","og_site_name":"3D printanje, 3D modeliranje i lasersko graviranje","article_modified_time":"2025-08-23T17:26:44+00:00","twitter_card":"summary_large_image","twitter_misc":{"Estimated reading time":"2 minutes"},"schema":{"@context":"https:\/\/schema.org","@graph":[{"@type":"WebPage","@id":"https:\/\/mb-project.hr\/nacini-dostave\/","url":"https:\/\/mb-project.hr\/nacini-dostave\/","name":"Na\u010dini dostave - 3D printanje, 3D modeliranje i lasersko graviranje","isPartOf":{"@id":"https:\/\/mb-project.hr\/#website"},"datePublished":"2025-08-06T08:39:14+00:00","dateModified":"2025-08-23T17:26:44+00:00","breadcrumb":{"@id":"https:\/\/mb-project.hr\/nacini-dostave\/#breadcrumb"},"inLanguage":"en-GB","potentialAction":[{"@type":"ReadAction","target":["https:\/\/mb-project.hr\/nacini-dostave\/"]}]},{"@type":"BreadcrumbList","@id":"https:\/\/mb-project.hr\/nacini-dostave\/#breadcrumb","itemListElement":[{"@type":"ListItem","position":1,"name":"Po\u010detna stranica","item":"https:\/\/mb-project.hr\/"},{"@type":"ListItem","position":2,"name":"Na\u010dini dostave"}]},{"@type":"WebSite","@id":"https:\/\/mb-project.hr\/#website","url":"https:\/\/mb-project.hr\/","name":"3D printanje, 3D modeliranje i lasersko graviranje","description":"","publisher":{"@id":"https:\/\/mb-project.hr\/#organization"},"potentialAction":[{"@type":"SearchAction","target":{"@type":"EntryPoint","urlTemplate":"https:\/\/mb-project.hr\/?s={search_term_string}"},"query-input":{"@type":"PropertyValueSpecification","valueRequired":true,"valueName":"search_term_string"}}],"inLanguage":"en-GB"},{"@type":"Organization","@id":"https:\/\/mb-project.hr\/#organization","name":"3D printanje, 3D modeliranje i lasersko graviranje","url":"https:\/\/mb-project.hr\/","logo":{"@type":"ImageObject","inLanguage":"en-GB","@id":"https:\/\/mb-project.hr\/#\/schema\/logo\/image\/","url":"https:\/\/mb-project.hr\/wp-content\/uploads\/2023\/02\/logo.png","contentUrl":"https:\/\/mb-project.hr\/wp-content\/uploads\/2023\/02\/logo.png","width":1024,"height":650,"caption":"3D printanje, 3D modeliranje i lasersko graviranje"},"image":{"@id":"https:\/\/mb-project.hr\/#\/schema\/logo\/image\/"}}]}},"jetpack_sharing_enabled":true,"_links":{"self":[{"href":"https:\/\/mb-project.hr\/en\/wp-json\/wp\/v2\/pages\/1010","targetHints":{"allow":["GET"]}}],"collection":[{"href":"https:\/\/mb-project.hr\/en\/wp-json\/wp\/v2\/pages"}],"about":[{"href":"https:\/\/mb-project.hr\/en\/wp-json\/wp\/v2\/types\/page"}],"author":[{"embeddable":true,"href":"https:\/\/mb-project.hr\/en\/wp-json\/wp\/v2\/users\/1"}],"replies":[{"embeddable":true,"href":"https:\/\/mb-project.hr\/en\/wp-json\/wp\/v2\/comments?post=1010"}],"version-history":[{"count":5,"href":"https:\/\/mb-project.hr\/en\/wp-json\/wp\/v2\/pages\/1010\/revisions"}],"predecessor-version":[{"id":1016,"href":"https:\/\/mb-project.hr\/en\/wp-json\/wp\/v2\/pages\/1010\/revisions\/1016"}],"wp:attachment":[{"href":"https:\/\/mb-project.hr\/en\/wp-json\/wp\/v2\/media?parent=1010"}],"curies":[{"name":"wp","href":"https:\/\/api.w.org\/{rel}","templated":true}]}}