{"id":1613,"date":"2025-10-29T13:23:45","date_gmt":"2025-10-29T12:23:45","guid":{"rendered":"https:\/\/mb-project.hr\/?post_type=product&#038;p=1613"},"modified":"2025-10-29T15:04:02","modified_gmt":"2025-10-29T14:04:02","slug":"drvene-magnet-zahvalnice-unikatni-suvenir-za-vase-najvaznije-trenutke","status":"publish","type":"product","link":"https:\/\/mb-project.hr\/de\/produkt\/drvene-magnet-zahvalnice-unikatni-suvenir-za-vase-najvaznije-trenutke\/","title":{"rendered":"Holz-Danke-Magnet - ein einzigartiges Souvenir f\u00fcr Ihre wichtigsten Momente"},"content":{"rendered":"<p data-start=\"253\" data-end=\"465\">Machen Sie Ihre besonderen Momente unvergesslich mit unseren <strong data-start=\"306\" data-end=\"354\">Personalisierte Holzmagnet Thanksgivings<\/strong>!<br data-start=\"355\" data-end=\"358\" \/>Sie sind perfekt als kleines Zeichen der Aufmerksamkeit f\u00fcr die G\u00e4ste anl\u00e4sslich der <strong data-start=\"408\" data-end=\"464\">Taufe, Erstkommunion, Heilige Firmung oder Hochzeit<\/strong>.<\/p>\n<p data-start=\"467\" data-end=\"744\">Jeder Magnet wird mit der Aufmerksamkeit von <strong data-start=\"504\" data-end=\"522\">Naturholz<\/strong>, nach Ihren W\u00fcnschen graviert oder gedruckt \u2013 mit einem Namen, Datum und Motiv, das den Geist Ihrer Veranstaltung widerspiegelt.<br data-start=\"628\" data-end=\"631\" \/>Dank hochwertiger Handwerkskunst und elegantem Design bleiben diese Danksagung <strong data-start=\"709\" data-end=\"728\">ein permanentes Ged\u00e4chtnis<\/strong> An einem besonderen Tag.<\/p>\n<p data-start=\"746\" data-end=\"771\">?? <strong data-start=\"749\" data-end=\"771\">Produktdetails:<\/strong><\/p>\n<ul data-start=\"772\" data-end=\"1002\">\n<li data-start=\"772\" data-end=\"834\">\n<p data-start=\"774\" data-end=\"834\">Material: Naturholz<\/p>\n<\/li>\n<li data-start=\"835\" data-end=\"877\">\n<p data-start=\"837\" data-end=\"877\">Gr\u00f6\u00dfe: ca. 6-8 cm (je nach Modell)<\/p>\n<\/li>\n<li data-start=\"878\" data-end=\"900\">\n<p data-start=\"880\" data-end=\"900\">Magnet auf der R\u00fcckseite<\/p>\n<\/li>\n<li data-start=\"901\" data-end=\"965\">\n<p data-start=\"903\" data-end=\"965\">M\u00f6glichkeit <strong data-start=\"913\" data-end=\"963\">Personalisierung von Text, Namen, Daten und Motiven<\/strong><\/p>\n<\/li>\n<li data-start=\"966\" data-end=\"1002\">\n<p data-start=\"968\" data-end=\"1002\">Mit Liebe gemacht in Kroatien<\/p>\n<\/li>\n<\/ul>\n<p data-start=\"1004\" data-end=\"1183\">?? Ideal als Geschenk f\u00fcr G\u00e4ste oder zus\u00e4tzlich zu Einladungen und Geschenkpaketen.<br data-start=\"1077\" data-end=\"1080\" \/>Bestellen Sie Ihren Dankesmagneten und geben Sie die W\u00e4rme von Naturholz mit einer Botschaft, die aus dem Herzen kommt. \u2764erwartet<\/p>\n<p data-start=\"1285\" data-end=\"1483\">Kontakt per E-Mail:\u00a0 <strong>3dmbproject@gmail.com<\/strong><\/p>\n<p data-start=\"1285\" data-end=\"1483\">?? Per Post versenden oder pers\u00f6nlich abholen.<\/p>","protected":false},"excerpt":{"rendered":"<p>Schenken Sie Ihren G\u00e4sten eine bleibende Erinnerung! Ein h\u00f6lzerner Dankesmagnet mit einem personalisierten Motiv f\u00fcr festliche Momente \u2013 Taufe, Kommunion, Konfirmation oder Hochzeit.<\/p>\n<p><strong>Magnete werden in einer dekorativen Netztasche verpackt.<\/strong><\/p>\n<p>Gr\u00f6\u00dfe: ca. 6-8 cm (je nach Modell)<\/p>\n<p>Mindestbestellmenge: 10 St\u00fcck<\/p>\n<p>&nbsp;<\/p>\n<p>F\u00fcr jedes andere Formular, das Sie w\u00fcnschen, k\u00f6nnen Sie uns per E-Mail kontaktieren: <strong>3dmbproject@gmail.com<\/strong><\/p>\n<p><strong>Lieferzeit<\/strong>: 5-7 Werktage<\/p>","protected":false},"featured_media":1619,"template":"","meta":[],"product_brand":[],"product_cat":[43,45,60],"product_tag":[],"class_list":{"0":"post-1613","1":"product","2":"type-product","3":"status-publish","4":"has-post-thumbnail","6":"product_cat-personalizirani","7":"product_cat-religija","8":"product_cat-upload","10":"first","11":"onbackorder","12":"shipping-taxable","13":"purchasable","14":"product-type-variable"},"group_of_quantity":0,"min_quantity":10,"max_quantity":"","exclude_order_quantity_value_rules":"no","exclude_category_quantity_rules":"no","combine_variations":"no","exclude_global_add_ons":[],"addons":[],"yoast_head":"<!-- This site is optimized with the Yoast SEO plugin v26.0 - https:\/\/yoast.com\/wordpress\/plugins\/seo\/ -->\n<title>Drvene magnet zahvalnice \u2013 unikatni suvenir za va\u0161e najva\u017enije trenutke - 3D printanje, 3D modeliranje i lasersko graviranje<\/title>\n<meta name=\"robots\" content=\"index, follow, max-snippet:-1, max-image-preview:large, max-video-preview:-1\" \/>\n<link rel=\"canonical\" href=\"https:\/\/mb-project.hr\/de\/produkt\/drvene-magnet-zahvalnice-unikatni-suvenir-za-vase-najvaznije-trenutke\/\" \/>\n<meta property=\"og:locale\" content=\"de_DE\" \/>\n<meta property=\"og:type\" content=\"article\" \/>\n<meta property=\"og:title\" content=\"Drvene magnet zahvalnice \u2013 unikatni suvenir za va\u0161e najva\u017enije trenutke - 3D printanje, 3D modeliranje i lasersko graviranje\" \/>\n<meta property=\"og:description\" content=\"Darujte svojim gostima uspomenu koja traje! Drvene magnet zahvalnice s personaliziranim motivom za sve\u010dane trenutke \u2013 kr\u0161tenje, pri\u010dest, krizmu ili vjen\u010danje.  Magneti dolaze upakirani u ukrasnu mre\u017eastu vre\u0107icu.  Veli\u010dina: cca 6\u20138 cm (ovisno o modelu)  Minimalna koli\u010dina za narud\u017ebu: 10 komada  &nbsp;  Za bilo koji drugi oblik po Va\u0161oj \u017eelji mo\u017eete nas kontaktirati na email: 3dmbproject@gmail.com  Rok isporuke: 5-7 radnih dana\" \/>\n<meta property=\"og:url\" content=\"https:\/\/mb-project.hr\/de\/produkt\/drvene-magnet-zahvalnice-unikatni-suvenir-za-vase-najvaznije-trenutke\/\" \/>\n<meta property=\"og:site_name\" content=\"3D printanje, 3D modeliranje i lasersko graviranje\" \/>\n<meta property=\"article:modified_time\" content=\"2025-10-29T14:04:02+00:00\" \/>\n<meta property=\"og:image\" content=\"https:\/\/mb-project.hr\/wp-content\/uploads\/2025\/10\/ChatGPT-Image-29.-lis-2025.-14_58_13.png\" \/>\n\t<meta property=\"og:image:width\" content=\"1536\" \/>\n\t<meta property=\"og:image:height\" content=\"1024\" \/>\n\t<meta property=\"og:image:type\" content=\"image\/png\" \/>\n<meta name=\"twitter:card\" content=\"summary_large_image\" \/>\n<meta name=\"twitter:label1\" content=\"Gesch\u00e4tzte Lesezeit\" \/>\n\t<meta name=\"twitter:data1\" content=\"1\u00a0Minute\" \/>\n<script type=\"application\/ld+json\" class=\"yoast-schema-graph\">{\"@context\":\"https:\/\/schema.org\",\"@graph\":[{\"@type\":\"WebPage\",\"@id\":\"https:\/\/mb-project.hr\/proizvod\/drvene-magnet-zahvalnice-unikatni-suvenir-za-vase-najvaznije-trenutke\/\",\"url\":\"https:\/\/mb-project.hr\/proizvod\/drvene-magnet-zahvalnice-unikatni-suvenir-za-vase-najvaznije-trenutke\/\",\"name\":\"Drvene magnet zahvalnice \u2013 unikatni suvenir za va\u0161e najva\u017enije trenutke - 3D printanje, 3D modeliranje i lasersko graviranje\",\"isPartOf\":{\"@id\":\"https:\/\/mb-project.hr\/#website\"},\"primaryImageOfPage\":{\"@id\":\"https:\/\/mb-project.hr\/proizvod\/drvene-magnet-zahvalnice-unikatni-suvenir-za-vase-najvaznije-trenutke\/#primaryimage\"},\"image\":{\"@id\":\"https:\/\/mb-project.hr\/proizvod\/drvene-magnet-zahvalnice-unikatni-suvenir-za-vase-najvaznije-trenutke\/#primaryimage\"},\"thumbnailUrl\":\"https:\/\/mb-project.hr\/wp-content\/uploads\/2025\/10\/ChatGPT-Image-29.-lis-2025.-14_58_13.png\",\"datePublished\":\"2025-10-29T12:23:45+00:00\",\"dateModified\":\"2025-10-29T14:04:02+00:00\",\"breadcrumb\":{\"@id\":\"https:\/\/mb-project.hr\/proizvod\/drvene-magnet-zahvalnice-unikatni-suvenir-za-vase-najvaznije-trenutke\/#breadcrumb\"},\"inLanguage\":\"de\",\"potentialAction\":[{\"@type\":\"ReadAction\",\"target\":[\"https:\/\/mb-project.hr\/proizvod\/drvene-magnet-zahvalnice-unikatni-suvenir-za-vase-najvaznije-trenutke\/\"]}]},{\"@type\":\"ImageObject\",\"inLanguage\":\"de\",\"@id\":\"https:\/\/mb-project.hr\/proizvod\/drvene-magnet-zahvalnice-unikatni-suvenir-za-vase-najvaznije-trenutke\/#primaryimage\",\"url\":\"https:\/\/mb-project.hr\/wp-content\/uploads\/2025\/10\/ChatGPT-Image-29.-lis-2025.-14_58_13.png\",\"contentUrl\":\"https:\/\/mb-project.hr\/wp-content\/uploads\/2025\/10\/ChatGPT-Image-29.-lis-2025.-14_58_13.png\",\"width\":1536,\"height\":1024},{\"@type\":\"BreadcrumbList\",\"@id\":\"https:\/\/mb-project.hr\/proizvod\/drvene-magnet-zahvalnice-unikatni-suvenir-za-vase-najvaznije-trenutke\/#breadcrumb\",\"itemListElement\":[{\"@type\":\"ListItem\",\"position\":1,\"name\":\"Po\u010detna stranica\",\"item\":\"https:\/\/mb-project.hr\/\"},{\"@type\":\"ListItem\",\"position\":2,\"name\":\"WEB SHOP\",\"item\":\"https:\/\/mb-project.hr\/web-shop\/\"},{\"@type\":\"ListItem\",\"position\":3,\"name\":\"Drvene magnet zahvalnice \u2013 unikatni suvenir za va\u0161e najva\u017enije trenutke\"}]},{\"@type\":\"WebSite\",\"@id\":\"https:\/\/mb-project.hr\/#website\",\"url\":\"https:\/\/mb-project.hr\/\",\"name\":\"3D printanje, 3D modeliranje i lasersko graviranje\",\"description\":\"\",\"publisher\":{\"@id\":\"https:\/\/mb-project.hr\/#organization\"},\"potentialAction\":[{\"@type\":\"SearchAction\",\"target\":{\"@type\":\"EntryPoint\",\"urlTemplate\":\"https:\/\/mb-project.hr\/?s={search_term_string}\"},\"query-input\":{\"@type\":\"PropertyValueSpecification\",\"valueRequired\":true,\"valueName\":\"search_term_string\"}}],\"inLanguage\":\"de\"},{\"@type\":\"Organization\",\"@id\":\"https:\/\/mb-project.hr\/#organization\",\"name\":\"3D printanje, 3D modeliranje i lasersko graviranje\",\"url\":\"https:\/\/mb-project.hr\/\",\"logo\":{\"@type\":\"ImageObject\",\"inLanguage\":\"de\",\"@id\":\"https:\/\/mb-project.hr\/#\/schema\/logo\/image\/\",\"url\":\"https:\/\/mb-project.hr\/wp-content\/uploads\/2023\/02\/logo.png\",\"contentUrl\":\"https:\/\/mb-project.hr\/wp-content\/uploads\/2023\/02\/logo.png\",\"width\":1024,\"height\":650,\"caption\":\"3D printanje, 3D modeliranje i lasersko graviranje\"},\"image\":{\"@id\":\"https:\/\/mb-project.hr\/#\/schema\/logo\/image\/\"}}]}<\/script>\n<!-- \/ Yoast SEO plugin. -->","yoast_head_json":{"title":"Drvene magnet zahvalnice \u2013 unikatni suvenir za va\u0161e najva\u017enije trenutke - 3D printanje, 3D modeliranje i lasersko graviranje","robots":{"index":"index","follow":"follow","max-snippet":"max-snippet:-1","max-image-preview":"max-image-preview:large","max-video-preview":"max-video-preview:-1"},"canonical":"https:\/\/mb-project.hr\/de\/produkt\/drvene-magnet-zahvalnice-unikatni-suvenir-za-vase-najvaznije-trenutke\/","og_locale":"de_DE","og_type":"article","og_title":"Drvene magnet zahvalnice \u2013 unikatni suvenir za va\u0161e najva\u017enije trenutke - 3D printanje, 3D modeliranje i lasersko graviranje","og_description":"Darujte svojim gostima uspomenu koja traje! Drvene magnet zahvalnice s personaliziranim motivom za sve\u010dane trenutke \u2013 kr\u0161tenje, pri\u010dest, krizmu ili vjen\u010danje.  Magneti dolaze upakirani u ukrasnu mre\u017eastu vre\u0107icu.  Veli\u010dina: cca 6\u20138 cm (ovisno o modelu)  Minimalna koli\u010dina za narud\u017ebu: 10 komada  &nbsp;  Za bilo koji drugi oblik po Va\u0161oj \u017eelji mo\u017eete nas kontaktirati na email: 3dmbproject@gmail.com  Rok isporuke: 5-7 radnih dana","og_url":"https:\/\/mb-project.hr\/de\/produkt\/drvene-magnet-zahvalnice-unikatni-suvenir-za-vase-najvaznije-trenutke\/","og_site_name":"3D printanje, 3D modeliranje i lasersko graviranje","article_modified_time":"2025-10-29T14:04:02+00:00","og_image":[{"width":1536,"height":1024,"url":"https:\/\/mb-project.hr\/wp-content\/uploads\/2025\/10\/ChatGPT-Image-29.-lis-2025.-14_58_13.png","type":"image\/png"}],"twitter_card":"summary_large_image","twitter_misc":{"Gesch\u00e4tzte Lesezeit":"1\u00a0Minute"},"schema":{"@context":"https:\/\/schema.org","@graph":[{"@type":"WebPage","@id":"https:\/\/mb-project.hr\/proizvod\/drvene-magnet-zahvalnice-unikatni-suvenir-za-vase-najvaznije-trenutke\/","url":"https:\/\/mb-project.hr\/proizvod\/drvene-magnet-zahvalnice-unikatni-suvenir-za-vase-najvaznije-trenutke\/","name":"Drvene magnet zahvalnice \u2013 unikatni suvenir za va\u0161e najva\u017enije trenutke - 3D printanje, 3D modeliranje i lasersko graviranje","isPartOf":{"@id":"https:\/\/mb-project.hr\/#website"},"primaryImageOfPage":{"@id":"https:\/\/mb-project.hr\/proizvod\/drvene-magnet-zahvalnice-unikatni-suvenir-za-vase-najvaznije-trenutke\/#primaryimage"},"image":{"@id":"https:\/\/mb-project.hr\/proizvod\/drvene-magnet-zahvalnice-unikatni-suvenir-za-vase-najvaznije-trenutke\/#primaryimage"},"thumbnailUrl":"https:\/\/mb-project.hr\/wp-content\/uploads\/2025\/10\/ChatGPT-Image-29.-lis-2025.-14_58_13.png","datePublished":"2025-10-29T12:23:45+00:00","dateModified":"2025-10-29T14:04:02+00:00","breadcrumb":{"@id":"https:\/\/mb-project.hr\/proizvod\/drvene-magnet-zahvalnice-unikatni-suvenir-za-vase-najvaznije-trenutke\/#breadcrumb"},"inLanguage":"de","potentialAction":[{"@type":"ReadAction","target":["https:\/\/mb-project.hr\/proizvod\/drvene-magnet-zahvalnice-unikatni-suvenir-za-vase-najvaznije-trenutke\/"]}]},{"@type":"ImageObject","inLanguage":"de","@id":"https:\/\/mb-project.hr\/proizvod\/drvene-magnet-zahvalnice-unikatni-suvenir-za-vase-najvaznije-trenutke\/#primaryimage","url":"https:\/\/mb-project.hr\/wp-content\/uploads\/2025\/10\/ChatGPT-Image-29.-lis-2025.-14_58_13.png","contentUrl":"https:\/\/mb-project.hr\/wp-content\/uploads\/2025\/10\/ChatGPT-Image-29.-lis-2025.-14_58_13.png","width":1536,"height":1024},{"@type":"BreadcrumbList","@id":"https:\/\/mb-project.hr\/proizvod\/drvene-magnet-zahvalnice-unikatni-suvenir-za-vase-najvaznije-trenutke\/#breadcrumb","itemListElement":[{"@type":"ListItem","position":1,"name":"Po\u010detna stranica","item":"https:\/\/mb-project.hr\/"},{"@type":"ListItem","position":2,"name":"WEB SHOP","item":"https:\/\/mb-project.hr\/web-shop\/"},{"@type":"ListItem","position":3,"name":"Drvene magnet zahvalnice \u2013 unikatni suvenir za va\u0161e najva\u017enije trenutke"}]},{"@type":"WebSite","@id":"https:\/\/mb-project.hr\/#website","url":"https:\/\/mb-project.hr\/","name":"3D printanje, 3D modeliranje i lasersko graviranje","description":"","publisher":{"@id":"https:\/\/mb-project.hr\/#organization"},"potentialAction":[{"@type":"SearchAction","target":{"@type":"EntryPoint","urlTemplate":"https:\/\/mb-project.hr\/?s={search_term_string}"},"query-input":{"@type":"PropertyValueSpecification","valueRequired":true,"valueName":"search_term_string"}}],"inLanguage":"de"},{"@type":"Organization","@id":"https:\/\/mb-project.hr\/#organization","name":"3D printanje, 3D modeliranje i lasersko graviranje","url":"https:\/\/mb-project.hr\/","logo":{"@type":"ImageObject","inLanguage":"de","@id":"https:\/\/mb-project.hr\/#\/schema\/logo\/image\/","url":"https:\/\/mb-project.hr\/wp-content\/uploads\/2023\/02\/logo.png","contentUrl":"https:\/\/mb-project.hr\/wp-content\/uploads\/2023\/02\/logo.png","width":1024,"height":650,"caption":"3D printanje, 3D modeliranje i lasersko graviranje"},"image":{"@id":"https:\/\/mb-project.hr\/#\/schema\/logo\/image\/"}}]}},"jetpack_sharing_enabled":true,"_links":{"self":[{"href":"https:\/\/mb-project.hr\/de\/wp-json\/wp\/v2\/product\/1613","targetHints":{"allow":["GET"]}}],"collection":[{"href":"https:\/\/mb-project.hr\/de\/wp-json\/wp\/v2\/product"}],"about":[{"href":"https:\/\/mb-project.hr\/de\/wp-json\/wp\/v2\/types\/product"}],"wp:featuredmedia":[{"embeddable":true,"href":"https:\/\/mb-project.hr\/de\/wp-json\/wp\/v2\/media\/1619"}],"wp:attachment":[{"href":"https:\/\/mb-project.hr\/de\/wp-json\/wp\/v2\/media?parent=1613"}],"wp:term":[{"taxonomy":"product_brand","embeddable":true,"href":"https:\/\/mb-project.hr\/de\/wp-json\/wp\/v2\/product_brand?post=1613"},{"taxonomy":"product_cat","embeddable":true,"href":"https:\/\/mb-project.hr\/de\/wp-json\/wp\/v2\/product_cat?post=1613"},{"taxonomy":"product_tag","embeddable":true,"href":"https:\/\/mb-project.hr\/de\/wp-json\/wp\/v2\/product_tag?post=1613"}],"curies":[{"name":"wp","href":"https:\/\/api.w.org\/{rel}","templated":true}]}}