{"id":1556,"date":"2025-10-25T18:06:03","date_gmt":"2025-10-25T16:06:03","guid":{"rendered":"https:\/\/mb-project.hr\/?post_type=product&#038;p=1556"},"modified":"2026-02-03T18:47:28","modified_gmt":"2026-02-03T17:47:28","slug":"pljoska-od-nehrdajuceg-celika-s-crno-obojenom-povrsinom","status":"publish","type":"product","link":"https:\/\/mb-project.hr\/de\/produkt\/pljoska-od-nehrdajuceg-celika-s-crno-obojenom-povrsinom\/","title":{"rendered":"Edelstahlkolben mit schwarz lackierter Oberfl\u00e4che"},"content":{"rendered":"<p data-start=\"451\" data-end=\"719\">Dieses eine <strong data-start=\"455\" data-end=\"514\">Edelstahlkolben mit schwarz lackierter Oberfl\u00e4che<\/strong> Es ist eine perfekte Mischung aus Stil, Haltbarkeit und Bequemlichkeit.<br data-start=\"563\" data-end=\"566\" \/>Elegant <strong data-start=\"576\" data-end=\"603\">mattschwarzes Finish<\/strong> verleiht ihm ein modernes und raffiniertes Aussehen, w\u00e4hrend <strong data-start=\"645\" data-end=\"668\">solide Konstruktion<\/strong> sorgt f\u00fcr Langlebigkeit und Widerstandsf\u00e4higkeit gegen Besch\u00e4digungen.<\/p>\n<p data-start=\"721\" data-end=\"1013\">Mit der Kapazit\u00e4t von <strong data-start=\"739\" data-end=\"749\">200 ml<\/strong>, es ist ideal f\u00fcr Ausfl\u00fcge, Ausfl\u00fcge, besondere Anl\u00e4sse oder als Geschenk, das Charakter ausstrahlt.<br data-start=\"837\" data-end=\"840\" \/>Die Oberfl\u00e4che ist geeignet f\u00fcr <strong data-start=\"863\" data-end=\"895\">Pr\u00e4zisionslasergravur<\/strong>, was es erm\u00f6glicht, dass jeder Kolben <strong data-start=\"936\" data-end=\"962\">Personalisiertes Detail<\/strong> \u2013 mit dem Namen, Logo, Zitat oder Motiv Ihrer Wahl.<\/p>\n<p data-start=\"1015\" data-end=\"1244\">\u2705 Material: Edelstahl<br data-start=\"1044\" data-end=\"1047\" \/>\u2705 Farbe: mattschwarz<br data-start=\"1063\" data-end=\"1066\" \/>\u2705 Volumen: 200 ml<br data-start=\"1086\" data-end=\"1089\" \/>\u2705 Lasergravurf\u00e4higkeit<br data-start=\"1121\" data-end=\"1124\" \/>\u2705 Best\u00e4ndig, elegant und pflegeleicht<br data-start=\"1172\" data-end=\"1175\" \/>\u2705 Ideales Geschenk f\u00fcr Freunde, Paten, Geburtstage und besondere Anl\u00e4sse<\/p>\n<p data-start=\"1139\" data-end=\"1188\">F\u00fcgen Sie eine pers\u00f6nliche Notiz hinzu und machen Sie ein Geschenk, das in Erinnerung bleibt!<\/p>\n<p data-start=\"1285\" data-end=\"1483\">?? Per Post versenden oder pers\u00f6nlich abholen.<\/p>\n<p data-start=\"1285\" data-end=\"1483\">Kontakt per E-Mail:\u00a0 <strong>3dmbproject@gmail.com<\/strong><\/p>","protected":false},"excerpt":{"rendered":"<p>Elegante schwarze Edelstahlflasche. Modernes Design und Lasergravur - das perfekte Geschenk f\u00fcr jeden Anlass!<\/p>\n<p><strong>Pljoska mit Gravur nach Ihren W\u00fcnschen. W\u00e4hlen Sie eine Inschrift, einen Namen oder eine Nachricht und machen Sie sie zu einem besonderen Geschenk f\u00fcr jeden Anlass.<\/strong><\/p>\n<p>Volumen: 200 ml<\/p>\n<p>M\u00f6glichkeit der einseitigen oder zweiseitigen Gravur.<\/p>\n<p><strong>Lieferzeit<\/strong>: 5-7 Werktage<\/p>\n<p>&nbsp;<\/p>","protected":false},"featured_media":1584,"template":"","meta":[],"product_brand":[],"product_cat":[59,43],"product_tag":[],"class_list":{"0":"post-1556","1":"product","2":"type-product","3":"status-publish","4":"has-post-thumbnail","6":"product_cat-graviranje","7":"product_cat-personalizirani","9":"first","10":"onbackorder","11":"shipping-taxable","12":"purchasable","13":"product-type-variable"},"group_of_quantity":0,"min_quantity":0,"max_quantity":"","exclude_order_quantity_value_rules":"no","exclude_category_quantity_rules":"no","combine_variations":"no","exclude_global_add_ons":[],"addons":[],"yoast_head":"<!-- This site is optimized with the Yoast SEO plugin v26.0 - https:\/\/yoast.com\/wordpress\/plugins\/seo\/ -->\n<title>Pljoska od nehr\u0111aju\u0107eg \u010delika s crno obojenom povr\u0161inom - 3D printanje, 3D modeliranje i lasersko graviranje<\/title>\n<meta name=\"robots\" content=\"index, follow, max-snippet:-1, max-image-preview:large, max-video-preview:-1\" \/>\n<link rel=\"canonical\" href=\"https:\/\/mb-project.hr\/de\/produkt\/pljoska-od-nehrdajuceg-celika-s-crno-obojenom-povrsinom\/\" \/>\n<meta property=\"og:locale\" content=\"de_DE\" \/>\n<meta property=\"og:type\" content=\"article\" \/>\n<meta property=\"og:title\" content=\"Pljoska od nehr\u0111aju\u0107eg \u010delika s crno obojenom povr\u0161inom - 3D printanje, 3D modeliranje i lasersko graviranje\" \/>\n<meta property=\"og:description\" content=\"Elegantna crna pljoska od nehr\u0111aju\u0107eg \u010delika. Moderan dizajn i mogu\u0107nost laserskog graviranja \u2013 savr\u0161en poklon za svaku priliku!  Pljoska sa gravurom po va\u0161oj \u017eelji. Odaberite natpis, ime ili poruku i pretvorite ga u poseban poklon za svaku priliku.  Zapremnina: 200 ml  Mogu\u010dnost jednostranog ili dvostranog graviranja.  Rok isporuke: 5-7 radnih dana  &nbsp;\" \/>\n<meta property=\"og:url\" content=\"https:\/\/mb-project.hr\/de\/produkt\/pljoska-od-nehrdajuceg-celika-s-crno-obojenom-povrsinom\/\" \/>\n<meta property=\"og:site_name\" content=\"3D printanje, 3D modeliranje i lasersko graviranje\" \/>\n<meta property=\"article:modified_time\" content=\"2026-02-03T17:47:28+00:00\" \/>\n<meta property=\"og:image\" content=\"https:\/\/mb-project.hr\/wp-content\/uploads\/2025\/10\/ChatGPT-Image-26.-lis-2025.-15_15_15.png\" \/>\n\t<meta property=\"og:image:width\" content=\"1024\" \/>\n\t<meta property=\"og:image:height\" content=\"1024\" \/>\n\t<meta property=\"og:image:type\" content=\"image\/png\" \/>\n<meta name=\"twitter:card\" content=\"summary_large_image\" \/>\n<meta name=\"twitter:label1\" content=\"Gesch\u00e4tzte Lesezeit\" \/>\n\t<meta name=\"twitter:data1\" content=\"1\u00a0Minute\" \/>\n<script type=\"application\/ld+json\" class=\"yoast-schema-graph\">{\"@context\":\"https:\/\/schema.org\",\"@graph\":[{\"@type\":\"WebPage\",\"@id\":\"https:\/\/mb-project.hr\/proizvod\/pljoska-od-nehrdajuceg-celika-s-crno-obojenom-povrsinom\/\",\"url\":\"https:\/\/mb-project.hr\/proizvod\/pljoska-od-nehrdajuceg-celika-s-crno-obojenom-povrsinom\/\",\"name\":\"Pljoska od nehr\u0111aju\u0107eg \u010delika s crno obojenom povr\u0161inom - 3D printanje, 3D modeliranje i lasersko graviranje\",\"isPartOf\":{\"@id\":\"https:\/\/mb-project.hr\/#website\"},\"primaryImageOfPage\":{\"@id\":\"https:\/\/mb-project.hr\/proizvod\/pljoska-od-nehrdajuceg-celika-s-crno-obojenom-povrsinom\/#primaryimage\"},\"image\":{\"@id\":\"https:\/\/mb-project.hr\/proizvod\/pljoska-od-nehrdajuceg-celika-s-crno-obojenom-povrsinom\/#primaryimage\"},\"thumbnailUrl\":\"https:\/\/mb-project.hr\/wp-content\/uploads\/2025\/10\/ChatGPT-Image-26.-lis-2025.-15_15_15.png\",\"datePublished\":\"2025-10-25T16:06:03+00:00\",\"dateModified\":\"2026-02-03T17:47:28+00:00\",\"breadcrumb\":{\"@id\":\"https:\/\/mb-project.hr\/proizvod\/pljoska-od-nehrdajuceg-celika-s-crno-obojenom-povrsinom\/#breadcrumb\"},\"inLanguage\":\"de\",\"potentialAction\":[{\"@type\":\"ReadAction\",\"target\":[\"https:\/\/mb-project.hr\/proizvod\/pljoska-od-nehrdajuceg-celika-s-crno-obojenom-povrsinom\/\"]}]},{\"@type\":\"ImageObject\",\"inLanguage\":\"de\",\"@id\":\"https:\/\/mb-project.hr\/proizvod\/pljoska-od-nehrdajuceg-celika-s-crno-obojenom-povrsinom\/#primaryimage\",\"url\":\"https:\/\/mb-project.hr\/wp-content\/uploads\/2025\/10\/ChatGPT-Image-26.-lis-2025.-15_15_15.png\",\"contentUrl\":\"https:\/\/mb-project.hr\/wp-content\/uploads\/2025\/10\/ChatGPT-Image-26.-lis-2025.-15_15_15.png\",\"width\":1024,\"height\":1024},{\"@type\":\"BreadcrumbList\",\"@id\":\"https:\/\/mb-project.hr\/proizvod\/pljoska-od-nehrdajuceg-celika-s-crno-obojenom-povrsinom\/#breadcrumb\",\"itemListElement\":[{\"@type\":\"ListItem\",\"position\":1,\"name\":\"Po\u010detna stranica\",\"item\":\"https:\/\/mb-project.hr\/\"},{\"@type\":\"ListItem\",\"position\":2,\"name\":\"WEB SHOP\",\"item\":\"https:\/\/mb-project.hr\/web-shop\/\"},{\"@type\":\"ListItem\",\"position\":3,\"name\":\"Pljoska od nehr\u0111aju\u0107eg \u010delika s crno obojenom povr\u0161inom\"}]},{\"@type\":\"WebSite\",\"@id\":\"https:\/\/mb-project.hr\/#website\",\"url\":\"https:\/\/mb-project.hr\/\",\"name\":\"3D printanje, 3D modeliranje i lasersko graviranje\",\"description\":\"\",\"publisher\":{\"@id\":\"https:\/\/mb-project.hr\/#organization\"},\"potentialAction\":[{\"@type\":\"SearchAction\",\"target\":{\"@type\":\"EntryPoint\",\"urlTemplate\":\"https:\/\/mb-project.hr\/?s={search_term_string}\"},\"query-input\":{\"@type\":\"PropertyValueSpecification\",\"valueRequired\":true,\"valueName\":\"search_term_string\"}}],\"inLanguage\":\"de\"},{\"@type\":\"Organization\",\"@id\":\"https:\/\/mb-project.hr\/#organization\",\"name\":\"3D printanje, 3D modeliranje i lasersko graviranje\",\"url\":\"https:\/\/mb-project.hr\/\",\"logo\":{\"@type\":\"ImageObject\",\"inLanguage\":\"de\",\"@id\":\"https:\/\/mb-project.hr\/#\/schema\/logo\/image\/\",\"url\":\"https:\/\/mb-project.hr\/wp-content\/uploads\/2023\/02\/logo.png\",\"contentUrl\":\"https:\/\/mb-project.hr\/wp-content\/uploads\/2023\/02\/logo.png\",\"width\":1024,\"height\":650,\"caption\":\"3D printanje, 3D modeliranje i lasersko graviranje\"},\"image\":{\"@id\":\"https:\/\/mb-project.hr\/#\/schema\/logo\/image\/\"}}]}<\/script>\n<!-- \/ Yoast SEO plugin. -->","yoast_head_json":{"title":"Pljoska od nehr\u0111aju\u0107eg \u010delika s crno obojenom povr\u0161inom - 3D printanje, 3D modeliranje i lasersko graviranje","robots":{"index":"index","follow":"follow","max-snippet":"max-snippet:-1","max-image-preview":"max-image-preview:large","max-video-preview":"max-video-preview:-1"},"canonical":"https:\/\/mb-project.hr\/de\/produkt\/pljoska-od-nehrdajuceg-celika-s-crno-obojenom-povrsinom\/","og_locale":"de_DE","og_type":"article","og_title":"Pljoska od nehr\u0111aju\u0107eg \u010delika s crno obojenom povr\u0161inom - 3D printanje, 3D modeliranje i lasersko graviranje","og_description":"Elegantna crna pljoska od nehr\u0111aju\u0107eg \u010delika. Moderan dizajn i mogu\u0107nost laserskog graviranja \u2013 savr\u0161en poklon za svaku priliku!  Pljoska sa gravurom po va\u0161oj \u017eelji. Odaberite natpis, ime ili poruku i pretvorite ga u poseban poklon za svaku priliku.  Zapremnina: 200 ml  Mogu\u010dnost jednostranog ili dvostranog graviranja.  Rok isporuke: 5-7 radnih dana  &nbsp;","og_url":"https:\/\/mb-project.hr\/de\/produkt\/pljoska-od-nehrdajuceg-celika-s-crno-obojenom-povrsinom\/","og_site_name":"3D printanje, 3D modeliranje i lasersko graviranje","article_modified_time":"2026-02-03T17:47:28+00:00","og_image":[{"width":1024,"height":1024,"url":"https:\/\/mb-project.hr\/wp-content\/uploads\/2025\/10\/ChatGPT-Image-26.-lis-2025.-15_15_15.png","type":"image\/png"}],"twitter_card":"summary_large_image","twitter_misc":{"Gesch\u00e4tzte Lesezeit":"1\u00a0Minute"},"schema":{"@context":"https:\/\/schema.org","@graph":[{"@type":"WebPage","@id":"https:\/\/mb-project.hr\/proizvod\/pljoska-od-nehrdajuceg-celika-s-crno-obojenom-povrsinom\/","url":"https:\/\/mb-project.hr\/proizvod\/pljoska-od-nehrdajuceg-celika-s-crno-obojenom-povrsinom\/","name":"Pljoska od nehr\u0111aju\u0107eg \u010delika s crno obojenom povr\u0161inom - 3D printanje, 3D modeliranje i lasersko graviranje","isPartOf":{"@id":"https:\/\/mb-project.hr\/#website"},"primaryImageOfPage":{"@id":"https:\/\/mb-project.hr\/proizvod\/pljoska-od-nehrdajuceg-celika-s-crno-obojenom-povrsinom\/#primaryimage"},"image":{"@id":"https:\/\/mb-project.hr\/proizvod\/pljoska-od-nehrdajuceg-celika-s-crno-obojenom-povrsinom\/#primaryimage"},"thumbnailUrl":"https:\/\/mb-project.hr\/wp-content\/uploads\/2025\/10\/ChatGPT-Image-26.-lis-2025.-15_15_15.png","datePublished":"2025-10-25T16:06:03+00:00","dateModified":"2026-02-03T17:47:28+00:00","breadcrumb":{"@id":"https:\/\/mb-project.hr\/proizvod\/pljoska-od-nehrdajuceg-celika-s-crno-obojenom-povrsinom\/#breadcrumb"},"inLanguage":"de","potentialAction":[{"@type":"ReadAction","target":["https:\/\/mb-project.hr\/proizvod\/pljoska-od-nehrdajuceg-celika-s-crno-obojenom-povrsinom\/"]}]},{"@type":"ImageObject","inLanguage":"de","@id":"https:\/\/mb-project.hr\/proizvod\/pljoska-od-nehrdajuceg-celika-s-crno-obojenom-povrsinom\/#primaryimage","url":"https:\/\/mb-project.hr\/wp-content\/uploads\/2025\/10\/ChatGPT-Image-26.-lis-2025.-15_15_15.png","contentUrl":"https:\/\/mb-project.hr\/wp-content\/uploads\/2025\/10\/ChatGPT-Image-26.-lis-2025.-15_15_15.png","width":1024,"height":1024},{"@type":"BreadcrumbList","@id":"https:\/\/mb-project.hr\/proizvod\/pljoska-od-nehrdajuceg-celika-s-crno-obojenom-povrsinom\/#breadcrumb","itemListElement":[{"@type":"ListItem","position":1,"name":"Po\u010detna stranica","item":"https:\/\/mb-project.hr\/"},{"@type":"ListItem","position":2,"name":"WEB SHOP","item":"https:\/\/mb-project.hr\/web-shop\/"},{"@type":"ListItem","position":3,"name":"Pljoska od nehr\u0111aju\u0107eg \u010delika s crno obojenom povr\u0161inom"}]},{"@type":"WebSite","@id":"https:\/\/mb-project.hr\/#website","url":"https:\/\/mb-project.hr\/","name":"3D printanje, 3D modeliranje i lasersko graviranje","description":"","publisher":{"@id":"https:\/\/mb-project.hr\/#organization"},"potentialAction":[{"@type":"SearchAction","target":{"@type":"EntryPoint","urlTemplate":"https:\/\/mb-project.hr\/?s={search_term_string}"},"query-input":{"@type":"PropertyValueSpecification","valueRequired":true,"valueName":"search_term_string"}}],"inLanguage":"de"},{"@type":"Organization","@id":"https:\/\/mb-project.hr\/#organization","name":"3D printanje, 3D modeliranje i lasersko graviranje","url":"https:\/\/mb-project.hr\/","logo":{"@type":"ImageObject","inLanguage":"de","@id":"https:\/\/mb-project.hr\/#\/schema\/logo\/image\/","url":"https:\/\/mb-project.hr\/wp-content\/uploads\/2023\/02\/logo.png","contentUrl":"https:\/\/mb-project.hr\/wp-content\/uploads\/2023\/02\/logo.png","width":1024,"height":650,"caption":"3D printanje, 3D modeliranje i lasersko graviranje"},"image":{"@id":"https:\/\/mb-project.hr\/#\/schema\/logo\/image\/"}}]}},"jetpack_sharing_enabled":true,"_links":{"self":[{"href":"https:\/\/mb-project.hr\/de\/wp-json\/wp\/v2\/product\/1556","targetHints":{"allow":["GET"]}}],"collection":[{"href":"https:\/\/mb-project.hr\/de\/wp-json\/wp\/v2\/product"}],"about":[{"href":"https:\/\/mb-project.hr\/de\/wp-json\/wp\/v2\/types\/product"}],"wp:featuredmedia":[{"embeddable":true,"href":"https:\/\/mb-project.hr\/de\/wp-json\/wp\/v2\/media\/1584"}],"wp:attachment":[{"href":"https:\/\/mb-project.hr\/de\/wp-json\/wp\/v2\/media?parent=1556"}],"wp:term":[{"taxonomy":"product_brand","embeddable":true,"href":"https:\/\/mb-project.hr\/de\/wp-json\/wp\/v2\/product_brand?post=1556"},{"taxonomy":"product_cat","embeddable":true,"href":"https:\/\/mb-project.hr\/de\/wp-json\/wp\/v2\/product_cat?post=1556"},{"taxonomy":"product_tag","embeddable":true,"href":"https:\/\/mb-project.hr\/de\/wp-json\/wp\/v2\/product_tag?post=1556"}],"curies":[{"name":"wp","href":"https:\/\/api.w.org\/{rel}","templated":true}]}}