{"id":1538,"date":"2025-10-26T19:08:15","date_gmt":"2025-10-26T18:08:15","guid":{"rendered":"https:\/\/mb-project.hr\/?post_type=product&#038;p=1538"},"modified":"2026-02-03T18:47:00","modified_gmt":"2026-02-03T17:47:00","slug":"metalni-gravirani-upaljac-elegancija-u-svakom-detalju","status":"publish","type":"product","link":"https:\/\/mb-project.hr\/de\/produkt\/metalni-gravirani-upaljac-elegancija-u-svakom-detalju\/","title":{"rendered":"Metall graviertes Feuerzeug - Eleganz in jedem Detail"},"content":{"rendered":"<p data-start=\"395\" data-end=\"741\">Betonen Sie Ihren Stil mit unseren <strong data-start=\"421\" data-end=\"454\">Metall Gravur Feuerzeug<\/strong> \u2013 ein perfektes Match <strong data-start=\"474\" data-end=\"521\">Eleganz, Ausdauer und Funktionalit\u00e4t<\/strong>.<br data-start=\"522\" data-end=\"525\" \/>Dies <strong data-start=\"530\" data-end=\"557\">Personalisiertes Feuerzeug<\/strong> aus hochwertigem Metall gefertigt und mit Liebe zum Detail graviert, was es ideal macht <strong data-start=\"650\" data-end=\"674\">Geschenke f\u00fcr M\u00e4nner<\/strong>, <strong data-start=\"676\" data-end=\"689\">Andenken<\/strong> oder <strong data-start=\"694\" data-end=\"716\">ein einzigartiges Supplement<\/strong> F\u00fcr den t\u00e4glichen Gebrauch.<\/p>\n<p data-start=\"743\" data-end=\"764\">\u25cb <strong data-start=\"745\" data-end=\"764\">Merkmale:<\/strong><\/p>\n<ul data-start=\"765\" data-end=\"1106\">\n<li data-start=\"765\" data-end=\"834\">\n<p data-start=\"767\" data-end=\"834\">Pr\u00e4mie <strong data-start=\"775\" data-end=\"799\">Metallbau<\/strong> \u2013 solide, langlebig und elegant<\/p>\n<\/li>\n<li data-start=\"835\" data-end=\"895\">\n<p data-start=\"837\" data-end=\"895\">Pr\u00e4zise <strong data-start=\"846\" data-end=\"867\">Gravur Ihrer Wahl<\/strong> \u2013 Banner, Logo oder Nachricht<\/p>\n<\/li>\n<li data-start=\"896\" data-end=\"946\">\n<p data-start=\"898\" data-end=\"946\"><strong data-start=\"898\" data-end=\"919\">Benzin-Feuerzeug<\/strong> \u2013 einfach zu bef\u00fcllen und zu verwenden<\/p>\n<\/li>\n<li data-start=\"947\" data-end=\"1015\">\n<p data-start=\"949\" data-end=\"1015\">Verkauft <strong data-start=\"960\" data-end=\"975\">ohne Benzin<\/strong> (aufgrund von Sicherheitsvorschriften beim Versand)<\/p>\n<\/li>\n<li data-start=\"1016\" data-end=\"1106\">\n<p data-start=\"1018\" data-end=\"1106\">Klassisches Design, geeignet f\u00fcr alle Gelegenheiten \u2013 Geburtstage, Jubil\u00e4en, Geschenke oder Sammlungen<\/p>\n<\/li>\n<\/ul>\n<p data-start=\"1108\" data-end=\"1283\">?? <strong data-start=\"1111\" data-end=\"1124\">Anm.:<\/strong><br data-start=\"1124\" data-end=\"1127\" \/>Feuerzeug wird geliefert <strong data-start=\"797\" data-end=\"821\">Leer (kein Benzin)<\/strong> aufgrund von Sicherheitsvorschriften w\u00e4hrend des Transports. Vor dem ersten Gebrauch sollte es mit Standardbenzin f\u00fcr Feuerzeuge (z.B. Zippo o.\u00e4.) bef\u00fcllt werden.<\/p>\n<p data-start=\"1285\" data-end=\"1483\">?? <strong data-start=\"1288\" data-end=\"1329\">Warum w\u00e4hlen Sie unser graviertes Feuerzeug?<\/strong><br data-start=\"1329\" data-end=\"1332\" \/>\u2714 Einzigartiger Look, der Pers\u00f6nlichkeit widerspiegelt<\/p>\n<p data-start=\"1285\" data-end=\"1483\">\u2714 Langlebig und wiederaufladbar - Feuerzeug, das Sie nicht wegwerfen<\/p>\n<p data-start=\"1285\" data-end=\"1483\">\u2714 Perfekt <strong data-start=\"1438\" data-end=\"1464\">Personalisiertes Geschenk<\/strong> F\u00fcr jeden Anlass<\/p>\n<p data-start=\"1285\" data-end=\"1483\">\u2714 M\u00f6glichkeit der Gravur einseitig oder beidseitig<\/p>\n<p data-start=\"1285\" data-end=\"1483\">Kontakt per E-Mail:\u00a0 <strong>3dmbproject@gmail.com<\/strong><\/p>\n<p data-start=\"1285\" data-end=\"1483\">?? Per Post versenden oder pers\u00f6nlich abholen.<\/p>","protected":false},"excerpt":{"rendered":"<p>Einzigartiges Metallfeuerzeug mit Gravur nach Ihren W\u00fcnschen. W\u00e4hlen Sie eine Inschrift, einen Namen oder eine Nachricht und machen Sie sie zu einem besonderen Geschenk f\u00fcr jeden Anlass.<\/p>\n<p>Farbe des Feuerzeugs: schwarz<\/p>\n<p>M\u00f6glichkeit der einseitigen oder zweiseitigen Gravur.<\/p>\n<p>Abmessungen des Feuerzeugs: 58x39mm<\/p>\n<p><strong>Lieferzeit<\/strong>: 5-7 Werktage<\/p>","protected":false},"featured_media":1593,"template":"","meta":[],"product_brand":[],"product_cat":[59,43],"product_tag":[],"class_list":{"0":"post-1538","1":"product","2":"type-product","3":"status-publish","4":"has-post-thumbnail","6":"product_cat-graviranje","7":"product_cat-personalizirani","9":"first","10":"onbackorder","11":"shipping-taxable","12":"purchasable","13":"product-type-variable"},"group_of_quantity":0,"min_quantity":0,"max_quantity":"","exclude_order_quantity_value_rules":"no","exclude_category_quantity_rules":"no","combine_variations":"no","exclude_global_add_ons":[],"addons":[],"yoast_head":"<!-- This site is optimized with the Yoast SEO plugin v26.0 - https:\/\/yoast.com\/wordpress\/plugins\/seo\/ -->\n<title>Metalni gravirani upalja\u010d \u2013 elegancija u svakom detalju - 3D printanje, 3D modeliranje i lasersko graviranje<\/title>\n<meta name=\"robots\" content=\"index, follow, max-snippet:-1, max-image-preview:large, max-video-preview:-1\" \/>\n<link rel=\"canonical\" href=\"https:\/\/mb-project.hr\/de\/produkt\/metalni-gravirani-upaljac-elegancija-u-svakom-detalju\/\" \/>\n<meta property=\"og:locale\" content=\"de_DE\" \/>\n<meta property=\"og:type\" content=\"article\" \/>\n<meta property=\"og:title\" content=\"Metalni gravirani upalja\u010d \u2013 elegancija u svakom detalju - 3D printanje, 3D modeliranje i lasersko graviranje\" \/>\n<meta property=\"og:description\" content=\"Unikatan metalni upalja\u010d s gravurom po va\u0161oj \u017eelji. Odaberite natpis, ime ili poruku i pretvorite ga u poseban poklon za svaku priliku.  Boja upalja\u010da: crna  Mogu\u010dnost jednostranog ili dvostranog graviranja.  Dimenzija upalja\u010da: 58x39mm  Rok isporuke: 5-7 radnih dana\" \/>\n<meta property=\"og:url\" content=\"https:\/\/mb-project.hr\/de\/produkt\/metalni-gravirani-upaljac-elegancija-u-svakom-detalju\/\" \/>\n<meta property=\"og:site_name\" content=\"3D printanje, 3D modeliranje i lasersko graviranje\" \/>\n<meta property=\"article:modified_time\" content=\"2026-02-03T17:47:00+00:00\" \/>\n<meta property=\"og:image\" content=\"https:\/\/mb-project.hr\/wp-content\/uploads\/2025\/10\/ChatGPT-Image-26.-lis-2025.-19_02_56-683x1024.png\" \/>\n\t<meta property=\"og:image:width\" content=\"683\" \/>\n\t<meta property=\"og:image:height\" content=\"1024\" \/>\n\t<meta property=\"og:image:type\" content=\"image\/png\" \/>\n<meta name=\"twitter:card\" content=\"summary_large_image\" \/>\n<meta name=\"twitter:label1\" content=\"Gesch\u00e4tzte Lesezeit\" \/>\n\t<meta name=\"twitter:data1\" content=\"2\u00a0Minuten\" \/>\n<script type=\"application\/ld+json\" class=\"yoast-schema-graph\">{\"@context\":\"https:\/\/schema.org\",\"@graph\":[{\"@type\":\"WebPage\",\"@id\":\"https:\/\/mb-project.hr\/proizvod\/metalni-gravirani-upaljac-elegancija-u-svakom-detalju\/\",\"url\":\"https:\/\/mb-project.hr\/proizvod\/metalni-gravirani-upaljac-elegancija-u-svakom-detalju\/\",\"name\":\"Metalni gravirani upalja\u010d \u2013 elegancija u svakom detalju - 3D printanje, 3D modeliranje i lasersko graviranje\",\"isPartOf\":{\"@id\":\"https:\/\/mb-project.hr\/#website\"},\"primaryImageOfPage\":{\"@id\":\"https:\/\/mb-project.hr\/proizvod\/metalni-gravirani-upaljac-elegancija-u-svakom-detalju\/#primaryimage\"},\"image\":{\"@id\":\"https:\/\/mb-project.hr\/proizvod\/metalni-gravirani-upaljac-elegancija-u-svakom-detalju\/#primaryimage\"},\"thumbnailUrl\":\"https:\/\/mb-project.hr\/wp-content\/uploads\/2025\/10\/ChatGPT-Image-26.-lis-2025.-19_02_56.png\",\"datePublished\":\"2025-10-26T18:08:15+00:00\",\"dateModified\":\"2026-02-03T17:47:00+00:00\",\"breadcrumb\":{\"@id\":\"https:\/\/mb-project.hr\/proizvod\/metalni-gravirani-upaljac-elegancija-u-svakom-detalju\/#breadcrumb\"},\"inLanguage\":\"de\",\"potentialAction\":[{\"@type\":\"ReadAction\",\"target\":[\"https:\/\/mb-project.hr\/proizvod\/metalni-gravirani-upaljac-elegancija-u-svakom-detalju\/\"]}]},{\"@type\":\"ImageObject\",\"inLanguage\":\"de\",\"@id\":\"https:\/\/mb-project.hr\/proizvod\/metalni-gravirani-upaljac-elegancija-u-svakom-detalju\/#primaryimage\",\"url\":\"https:\/\/mb-project.hr\/wp-content\/uploads\/2025\/10\/ChatGPT-Image-26.-lis-2025.-19_02_56.png\",\"contentUrl\":\"https:\/\/mb-project.hr\/wp-content\/uploads\/2025\/10\/ChatGPT-Image-26.-lis-2025.-19_02_56.png\",\"width\":1024,\"height\":1536},{\"@type\":\"BreadcrumbList\",\"@id\":\"https:\/\/mb-project.hr\/proizvod\/metalni-gravirani-upaljac-elegancija-u-svakom-detalju\/#breadcrumb\",\"itemListElement\":[{\"@type\":\"ListItem\",\"position\":1,\"name\":\"Po\u010detna stranica\",\"item\":\"https:\/\/mb-project.hr\/\"},{\"@type\":\"ListItem\",\"position\":2,\"name\":\"WEB SHOP\",\"item\":\"https:\/\/mb-project.hr\/web-shop\/\"},{\"@type\":\"ListItem\",\"position\":3,\"name\":\"Metalni gravirani upalja\u010d \u2013 elegancija u svakom detalju\"}]},{\"@type\":\"WebSite\",\"@id\":\"https:\/\/mb-project.hr\/#website\",\"url\":\"https:\/\/mb-project.hr\/\",\"name\":\"3D printanje, 3D modeliranje i lasersko graviranje\",\"description\":\"\",\"publisher\":{\"@id\":\"https:\/\/mb-project.hr\/#organization\"},\"potentialAction\":[{\"@type\":\"SearchAction\",\"target\":{\"@type\":\"EntryPoint\",\"urlTemplate\":\"https:\/\/mb-project.hr\/?s={search_term_string}\"},\"query-input\":{\"@type\":\"PropertyValueSpecification\",\"valueRequired\":true,\"valueName\":\"search_term_string\"}}],\"inLanguage\":\"de\"},{\"@type\":\"Organization\",\"@id\":\"https:\/\/mb-project.hr\/#organization\",\"name\":\"3D printanje, 3D modeliranje i lasersko graviranje\",\"url\":\"https:\/\/mb-project.hr\/\",\"logo\":{\"@type\":\"ImageObject\",\"inLanguage\":\"de\",\"@id\":\"https:\/\/mb-project.hr\/#\/schema\/logo\/image\/\",\"url\":\"https:\/\/mb-project.hr\/wp-content\/uploads\/2023\/02\/logo.png\",\"contentUrl\":\"https:\/\/mb-project.hr\/wp-content\/uploads\/2023\/02\/logo.png\",\"width\":1024,\"height\":650,\"caption\":\"3D printanje, 3D modeliranje i lasersko graviranje\"},\"image\":{\"@id\":\"https:\/\/mb-project.hr\/#\/schema\/logo\/image\/\"}}]}<\/script>\n<!-- \/ Yoast SEO plugin. -->","yoast_head_json":{"title":"Metalni gravirani upalja\u010d \u2013 elegancija u svakom detalju - 3D printanje, 3D modeliranje i lasersko graviranje","robots":{"index":"index","follow":"follow","max-snippet":"max-snippet:-1","max-image-preview":"max-image-preview:large","max-video-preview":"max-video-preview:-1"},"canonical":"https:\/\/mb-project.hr\/de\/produkt\/metalni-gravirani-upaljac-elegancija-u-svakom-detalju\/","og_locale":"de_DE","og_type":"article","og_title":"Metalni gravirani upalja\u010d \u2013 elegancija u svakom detalju - 3D printanje, 3D modeliranje i lasersko graviranje","og_description":"Unikatan metalni upalja\u010d s gravurom po va\u0161oj \u017eelji. Odaberite natpis, ime ili poruku i pretvorite ga u poseban poklon za svaku priliku.  Boja upalja\u010da: crna  Mogu\u010dnost jednostranog ili dvostranog graviranja.  Dimenzija upalja\u010da: 58x39mm  Rok isporuke: 5-7 radnih dana","og_url":"https:\/\/mb-project.hr\/de\/produkt\/metalni-gravirani-upaljac-elegancija-u-svakom-detalju\/","og_site_name":"3D printanje, 3D modeliranje i lasersko graviranje","article_modified_time":"2026-02-03T17:47:00+00:00","og_image":[{"width":683,"height":1024,"url":"https:\/\/mb-project.hr\/wp-content\/uploads\/2025\/10\/ChatGPT-Image-26.-lis-2025.-19_02_56-683x1024.png","type":"image\/png"}],"twitter_card":"summary_large_image","twitter_misc":{"Gesch\u00e4tzte Lesezeit":"2\u00a0Minuten"},"schema":{"@context":"https:\/\/schema.org","@graph":[{"@type":"WebPage","@id":"https:\/\/mb-project.hr\/proizvod\/metalni-gravirani-upaljac-elegancija-u-svakom-detalju\/","url":"https:\/\/mb-project.hr\/proizvod\/metalni-gravirani-upaljac-elegancija-u-svakom-detalju\/","name":"Metalni gravirani upalja\u010d \u2013 elegancija u svakom detalju - 3D printanje, 3D modeliranje i lasersko graviranje","isPartOf":{"@id":"https:\/\/mb-project.hr\/#website"},"primaryImageOfPage":{"@id":"https:\/\/mb-project.hr\/proizvod\/metalni-gravirani-upaljac-elegancija-u-svakom-detalju\/#primaryimage"},"image":{"@id":"https:\/\/mb-project.hr\/proizvod\/metalni-gravirani-upaljac-elegancija-u-svakom-detalju\/#primaryimage"},"thumbnailUrl":"https:\/\/mb-project.hr\/wp-content\/uploads\/2025\/10\/ChatGPT-Image-26.-lis-2025.-19_02_56.png","datePublished":"2025-10-26T18:08:15+00:00","dateModified":"2026-02-03T17:47:00+00:00","breadcrumb":{"@id":"https:\/\/mb-project.hr\/proizvod\/metalni-gravirani-upaljac-elegancija-u-svakom-detalju\/#breadcrumb"},"inLanguage":"de","potentialAction":[{"@type":"ReadAction","target":["https:\/\/mb-project.hr\/proizvod\/metalni-gravirani-upaljac-elegancija-u-svakom-detalju\/"]}]},{"@type":"ImageObject","inLanguage":"de","@id":"https:\/\/mb-project.hr\/proizvod\/metalni-gravirani-upaljac-elegancija-u-svakom-detalju\/#primaryimage","url":"https:\/\/mb-project.hr\/wp-content\/uploads\/2025\/10\/ChatGPT-Image-26.-lis-2025.-19_02_56.png","contentUrl":"https:\/\/mb-project.hr\/wp-content\/uploads\/2025\/10\/ChatGPT-Image-26.-lis-2025.-19_02_56.png","width":1024,"height":1536},{"@type":"BreadcrumbList","@id":"https:\/\/mb-project.hr\/proizvod\/metalni-gravirani-upaljac-elegancija-u-svakom-detalju\/#breadcrumb","itemListElement":[{"@type":"ListItem","position":1,"name":"Po\u010detna stranica","item":"https:\/\/mb-project.hr\/"},{"@type":"ListItem","position":2,"name":"WEB SHOP","item":"https:\/\/mb-project.hr\/web-shop\/"},{"@type":"ListItem","position":3,"name":"Metalni gravirani upalja\u010d \u2013 elegancija u svakom detalju"}]},{"@type":"WebSite","@id":"https:\/\/mb-project.hr\/#website","url":"https:\/\/mb-project.hr\/","name":"3D printanje, 3D modeliranje i lasersko graviranje","description":"","publisher":{"@id":"https:\/\/mb-project.hr\/#organization"},"potentialAction":[{"@type":"SearchAction","target":{"@type":"EntryPoint","urlTemplate":"https:\/\/mb-project.hr\/?s={search_term_string}"},"query-input":{"@type":"PropertyValueSpecification","valueRequired":true,"valueName":"search_term_string"}}],"inLanguage":"de"},{"@type":"Organization","@id":"https:\/\/mb-project.hr\/#organization","name":"3D printanje, 3D modeliranje i lasersko graviranje","url":"https:\/\/mb-project.hr\/","logo":{"@type":"ImageObject","inLanguage":"de","@id":"https:\/\/mb-project.hr\/#\/schema\/logo\/image\/","url":"https:\/\/mb-project.hr\/wp-content\/uploads\/2023\/02\/logo.png","contentUrl":"https:\/\/mb-project.hr\/wp-content\/uploads\/2023\/02\/logo.png","width":1024,"height":650,"caption":"3D printanje, 3D modeliranje i lasersko graviranje"},"image":{"@id":"https:\/\/mb-project.hr\/#\/schema\/logo\/image\/"}}]}},"jetpack_sharing_enabled":true,"_links":{"self":[{"href":"https:\/\/mb-project.hr\/de\/wp-json\/wp\/v2\/product\/1538","targetHints":{"allow":["GET"]}}],"collection":[{"href":"https:\/\/mb-project.hr\/de\/wp-json\/wp\/v2\/product"}],"about":[{"href":"https:\/\/mb-project.hr\/de\/wp-json\/wp\/v2\/types\/product"}],"wp:featuredmedia":[{"embeddable":true,"href":"https:\/\/mb-project.hr\/de\/wp-json\/wp\/v2\/media\/1593"}],"wp:attachment":[{"href":"https:\/\/mb-project.hr\/de\/wp-json\/wp\/v2\/media?parent=1538"}],"wp:term":[{"taxonomy":"product_brand","embeddable":true,"href":"https:\/\/mb-project.hr\/de\/wp-json\/wp\/v2\/product_brand?post=1538"},{"taxonomy":"product_cat","embeddable":true,"href":"https:\/\/mb-project.hr\/de\/wp-json\/wp\/v2\/product_cat?post=1538"},{"taxonomy":"product_tag","embeddable":true,"href":"https:\/\/mb-project.hr\/de\/wp-json\/wp\/v2\/product_tag?post=1538"}],"curies":[{"name":"wp","href":"https:\/\/api.w.org\/{rel}","templated":true}]}}