{"id":1494,"date":"2025-10-18T22:08:55","date_gmt":"2025-10-18T20:08:55","guid":{"rendered":"https:\/\/mb-project.hr\/?post_type=product&#038;p=1494"},"modified":"2025-11-20T10:28:17","modified_gmt":"2025-11-20T09:28:17","slug":"3d-printani-privjesci-po-narudzbi","status":"publish","type":"product","link":"https:\/\/mb-project.hr\/de\/produkt\/3d-printani-privjesci-po-narudzbi\/","title":{"rendered":"3D gedruckte Anh\u00e4nger auf Bestellung"},"content":{"rendered":"<h4 data-start=\"1224\" data-end=\"1284\">?? 3D gedruckte Anh\u00e4nger - personalisiert und einzigartig<\/h4>\n<p data-start=\"1285\" data-end=\"1544\">F\u00fcgen Sie einen pers\u00f6nlichen Stempel zu Ihren Schl\u00fcsseln mit <strong data-start=\"1325\" data-end=\"1350\">3D-gedruckte Anh\u00e4nger<\/strong> Gemacht nach Ihren W\u00fcnschen!<br data-start=\"1376\" data-end=\"1379\" \/>Unsere <strong data-start=\"1384\" data-end=\"1436\">personalisierte Anh\u00e4nger mit Namen oder Logo<\/strong> mit Hilfe von pr\u00e4zisen <strong data-start=\"1467\" data-end=\"1491\">3D-Drucktechnologie<\/strong>, was ein hohes Ma\u00df an Detailgenauigkeit und Langlebigkeit erm\u00f6glicht.<\/p>\n<h4 data-start=\"1546\" data-end=\"1566\">?? Perfekt f\u00fcr:<\/h4>\n<ul data-start=\"1567\" data-end=\"1721\">\n<li data-start=\"1567\" data-end=\"1623\">\n<p data-start=\"1569\" data-end=\"1623\">Geschenke f\u00fcr Geburtstage, Jubil\u00e4en oder besondere Anl\u00e4sse<\/p>\n<\/li>\n<li data-start=\"1624\" data-end=\"1669\">\n<p data-start=\"1626\" data-end=\"1669\">Werbematerialien f\u00fcr Firmen und Vereine<\/p>\n<\/li>\n<li data-start=\"1670\" data-end=\"1721\">\n<p data-start=\"1672\" data-end=\"1721\">Einzigartiges Zubeh\u00f6r f\u00fcr Autos, Taschen und Rucks\u00e4cke<\/p>\n<\/li>\n<\/ul>\n<h4 data-start=\"1723\" data-end=\"1755\">?? Technische Merkmale:<\/h4>\n<ul data-start=\"1756\" data-end=\"1894\">\n<li data-start=\"1788\" data-end=\"1824\">\n<p data-start=\"1790\" data-end=\"1824\">Fertigungstechnik: FDM 3D-Druck<\/p>\n<\/li>\n<li data-start=\"1825\" data-end=\"1854\">\n<p data-start=\"1827\" data-end=\"1854\">Farben und Gr\u00f6\u00dfen Ihrer Wahl<\/p>\n<\/li>\n<li data-start=\"1825\" data-end=\"1854\">M\u00f6glichkeit, bis zu 4 Farben zu machen<\/li>\n<li data-start=\"1855\" data-end=\"1894\">\n<p data-start=\"1857\" data-end=\"1894\">Kommt mit einem Metallring und Kette<\/p>\n<\/li>\n<\/ul>\n<h4 data-start=\"1896\" data-end=\"1913\">\u25cb Vorteile:<\/h4>\n<ul data-start=\"1914\" data-end=\"2111\">\n<li data-start=\"1914\" data-end=\"1972\">\n<p data-start=\"1916\" data-end=\"1972\">Vollst\u00e4ndig <strong data-start=\"1924\" data-end=\"1951\">Personalisierung des Designs<\/strong> (Name, Logo, Motiv)<\/p>\n<\/li>\n<li data-start=\"1973\" data-end=\"2020\">\n<p data-start=\"1975\" data-end=\"2020\"><strong data-start=\"1975\" data-end=\"2007\">Qualit\u00e4t und pr\u00e4zise Verarbeitung<\/strong> 3D-Druck<\/p>\n<\/li>\n<li data-start=\"2021\" data-end=\"2059\">\n<p data-start=\"2023\" data-end=\"2059\"><strong data-start=\"2023\" data-end=\"2046\">Leicht und langlebig<\/strong> Werkstoffe<\/p>\n<\/li>\n<li data-start=\"2060\" data-end=\"2111\">\n<p data-start=\"2062\" data-end=\"2111\">Jeder Anh\u00e4nger ist <strong data-start=\"2081\" data-end=\"2109\">Einzigartig und handverarbeitet<\/strong><\/p>\n<\/li>\n<\/ul>\n<p data-start=\"2113\" data-end=\"2280\">?? <strong data-start=\"2116\" data-end=\"2134\">Das ideale Geschenk<\/strong> f\u00fcr Freunde, Kollegen oder Markenwerbung.<br data-start=\"2178\" data-end=\"2181\" \/>Bestellen Sie Ihre eigene <strong data-start=\"2193\" data-end=\"2225\">Benutzerdefinierte 3D-gedruckte Anh\u00e4nger<\/strong> Auch heute noch, dr\u00fccken Sie Ihren Stil durch originelles Design aus!<\/p>\n<p data-start=\"961\" data-end=\"1088\">Wenn Sie Ihr 3D-Modell nicht im STL- oder STEP-Format haben, berechnen wir 30 \u20ac f\u00fcr die Erstellung eines 3D-Modells f\u00fcr den Druck, unabh\u00e4ngig von der Menge.<\/p>\n<p data-start=\"988\" data-end=\"1030\">?? Per Post versenden oder pers\u00f6nlich abholen.<\/p>","protected":false},"excerpt":{"rendered":"<p data-start=\"377\" data-end=\"470\">Ma\u00dfgeschneiderte, personalisierte 3D-gedruckte Anh\u00e4nger \u2013 mit Namen, Logo oder einzigartigem Design. Qualit\u00e4t, langlebig und perfekt als Geschenk oder Schl\u00fcsselzubeh\u00f6r.<\/p>\n<p><strong>Wenn Sie Ihr 3D-Modell nicht im STL- oder STEP-Format haben, berechnen wir 30 \u20ac f\u00fcr die Erstellung eines 3D-Modells f\u00fcr den Druck, unabh\u00e4ngig von der Menge.<\/strong><\/p>\n<p>Mindestbestellmenge: 25 St\u00fcck<\/p>\n<p><strong>PREIS AUF FRAGE !!!<\/strong><\/p>\n<p>Kontakt per E-Mail:\u00a0 <strong>3dmbproject@gmail.com<\/strong><\/p>","protected":false},"featured_media":1503,"template":"","meta":[],"product_brand":[],"product_cat":[43,44,95],"product_tag":[],"class_list":{"0":"post-1494","1":"product","2":"type-product","3":"status-publish","4":"has-post-thumbnail","6":"product_cat-personalizirani","7":"product_cat-promocijski-materijali","8":"product_cat-zatrazi-ponudu","10":"first","11":"onbackorder","12":"shipping-taxable","13":"product-type-simple"},"group_of_quantity":0,"min_quantity":0,"max_quantity":"","exclude_order_quantity_value_rules":"no","exclude_category_quantity_rules":"no","combine_variations":"no","exclude_global_add_ons":[],"addons":[],"yoast_head":"<!-- This site is optimized with the Yoast SEO plugin v26.0 - https:\/\/yoast.com\/wordpress\/plugins\/seo\/ -->\n<title>3D Printani Privjesci po Narud\u017ebi - 3D printanje, 3D modeliranje i lasersko graviranje<\/title>\n<meta name=\"robots\" content=\"index, follow, max-snippet:-1, max-image-preview:large, max-video-preview:-1\" \/>\n<link rel=\"canonical\" href=\"https:\/\/mb-project.hr\/de\/produkt\/3d-printani-privjesci-po-narudzbi\/\" \/>\n<meta property=\"og:locale\" content=\"de_DE\" \/>\n<meta property=\"og:type\" content=\"article\" \/>\n<meta property=\"og:title\" content=\"3D Printani Privjesci po Narud\u017ebi - 3D printanje, 3D modeliranje i lasersko graviranje\" \/>\n<meta property=\"og:description\" content=\"Personalizirani 3D printani privjesci izra\u0111eni po narud\u017ebi \u2013 s imenom, logotipom ili unikatnim dizajnom. Kvalitetni, izdr\u017eljivi i savr\u0161eni kao poklon ili dodatak za klju\u010deve. Ukoliko nemate svoj 3D model u STL ili STEP formatu , izradu 3D modela za printanje napla\u010dujemo 30\u20ac bez obzira na koli\u010dinu.  Minimalna koli\u010dina za narud\u017ebu: 25 komada  CIJENA NA UPIT !!!  Kontakt na e-mail:\u00a0 3dmbproject@gmail.com\" \/>\n<meta property=\"og:url\" content=\"https:\/\/mb-project.hr\/de\/produkt\/3d-printani-privjesci-po-narudzbi\/\" \/>\n<meta property=\"og:site_name\" content=\"3D printanje, 3D modeliranje i lasersko graviranje\" \/>\n<meta property=\"article:modified_time\" content=\"2025-11-20T09:28:17+00:00\" \/>\n<meta property=\"og:image\" content=\"https:\/\/mb-project.hr\/wp-content\/uploads\/2025\/10\/ChatGPT-Image-18.-lis-2025.-22_06_01-1.png\" \/>\n\t<meta property=\"og:image:width\" content=\"1024\" \/>\n\t<meta property=\"og:image:height\" content=\"1024\" \/>\n\t<meta property=\"og:image:type\" content=\"image\/png\" \/>\n<meta name=\"twitter:card\" content=\"summary_large_image\" \/>\n<meta name=\"twitter:label1\" content=\"Gesch\u00e4tzte Lesezeit\" \/>\n\t<meta name=\"twitter:data1\" content=\"2\u00a0Minuten\" \/>\n<script type=\"application\/ld+json\" class=\"yoast-schema-graph\">{\"@context\":\"https:\/\/schema.org\",\"@graph\":[{\"@type\":\"WebPage\",\"@id\":\"https:\/\/mb-project.hr\/proizvod\/3d-printani-privjesci-po-narudzbi\/\",\"url\":\"https:\/\/mb-project.hr\/proizvod\/3d-printani-privjesci-po-narudzbi\/\",\"name\":\"3D Printani Privjesci po Narud\u017ebi - 3D printanje, 3D modeliranje i lasersko graviranje\",\"isPartOf\":{\"@id\":\"https:\/\/mb-project.hr\/#website\"},\"primaryImageOfPage\":{\"@id\":\"https:\/\/mb-project.hr\/proizvod\/3d-printani-privjesci-po-narudzbi\/#primaryimage\"},\"image\":{\"@id\":\"https:\/\/mb-project.hr\/proizvod\/3d-printani-privjesci-po-narudzbi\/#primaryimage\"},\"thumbnailUrl\":\"https:\/\/mb-project.hr\/wp-content\/uploads\/2025\/10\/ChatGPT-Image-18.-lis-2025.-22_06_01-1.png\",\"datePublished\":\"2025-10-18T20:08:55+00:00\",\"dateModified\":\"2025-11-20T09:28:17+00:00\",\"breadcrumb\":{\"@id\":\"https:\/\/mb-project.hr\/proizvod\/3d-printani-privjesci-po-narudzbi\/#breadcrumb\"},\"inLanguage\":\"de\",\"potentialAction\":[{\"@type\":\"ReadAction\",\"target\":[\"https:\/\/mb-project.hr\/proizvod\/3d-printani-privjesci-po-narudzbi\/\"]}]},{\"@type\":\"ImageObject\",\"inLanguage\":\"de\",\"@id\":\"https:\/\/mb-project.hr\/proizvod\/3d-printani-privjesci-po-narudzbi\/#primaryimage\",\"url\":\"https:\/\/mb-project.hr\/wp-content\/uploads\/2025\/10\/ChatGPT-Image-18.-lis-2025.-22_06_01-1.png\",\"contentUrl\":\"https:\/\/mb-project.hr\/wp-content\/uploads\/2025\/10\/ChatGPT-Image-18.-lis-2025.-22_06_01-1.png\",\"width\":1024,\"height\":1024},{\"@type\":\"BreadcrumbList\",\"@id\":\"https:\/\/mb-project.hr\/proizvod\/3d-printani-privjesci-po-narudzbi\/#breadcrumb\",\"itemListElement\":[{\"@type\":\"ListItem\",\"position\":1,\"name\":\"Po\u010detna stranica\",\"item\":\"https:\/\/mb-project.hr\/\"},{\"@type\":\"ListItem\",\"position\":2,\"name\":\"WEB SHOP\",\"item\":\"https:\/\/mb-project.hr\/web-shop\/\"},{\"@type\":\"ListItem\",\"position\":3,\"name\":\"3D Printani Privjesci po Narud\u017ebi\"}]},{\"@type\":\"WebSite\",\"@id\":\"https:\/\/mb-project.hr\/#website\",\"url\":\"https:\/\/mb-project.hr\/\",\"name\":\"3D printanje, 3D modeliranje i lasersko graviranje\",\"description\":\"\",\"publisher\":{\"@id\":\"https:\/\/mb-project.hr\/#organization\"},\"potentialAction\":[{\"@type\":\"SearchAction\",\"target\":{\"@type\":\"EntryPoint\",\"urlTemplate\":\"https:\/\/mb-project.hr\/?s={search_term_string}\"},\"query-input\":{\"@type\":\"PropertyValueSpecification\",\"valueRequired\":true,\"valueName\":\"search_term_string\"}}],\"inLanguage\":\"de\"},{\"@type\":\"Organization\",\"@id\":\"https:\/\/mb-project.hr\/#organization\",\"name\":\"3D printanje, 3D modeliranje i lasersko graviranje\",\"url\":\"https:\/\/mb-project.hr\/\",\"logo\":{\"@type\":\"ImageObject\",\"inLanguage\":\"de\",\"@id\":\"https:\/\/mb-project.hr\/#\/schema\/logo\/image\/\",\"url\":\"https:\/\/mb-project.hr\/wp-content\/uploads\/2023\/02\/logo.png\",\"contentUrl\":\"https:\/\/mb-project.hr\/wp-content\/uploads\/2023\/02\/logo.png\",\"width\":1024,\"height\":650,\"caption\":\"3D printanje, 3D modeliranje i lasersko graviranje\"},\"image\":{\"@id\":\"https:\/\/mb-project.hr\/#\/schema\/logo\/image\/\"}}]}<\/script>\n<!-- \/ Yoast SEO plugin. -->","yoast_head_json":{"title":"3D Printani Privjesci po Narud\u017ebi - 3D printanje, 3D modeliranje i lasersko graviranje","robots":{"index":"index","follow":"follow","max-snippet":"max-snippet:-1","max-image-preview":"max-image-preview:large","max-video-preview":"max-video-preview:-1"},"canonical":"https:\/\/mb-project.hr\/de\/produkt\/3d-printani-privjesci-po-narudzbi\/","og_locale":"de_DE","og_type":"article","og_title":"3D Printani Privjesci po Narud\u017ebi - 3D printanje, 3D modeliranje i lasersko graviranje","og_description":"Personalizirani 3D printani privjesci izra\u0111eni po narud\u017ebi \u2013 s imenom, logotipom ili unikatnim dizajnom. Kvalitetni, izdr\u017eljivi i savr\u0161eni kao poklon ili dodatak za klju\u010deve. Ukoliko nemate svoj 3D model u STL ili STEP formatu , izradu 3D modela za printanje napla\u010dujemo 30\u20ac bez obzira na koli\u010dinu.  Minimalna koli\u010dina za narud\u017ebu: 25 komada  CIJENA NA UPIT !!!  Kontakt na e-mail:\u00a0 3dmbproject@gmail.com","og_url":"https:\/\/mb-project.hr\/de\/produkt\/3d-printani-privjesci-po-narudzbi\/","og_site_name":"3D printanje, 3D modeliranje i lasersko graviranje","article_modified_time":"2025-11-20T09:28:17+00:00","og_image":[{"width":1024,"height":1024,"url":"https:\/\/mb-project.hr\/wp-content\/uploads\/2025\/10\/ChatGPT-Image-18.-lis-2025.-22_06_01-1.png","type":"image\/png"}],"twitter_card":"summary_large_image","twitter_misc":{"Gesch\u00e4tzte Lesezeit":"2\u00a0Minuten"},"schema":{"@context":"https:\/\/schema.org","@graph":[{"@type":"WebPage","@id":"https:\/\/mb-project.hr\/proizvod\/3d-printani-privjesci-po-narudzbi\/","url":"https:\/\/mb-project.hr\/proizvod\/3d-printani-privjesci-po-narudzbi\/","name":"3D Printani Privjesci po Narud\u017ebi - 3D printanje, 3D modeliranje i lasersko graviranje","isPartOf":{"@id":"https:\/\/mb-project.hr\/#website"},"primaryImageOfPage":{"@id":"https:\/\/mb-project.hr\/proizvod\/3d-printani-privjesci-po-narudzbi\/#primaryimage"},"image":{"@id":"https:\/\/mb-project.hr\/proizvod\/3d-printani-privjesci-po-narudzbi\/#primaryimage"},"thumbnailUrl":"https:\/\/mb-project.hr\/wp-content\/uploads\/2025\/10\/ChatGPT-Image-18.-lis-2025.-22_06_01-1.png","datePublished":"2025-10-18T20:08:55+00:00","dateModified":"2025-11-20T09:28:17+00:00","breadcrumb":{"@id":"https:\/\/mb-project.hr\/proizvod\/3d-printani-privjesci-po-narudzbi\/#breadcrumb"},"inLanguage":"de","potentialAction":[{"@type":"ReadAction","target":["https:\/\/mb-project.hr\/proizvod\/3d-printani-privjesci-po-narudzbi\/"]}]},{"@type":"ImageObject","inLanguage":"de","@id":"https:\/\/mb-project.hr\/proizvod\/3d-printani-privjesci-po-narudzbi\/#primaryimage","url":"https:\/\/mb-project.hr\/wp-content\/uploads\/2025\/10\/ChatGPT-Image-18.-lis-2025.-22_06_01-1.png","contentUrl":"https:\/\/mb-project.hr\/wp-content\/uploads\/2025\/10\/ChatGPT-Image-18.-lis-2025.-22_06_01-1.png","width":1024,"height":1024},{"@type":"BreadcrumbList","@id":"https:\/\/mb-project.hr\/proizvod\/3d-printani-privjesci-po-narudzbi\/#breadcrumb","itemListElement":[{"@type":"ListItem","position":1,"name":"Po\u010detna stranica","item":"https:\/\/mb-project.hr\/"},{"@type":"ListItem","position":2,"name":"WEB SHOP","item":"https:\/\/mb-project.hr\/web-shop\/"},{"@type":"ListItem","position":3,"name":"3D Printani Privjesci po Narud\u017ebi"}]},{"@type":"WebSite","@id":"https:\/\/mb-project.hr\/#website","url":"https:\/\/mb-project.hr\/","name":"3D printanje, 3D modeliranje i lasersko graviranje","description":"","publisher":{"@id":"https:\/\/mb-project.hr\/#organization"},"potentialAction":[{"@type":"SearchAction","target":{"@type":"EntryPoint","urlTemplate":"https:\/\/mb-project.hr\/?s={search_term_string}"},"query-input":{"@type":"PropertyValueSpecification","valueRequired":true,"valueName":"search_term_string"}}],"inLanguage":"de"},{"@type":"Organization","@id":"https:\/\/mb-project.hr\/#organization","name":"3D printanje, 3D modeliranje i lasersko graviranje","url":"https:\/\/mb-project.hr\/","logo":{"@type":"ImageObject","inLanguage":"de","@id":"https:\/\/mb-project.hr\/#\/schema\/logo\/image\/","url":"https:\/\/mb-project.hr\/wp-content\/uploads\/2023\/02\/logo.png","contentUrl":"https:\/\/mb-project.hr\/wp-content\/uploads\/2023\/02\/logo.png","width":1024,"height":650,"caption":"3D printanje, 3D modeliranje i lasersko graviranje"},"image":{"@id":"https:\/\/mb-project.hr\/#\/schema\/logo\/image\/"}}]}},"jetpack_sharing_enabled":true,"_links":{"self":[{"href":"https:\/\/mb-project.hr\/de\/wp-json\/wp\/v2\/product\/1494","targetHints":{"allow":["GET"]}}],"collection":[{"href":"https:\/\/mb-project.hr\/de\/wp-json\/wp\/v2\/product"}],"about":[{"href":"https:\/\/mb-project.hr\/de\/wp-json\/wp\/v2\/types\/product"}],"wp:featuredmedia":[{"embeddable":true,"href":"https:\/\/mb-project.hr\/de\/wp-json\/wp\/v2\/media\/1503"}],"wp:attachment":[{"href":"https:\/\/mb-project.hr\/de\/wp-json\/wp\/v2\/media?parent=1494"}],"wp:term":[{"taxonomy":"product_brand","embeddable":true,"href":"https:\/\/mb-project.hr\/de\/wp-json\/wp\/v2\/product_brand?post=1494"},{"taxonomy":"product_cat","embeddable":true,"href":"https:\/\/mb-project.hr\/de\/wp-json\/wp\/v2\/product_cat?post=1494"},{"taxonomy":"product_tag","embeddable":true,"href":"https:\/\/mb-project.hr\/de\/wp-json\/wp\/v2\/product_tag?post=1494"}],"curies":[{"name":"wp","href":"https:\/\/api.w.org\/{rel}","templated":true}]}}