{"id":1210,"date":"2025-09-12T15:15:17","date_gmt":"2025-09-12T13:15:17","guid":{"rendered":"https:\/\/mb-project.hr\/?post_type=product&#038;p=1210"},"modified":"2025-10-27T12:39:00","modified_gmt":"2025-10-27T11:39:00","slug":"kip-majke-bozje-sa-sklopljenim-rukama-25-cm","status":"publish","type":"product","link":"https:\/\/mb-project.hr\/de\/produkt\/kip-majke-bozje-sa-sklopljenim-rukama-25-cm\/","title":{"rendered":"Muttergottesstatue mit gefalteten H\u00e4nden (25 cm)"},"content":{"rendered":"<p data-start=\"206\" data-end=\"467\">F\u00fcgen Sie Ihrem Raum mit dieser sch\u00f6nen Statue der Mutter Gottes eine spirituelle und elegante Note hinzu. Hergestellt aus hochwertigem Beton und mit PVC-Material f\u00fcr zus\u00e4tzliche Haltbarkeit und Schutz beschichtet, ist die Statue in luxuri\u00f6ser Gold- oder Silberfarbe handbemalt, die Glanz und W\u00e4rme bringt.<\/p>\n<p data-start=\"469\" data-end=\"804\">Die H\u00f6he der Statue betr\u00e4gt 25 cm, was sie ideal f\u00fcr die Ausstellung in verschiedenen R\u00e4umen macht \u2013 sei es in einem Haus, einer Kirche oder auf Gr\u00e4bern. Die Statue ist so konzipiert, dass sie \u00e4u\u00dferen Wetterbedingungen standh\u00e4lt, was sie zur perfekten Wahl f\u00fcr Au\u00dfenr\u00e4ume wie Gr\u00e4ber oder G\u00e4rten macht.<\/p>\n<p data-start=\"806\" data-end=\"819\"><strong data-start=\"806\" data-end=\"819\">Merkmale:<\/strong><\/p>\n<ul data-start=\"820\" data-end=\"1063\">\n<li data-start=\"820\" data-end=\"862\">\n<p data-start=\"822\" data-end=\"862\">Material: PVC-beschichteter Beton<\/p>\n<\/li>\n<li data-start=\"863\" data-end=\"877\">\n<p data-start=\"865\" data-end=\"877\">Farbe: Altes Gold, Silber<\/p>\n<\/li>\n<li data-start=\"863\" data-end=\"877\">\n<p data-start=\"865\" data-end=\"877\">H\u00f6he: 25 cm<\/p>\n<\/li>\n<li>Gewicht: ca. 0,9 kg<\/li>\n<li data-start=\"894\" data-end=\"938\">\n<p data-start=\"896\" data-end=\"938\">Handbemalt f\u00fcr langanhaltenden Glanz und Schutz<\/p>\n<\/li>\n<li data-start=\"939\" data-end=\"1021\">\n<p data-start=\"941\" data-end=\"1021\">Witterungsbest\u00e4ndig im Freien (ideal f\u00fcr Gr\u00e4ber, G\u00e4rten, Au\u00dfenalt\u00e4re)<\/p>\n<\/li>\n<li data-start=\"1022\" data-end=\"1063\">\n<p data-start=\"1024\" data-end=\"1063\">Perfekt f\u00fcr Innen- und Au\u00dfenbereiche<\/p>\n<\/li>\n<\/ul>\n<p data-start=\"412\" data-end=\"726\">Die Statue kann unabh\u00e4ngig auf dem Regal oder einer flachen Oberfl\u00e4che stehen, w\u00e4hrend sie auf der unteren Seite einen eingebauten Griff zur sicheren Fixierung auf dem Substrat, wie dem Grab, hat. Dieses Zubeh\u00f6r erm\u00f6glicht es, dass die Statue stabil ist und keinem Wind ausgesetzt ist. Neben der Statue gibt es auch ein komplettes Befestigungszubeh\u00f6r, wenn Sie diese Option w\u00e4hlen.<\/p>\n<p data-start=\"1065\" data-end=\"1170\"><strong data-start=\"1065\" data-end=\"1080\">Ideal f\u00fcr:<\/strong> Geschenke, Innen- und Au\u00dfendekorationen, religi\u00f6se R\u00e4ume, Gr\u00e4ber, spirituelle R\u00e4ume.<\/p>\n<p data-start=\"1065\" data-end=\"1170\">F\u00fcr den Preis der Herstellung in anderen Farben und Abmessungen wie gew\u00fcnscht, fragen Sie bitte an <strong>3dmbproject@gmail.com <\/strong><\/p>\n<p data-start=\"988\" data-end=\"1030\">?? Per Post versenden oder pers\u00f6nlich abholen.<\/p>","protected":false},"excerpt":{"rendered":"<p>Diese Statue der Gottesmutter ist aus fl\u00fcssigem Beton gefertigt, mit PVC-Material beschichtet und in Gold- oder Silberfarbe handbemalt.<\/p>\n<p>Es ist wetterbest\u00e4ndig.<\/p>\n<p>Mit der Statue kommt ein Set f\u00fcr die M\u00f6glichkeit der Befestigung auf dem Substrat.<\/p>\n<p>Dieses Zubeh\u00f6r erm\u00f6glicht es, dass die Statue stabil ist und keinem Wind ausgesetzt ist.<\/p>\n<p>H\u00f6he: 25 cm<\/p>\n<p>&nbsp;<\/p>\n<p>F\u00fcr den Preis der Herstellung in anderen Farben und Abmessungen wie gew\u00fcnscht, fragen Sie bitte an <strong>3dmbproject@gmail.com <\/strong><\/p>\n<p>&nbsp;<\/p>\n<p><strong>Deadline f\u00fcr die Produktion<\/strong>: 5-10 Werktage<\/p>","protected":false},"featured_media":1484,"template":"","meta":[],"product_brand":[],"product_cat":[45],"product_tag":[],"class_list":{"0":"post-1210","1":"product","2":"type-product","3":"status-publish","4":"has-post-thumbnail","6":"product_cat-religija","8":"first","9":"onbackorder","10":"sale","11":"shipping-taxable","12":"purchasable","13":"product-type-variable"},"group_of_quantity":0,"min_quantity":0,"max_quantity":"","exclude_order_quantity_value_rules":"no","exclude_category_quantity_rules":"no","combine_variations":"no","exclude_global_add_ons":[],"addons":[],"yoast_head":"<!-- This site is optimized with the Yoast SEO plugin v26.0 - https:\/\/yoast.com\/wordpress\/plugins\/seo\/ -->\n<title>Kip Majke Bo\u017eje sa Sklopljenim Rukama (25 cm) - 3D printanje, 3D modeliranje i lasersko graviranje<\/title>\n<meta name=\"robots\" content=\"index, follow, max-snippet:-1, max-image-preview:large, max-video-preview:-1\" \/>\n<link rel=\"canonical\" href=\"https:\/\/mb-project.hr\/de\/produkt\/kip-majke-bozje-sa-sklopljenim-rukama-25-cm\/\" \/>\n<meta property=\"og:locale\" content=\"de_DE\" \/>\n<meta property=\"og:type\" content=\"article\" \/>\n<meta property=\"og:title\" content=\"Kip Majke Bo\u017eje sa Sklopljenim Rukama (25 cm) - 3D printanje, 3D modeliranje i lasersko graviranje\" \/>\n<meta property=\"og:description\" content=\"Ovaj kip Majke Bo\u017eje izra\u0111en je od teku\u0107eg betona, presvu\u010den PVC materijalom i ru\u010dno lakiran u zlatnu ili srebrnu boju.  Otporan je na vremenske uvjete.  Uz kip dolazi set za mogu\u010dnost fiksiranja na podlogu.  Ovaj dodatak omogu\u0107ava da kip bude stabilan i ne bude podlo\u017ean vjetru.  Visina: 25 cm  &nbsp;  Za cijenu izrade u ostalim bojama i dimenzijama po \u017eelji, molim upitati na 3dmbproject@gmail.com   &nbsp;  Rok izrade: 5-10 radnih dana\" \/>\n<meta property=\"og:url\" content=\"https:\/\/mb-project.hr\/de\/produkt\/kip-majke-bozje-sa-sklopljenim-rukama-25-cm\/\" \/>\n<meta property=\"og:site_name\" content=\"3D printanje, 3D modeliranje i lasersko graviranje\" \/>\n<meta property=\"article:modified_time\" content=\"2025-10-27T11:39:00+00:00\" \/>\n<meta property=\"og:image\" content=\"https:\/\/mb-project.hr\/wp-content\/uploads\/2025\/09\/Sklopljene-ruke-20.jpg\" \/>\n\t<meta property=\"og:image:width\" content=\"433\" \/>\n\t<meta property=\"og:image:height\" content=\"577\" \/>\n\t<meta property=\"og:image:type\" content=\"image\/jpeg\" \/>\n<meta name=\"twitter:card\" content=\"summary_large_image\" \/>\n<meta name=\"twitter:label1\" content=\"Gesch\u00e4tzte Lesezeit\" \/>\n\t<meta name=\"twitter:data1\" content=\"2\u00a0Minuten\" \/>\n<script type=\"application\/ld+json\" class=\"yoast-schema-graph\">{\"@context\":\"https:\/\/schema.org\",\"@graph\":[{\"@type\":\"WebPage\",\"@id\":\"https:\/\/mb-project.hr\/proizvod\/kip-majke-bozje-sa-sklopljenim-rukama-25-cm\/\",\"url\":\"https:\/\/mb-project.hr\/proizvod\/kip-majke-bozje-sa-sklopljenim-rukama-25-cm\/\",\"name\":\"Kip Majke Bo\u017eje sa Sklopljenim Rukama (25 cm) - 3D printanje, 3D modeliranje i lasersko graviranje\",\"isPartOf\":{\"@id\":\"https:\/\/mb-project.hr\/#website\"},\"primaryImageOfPage\":{\"@id\":\"https:\/\/mb-project.hr\/proizvod\/kip-majke-bozje-sa-sklopljenim-rukama-25-cm\/#primaryimage\"},\"image\":{\"@id\":\"https:\/\/mb-project.hr\/proizvod\/kip-majke-bozje-sa-sklopljenim-rukama-25-cm\/#primaryimage\"},\"thumbnailUrl\":\"https:\/\/mb-project.hr\/wp-content\/uploads\/2025\/09\/Sklopljene-ruke-20.jpg\",\"datePublished\":\"2025-09-12T13:15:17+00:00\",\"dateModified\":\"2025-10-27T11:39:00+00:00\",\"breadcrumb\":{\"@id\":\"https:\/\/mb-project.hr\/proizvod\/kip-majke-bozje-sa-sklopljenim-rukama-25-cm\/#breadcrumb\"},\"inLanguage\":\"de\",\"potentialAction\":[{\"@type\":\"ReadAction\",\"target\":[\"https:\/\/mb-project.hr\/proizvod\/kip-majke-bozje-sa-sklopljenim-rukama-25-cm\/\"]}]},{\"@type\":\"ImageObject\",\"inLanguage\":\"de\",\"@id\":\"https:\/\/mb-project.hr\/proizvod\/kip-majke-bozje-sa-sklopljenim-rukama-25-cm\/#primaryimage\",\"url\":\"https:\/\/mb-project.hr\/wp-content\/uploads\/2025\/09\/Sklopljene-ruke-20.jpg\",\"contentUrl\":\"https:\/\/mb-project.hr\/wp-content\/uploads\/2025\/09\/Sklopljene-ruke-20.jpg\",\"width\":433,\"height\":577},{\"@type\":\"BreadcrumbList\",\"@id\":\"https:\/\/mb-project.hr\/proizvod\/kip-majke-bozje-sa-sklopljenim-rukama-25-cm\/#breadcrumb\",\"itemListElement\":[{\"@type\":\"ListItem\",\"position\":1,\"name\":\"Po\u010detna stranica\",\"item\":\"https:\/\/mb-project.hr\/\"},{\"@type\":\"ListItem\",\"position\":2,\"name\":\"WEB SHOP\",\"item\":\"https:\/\/mb-project.hr\/web-shop\/\"},{\"@type\":\"ListItem\",\"position\":3,\"name\":\"Kip Majke Bo\u017eje sa Sklopljenim Rukama (25 cm)\"}]},{\"@type\":\"WebSite\",\"@id\":\"https:\/\/mb-project.hr\/#website\",\"url\":\"https:\/\/mb-project.hr\/\",\"name\":\"3D printanje, 3D modeliranje i lasersko graviranje\",\"description\":\"\",\"publisher\":{\"@id\":\"https:\/\/mb-project.hr\/#organization\"},\"potentialAction\":[{\"@type\":\"SearchAction\",\"target\":{\"@type\":\"EntryPoint\",\"urlTemplate\":\"https:\/\/mb-project.hr\/?s={search_term_string}\"},\"query-input\":{\"@type\":\"PropertyValueSpecification\",\"valueRequired\":true,\"valueName\":\"search_term_string\"}}],\"inLanguage\":\"de\"},{\"@type\":\"Organization\",\"@id\":\"https:\/\/mb-project.hr\/#organization\",\"name\":\"3D printanje, 3D modeliranje i lasersko graviranje\",\"url\":\"https:\/\/mb-project.hr\/\",\"logo\":{\"@type\":\"ImageObject\",\"inLanguage\":\"de\",\"@id\":\"https:\/\/mb-project.hr\/#\/schema\/logo\/image\/\",\"url\":\"https:\/\/mb-project.hr\/wp-content\/uploads\/2023\/02\/logo.png\",\"contentUrl\":\"https:\/\/mb-project.hr\/wp-content\/uploads\/2023\/02\/logo.png\",\"width\":1024,\"height\":650,\"caption\":\"3D printanje, 3D modeliranje i lasersko graviranje\"},\"image\":{\"@id\":\"https:\/\/mb-project.hr\/#\/schema\/logo\/image\/\"}}]}<\/script>\n<!-- \/ Yoast SEO plugin. -->","yoast_head_json":{"title":"Kip Majke Bo\u017eje sa Sklopljenim Rukama (25 cm) - 3D printanje, 3D modeliranje i lasersko graviranje","robots":{"index":"index","follow":"follow","max-snippet":"max-snippet:-1","max-image-preview":"max-image-preview:large","max-video-preview":"max-video-preview:-1"},"canonical":"https:\/\/mb-project.hr\/de\/produkt\/kip-majke-bozje-sa-sklopljenim-rukama-25-cm\/","og_locale":"de_DE","og_type":"article","og_title":"Kip Majke Bo\u017eje sa Sklopljenim Rukama (25 cm) - 3D printanje, 3D modeliranje i lasersko graviranje","og_description":"Ovaj kip Majke Bo\u017eje izra\u0111en je od teku\u0107eg betona, presvu\u010den PVC materijalom i ru\u010dno lakiran u zlatnu ili srebrnu boju.  Otporan je na vremenske uvjete.  Uz kip dolazi set za mogu\u010dnost fiksiranja na podlogu.  Ovaj dodatak omogu\u0107ava da kip bude stabilan i ne bude podlo\u017ean vjetru.  Visina: 25 cm  &nbsp;  Za cijenu izrade u ostalim bojama i dimenzijama po \u017eelji, molim upitati na 3dmbproject@gmail.com   &nbsp;  Rok izrade: 5-10 radnih dana","og_url":"https:\/\/mb-project.hr\/de\/produkt\/kip-majke-bozje-sa-sklopljenim-rukama-25-cm\/","og_site_name":"3D printanje, 3D modeliranje i lasersko graviranje","article_modified_time":"2025-10-27T11:39:00+00:00","og_image":[{"width":433,"height":577,"url":"https:\/\/mb-project.hr\/wp-content\/uploads\/2025\/09\/Sklopljene-ruke-20.jpg","type":"image\/jpeg"}],"twitter_card":"summary_large_image","twitter_misc":{"Gesch\u00e4tzte Lesezeit":"2\u00a0Minuten"},"schema":{"@context":"https:\/\/schema.org","@graph":[{"@type":"WebPage","@id":"https:\/\/mb-project.hr\/proizvod\/kip-majke-bozje-sa-sklopljenim-rukama-25-cm\/","url":"https:\/\/mb-project.hr\/proizvod\/kip-majke-bozje-sa-sklopljenim-rukama-25-cm\/","name":"Kip Majke Bo\u017eje sa Sklopljenim Rukama (25 cm) - 3D printanje, 3D modeliranje i lasersko graviranje","isPartOf":{"@id":"https:\/\/mb-project.hr\/#website"},"primaryImageOfPage":{"@id":"https:\/\/mb-project.hr\/proizvod\/kip-majke-bozje-sa-sklopljenim-rukama-25-cm\/#primaryimage"},"image":{"@id":"https:\/\/mb-project.hr\/proizvod\/kip-majke-bozje-sa-sklopljenim-rukama-25-cm\/#primaryimage"},"thumbnailUrl":"https:\/\/mb-project.hr\/wp-content\/uploads\/2025\/09\/Sklopljene-ruke-20.jpg","datePublished":"2025-09-12T13:15:17+00:00","dateModified":"2025-10-27T11:39:00+00:00","breadcrumb":{"@id":"https:\/\/mb-project.hr\/proizvod\/kip-majke-bozje-sa-sklopljenim-rukama-25-cm\/#breadcrumb"},"inLanguage":"de","potentialAction":[{"@type":"ReadAction","target":["https:\/\/mb-project.hr\/proizvod\/kip-majke-bozje-sa-sklopljenim-rukama-25-cm\/"]}]},{"@type":"ImageObject","inLanguage":"de","@id":"https:\/\/mb-project.hr\/proizvod\/kip-majke-bozje-sa-sklopljenim-rukama-25-cm\/#primaryimage","url":"https:\/\/mb-project.hr\/wp-content\/uploads\/2025\/09\/Sklopljene-ruke-20.jpg","contentUrl":"https:\/\/mb-project.hr\/wp-content\/uploads\/2025\/09\/Sklopljene-ruke-20.jpg","width":433,"height":577},{"@type":"BreadcrumbList","@id":"https:\/\/mb-project.hr\/proizvod\/kip-majke-bozje-sa-sklopljenim-rukama-25-cm\/#breadcrumb","itemListElement":[{"@type":"ListItem","position":1,"name":"Po\u010detna stranica","item":"https:\/\/mb-project.hr\/"},{"@type":"ListItem","position":2,"name":"WEB SHOP","item":"https:\/\/mb-project.hr\/web-shop\/"},{"@type":"ListItem","position":3,"name":"Kip Majke Bo\u017eje sa Sklopljenim Rukama (25 cm)"}]},{"@type":"WebSite","@id":"https:\/\/mb-project.hr\/#website","url":"https:\/\/mb-project.hr\/","name":"3D printanje, 3D modeliranje i lasersko graviranje","description":"","publisher":{"@id":"https:\/\/mb-project.hr\/#organization"},"potentialAction":[{"@type":"SearchAction","target":{"@type":"EntryPoint","urlTemplate":"https:\/\/mb-project.hr\/?s={search_term_string}"},"query-input":{"@type":"PropertyValueSpecification","valueRequired":true,"valueName":"search_term_string"}}],"inLanguage":"de"},{"@type":"Organization","@id":"https:\/\/mb-project.hr\/#organization","name":"3D printanje, 3D modeliranje i lasersko graviranje","url":"https:\/\/mb-project.hr\/","logo":{"@type":"ImageObject","inLanguage":"de","@id":"https:\/\/mb-project.hr\/#\/schema\/logo\/image\/","url":"https:\/\/mb-project.hr\/wp-content\/uploads\/2023\/02\/logo.png","contentUrl":"https:\/\/mb-project.hr\/wp-content\/uploads\/2023\/02\/logo.png","width":1024,"height":650,"caption":"3D printanje, 3D modeliranje i lasersko graviranje"},"image":{"@id":"https:\/\/mb-project.hr\/#\/schema\/logo\/image\/"}}]}},"jetpack_sharing_enabled":true,"_links":{"self":[{"href":"https:\/\/mb-project.hr\/de\/wp-json\/wp\/v2\/product\/1210","targetHints":{"allow":["GET"]}}],"collection":[{"href":"https:\/\/mb-project.hr\/de\/wp-json\/wp\/v2\/product"}],"about":[{"href":"https:\/\/mb-project.hr\/de\/wp-json\/wp\/v2\/types\/product"}],"wp:featuredmedia":[{"embeddable":true,"href":"https:\/\/mb-project.hr\/de\/wp-json\/wp\/v2\/media\/1484"}],"wp:attachment":[{"href":"https:\/\/mb-project.hr\/de\/wp-json\/wp\/v2\/media?parent=1210"}],"wp:term":[{"taxonomy":"product_brand","embeddable":true,"href":"https:\/\/mb-project.hr\/de\/wp-json\/wp\/v2\/product_brand?post=1210"},{"taxonomy":"product_cat","embeddable":true,"href":"https:\/\/mb-project.hr\/de\/wp-json\/wp\/v2\/product_cat?post=1210"},{"taxonomy":"product_tag","embeddable":true,"href":"https:\/\/mb-project.hr\/de\/wp-json\/wp\/v2\/product_tag?post=1210"}],"curies":[{"name":"wp","href":"https:\/\/api.w.org\/{rel}","templated":true}]}}