{"id":1188,"date":"2025-08-30T19:45:07","date_gmt":"2025-08-30T17:45:07","guid":{"rendered":"https:\/\/mb-project.hr\/?post_type=product&#038;p=1188"},"modified":"2025-12-01T11:54:06","modified_gmt":"2025-12-01T10:54:06","slug":"drvena-kemijska-olovka","status":"publish","type":"product","link":"https:\/\/mb-project.hr\/de\/produkt\/drvena-kemijska-olovka\/","title":{"rendered":"Kugelschreiber aus Holz"},"content":{"rendered":"<hr data-start=\"56\" data-end=\"59\" \/>\n<h3 data-start=\"91\" data-end=\"160\">Lasergravierter Kugelschreiber mit Bambus-Holz-Futter<\/h3>\n<p data-start=\"162\" data-end=\"471\">Eine Mischung aus nat\u00fcrlicher Eleganz und Funktionalit\u00e4t! Dieses eine <strong data-start=\"207\" data-end=\"255\">Kugelschreiber aus Bambusholz<\/strong> bringt die W\u00e4rme des nat\u00fcrlichen Materials und die M\u00f6glichkeit der Personalisierung durch pr\u00e4zise Lasergravur. Es passt so gut wie <strong data-start=\"380\" data-end=\"437\">Gesch\u00e4ftsgeschenk, Werbeartikel oder pers\u00f6nliches Accessoire<\/strong> Es strahlt Stil und Nachhaltigkeit aus.<\/p>\n<h6 data-start=\"162\" data-end=\"471\"><\/h6>\n<p data-start=\"473\" data-end=\"785\">\u2705 <strong data-start=\"475\" data-end=\"489\">Material:<\/strong> Kugelschreiber mit Bambus-Holz-Futter<\/p>\n<p data-start=\"473\" data-end=\"785\">\u2705 <strong data-start=\"546\" data-end=\"561\">Gravur:<\/strong> Permanente Lasergravur \u2013 Name, Logo oder spezifische Botschaft<\/p>\n<p data-start=\"473\" data-end=\"785\">\u2705 <strong data-start=\"627\" data-end=\"639\">Zweck:<\/strong> Gesch\u00e4fts- und Werbegeschenke, elegante Accessoires f\u00fcr den t\u00e4glichen Gebrauch<\/p>\n<p data-start=\"473\" data-end=\"785\">\u2705 <strong data-start=\"715\" data-end=\"728\">Vorteil:<\/strong> Kombination aus nat\u00fcrlichem Design und professionellem Aussehen<\/p>\n<h6 data-start=\"473\" data-end=\"785\"><\/h6>\n<p data-start=\"787\" data-end=\"866\">Geben Sie einen beeindruckbaren Bleistift - eine Mischung aus Natur und pers\u00f6nlichem Stil in einem!<\/p>","protected":false},"excerpt":{"rendered":"<p><strong>Kugelschreiber aus Holz<\/strong><\/p>\n<p>Mindestbestellmenge: 50 St\u00fcck<\/p>\n<p>F\u00fcr Mengen gr\u00f6\u00dfer als 300 St\u00fcck k\u00f6nnen Sie ein Angebot mit einem zus\u00e4tzlichen Rabatt auf E-Mail anfordern: 3dmbproject@gmail.com<\/p>","protected":false},"featured_media":1274,"template":"","meta":[],"product_brand":[],"product_cat":[59,44],"product_tag":[],"class_list":{"0":"post-1188","1":"product","2":"type-product","3":"status-publish","4":"has-post-thumbnail","6":"product_cat-graviranje","7":"product_cat-promocijski-materijali","9":"first","10":"onbackorder","11":"shipping-taxable","12":"purchasable","13":"product-type-variable"},"group_of_quantity":0,"min_quantity":50,"max_quantity":"","exclude_order_quantity_value_rules":"no","exclude_category_quantity_rules":"no","combine_variations":"no","exclude_global_add_ons":[],"addons":[],"yoast_head":"<!-- This site is optimized with the Yoast SEO plugin v26.0 - https:\/\/yoast.com\/wordpress\/plugins\/seo\/ -->\n<title>Drvena kemijska olovka - 3D printanje, 3D modeliranje i lasersko graviranje<\/title>\n<meta name=\"robots\" content=\"index, follow, max-snippet:-1, max-image-preview:large, max-video-preview:-1\" \/>\n<link rel=\"canonical\" href=\"https:\/\/mb-project.hr\/de\/produkt\/drvena-kemijska-olovka\/\" \/>\n<meta property=\"og:locale\" content=\"de_DE\" \/>\n<meta property=\"og:type\" content=\"article\" \/>\n<meta property=\"og:title\" content=\"Drvena kemijska olovka - 3D printanje, 3D modeliranje i lasersko graviranje\" \/>\n<meta property=\"og:description\" content=\"Drvena kemijska olovka  Minimalna narud\u017eba: 50 komada  Za koli\u010dine ve\u010de od 300 komada mo\u017eete zatra\u017eiti ponudu sa dodatnim popustom na e-mail: 3dmbproject@gmail.com\" \/>\n<meta property=\"og:url\" content=\"https:\/\/mb-project.hr\/de\/produkt\/drvena-kemijska-olovka\/\" \/>\n<meta property=\"og:site_name\" content=\"3D printanje, 3D modeliranje i lasersko graviranje\" \/>\n<meta property=\"article:modified_time\" content=\"2025-12-01T10:54:06+00:00\" \/>\n<meta property=\"og:image\" content=\"https:\/\/mb-project.hr\/wp-content\/uploads\/2025\/08\/ChatGPT-Image-20.-ruj-2025.-10_11_01-1024x683.png\" \/>\n\t<meta property=\"og:image:width\" content=\"1024\" \/>\n\t<meta property=\"og:image:height\" content=\"683\" \/>\n\t<meta property=\"og:image:type\" content=\"image\/png\" \/>\n<meta name=\"twitter:card\" content=\"summary_large_image\" \/>\n<meta name=\"twitter:label1\" content=\"Gesch\u00e4tzte Lesezeit\" \/>\n\t<meta name=\"twitter:data1\" content=\"1\u00a0Minute\" \/>\n<script type=\"application\/ld+json\" class=\"yoast-schema-graph\">{\"@context\":\"https:\/\/schema.org\",\"@graph\":[{\"@type\":\"WebPage\",\"@id\":\"https:\/\/mb-project.hr\/proizvod\/drvena-kemijska-olovka\/\",\"url\":\"https:\/\/mb-project.hr\/proizvod\/drvena-kemijska-olovka\/\",\"name\":\"Drvena kemijska olovka - 3D printanje, 3D modeliranje i lasersko graviranje\",\"isPartOf\":{\"@id\":\"https:\/\/mb-project.hr\/#website\"},\"primaryImageOfPage\":{\"@id\":\"https:\/\/mb-project.hr\/proizvod\/drvena-kemijska-olovka\/#primaryimage\"},\"image\":{\"@id\":\"https:\/\/mb-project.hr\/proizvod\/drvena-kemijska-olovka\/#primaryimage\"},\"thumbnailUrl\":\"https:\/\/mb-project.hr\/wp-content\/uploads\/2025\/08\/ChatGPT-Image-20.-ruj-2025.-10_11_01.png\",\"datePublished\":\"2025-08-30T17:45:07+00:00\",\"dateModified\":\"2025-12-01T10:54:06+00:00\",\"breadcrumb\":{\"@id\":\"https:\/\/mb-project.hr\/proizvod\/drvena-kemijska-olovka\/#breadcrumb\"},\"inLanguage\":\"de\",\"potentialAction\":[{\"@type\":\"ReadAction\",\"target\":[\"https:\/\/mb-project.hr\/proizvod\/drvena-kemijska-olovka\/\"]}]},{\"@type\":\"ImageObject\",\"inLanguage\":\"de\",\"@id\":\"https:\/\/mb-project.hr\/proizvod\/drvena-kemijska-olovka\/#primaryimage\",\"url\":\"https:\/\/mb-project.hr\/wp-content\/uploads\/2025\/08\/ChatGPT-Image-20.-ruj-2025.-10_11_01.png\",\"contentUrl\":\"https:\/\/mb-project.hr\/wp-content\/uploads\/2025\/08\/ChatGPT-Image-20.-ruj-2025.-10_11_01.png\",\"width\":1536,\"height\":1024},{\"@type\":\"BreadcrumbList\",\"@id\":\"https:\/\/mb-project.hr\/proizvod\/drvena-kemijska-olovka\/#breadcrumb\",\"itemListElement\":[{\"@type\":\"ListItem\",\"position\":1,\"name\":\"Po\u010detna stranica\",\"item\":\"https:\/\/mb-project.hr\/\"},{\"@type\":\"ListItem\",\"position\":2,\"name\":\"WEB SHOP\",\"item\":\"https:\/\/mb-project.hr\/web-shop\/\"},{\"@type\":\"ListItem\",\"position\":3,\"name\":\"Drvena kemijska olovka\"}]},{\"@type\":\"WebSite\",\"@id\":\"https:\/\/mb-project.hr\/#website\",\"url\":\"https:\/\/mb-project.hr\/\",\"name\":\"3D printanje, 3D modeliranje i lasersko graviranje\",\"description\":\"\",\"publisher\":{\"@id\":\"https:\/\/mb-project.hr\/#organization\"},\"potentialAction\":[{\"@type\":\"SearchAction\",\"target\":{\"@type\":\"EntryPoint\",\"urlTemplate\":\"https:\/\/mb-project.hr\/?s={search_term_string}\"},\"query-input\":{\"@type\":\"PropertyValueSpecification\",\"valueRequired\":true,\"valueName\":\"search_term_string\"}}],\"inLanguage\":\"de\"},{\"@type\":\"Organization\",\"@id\":\"https:\/\/mb-project.hr\/#organization\",\"name\":\"3D printanje, 3D modeliranje i lasersko graviranje\",\"url\":\"https:\/\/mb-project.hr\/\",\"logo\":{\"@type\":\"ImageObject\",\"inLanguage\":\"de\",\"@id\":\"https:\/\/mb-project.hr\/#\/schema\/logo\/image\/\",\"url\":\"https:\/\/mb-project.hr\/wp-content\/uploads\/2023\/02\/logo.png\",\"contentUrl\":\"https:\/\/mb-project.hr\/wp-content\/uploads\/2023\/02\/logo.png\",\"width\":1024,\"height\":650,\"caption\":\"3D printanje, 3D modeliranje i lasersko graviranje\"},\"image\":{\"@id\":\"https:\/\/mb-project.hr\/#\/schema\/logo\/image\/\"}}]}<\/script>\n<!-- \/ Yoast SEO plugin. -->","yoast_head_json":{"title":"Drvena kemijska olovka - 3D printanje, 3D modeliranje i lasersko graviranje","robots":{"index":"index","follow":"follow","max-snippet":"max-snippet:-1","max-image-preview":"max-image-preview:large","max-video-preview":"max-video-preview:-1"},"canonical":"https:\/\/mb-project.hr\/de\/produkt\/drvena-kemijska-olovka\/","og_locale":"de_DE","og_type":"article","og_title":"Drvena kemijska olovka - 3D printanje, 3D modeliranje i lasersko graviranje","og_description":"Drvena kemijska olovka  Minimalna narud\u017eba: 50 komada  Za koli\u010dine ve\u010de od 300 komada mo\u017eete zatra\u017eiti ponudu sa dodatnim popustom na e-mail: 3dmbproject@gmail.com","og_url":"https:\/\/mb-project.hr\/de\/produkt\/drvena-kemijska-olovka\/","og_site_name":"3D printanje, 3D modeliranje i lasersko graviranje","article_modified_time":"2025-12-01T10:54:06+00:00","og_image":[{"width":1024,"height":683,"url":"https:\/\/mb-project.hr\/wp-content\/uploads\/2025\/08\/ChatGPT-Image-20.-ruj-2025.-10_11_01-1024x683.png","type":"image\/png"}],"twitter_card":"summary_large_image","twitter_misc":{"Gesch\u00e4tzte Lesezeit":"1\u00a0Minute"},"schema":{"@context":"https:\/\/schema.org","@graph":[{"@type":"WebPage","@id":"https:\/\/mb-project.hr\/proizvod\/drvena-kemijska-olovka\/","url":"https:\/\/mb-project.hr\/proizvod\/drvena-kemijska-olovka\/","name":"Drvena kemijska olovka - 3D printanje, 3D modeliranje i lasersko graviranje","isPartOf":{"@id":"https:\/\/mb-project.hr\/#website"},"primaryImageOfPage":{"@id":"https:\/\/mb-project.hr\/proizvod\/drvena-kemijska-olovka\/#primaryimage"},"image":{"@id":"https:\/\/mb-project.hr\/proizvod\/drvena-kemijska-olovka\/#primaryimage"},"thumbnailUrl":"https:\/\/mb-project.hr\/wp-content\/uploads\/2025\/08\/ChatGPT-Image-20.-ruj-2025.-10_11_01.png","datePublished":"2025-08-30T17:45:07+00:00","dateModified":"2025-12-01T10:54:06+00:00","breadcrumb":{"@id":"https:\/\/mb-project.hr\/proizvod\/drvena-kemijska-olovka\/#breadcrumb"},"inLanguage":"de","potentialAction":[{"@type":"ReadAction","target":["https:\/\/mb-project.hr\/proizvod\/drvena-kemijska-olovka\/"]}]},{"@type":"ImageObject","inLanguage":"de","@id":"https:\/\/mb-project.hr\/proizvod\/drvena-kemijska-olovka\/#primaryimage","url":"https:\/\/mb-project.hr\/wp-content\/uploads\/2025\/08\/ChatGPT-Image-20.-ruj-2025.-10_11_01.png","contentUrl":"https:\/\/mb-project.hr\/wp-content\/uploads\/2025\/08\/ChatGPT-Image-20.-ruj-2025.-10_11_01.png","width":1536,"height":1024},{"@type":"BreadcrumbList","@id":"https:\/\/mb-project.hr\/proizvod\/drvena-kemijska-olovka\/#breadcrumb","itemListElement":[{"@type":"ListItem","position":1,"name":"Po\u010detna stranica","item":"https:\/\/mb-project.hr\/"},{"@type":"ListItem","position":2,"name":"WEB SHOP","item":"https:\/\/mb-project.hr\/web-shop\/"},{"@type":"ListItem","position":3,"name":"Drvena kemijska olovka"}]},{"@type":"WebSite","@id":"https:\/\/mb-project.hr\/#website","url":"https:\/\/mb-project.hr\/","name":"3D printanje, 3D modeliranje i lasersko graviranje","description":"","publisher":{"@id":"https:\/\/mb-project.hr\/#organization"},"potentialAction":[{"@type":"SearchAction","target":{"@type":"EntryPoint","urlTemplate":"https:\/\/mb-project.hr\/?s={search_term_string}"},"query-input":{"@type":"PropertyValueSpecification","valueRequired":true,"valueName":"search_term_string"}}],"inLanguage":"de"},{"@type":"Organization","@id":"https:\/\/mb-project.hr\/#organization","name":"3D printanje, 3D modeliranje i lasersko graviranje","url":"https:\/\/mb-project.hr\/","logo":{"@type":"ImageObject","inLanguage":"de","@id":"https:\/\/mb-project.hr\/#\/schema\/logo\/image\/","url":"https:\/\/mb-project.hr\/wp-content\/uploads\/2023\/02\/logo.png","contentUrl":"https:\/\/mb-project.hr\/wp-content\/uploads\/2023\/02\/logo.png","width":1024,"height":650,"caption":"3D printanje, 3D modeliranje i lasersko graviranje"},"image":{"@id":"https:\/\/mb-project.hr\/#\/schema\/logo\/image\/"}}]}},"jetpack_sharing_enabled":true,"_links":{"self":[{"href":"https:\/\/mb-project.hr\/de\/wp-json\/wp\/v2\/product\/1188","targetHints":{"allow":["GET"]}}],"collection":[{"href":"https:\/\/mb-project.hr\/de\/wp-json\/wp\/v2\/product"}],"about":[{"href":"https:\/\/mb-project.hr\/de\/wp-json\/wp\/v2\/types\/product"}],"wp:featuredmedia":[{"embeddable":true,"href":"https:\/\/mb-project.hr\/de\/wp-json\/wp\/v2\/media\/1274"}],"wp:attachment":[{"href":"https:\/\/mb-project.hr\/de\/wp-json\/wp\/v2\/media?parent=1188"}],"wp:term":[{"taxonomy":"product_brand","embeddable":true,"href":"https:\/\/mb-project.hr\/de\/wp-json\/wp\/v2\/product_brand?post=1188"},{"taxonomy":"product_cat","embeddable":true,"href":"https:\/\/mb-project.hr\/de\/wp-json\/wp\/v2\/product_cat?post=1188"},{"taxonomy":"product_tag","embeddable":true,"href":"https:\/\/mb-project.hr\/de\/wp-json\/wp\/v2\/product_tag?post=1188"}],"curies":[{"name":"wp","href":"https:\/\/api.w.org\/{rel}","templated":true}]}}