{"id":1179,"date":"2025-08-30T19:35:34","date_gmt":"2025-08-30T17:35:34","guid":{"rendered":"https:\/\/mb-project.hr\/?post_type=product&#038;p=1179"},"modified":"2025-09-25T17:55:07","modified_gmt":"2025-09-25T15:55:07","slug":"aluminijski-privjesak-otvarac","status":"publish","type":"product","link":"https:\/\/mb-project.hr\/de\/produkt\/aluminijski-privjesak-otvarac\/","title":{"rendered":"Aluminium Anh\u00e4nger-\u00d6ffner"},"content":{"rendered":"<hr data-start=\"56\" data-end=\"59\" \/>\n<h3 data-start=\"61\" data-end=\"129\">Recycelter Aluminium-Laser-gravierter Anh\u00e4nger\/\u00d6ffner<\/h3>\n<p data-start=\"131\" data-end=\"431\">Eine Kombination aus Funktionalit\u00e4t und Umweltbewusstsein! Unsere <strong data-start=\"177\" data-end=\"202\">Opener Anh\u00e4nger<\/strong>, aus recyceltem Aluminium, ist eine praktische Erg\u00e4nzung zu jedem Schl\u00fcsselsatz. Die Pr\u00e4zisionslasergravur erm\u00f6glicht die Personalisierung \u2013 vom Namen \u00fcber die Botschaft bis zum Logo \u2013 und eignet sich daher ideal als <strong data-start=\"389\" data-end=\"428\">pers\u00f6nliches Geschenk oder Werbeartikel<\/strong>.<\/p>\n<h6 data-start=\"131\" data-end=\"431\"><\/h6>\n<p data-start=\"433\" data-end=\"734\">\u2705 <strong data-start=\"435\" data-end=\"449\">Material:<\/strong> Recyceltes Aluminium \u2013 leicht, robust und umweltfreundlich<\/p>\n<p data-start=\"433\" data-end=\"734\">\u2705 <strong data-start=\"513\" data-end=\"522\">Farben:<\/strong> blau, schwarz, rot, gr\u00fcn<\/p>\n<p data-start=\"433\" data-end=\"734\">\u2705 <strong data-start=\"555\" data-end=\"568\">Funktion:<\/strong> Praktischer \u00d6ffner immer griffbereit<\/p>\n<p data-start=\"433\" data-end=\"734\">\u2705 <strong data-start=\"607\" data-end=\"622\">Gravur:<\/strong> Permanente und elegante Lasergravur<\/p>\n<p data-start=\"433\" data-end=\"734\">\u2705 <strong data-start=\"666\" data-end=\"678\">Zweck:<\/strong> Pers\u00f6nlicher Gebrauch, originelles Geschenk, Werbe-Souvenir<\/p>\n<h6 data-start=\"433\" data-end=\"734\"><\/h6>\n<p data-start=\"736\" data-end=\"848\">Kombinieren <strong data-start=\"749\" data-end=\"782\">Stil, Praktikabilit\u00e4t und Nachhaltigkeit<\/strong> \u2013 w\u00e4hlen Sie die Farbe und machen Sie Ihren Anh\u00e4nger\/\u00d6ffner einzigartig!<\/p>","protected":false},"excerpt":{"rendered":"<p><strong>Aluminium Anh\u00e4nger\/\u00d6ffner<\/strong><\/p>\n<p>Erh\u00e4ltlich in mehreren Farben.<\/p>\n<p>Abmessungen: 60\u00d711 mm<\/p>\n<p>Mindestbestellmenge: 50 St\u00fcck<\/p>\n<p>F\u00fcr Mengen gr\u00f6\u00dfer als 300 St\u00fcck k\u00f6nnen Sie ein Angebot mit einem zus\u00e4tzlichen Rabatt auf E-Mail anfordern: 3dmbproject@gmail.com<\/p>","protected":false},"featured_media":1276,"template":"","meta":[],"product_brand":[],"product_cat":[44,60],"product_tag":[],"class_list":{"0":"post-1179","1":"product","2":"type-product","3":"status-publish","4":"has-post-thumbnail","6":"product_cat-promocijski-materijali","7":"product_cat-upload","9":"first","10":"onbackorder","11":"shipping-taxable","12":"purchasable","13":"product-type-variable"},"group_of_quantity":0,"min_quantity":50,"max_quantity":"","exclude_order_quantity_value_rules":"no","exclude_category_quantity_rules":"no","combine_variations":"no","exclude_global_add_ons":[],"addons":[],"yoast_head":"<!-- This site is optimized with the Yoast SEO plugin v26.0 - https:\/\/yoast.com\/wordpress\/plugins\/seo\/ -->\n<title>Aluminijski privjesak-otvara\u010d - 3D printanje, 3D modeliranje i lasersko graviranje<\/title>\n<meta name=\"robots\" content=\"index, follow, max-snippet:-1, max-image-preview:large, max-video-preview:-1\" \/>\n<link rel=\"canonical\" href=\"https:\/\/mb-project.hr\/de\/produkt\/aluminijski-privjesak-otvarac\/\" \/>\n<meta property=\"og:locale\" content=\"de_DE\" \/>\n<meta property=\"og:type\" content=\"article\" \/>\n<meta property=\"og:title\" content=\"Aluminijski privjesak-otvara\u010d - 3D printanje, 3D modeliranje i lasersko graviranje\" \/>\n<meta property=\"og:description\" content=\"Aluminijski privjesak\/otvara\u010d  Dostupno u vi\u0161e boja.  Dimenzije: 60x11 mm  Minimalna narud\u017eba: 50 komada  Za koli\u010dine ve\u010de od 300 komada mo\u017eete zatra\u017eiti ponudu sa dodatnim popustom na e-mail: 3dmbproject@gmail.com\" \/>\n<meta property=\"og:url\" content=\"https:\/\/mb-project.hr\/de\/produkt\/aluminijski-privjesak-otvarac\/\" \/>\n<meta property=\"og:site_name\" content=\"3D printanje, 3D modeliranje i lasersko graviranje\" \/>\n<meta property=\"article:modified_time\" content=\"2025-09-25T15:55:07+00:00\" \/>\n<meta property=\"og:image\" content=\"https:\/\/mb-project.hr\/wp-content\/uploads\/2025\/08\/ChatGPT-Image-20.-ruj-2025.-10_18_47.png\" \/>\n\t<meta property=\"og:image:width\" content=\"1024\" \/>\n\t<meta property=\"og:image:height\" content=\"1024\" \/>\n\t<meta property=\"og:image:type\" content=\"image\/png\" \/>\n<meta name=\"twitter:card\" content=\"summary_large_image\" \/>\n<meta name=\"twitter:label1\" content=\"Gesch\u00e4tzte Lesezeit\" \/>\n\t<meta name=\"twitter:data1\" content=\"1\u00a0Minute\" \/>\n<script type=\"application\/ld+json\" class=\"yoast-schema-graph\">{\"@context\":\"https:\/\/schema.org\",\"@graph\":[{\"@type\":\"WebPage\",\"@id\":\"https:\/\/mb-project.hr\/proizvod\/aluminijski-privjesak-otvarac\/\",\"url\":\"https:\/\/mb-project.hr\/proizvod\/aluminijski-privjesak-otvarac\/\",\"name\":\"Aluminijski privjesak-otvara\u010d - 3D printanje, 3D modeliranje i lasersko graviranje\",\"isPartOf\":{\"@id\":\"https:\/\/mb-project.hr\/#website\"},\"primaryImageOfPage\":{\"@id\":\"https:\/\/mb-project.hr\/proizvod\/aluminijski-privjesak-otvarac\/#primaryimage\"},\"image\":{\"@id\":\"https:\/\/mb-project.hr\/proizvod\/aluminijski-privjesak-otvarac\/#primaryimage\"},\"thumbnailUrl\":\"https:\/\/mb-project.hr\/wp-content\/uploads\/2025\/08\/ChatGPT-Image-20.-ruj-2025.-10_18_47.png\",\"datePublished\":\"2025-08-30T17:35:34+00:00\",\"dateModified\":\"2025-09-25T15:55:07+00:00\",\"breadcrumb\":{\"@id\":\"https:\/\/mb-project.hr\/proizvod\/aluminijski-privjesak-otvarac\/#breadcrumb\"},\"inLanguage\":\"de\",\"potentialAction\":[{\"@type\":\"ReadAction\",\"target\":[\"https:\/\/mb-project.hr\/proizvod\/aluminijski-privjesak-otvarac\/\"]}]},{\"@type\":\"ImageObject\",\"inLanguage\":\"de\",\"@id\":\"https:\/\/mb-project.hr\/proizvod\/aluminijski-privjesak-otvarac\/#primaryimage\",\"url\":\"https:\/\/mb-project.hr\/wp-content\/uploads\/2025\/08\/ChatGPT-Image-20.-ruj-2025.-10_18_47.png\",\"contentUrl\":\"https:\/\/mb-project.hr\/wp-content\/uploads\/2025\/08\/ChatGPT-Image-20.-ruj-2025.-10_18_47.png\",\"width\":1024,\"height\":1024},{\"@type\":\"BreadcrumbList\",\"@id\":\"https:\/\/mb-project.hr\/proizvod\/aluminijski-privjesak-otvarac\/#breadcrumb\",\"itemListElement\":[{\"@type\":\"ListItem\",\"position\":1,\"name\":\"Po\u010detna stranica\",\"item\":\"https:\/\/mb-project.hr\/\"},{\"@type\":\"ListItem\",\"position\":2,\"name\":\"WEB SHOP\",\"item\":\"https:\/\/mb-project.hr\/web-shop\/\"},{\"@type\":\"ListItem\",\"position\":3,\"name\":\"Aluminijski privjesak-otvara\u010d\"}]},{\"@type\":\"WebSite\",\"@id\":\"https:\/\/mb-project.hr\/#website\",\"url\":\"https:\/\/mb-project.hr\/\",\"name\":\"3D printanje, 3D modeliranje i lasersko graviranje\",\"description\":\"\",\"publisher\":{\"@id\":\"https:\/\/mb-project.hr\/#organization\"},\"potentialAction\":[{\"@type\":\"SearchAction\",\"target\":{\"@type\":\"EntryPoint\",\"urlTemplate\":\"https:\/\/mb-project.hr\/?s={search_term_string}\"},\"query-input\":{\"@type\":\"PropertyValueSpecification\",\"valueRequired\":true,\"valueName\":\"search_term_string\"}}],\"inLanguage\":\"de\"},{\"@type\":\"Organization\",\"@id\":\"https:\/\/mb-project.hr\/#organization\",\"name\":\"3D printanje, 3D modeliranje i lasersko graviranje\",\"url\":\"https:\/\/mb-project.hr\/\",\"logo\":{\"@type\":\"ImageObject\",\"inLanguage\":\"de\",\"@id\":\"https:\/\/mb-project.hr\/#\/schema\/logo\/image\/\",\"url\":\"https:\/\/mb-project.hr\/wp-content\/uploads\/2023\/02\/logo.png\",\"contentUrl\":\"https:\/\/mb-project.hr\/wp-content\/uploads\/2023\/02\/logo.png\",\"width\":1024,\"height\":650,\"caption\":\"3D printanje, 3D modeliranje i lasersko graviranje\"},\"image\":{\"@id\":\"https:\/\/mb-project.hr\/#\/schema\/logo\/image\/\"}}]}<\/script>\n<!-- \/ Yoast SEO plugin. -->","yoast_head_json":{"title":"Aluminijski privjesak-otvara\u010d - 3D printanje, 3D modeliranje i lasersko graviranje","robots":{"index":"index","follow":"follow","max-snippet":"max-snippet:-1","max-image-preview":"max-image-preview:large","max-video-preview":"max-video-preview:-1"},"canonical":"https:\/\/mb-project.hr\/de\/produkt\/aluminijski-privjesak-otvarac\/","og_locale":"de_DE","og_type":"article","og_title":"Aluminijski privjesak-otvara\u010d - 3D printanje, 3D modeliranje i lasersko graviranje","og_description":"Aluminijski privjesak\/otvara\u010d  Dostupno u vi\u0161e boja.  Dimenzije: 60x11 mm  Minimalna narud\u017eba: 50 komada  Za koli\u010dine ve\u010de od 300 komada mo\u017eete zatra\u017eiti ponudu sa dodatnim popustom na e-mail: 3dmbproject@gmail.com","og_url":"https:\/\/mb-project.hr\/de\/produkt\/aluminijski-privjesak-otvarac\/","og_site_name":"3D printanje, 3D modeliranje i lasersko graviranje","article_modified_time":"2025-09-25T15:55:07+00:00","og_image":[{"width":1024,"height":1024,"url":"https:\/\/mb-project.hr\/wp-content\/uploads\/2025\/08\/ChatGPT-Image-20.-ruj-2025.-10_18_47.png","type":"image\/png"}],"twitter_card":"summary_large_image","twitter_misc":{"Gesch\u00e4tzte Lesezeit":"1\u00a0Minute"},"schema":{"@context":"https:\/\/schema.org","@graph":[{"@type":"WebPage","@id":"https:\/\/mb-project.hr\/proizvod\/aluminijski-privjesak-otvarac\/","url":"https:\/\/mb-project.hr\/proizvod\/aluminijski-privjesak-otvarac\/","name":"Aluminijski privjesak-otvara\u010d - 3D printanje, 3D modeliranje i lasersko graviranje","isPartOf":{"@id":"https:\/\/mb-project.hr\/#website"},"primaryImageOfPage":{"@id":"https:\/\/mb-project.hr\/proizvod\/aluminijski-privjesak-otvarac\/#primaryimage"},"image":{"@id":"https:\/\/mb-project.hr\/proizvod\/aluminijski-privjesak-otvarac\/#primaryimage"},"thumbnailUrl":"https:\/\/mb-project.hr\/wp-content\/uploads\/2025\/08\/ChatGPT-Image-20.-ruj-2025.-10_18_47.png","datePublished":"2025-08-30T17:35:34+00:00","dateModified":"2025-09-25T15:55:07+00:00","breadcrumb":{"@id":"https:\/\/mb-project.hr\/proizvod\/aluminijski-privjesak-otvarac\/#breadcrumb"},"inLanguage":"de","potentialAction":[{"@type":"ReadAction","target":["https:\/\/mb-project.hr\/proizvod\/aluminijski-privjesak-otvarac\/"]}]},{"@type":"ImageObject","inLanguage":"de","@id":"https:\/\/mb-project.hr\/proizvod\/aluminijski-privjesak-otvarac\/#primaryimage","url":"https:\/\/mb-project.hr\/wp-content\/uploads\/2025\/08\/ChatGPT-Image-20.-ruj-2025.-10_18_47.png","contentUrl":"https:\/\/mb-project.hr\/wp-content\/uploads\/2025\/08\/ChatGPT-Image-20.-ruj-2025.-10_18_47.png","width":1024,"height":1024},{"@type":"BreadcrumbList","@id":"https:\/\/mb-project.hr\/proizvod\/aluminijski-privjesak-otvarac\/#breadcrumb","itemListElement":[{"@type":"ListItem","position":1,"name":"Po\u010detna stranica","item":"https:\/\/mb-project.hr\/"},{"@type":"ListItem","position":2,"name":"WEB SHOP","item":"https:\/\/mb-project.hr\/web-shop\/"},{"@type":"ListItem","position":3,"name":"Aluminijski privjesak-otvara\u010d"}]},{"@type":"WebSite","@id":"https:\/\/mb-project.hr\/#website","url":"https:\/\/mb-project.hr\/","name":"3D printanje, 3D modeliranje i lasersko graviranje","description":"","publisher":{"@id":"https:\/\/mb-project.hr\/#organization"},"potentialAction":[{"@type":"SearchAction","target":{"@type":"EntryPoint","urlTemplate":"https:\/\/mb-project.hr\/?s={search_term_string}"},"query-input":{"@type":"PropertyValueSpecification","valueRequired":true,"valueName":"search_term_string"}}],"inLanguage":"de"},{"@type":"Organization","@id":"https:\/\/mb-project.hr\/#organization","name":"3D printanje, 3D modeliranje i lasersko graviranje","url":"https:\/\/mb-project.hr\/","logo":{"@type":"ImageObject","inLanguage":"de","@id":"https:\/\/mb-project.hr\/#\/schema\/logo\/image\/","url":"https:\/\/mb-project.hr\/wp-content\/uploads\/2023\/02\/logo.png","contentUrl":"https:\/\/mb-project.hr\/wp-content\/uploads\/2023\/02\/logo.png","width":1024,"height":650,"caption":"3D printanje, 3D modeliranje i lasersko graviranje"},"image":{"@id":"https:\/\/mb-project.hr\/#\/schema\/logo\/image\/"}}]}},"jetpack_sharing_enabled":true,"_links":{"self":[{"href":"https:\/\/mb-project.hr\/de\/wp-json\/wp\/v2\/product\/1179","targetHints":{"allow":["GET"]}}],"collection":[{"href":"https:\/\/mb-project.hr\/de\/wp-json\/wp\/v2\/product"}],"about":[{"href":"https:\/\/mb-project.hr\/de\/wp-json\/wp\/v2\/types\/product"}],"wp:featuredmedia":[{"embeddable":true,"href":"https:\/\/mb-project.hr\/de\/wp-json\/wp\/v2\/media\/1276"}],"wp:attachment":[{"href":"https:\/\/mb-project.hr\/de\/wp-json\/wp\/v2\/media?parent=1179"}],"wp:term":[{"taxonomy":"product_brand","embeddable":true,"href":"https:\/\/mb-project.hr\/de\/wp-json\/wp\/v2\/product_brand?post=1179"},{"taxonomy":"product_cat","embeddable":true,"href":"https:\/\/mb-project.hr\/de\/wp-json\/wp\/v2\/product_cat?post=1179"},{"taxonomy":"product_tag","embeddable":true,"href":"https:\/\/mb-project.hr\/de\/wp-json\/wp\/v2\/product_tag?post=1179"}],"curies":[{"name":"wp","href":"https:\/\/api.w.org\/{rel}","templated":true}]}}