{"id":1143,"date":"2025-08-30T18:51:55","date_gmt":"2025-08-30T16:51:55","guid":{"rendered":"https:\/\/mb-project.hr\/?post_type=product&#038;p=1143"},"modified":"2025-09-25T17:54:59","modified_gmt":"2025-09-25T15:54:59","slug":"laserski-gravirane-metalne-posjetnice","status":"publish","type":"product","link":"https:\/\/mb-project.hr\/de\/produkt\/laserski-gravirane-metalne-posjetnice\/","title":{"rendered":"Lasergravierte Visitenkarten aus Metall"},"content":{"rendered":"<p data-start=\"81\" data-end=\"152\"><strong data-start=\"81\" data-end=\"150\">Lasergravierte Visitenkarten aus Metall (Besuche) \u2013 Luxus und Wiedererkennbarkeit<\/strong><\/p>\n<p data-start=\"154\" data-end=\"431\">Markieren Sie Ihre Marke auf einzigartige und elegante Weise! Unsere Metall-Visitenkarten mit Pr\u00e4zisions-Lasergravur machen einen starken Eindruck und pr\u00e4sentieren Sie im besten Licht. Hergestellt aus hochwertigem Aluminium, kombinieren diese Karten Haltbarkeit, Eleganz und modernes Design.<\/p>\n<p data-start=\"154\" data-end=\"431\">Visitenkartenabmessungen: 86x54x0,2 mm<\/p>\n<p data-start=\"433\" data-end=\"449\">Verf\u00fcgbare Farben:<\/p>\n<ul data-start=\"450\" data-end=\"510\">\n<li data-start=\"450\" data-end=\"458\">\n<p data-start=\"452\" data-end=\"458\">schwarz<\/p>\n<\/li>\n<li data-start=\"459\" data-end=\"469\">\n<p data-start=\"461\" data-end=\"469\">Rot<\/p>\n<\/li>\n<li data-start=\"470\" data-end=\"479\">\n<p data-start=\"472\" data-end=\"479\">Blau<\/p>\n<\/li>\n<li data-start=\"480\" data-end=\"490\">\n<p data-start=\"482\" data-end=\"490\">Gr\u00fcn<\/p>\n<\/li>\n<li data-start=\"491\" data-end=\"499\">\n<p data-start=\"493\" data-end=\"499\">Rosa<\/p>\n<\/li>\n<li data-start=\"500\" data-end=\"510\">\n<p data-start=\"502\" data-end=\"510\">goldene<\/p>\n<\/li>\n<\/ul>\n<p data-start=\"512\" data-end=\"739\">Diese Karten sind nicht nur ideal als exklusive Visitenkarten, sondern k\u00f6nnen auch als <strong data-start=\"588\" data-end=\"605\">Geschenkgutscheine<\/strong> f\u00fcr Ihre Dienstleistungen oder spezielle Rabatte - eine praktische und prestigetr\u00e4chtige Art zu geben, die Ihre Kunden und Partner sicherlich beeindrucken wird.<\/p>","protected":false},"excerpt":{"rendered":"<p><strong>Lasergravierte Metall Visitenkarten (Besuche)<\/strong><\/p>\n<p>Erh\u00e4ltlich in mehreren Farben.<\/p>\n<p>Abmessungen: 86x54x0,2 mm<\/p>\n<p>Mindestbestellmenge: 25 St\u00fcck<\/p>\n<p>F\u00fcr Mengen gr\u00f6\u00dfer als 150 St\u00fcck k\u00f6nnen Sie ein Angebot mit einem zus\u00e4tzlichen Rabatt auf E-Mail anfordern: 3dmbproject@gmail.com<\/p>","protected":false},"featured_media":1283,"template":"","meta":[],"product_brand":[],"product_cat":[59,44],"product_tag":[],"class_list":{"0":"post-1143","1":"product","2":"type-product","3":"status-publish","4":"has-post-thumbnail","6":"product_cat-graviranje","7":"product_cat-promocijski-materijali","9":"first","10":"onbackorder","11":"shipping-taxable","12":"purchasable","13":"product-type-variable"},"group_of_quantity":0,"min_quantity":25,"max_quantity":"","exclude_order_quantity_value_rules":"no","exclude_category_quantity_rules":"no","combine_variations":"no","exclude_global_add_ons":[],"addons":[],"yoast_head":"<!-- This site is optimized with the Yoast SEO plugin v26.0 - https:\/\/yoast.com\/wordpress\/plugins\/seo\/ -->\n<title>Laserski gravirane metalne posjetnice - 3D printanje, 3D modeliranje i lasersko graviranje<\/title>\n<meta name=\"robots\" content=\"index, follow, max-snippet:-1, max-image-preview:large, max-video-preview:-1\" \/>\n<link rel=\"canonical\" href=\"https:\/\/mb-project.hr\/de\/produkt\/laserski-gravirane-metalne-posjetnice\/\" \/>\n<meta property=\"og:locale\" content=\"de_DE\" \/>\n<meta property=\"og:type\" content=\"article\" \/>\n<meta property=\"og:title\" content=\"Laserski gravirane metalne posjetnice - 3D printanje, 3D modeliranje i lasersko graviranje\" \/>\n<meta property=\"og:description\" content=\"Laserski gravirane metalne posjetnice (vizitke)  Dostupno u vi\u0161e boja.  Dimenzije: 86x54x0.2 mm  Minimalna narud\u017eba: 25 komada  Za koli\u010dine ve\u010de od 150 komada mo\u017eete zatra\u017eiti ponudu sa dodatnim popustom na e-mail: 3dmbproject@gmail.com\" \/>\n<meta property=\"og:url\" content=\"https:\/\/mb-project.hr\/de\/produkt\/laserski-gravirane-metalne-posjetnice\/\" \/>\n<meta property=\"og:site_name\" content=\"3D printanje, 3D modeliranje i lasersko graviranje\" \/>\n<meta property=\"article:modified_time\" content=\"2025-09-25T15:54:59+00:00\" \/>\n<meta property=\"og:image\" content=\"https:\/\/mb-project.hr\/wp-content\/uploads\/2025\/08\/ChatGPT-Image-20.-ruj-2025.-10_33_34.png\" \/>\n\t<meta property=\"og:image:width\" content=\"1024\" \/>\n\t<meta property=\"og:image:height\" content=\"1024\" \/>\n\t<meta property=\"og:image:type\" content=\"image\/png\" \/>\n<meta name=\"twitter:card\" content=\"summary_large_image\" \/>\n<meta name=\"twitter:label1\" content=\"Gesch\u00e4tzte Lesezeit\" \/>\n\t<meta name=\"twitter:data1\" content=\"1\u00a0Minute\" \/>\n<script type=\"application\/ld+json\" class=\"yoast-schema-graph\">{\"@context\":\"https:\/\/schema.org\",\"@graph\":[{\"@type\":\"WebPage\",\"@id\":\"https:\/\/mb-project.hr\/proizvod\/laserski-gravirane-metalne-posjetnice\/\",\"url\":\"https:\/\/mb-project.hr\/proizvod\/laserski-gravirane-metalne-posjetnice\/\",\"name\":\"Laserski gravirane metalne posjetnice - 3D printanje, 3D modeliranje i lasersko graviranje\",\"isPartOf\":{\"@id\":\"https:\/\/mb-project.hr\/#website\"},\"primaryImageOfPage\":{\"@id\":\"https:\/\/mb-project.hr\/proizvod\/laserski-gravirane-metalne-posjetnice\/#primaryimage\"},\"image\":{\"@id\":\"https:\/\/mb-project.hr\/proizvod\/laserski-gravirane-metalne-posjetnice\/#primaryimage\"},\"thumbnailUrl\":\"https:\/\/mb-project.hr\/wp-content\/uploads\/2025\/08\/ChatGPT-Image-20.-ruj-2025.-10_33_34.png\",\"datePublished\":\"2025-08-30T16:51:55+00:00\",\"dateModified\":\"2025-09-25T15:54:59+00:00\",\"breadcrumb\":{\"@id\":\"https:\/\/mb-project.hr\/proizvod\/laserski-gravirane-metalne-posjetnice\/#breadcrumb\"},\"inLanguage\":\"de\",\"potentialAction\":[{\"@type\":\"ReadAction\",\"target\":[\"https:\/\/mb-project.hr\/proizvod\/laserski-gravirane-metalne-posjetnice\/\"]}]},{\"@type\":\"ImageObject\",\"inLanguage\":\"de\",\"@id\":\"https:\/\/mb-project.hr\/proizvod\/laserski-gravirane-metalne-posjetnice\/#primaryimage\",\"url\":\"https:\/\/mb-project.hr\/wp-content\/uploads\/2025\/08\/ChatGPT-Image-20.-ruj-2025.-10_33_34.png\",\"contentUrl\":\"https:\/\/mb-project.hr\/wp-content\/uploads\/2025\/08\/ChatGPT-Image-20.-ruj-2025.-10_33_34.png\",\"width\":1024,\"height\":1024},{\"@type\":\"BreadcrumbList\",\"@id\":\"https:\/\/mb-project.hr\/proizvod\/laserski-gravirane-metalne-posjetnice\/#breadcrumb\",\"itemListElement\":[{\"@type\":\"ListItem\",\"position\":1,\"name\":\"Po\u010detna stranica\",\"item\":\"https:\/\/mb-project.hr\/\"},{\"@type\":\"ListItem\",\"position\":2,\"name\":\"WEB SHOP\",\"item\":\"https:\/\/mb-project.hr\/web-shop\/\"},{\"@type\":\"ListItem\",\"position\":3,\"name\":\"Laserski gravirane metalne posjetnice\"}]},{\"@type\":\"WebSite\",\"@id\":\"https:\/\/mb-project.hr\/#website\",\"url\":\"https:\/\/mb-project.hr\/\",\"name\":\"3D printanje, 3D modeliranje i lasersko graviranje\",\"description\":\"\",\"publisher\":{\"@id\":\"https:\/\/mb-project.hr\/#organization\"},\"potentialAction\":[{\"@type\":\"SearchAction\",\"target\":{\"@type\":\"EntryPoint\",\"urlTemplate\":\"https:\/\/mb-project.hr\/?s={search_term_string}\"},\"query-input\":{\"@type\":\"PropertyValueSpecification\",\"valueRequired\":true,\"valueName\":\"search_term_string\"}}],\"inLanguage\":\"de\"},{\"@type\":\"Organization\",\"@id\":\"https:\/\/mb-project.hr\/#organization\",\"name\":\"3D printanje, 3D modeliranje i lasersko graviranje\",\"url\":\"https:\/\/mb-project.hr\/\",\"logo\":{\"@type\":\"ImageObject\",\"inLanguage\":\"de\",\"@id\":\"https:\/\/mb-project.hr\/#\/schema\/logo\/image\/\",\"url\":\"https:\/\/mb-project.hr\/wp-content\/uploads\/2023\/02\/logo.png\",\"contentUrl\":\"https:\/\/mb-project.hr\/wp-content\/uploads\/2023\/02\/logo.png\",\"width\":1024,\"height\":650,\"caption\":\"3D printanje, 3D modeliranje i lasersko graviranje\"},\"image\":{\"@id\":\"https:\/\/mb-project.hr\/#\/schema\/logo\/image\/\"}}]}<\/script>\n<!-- \/ Yoast SEO plugin. -->","yoast_head_json":{"title":"Laserski gravirane metalne posjetnice - 3D printanje, 3D modeliranje i lasersko graviranje","robots":{"index":"index","follow":"follow","max-snippet":"max-snippet:-1","max-image-preview":"max-image-preview:large","max-video-preview":"max-video-preview:-1"},"canonical":"https:\/\/mb-project.hr\/de\/produkt\/laserski-gravirane-metalne-posjetnice\/","og_locale":"de_DE","og_type":"article","og_title":"Laserski gravirane metalne posjetnice - 3D printanje, 3D modeliranje i lasersko graviranje","og_description":"Laserski gravirane metalne posjetnice (vizitke)  Dostupno u vi\u0161e boja.  Dimenzije: 86x54x0.2 mm  Minimalna narud\u017eba: 25 komada  Za koli\u010dine ve\u010de od 150 komada mo\u017eete zatra\u017eiti ponudu sa dodatnim popustom na e-mail: 3dmbproject@gmail.com","og_url":"https:\/\/mb-project.hr\/de\/produkt\/laserski-gravirane-metalne-posjetnice\/","og_site_name":"3D printanje, 3D modeliranje i lasersko graviranje","article_modified_time":"2025-09-25T15:54:59+00:00","og_image":[{"width":1024,"height":1024,"url":"https:\/\/mb-project.hr\/wp-content\/uploads\/2025\/08\/ChatGPT-Image-20.-ruj-2025.-10_33_34.png","type":"image\/png"}],"twitter_card":"summary_large_image","twitter_misc":{"Gesch\u00e4tzte Lesezeit":"1\u00a0Minute"},"schema":{"@context":"https:\/\/schema.org","@graph":[{"@type":"WebPage","@id":"https:\/\/mb-project.hr\/proizvod\/laserski-gravirane-metalne-posjetnice\/","url":"https:\/\/mb-project.hr\/proizvod\/laserski-gravirane-metalne-posjetnice\/","name":"Laserski gravirane metalne posjetnice - 3D printanje, 3D modeliranje i lasersko graviranje","isPartOf":{"@id":"https:\/\/mb-project.hr\/#website"},"primaryImageOfPage":{"@id":"https:\/\/mb-project.hr\/proizvod\/laserski-gravirane-metalne-posjetnice\/#primaryimage"},"image":{"@id":"https:\/\/mb-project.hr\/proizvod\/laserski-gravirane-metalne-posjetnice\/#primaryimage"},"thumbnailUrl":"https:\/\/mb-project.hr\/wp-content\/uploads\/2025\/08\/ChatGPT-Image-20.-ruj-2025.-10_33_34.png","datePublished":"2025-08-30T16:51:55+00:00","dateModified":"2025-09-25T15:54:59+00:00","breadcrumb":{"@id":"https:\/\/mb-project.hr\/proizvod\/laserski-gravirane-metalne-posjetnice\/#breadcrumb"},"inLanguage":"de","potentialAction":[{"@type":"ReadAction","target":["https:\/\/mb-project.hr\/proizvod\/laserski-gravirane-metalne-posjetnice\/"]}]},{"@type":"ImageObject","inLanguage":"de","@id":"https:\/\/mb-project.hr\/proizvod\/laserski-gravirane-metalne-posjetnice\/#primaryimage","url":"https:\/\/mb-project.hr\/wp-content\/uploads\/2025\/08\/ChatGPT-Image-20.-ruj-2025.-10_33_34.png","contentUrl":"https:\/\/mb-project.hr\/wp-content\/uploads\/2025\/08\/ChatGPT-Image-20.-ruj-2025.-10_33_34.png","width":1024,"height":1024},{"@type":"BreadcrumbList","@id":"https:\/\/mb-project.hr\/proizvod\/laserski-gravirane-metalne-posjetnice\/#breadcrumb","itemListElement":[{"@type":"ListItem","position":1,"name":"Po\u010detna stranica","item":"https:\/\/mb-project.hr\/"},{"@type":"ListItem","position":2,"name":"WEB SHOP","item":"https:\/\/mb-project.hr\/web-shop\/"},{"@type":"ListItem","position":3,"name":"Laserski gravirane metalne posjetnice"}]},{"@type":"WebSite","@id":"https:\/\/mb-project.hr\/#website","url":"https:\/\/mb-project.hr\/","name":"3D printanje, 3D modeliranje i lasersko graviranje","description":"","publisher":{"@id":"https:\/\/mb-project.hr\/#organization"},"potentialAction":[{"@type":"SearchAction","target":{"@type":"EntryPoint","urlTemplate":"https:\/\/mb-project.hr\/?s={search_term_string}"},"query-input":{"@type":"PropertyValueSpecification","valueRequired":true,"valueName":"search_term_string"}}],"inLanguage":"de"},{"@type":"Organization","@id":"https:\/\/mb-project.hr\/#organization","name":"3D printanje, 3D modeliranje i lasersko graviranje","url":"https:\/\/mb-project.hr\/","logo":{"@type":"ImageObject","inLanguage":"de","@id":"https:\/\/mb-project.hr\/#\/schema\/logo\/image\/","url":"https:\/\/mb-project.hr\/wp-content\/uploads\/2023\/02\/logo.png","contentUrl":"https:\/\/mb-project.hr\/wp-content\/uploads\/2023\/02\/logo.png","width":1024,"height":650,"caption":"3D printanje, 3D modeliranje i lasersko graviranje"},"image":{"@id":"https:\/\/mb-project.hr\/#\/schema\/logo\/image\/"}}]}},"jetpack_sharing_enabled":true,"_links":{"self":[{"href":"https:\/\/mb-project.hr\/de\/wp-json\/wp\/v2\/product\/1143","targetHints":{"allow":["GET"]}}],"collection":[{"href":"https:\/\/mb-project.hr\/de\/wp-json\/wp\/v2\/product"}],"about":[{"href":"https:\/\/mb-project.hr\/de\/wp-json\/wp\/v2\/types\/product"}],"wp:featuredmedia":[{"embeddable":true,"href":"https:\/\/mb-project.hr\/de\/wp-json\/wp\/v2\/media\/1283"}],"wp:attachment":[{"href":"https:\/\/mb-project.hr\/de\/wp-json\/wp\/v2\/media?parent=1143"}],"wp:term":[{"taxonomy":"product_brand","embeddable":true,"href":"https:\/\/mb-project.hr\/de\/wp-json\/wp\/v2\/product_brand?post=1143"},{"taxonomy":"product_cat","embeddable":true,"href":"https:\/\/mb-project.hr\/de\/wp-json\/wp\/v2\/product_cat?post=1143"},{"taxonomy":"product_tag","embeddable":true,"href":"https:\/\/mb-project.hr\/de\/wp-json\/wp\/v2\/product_tag?post=1143"}],"curies":[{"name":"wp","href":"https:\/\/api.w.org\/{rel}","templated":true}]}}