{"id":1079,"date":"2025-08-30T11:35:16","date_gmt":"2025-08-30T09:35:16","guid":{"rendered":"https:\/\/mb-project.hr\/?post_type=product&#038;p=1079"},"modified":"2025-09-15T13:15:11","modified_gmt":"2025-09-15T11:15:11","slug":"nevidljivi-nosaci-registarskih-plocica-click-sistem","status":"publish","type":"product","link":"https:\/\/mb-project.hr\/de\/produkt\/nevidljivi-nosaci-registarskih-plocica-click-sistem\/","title":{"rendered":"Unsichtbare Kennzeichentr\u00e4ger \u2013 CLICK-System"},"content":{"rendered":"<p data-start=\"171\" data-end=\"313\">Wenn Sie m\u00f6chten, dass Ihr Fahrzeug ordentlich, modern und ohne unn\u00f6tige Rahmen aussieht - <strong data-start=\"248\" data-end=\"290\">Unsichtbare Kennzeichentr\u00e4ger<\/strong> Sie sind die ideale L\u00f6sung.<\/p>\n<p data-start=\"315\" data-end=\"540\">Diese Tr\u00e4ger verwenden fortgeschrittene <strong data-start=\"343\" data-end=\"367\">Klicken Sie auf Montagesystem<\/strong>, was bedeutet, dass das Kennzeichen (Tabelle) einfach per Klick fixiert wird und das Ergebnis ein perfekt sauberes und elegantes Aussehen ist.<\/p>\n<h4 data-start=\"542\" data-end=\"573\"><strong data-start=\"547\" data-end=\"571\">Vorteile des Produkts:<\/strong><\/h4>\n<ul data-start=\"574\" data-end=\"1050\">\n<li data-start=\"574\" data-end=\"665\">\n<p data-start=\"576\" data-end=\"665\">?? <strong data-start=\"579\" data-end=\"602\">\u00c4sthetik ohne Rahmen<\/strong> \u2013 das Schild scheint Teil des Fahrzeugs zu sein, ohne sichtbare Halterungen<\/p>\n<\/li>\n<li data-start=\"666\" data-end=\"756\">\n<p data-start=\"668\" data-end=\"756\">?? <strong data-start=\"671\" data-end=\"694\">Einfache Installation<\/strong> \u2013 Auf- und Abbau in wenigen Sekunden, ohne zus\u00e4tzliche Werkzeuge<\/p>\n<\/li>\n<li data-start=\"757\" data-end=\"870\">\n<p data-start=\"759\" data-end=\"870\">?? <strong data-start=\"762\" data-end=\"788\">Sicherheit und Stabilit\u00e4t<\/strong> \u2013 die Fliese auch bei h\u00f6heren Geschwindigkeiten und unterschiedlichen Wetterbedingungen sicher halten<\/p>\n<\/li>\n<li data-start=\"871\" data-end=\"964\">\n<p data-start=\"873\" data-end=\"964\">?? <strong data-start=\"876\" data-end=\"906\">Kompatibilit\u00e4t<\/strong> \u2013 entspricht den Abmessungen des EU-Kennzeichens <em>520 mm x 110 mm.<\/em><\/p>\n<\/li>\n<li data-start=\"871\" data-end=\"964\">\n<p data-start=\"873\" data-end=\"964\">?? <strong data-start=\"970\" data-end=\"982\">Haltbarkeit<\/strong> \u2013 aus hochwertigem wetterfestem PETG-Material<\/p>\n<\/li>\n<\/ul>\n<h4 data-start=\"1052\" data-end=\"1092\"><strong data-start=\"1057\" data-end=\"1090\">Warum dieses Produkt w\u00e4hlen?<\/strong><\/h4>\n<p data-start=\"1093\" data-end=\"1334\">Neben der \u00dcbergabe des Fahrzeugs <strong data-start=\"1114\" data-end=\"1145\">Sauberer und professioneller Look<\/strong>, die unsichtbaren Klammern sind auch praktisch \u2013 Sie k\u00f6nnen die Kacheln in nur wenigen Sekunden herunterladen und zur\u00fccksetzen. Sie sind eine ideale Wahl f\u00fcr diejenigen, die ein ordentliches Design, aber auch maximale Funktionalit\u00e4t w\u00fcnschen.<\/p>\n<p data-start=\"319\" data-end=\"581\">Fertigungstechnik: 3D-Druck<\/p>\n<p data-start=\"1093\" data-end=\"1334\"><strong>Das Set enth\u00e4lt:<\/strong>4 Halterungen (2 f\u00fcr die Front und 2 f\u00fcr die R\u00fcckseite des Autos) und Schrauben zur Montage der Halterung.<\/p>\n<p data-start=\"1093\" data-end=\"1334\"><strong>F\u00e4lligkeit der Stoffe<\/strong>: 3-5 Werktage<\/p>\n<h6 data-start=\"1093\" data-end=\"1334\"><\/h6>\n<p data-start=\"1093\" data-end=\"1334\">?? Per Post versenden oder pers\u00f6nlich abholen.<\/p>","protected":false},"excerpt":{"rendered":"<p>&#8220;<strong>Unsichtbar<\/strong>\" Kennzeichenhalter (Tische) - \"CLICK\"-System<\/p>\n<p><strong>Das Set enth\u00e4lt:<\/strong>4 Halterungen (2 f\u00fcr die Front und 2 f\u00fcr die R\u00fcckseite des Autos) und Schrauben zur Montage der Halterung.<\/p>\n<p><strong>Lieferzeit<\/strong>: 3-5 Werktage<\/p>","protected":false},"featured_media":1103,"template":"","meta":[],"product_brand":[],"product_cat":[41],"product_tag":[],"class_list":{"0":"post-1079","1":"product","2":"type-product","3":"status-publish","4":"has-post-thumbnail","6":"product_cat-auto-moto-oprema","8":"first","9":"onbackorder","10":"sale","11":"shipping-taxable","12":"purchasable","13":"product-type-variable"},"group_of_quantity":0,"min_quantity":0,"max_quantity":"","exclude_order_quantity_value_rules":"no","exclude_category_quantity_rules":"no","combine_variations":"no","exclude_global_add_ons":[],"addons":[],"yoast_head":"<!-- This site is optimized with the Yoast SEO plugin v26.0 - https:\/\/yoast.com\/wordpress\/plugins\/seo\/ -->\n<title>Nevidljivi nosa\u010di registarskih plo\u010dica - &quot;CLICK&quot; sistem - 3D printanje, 3D modeliranje i lasersko graviranje<\/title>\n<meta name=\"robots\" content=\"index, follow, max-snippet:-1, max-image-preview:large, max-video-preview:-1\" \/>\n<link rel=\"canonical\" href=\"https:\/\/mb-project.hr\/de\/produkt\/nevidljivi-nosaci-registarskih-plocica-click-sistem\/\" \/>\n<meta property=\"og:locale\" content=\"de_DE\" \/>\n<meta property=\"og:type\" content=\"article\" \/>\n<meta property=\"og:title\" content=\"Nevidljivi nosa\u010di registarskih plo\u010dica - &quot;CLICK&quot; sistem - 3D printanje, 3D modeliranje i lasersko graviranje\" \/>\n<meta property=\"og:description\" content=\"&quot;NEVIDLJIVI&quot; nosa\u010di registarskih plo\u010dica (tablica) - &quot;CLICK&quot; sistem  Set sadr\u017ei:4 nosa\u010da (2 za prednju i 2 za stra\u017enju stranu automobila) te vijke za monta\u017eu nosa\u010da.  Rok isporuke: 3-5 radnih dana\" \/>\n<meta property=\"og:url\" content=\"https:\/\/mb-project.hr\/de\/produkt\/nevidljivi-nosaci-registarskih-plocica-click-sistem\/\" \/>\n<meta property=\"og:site_name\" content=\"3D printanje, 3D modeliranje i lasersko graviranje\" \/>\n<meta property=\"article:modified_time\" content=\"2025-09-15T11:15:11+00:00\" \/>\n<meta property=\"og:image\" content=\"https:\/\/mb-project.hr\/wp-content\/uploads\/2025\/08\/Naslovna-slika_nosaci-tablica-1-scaled.jpg\" \/>\n\t<meta property=\"og:image:width\" content=\"2489\" \/>\n\t<meta property=\"og:image:height\" content=\"2560\" \/>\n\t<meta property=\"og:image:type\" content=\"image\/jpeg\" \/>\n<meta name=\"twitter:card\" content=\"summary_large_image\" \/>\n<meta name=\"twitter:label1\" content=\"Gesch\u00e4tzte Lesezeit\" \/>\n\t<meta name=\"twitter:data1\" content=\"2\u00a0Minuten\" \/>\n<script type=\"application\/ld+json\" class=\"yoast-schema-graph\">{\"@context\":\"https:\/\/schema.org\",\"@graph\":[{\"@type\":\"WebPage\",\"@id\":\"https:\/\/mb-project.hr\/proizvod\/nevidljivi-nosaci-registarskih-plocica-click-sistem\/\",\"url\":\"https:\/\/mb-project.hr\/proizvod\/nevidljivi-nosaci-registarskih-plocica-click-sistem\/\",\"name\":\"Nevidljivi nosa\u010di registarskih plo\u010dica - \\\"CLICK\\\" sistem - 3D printanje, 3D modeliranje i lasersko graviranje\",\"isPartOf\":{\"@id\":\"https:\/\/mb-project.hr\/#website\"},\"primaryImageOfPage\":{\"@id\":\"https:\/\/mb-project.hr\/proizvod\/nevidljivi-nosaci-registarskih-plocica-click-sistem\/#primaryimage\"},\"image\":{\"@id\":\"https:\/\/mb-project.hr\/proizvod\/nevidljivi-nosaci-registarskih-plocica-click-sistem\/#primaryimage\"},\"thumbnailUrl\":\"https:\/\/mb-project.hr\/wp-content\/uploads\/2025\/08\/Naslovna-slika_nosaci-tablica-1-scaled.jpg\",\"datePublished\":\"2025-08-30T09:35:16+00:00\",\"dateModified\":\"2025-09-15T11:15:11+00:00\",\"breadcrumb\":{\"@id\":\"https:\/\/mb-project.hr\/proizvod\/nevidljivi-nosaci-registarskih-plocica-click-sistem\/#breadcrumb\"},\"inLanguage\":\"de\",\"potentialAction\":[{\"@type\":\"ReadAction\",\"target\":[\"https:\/\/mb-project.hr\/proizvod\/nevidljivi-nosaci-registarskih-plocica-click-sistem\/\"]}]},{\"@type\":\"ImageObject\",\"inLanguage\":\"de\",\"@id\":\"https:\/\/mb-project.hr\/proizvod\/nevidljivi-nosaci-registarskih-plocica-click-sistem\/#primaryimage\",\"url\":\"https:\/\/mb-project.hr\/wp-content\/uploads\/2025\/08\/Naslovna-slika_nosaci-tablica-1-scaled.jpg\",\"contentUrl\":\"https:\/\/mb-project.hr\/wp-content\/uploads\/2025\/08\/Naslovna-slika_nosaci-tablica-1-scaled.jpg\",\"width\":2489,\"height\":2560},{\"@type\":\"BreadcrumbList\",\"@id\":\"https:\/\/mb-project.hr\/proizvod\/nevidljivi-nosaci-registarskih-plocica-click-sistem\/#breadcrumb\",\"itemListElement\":[{\"@type\":\"ListItem\",\"position\":1,\"name\":\"Po\u010detna stranica\",\"item\":\"https:\/\/mb-project.hr\/\"},{\"@type\":\"ListItem\",\"position\":2,\"name\":\"WEB SHOP\",\"item\":\"https:\/\/mb-project.hr\/web-shop\/\"},{\"@type\":\"ListItem\",\"position\":3,\"name\":\"Nevidljivi nosa\u010di registarskih plo\u010dica &#8211; &#8220;CLICK&#8221; sistem\"}]},{\"@type\":\"WebSite\",\"@id\":\"https:\/\/mb-project.hr\/#website\",\"url\":\"https:\/\/mb-project.hr\/\",\"name\":\"3D printanje, 3D modeliranje i lasersko graviranje\",\"description\":\"\",\"publisher\":{\"@id\":\"https:\/\/mb-project.hr\/#organization\"},\"potentialAction\":[{\"@type\":\"SearchAction\",\"target\":{\"@type\":\"EntryPoint\",\"urlTemplate\":\"https:\/\/mb-project.hr\/?s={search_term_string}\"},\"query-input\":{\"@type\":\"PropertyValueSpecification\",\"valueRequired\":true,\"valueName\":\"search_term_string\"}}],\"inLanguage\":\"de\"},{\"@type\":\"Organization\",\"@id\":\"https:\/\/mb-project.hr\/#organization\",\"name\":\"3D printanje, 3D modeliranje i lasersko graviranje\",\"url\":\"https:\/\/mb-project.hr\/\",\"logo\":{\"@type\":\"ImageObject\",\"inLanguage\":\"de\",\"@id\":\"https:\/\/mb-project.hr\/#\/schema\/logo\/image\/\",\"url\":\"https:\/\/mb-project.hr\/wp-content\/uploads\/2023\/02\/logo.png\",\"contentUrl\":\"https:\/\/mb-project.hr\/wp-content\/uploads\/2023\/02\/logo.png\",\"width\":1024,\"height\":650,\"caption\":\"3D printanje, 3D modeliranje i lasersko graviranje\"},\"image\":{\"@id\":\"https:\/\/mb-project.hr\/#\/schema\/logo\/image\/\"}}]}<\/script>\n<!-- \/ Yoast SEO plugin. -->","yoast_head_json":{"title":"Nevidljivi nosa\u010di registarskih plo\u010dica - \"CLICK\" sistem - 3D printanje, 3D modeliranje i lasersko graviranje","robots":{"index":"index","follow":"follow","max-snippet":"max-snippet:-1","max-image-preview":"max-image-preview:large","max-video-preview":"max-video-preview:-1"},"canonical":"https:\/\/mb-project.hr\/de\/produkt\/nevidljivi-nosaci-registarskih-plocica-click-sistem\/","og_locale":"de_DE","og_type":"article","og_title":"Nevidljivi nosa\u010di registarskih plo\u010dica - \"CLICK\" sistem - 3D printanje, 3D modeliranje i lasersko graviranje","og_description":"\"NEVIDLJIVI\" nosa\u010di registarskih plo\u010dica (tablica) - \"CLICK\" sistem  Set sadr\u017ei:4 nosa\u010da (2 za prednju i 2 za stra\u017enju stranu automobila) te vijke za monta\u017eu nosa\u010da.  Rok isporuke: 3-5 radnih dana","og_url":"https:\/\/mb-project.hr\/de\/produkt\/nevidljivi-nosaci-registarskih-plocica-click-sistem\/","og_site_name":"3D printanje, 3D modeliranje i lasersko graviranje","article_modified_time":"2025-09-15T11:15:11+00:00","og_image":[{"width":2489,"height":2560,"url":"https:\/\/mb-project.hr\/wp-content\/uploads\/2025\/08\/Naslovna-slika_nosaci-tablica-1-scaled.jpg","type":"image\/jpeg"}],"twitter_card":"summary_large_image","twitter_misc":{"Gesch\u00e4tzte Lesezeit":"2\u00a0Minuten"},"schema":{"@context":"https:\/\/schema.org","@graph":[{"@type":"WebPage","@id":"https:\/\/mb-project.hr\/proizvod\/nevidljivi-nosaci-registarskih-plocica-click-sistem\/","url":"https:\/\/mb-project.hr\/proizvod\/nevidljivi-nosaci-registarskih-plocica-click-sistem\/","name":"Nevidljivi nosa\u010di registarskih plo\u010dica - \"CLICK\" sistem - 3D printanje, 3D modeliranje i lasersko graviranje","isPartOf":{"@id":"https:\/\/mb-project.hr\/#website"},"primaryImageOfPage":{"@id":"https:\/\/mb-project.hr\/proizvod\/nevidljivi-nosaci-registarskih-plocica-click-sistem\/#primaryimage"},"image":{"@id":"https:\/\/mb-project.hr\/proizvod\/nevidljivi-nosaci-registarskih-plocica-click-sistem\/#primaryimage"},"thumbnailUrl":"https:\/\/mb-project.hr\/wp-content\/uploads\/2025\/08\/Naslovna-slika_nosaci-tablica-1-scaled.jpg","datePublished":"2025-08-30T09:35:16+00:00","dateModified":"2025-09-15T11:15:11+00:00","breadcrumb":{"@id":"https:\/\/mb-project.hr\/proizvod\/nevidljivi-nosaci-registarskih-plocica-click-sistem\/#breadcrumb"},"inLanguage":"de","potentialAction":[{"@type":"ReadAction","target":["https:\/\/mb-project.hr\/proizvod\/nevidljivi-nosaci-registarskih-plocica-click-sistem\/"]}]},{"@type":"ImageObject","inLanguage":"de","@id":"https:\/\/mb-project.hr\/proizvod\/nevidljivi-nosaci-registarskih-plocica-click-sistem\/#primaryimage","url":"https:\/\/mb-project.hr\/wp-content\/uploads\/2025\/08\/Naslovna-slika_nosaci-tablica-1-scaled.jpg","contentUrl":"https:\/\/mb-project.hr\/wp-content\/uploads\/2025\/08\/Naslovna-slika_nosaci-tablica-1-scaled.jpg","width":2489,"height":2560},{"@type":"BreadcrumbList","@id":"https:\/\/mb-project.hr\/proizvod\/nevidljivi-nosaci-registarskih-plocica-click-sistem\/#breadcrumb","itemListElement":[{"@type":"ListItem","position":1,"name":"Po\u010detna stranica","item":"https:\/\/mb-project.hr\/"},{"@type":"ListItem","position":2,"name":"WEB SHOP","item":"https:\/\/mb-project.hr\/web-shop\/"},{"@type":"ListItem","position":3,"name":"Nevidljivi nosa\u010di registarskih plo\u010dica &#8211; &#8220;CLICK&#8221; sistem"}]},{"@type":"WebSite","@id":"https:\/\/mb-project.hr\/#website","url":"https:\/\/mb-project.hr\/","name":"3D printanje, 3D modeliranje i lasersko graviranje","description":"","publisher":{"@id":"https:\/\/mb-project.hr\/#organization"},"potentialAction":[{"@type":"SearchAction","target":{"@type":"EntryPoint","urlTemplate":"https:\/\/mb-project.hr\/?s={search_term_string}"},"query-input":{"@type":"PropertyValueSpecification","valueRequired":true,"valueName":"search_term_string"}}],"inLanguage":"de"},{"@type":"Organization","@id":"https:\/\/mb-project.hr\/#organization","name":"3D printanje, 3D modeliranje i lasersko graviranje","url":"https:\/\/mb-project.hr\/","logo":{"@type":"ImageObject","inLanguage":"de","@id":"https:\/\/mb-project.hr\/#\/schema\/logo\/image\/","url":"https:\/\/mb-project.hr\/wp-content\/uploads\/2023\/02\/logo.png","contentUrl":"https:\/\/mb-project.hr\/wp-content\/uploads\/2023\/02\/logo.png","width":1024,"height":650,"caption":"3D printanje, 3D modeliranje i lasersko graviranje"},"image":{"@id":"https:\/\/mb-project.hr\/#\/schema\/logo\/image\/"}}]}},"jetpack_sharing_enabled":true,"_links":{"self":[{"href":"https:\/\/mb-project.hr\/de\/wp-json\/wp\/v2\/product\/1079","targetHints":{"allow":["GET"]}}],"collection":[{"href":"https:\/\/mb-project.hr\/de\/wp-json\/wp\/v2\/product"}],"about":[{"href":"https:\/\/mb-project.hr\/de\/wp-json\/wp\/v2\/types\/product"}],"wp:featuredmedia":[{"embeddable":true,"href":"https:\/\/mb-project.hr\/de\/wp-json\/wp\/v2\/media\/1103"}],"wp:attachment":[{"href":"https:\/\/mb-project.hr\/de\/wp-json\/wp\/v2\/media?parent=1079"}],"wp:term":[{"taxonomy":"product_brand","embeddable":true,"href":"https:\/\/mb-project.hr\/de\/wp-json\/wp\/v2\/product_brand?post=1079"},{"taxonomy":"product_cat","embeddable":true,"href":"https:\/\/mb-project.hr\/de\/wp-json\/wp\/v2\/product_cat?post=1079"},{"taxonomy":"product_tag","embeddable":true,"href":"https:\/\/mb-project.hr\/de\/wp-json\/wp\/v2\/product_tag?post=1079"}],"curies":[{"name":"wp","href":"https:\/\/api.w.org\/{rel}","templated":true}]}}