{"id":3,"date":"2023-02-24T14:09:08","date_gmt":"2023-02-24T13:09:08","guid":{"rendered":"https:\/\/mb-project.hr\/?page_id=3"},"modified":"2025-08-23T19:26:44","modified_gmt":"2025-08-23T17:26:44","slug":"pravila-privatnosti","status":"publish","type":"page","link":"https:\/\/mb-project.hr\/de\/pravila-privatnosti\/","title":{"rendered":"Datenschutzerkl\u00e4rung"},"content":{"rendered":"<div data-elementor-type=\"wp-page\" data-elementor-id=\"3\" class=\"elementor elementor-3\" data-elementor-post-type=\"page\">\n\t\t\t\t\t\t<section class=\"elementor-section elementor-top-section elementor-element elementor-element-6a9a60f elementor-section-boxed elementor-section-height-default elementor-section-height-default\" data-id=\"6a9a60f\" data-element_type=\"section\">\n\t\t\t\t\t\t<div class=\"elementor-container elementor-column-gap-default\">\n\t\t\t\t\t<div class=\"elementor-column elementor-col-100 elementor-top-column elementor-element elementor-element-784c11a\" data-id=\"784c11a\" data-element_type=\"column\">\n\t\t\t<div class=\"elementor-widget-wrap elementor-element-populated\">\n\t\t\t\t\t\t<div class=\"elementor-element elementor-element-e1239df elementor-widget elementor-widget-heading\" data-id=\"e1239df\" data-element_type=\"widget\" data-widget_type=\"heading.default\">\n\t\t\t\t<div class=\"elementor-widget-container\">\n\t\t\t\t\t<h1 class=\"elementor-heading-title elementor-size-default\">Datenschutzerkl\u00e4rung<\/h1>\t\t\t\t<\/div>\n\t\t\t\t<\/div>\n\t\t\t\t<div class=\"elementor-element elementor-element-20c8b33 elementor-widget elementor-widget-text-editor\" data-id=\"20c8b33\" data-element_type=\"widget\" data-widget_type=\"text-editor.default\">\n\t\t\t\t<div class=\"elementor-widget-container\">\n\t\t\t\t\t\t\t\t\t<h6>INFORMATIONEN, DIE WIR ERHEBEN<\/h6><p>Der Zugang zur Website mb-project.hr ist kostenlos und eine Registrierung ist nicht erforderlich. Wenn Sie uns \u00fcber Kontaktformulare oder per E-Mail kontaktieren, geben Sie Ihre Daten ein. Diese Informationen stehen nur der Website mb-project.hr zur Verf\u00fcgung, an die sie zum Zweck der L\u00f6sung Ihrer Anfrage gerichtet sind. Die Bereitstellung Ihrer personenbezogenen Daten ist freiwillig. Wir verarbeiten nicht mehr personenbezogene Daten, als f\u00fcr die Beantwortung Ihrer Anfrage unbedingt erforderlich sind.<\/p><h6>SCHUTZ IHRER PERSONENBEZOGENEN DATEN<\/h6><p>mb-project.hr respektiert Ihre Privatsph\u00e4re und verarbeitet Ihre personenbezogenen Daten fair und rechtm\u00e4\u00dfig. Wir speichern Ihre personenbezogenen Daten in elektronischer Form und wenden zum Schutz geeignete technische und organisatorische Ma\u00dfnahmen zum Schutz personenbezogener Daten und Verfahren an, um den unbefugten Zugriff auf personenbezogene Daten zu verhindern.<\/p><h6>COOKIES<\/h6><p>Die Website www.mb-project.hr verwendet so genannte Cookies (Cookies). \u201eCookies\u201c), um dem Nutzer einen Dienst mit voller Funktionalit\u00e4t und qualitativ hochwertigsten Inhalten anbieten zu k\u00f6nnen. Cookies sind eine Reihe von Daten, die vom Server der Website generiert und vom Webbrowser in Form einer kleinen Textdatei auf der Festplatte des Benutzers gespeichert werden. Wir sind st\u00e4ndig bem\u00fcht, unseren Nutzern die bestm\u00f6gliche Benutzererfahrung zu bieten, daher ist zu beachten, dass unsere Websites nur dann optimal funktionieren, wenn Cookies aktiviert sind. Um \"Cookies\" in \u00dcbereinstimmung mit dem Gesetz \u00fcber elektronische Kommunikation, dem Gesetz \u00fcber den Schutz personenbezogener Daten und den EU-Richtlinien zu verwenden, ben\u00f6tigen wir Ihre Zustimmung. Durch die Nutzung dieser Website erkl\u00e4ren Sie sich mit der Verwendung von Cookies einverstanden. Durch das Blockieren von Cookies k\u00f6nnen Sie die Website weiterhin durchsuchen, einige ihrer Funktionen stehen Ihnen jedoch nicht zur Verf\u00fcgung.<\/p><h6>INHALTE VON ANDEREN WEBSITES<\/h6><p>Artikel auf dieser Website k\u00f6nnen eingebettete Inhalte enthalten (z.B. Videos, Bilder, Artikel, etc.). Eingebettete Inhalte von anderen Websites verhalten sich genauso, als ob der Besucher diese andere Website besucht h\u00e4tte.<\/p><h6>SCHUTZMASSNAHMEN<\/h6><p>Die Website mb-project.hr verwendet technische und Sicherheitsma\u00dfnahmen, Regeln und andere Verfahren, um die pers\u00f6nlichen Daten der Benutzer dieser Website vor unbefugtem Zugriff, Missbrauch, Erkennung, Verlust oder Zerst\u00f6rung zu sch\u00fctzen. Um die Privatsph\u00e4re der Nutzer der Website zu sch\u00fctzen, setzen wir branchen\u00fcbliche Sicherheitsma\u00dfnahmen wie Firewall und Passwortschutz ein. Der Nutzer ist jedoch verpflichtet, daf\u00fcr zu sorgen, dass der von ihm verwendete Computer auch sicher und vor Schadsoftware wie Trojanern, Computerviren und W\u00fcrmern gesch\u00fctzt ist. Der Benutzer der Website ist sich bewusst, dass ohne angemessene Sicherheitsma\u00dfnahmen (zum Beispiel sichere Internet-Browser-Konfiguration, aktualisierte Antivirenprogramme, pers\u00f6nliche Firewall-Programme, Nichtverwendung von Programmen aus verd\u00e4chtigen Quellen) die Gefahr besteht, dass die Daten und Passw\u00f6rter, die verwendet werden, um den Zugriff auf personenbezogene Daten zu verhindern, an unbefugte Dritte weitergegeben werden.<\/p><h6>ANGEBOTSTATISTIK<\/h6><p>Diese Website verwendet das Jetpack-Plugin, um Anwesenheitsstatistiken zu messen.<\/p><h6>HAFTUNGSBESCHR\u00c4NKUNG<\/h6><p>Obwohl wir verf\u00fcgbare technische und organisatorische Ma\u00dfnahmen ergreifen, um die unbefugte Offenlegung Ihrer personenbezogenen Daten zu verhindern, k\u00f6nnen wir nicht garantieren, dass einige der von uns erfassten personenbezogenen Daten entgegen den Bestimmungen dieser Datenschutzrichtlinie niemals versehentlich offengelegt werden. Soweit gesetzlich zul\u00e4ssig, schlie\u00dfen wir die Haftung f\u00fcr Sch\u00e4den aus, die Nutzern oder Dritten durch die unbeabsichtigte Weitergabe personenbezogener Daten entstehen.<\/p>\t\t\t\t\t\t\t\t<\/div>\n\t\t\t\t<\/div>\n\t\t\t\t\t<\/div>\n\t\t<\/div>\n\t\t\t\t\t<\/div>\n\t\t<\/section>\n\t\t\t\t<\/div>","protected":false},"excerpt":{"rendered":"<p>Der Zugriff auf die Website mb-project.hr ist kostenlos und es ist keine Registrierung erforderlich. Wenn Sie uns \u00fcber Kontaktformulare oder per E-Mail kontaktieren, geben Sie Ihre Daten ein. Diese Informationen stehen nur der Website mb-project.hr zur Verf\u00fcgung, an die sie zum Zweck der L\u00f6sung Ihrer Anfrage gerichtet sind. Die Bereitstellung Ihrer personenbezogenen Daten ist freiwillig. Wir verarbeiten nicht mehr personenbezogene Daten, als tats\u00e4chlich [...]<\/p>","protected":false},"author":1,"featured_media":0,"parent":0,"menu_order":0,"comment_status":"closed","ping_status":"closed","template":"elementor_header_footer","meta":{"footnotes":""},"class_list":["post-3","page","type-page","status-publish","hentry"],"yoast_head":"<!-- This site is optimized with the Yoast SEO plugin v26.0 - https:\/\/yoast.com\/wordpress\/plugins\/seo\/ -->\n<title>Pravila privatnosti - 3D printanje, 3D modeliranje i lasersko graviranje<\/title>\n<meta name=\"robots\" content=\"index, follow, max-snippet:-1, max-image-preview:large, max-video-preview:-1\" \/>\n<link rel=\"canonical\" href=\"https:\/\/mb-project.hr\/de\/pravila-privatnosti\/\" \/>\n<meta property=\"og:locale\" content=\"de_DE\" \/>\n<meta property=\"og:type\" content=\"article\" \/>\n<meta property=\"og:title\" content=\"Pravila privatnosti - 3D printanje, 3D modeliranje i lasersko graviranje\" \/>\n<meta property=\"og:description\" content=\"Pravila privatnosti PODACI KOJE PRIKUPLJAMO Pristup web stranici mb-project.hr je slobodan i ne tra\u017ei se registracija. Kontaktiranjem putem kontakt-obrazaca ili elektroni\u010dkom po\u0161tom ispunjavate svoje podatke. Ti su podaci dostupni isklju\u010divo stranici mb-project.hr kojima su upu\u0107eni u svrhu rje\u0161avanja va\u0161eg upita. Davanje va\u0161ih osobnih podataka je dobrovoljno. Ne obra\u0111ujemo vi\u0161e osobnih podataka no \u0161to je doista [&hellip;]\" \/>\n<meta property=\"og:url\" content=\"https:\/\/mb-project.hr\/de\/pravila-privatnosti\/\" \/>\n<meta property=\"og:site_name\" content=\"3D printanje, 3D modeliranje i lasersko graviranje\" \/>\n<meta property=\"article:modified_time\" content=\"2025-08-23T17:26:44+00:00\" \/>\n<meta name=\"twitter:card\" content=\"summary_large_image\" \/>\n<meta name=\"twitter:label1\" content=\"Gesch\u00e4tzte Lesezeit\" \/>\n\t<meta name=\"twitter:data1\" content=\"3\u00a0Minuten\" \/>\n<script type=\"application\/ld+json\" class=\"yoast-schema-graph\">{\"@context\":\"https:\/\/schema.org\",\"@graph\":[{\"@type\":\"WebPage\",\"@id\":\"https:\/\/mb-project.hr\/pravila-privatnosti\/\",\"url\":\"https:\/\/mb-project.hr\/pravila-privatnosti\/\",\"name\":\"Pravila privatnosti - 3D printanje, 3D modeliranje i lasersko graviranje\",\"isPartOf\":{\"@id\":\"https:\/\/mb-project.hr\/#website\"},\"datePublished\":\"2023-02-24T13:09:08+00:00\",\"dateModified\":\"2025-08-23T17:26:44+00:00\",\"breadcrumb\":{\"@id\":\"https:\/\/mb-project.hr\/pravila-privatnosti\/#breadcrumb\"},\"inLanguage\":\"de\",\"potentialAction\":[{\"@type\":\"ReadAction\",\"target\":[\"https:\/\/mb-project.hr\/pravila-privatnosti\/\"]}]},{\"@type\":\"BreadcrumbList\",\"@id\":\"https:\/\/mb-project.hr\/pravila-privatnosti\/#breadcrumb\",\"itemListElement\":[{\"@type\":\"ListItem\",\"position\":1,\"name\":\"Po\u010detna stranica\",\"item\":\"https:\/\/mb-project.hr\/\"},{\"@type\":\"ListItem\",\"position\":2,\"name\":\"Pravila privatnosti\"}]},{\"@type\":\"WebSite\",\"@id\":\"https:\/\/mb-project.hr\/#website\",\"url\":\"https:\/\/mb-project.hr\/\",\"name\":\"3D printanje, 3D modeliranje i lasersko graviranje\",\"description\":\"\",\"publisher\":{\"@id\":\"https:\/\/mb-project.hr\/#organization\"},\"potentialAction\":[{\"@type\":\"SearchAction\",\"target\":{\"@type\":\"EntryPoint\",\"urlTemplate\":\"https:\/\/mb-project.hr\/?s={search_term_string}\"},\"query-input\":{\"@type\":\"PropertyValueSpecification\",\"valueRequired\":true,\"valueName\":\"search_term_string\"}}],\"inLanguage\":\"de\"},{\"@type\":\"Organization\",\"@id\":\"https:\/\/mb-project.hr\/#organization\",\"name\":\"3D printanje, 3D modeliranje i lasersko graviranje\",\"url\":\"https:\/\/mb-project.hr\/\",\"logo\":{\"@type\":\"ImageObject\",\"inLanguage\":\"de\",\"@id\":\"https:\/\/mb-project.hr\/#\/schema\/logo\/image\/\",\"url\":\"https:\/\/mb-project.hr\/wp-content\/uploads\/2023\/02\/logo.png\",\"contentUrl\":\"https:\/\/mb-project.hr\/wp-content\/uploads\/2023\/02\/logo.png\",\"width\":1024,\"height\":650,\"caption\":\"3D printanje, 3D modeliranje i lasersko graviranje\"},\"image\":{\"@id\":\"https:\/\/mb-project.hr\/#\/schema\/logo\/image\/\"}}]}<\/script>\n<!-- \/ Yoast SEO plugin. -->","yoast_head_json":{"title":"Pravila privatnosti - 3D printanje, 3D modeliranje i lasersko graviranje","robots":{"index":"index","follow":"follow","max-snippet":"max-snippet:-1","max-image-preview":"max-image-preview:large","max-video-preview":"max-video-preview:-1"},"canonical":"https:\/\/mb-project.hr\/de\/pravila-privatnosti\/","og_locale":"de_DE","og_type":"article","og_title":"Pravila privatnosti - 3D printanje, 3D modeliranje i lasersko graviranje","og_description":"Pravila privatnosti PODACI KOJE PRIKUPLJAMO Pristup web stranici mb-project.hr je slobodan i ne tra\u017ei se registracija. Kontaktiranjem putem kontakt-obrazaca ili elektroni\u010dkom po\u0161tom ispunjavate svoje podatke. Ti su podaci dostupni isklju\u010divo stranici mb-project.hr kojima su upu\u0107eni u svrhu rje\u0161avanja va\u0161eg upita. Davanje va\u0161ih osobnih podataka je dobrovoljno. Ne obra\u0111ujemo vi\u0161e osobnih podataka no \u0161to je doista [&hellip;]","og_url":"https:\/\/mb-project.hr\/de\/pravila-privatnosti\/","og_site_name":"3D printanje, 3D modeliranje i lasersko graviranje","article_modified_time":"2025-08-23T17:26:44+00:00","twitter_card":"summary_large_image","twitter_misc":{"Gesch\u00e4tzte Lesezeit":"3\u00a0Minuten"},"schema":{"@context":"https:\/\/schema.org","@graph":[{"@type":"WebPage","@id":"https:\/\/mb-project.hr\/pravila-privatnosti\/","url":"https:\/\/mb-project.hr\/pravila-privatnosti\/","name":"Pravila privatnosti - 3D printanje, 3D modeliranje i lasersko graviranje","isPartOf":{"@id":"https:\/\/mb-project.hr\/#website"},"datePublished":"2023-02-24T13:09:08+00:00","dateModified":"2025-08-23T17:26:44+00:00","breadcrumb":{"@id":"https:\/\/mb-project.hr\/pravila-privatnosti\/#breadcrumb"},"inLanguage":"de","potentialAction":[{"@type":"ReadAction","target":["https:\/\/mb-project.hr\/pravila-privatnosti\/"]}]},{"@type":"BreadcrumbList","@id":"https:\/\/mb-project.hr\/pravila-privatnosti\/#breadcrumb","itemListElement":[{"@type":"ListItem","position":1,"name":"Po\u010detna stranica","item":"https:\/\/mb-project.hr\/"},{"@type":"ListItem","position":2,"name":"Pravila privatnosti"}]},{"@type":"WebSite","@id":"https:\/\/mb-project.hr\/#website","url":"https:\/\/mb-project.hr\/","name":"3D printanje, 3D modeliranje i lasersko graviranje","description":"","publisher":{"@id":"https:\/\/mb-project.hr\/#organization"},"potentialAction":[{"@type":"SearchAction","target":{"@type":"EntryPoint","urlTemplate":"https:\/\/mb-project.hr\/?s={search_term_string}"},"query-input":{"@type":"PropertyValueSpecification","valueRequired":true,"valueName":"search_term_string"}}],"inLanguage":"de"},{"@type":"Organization","@id":"https:\/\/mb-project.hr\/#organization","name":"3D printanje, 3D modeliranje i lasersko graviranje","url":"https:\/\/mb-project.hr\/","logo":{"@type":"ImageObject","inLanguage":"de","@id":"https:\/\/mb-project.hr\/#\/schema\/logo\/image\/","url":"https:\/\/mb-project.hr\/wp-content\/uploads\/2023\/02\/logo.png","contentUrl":"https:\/\/mb-project.hr\/wp-content\/uploads\/2023\/02\/logo.png","width":1024,"height":650,"caption":"3D printanje, 3D modeliranje i lasersko graviranje"},"image":{"@id":"https:\/\/mb-project.hr\/#\/schema\/logo\/image\/"}}]}},"jetpack_sharing_enabled":true,"_links":{"self":[{"href":"https:\/\/mb-project.hr\/de\/wp-json\/wp\/v2\/pages\/3","targetHints":{"allow":["GET"]}}],"collection":[{"href":"https:\/\/mb-project.hr\/de\/wp-json\/wp\/v2\/pages"}],"about":[{"href":"https:\/\/mb-project.hr\/de\/wp-json\/wp\/v2\/types\/page"}],"author":[{"embeddable":true,"href":"https:\/\/mb-project.hr\/de\/wp-json\/wp\/v2\/users\/1"}],"replies":[{"embeddable":true,"href":"https:\/\/mb-project.hr\/de\/wp-json\/wp\/v2\/comments?post=3"}],"version-history":[{"count":8,"href":"https:\/\/mb-project.hr\/de\/wp-json\/wp\/v2\/pages\/3\/revisions"}],"predecessor-version":[{"id":1009,"href":"https:\/\/mb-project.hr\/de\/wp-json\/wp\/v2\/pages\/3\/revisions\/1009"}],"wp:attachment":[{"href":"https:\/\/mb-project.hr\/de\/wp-json\/wp\/v2\/media?parent=3"}],"curies":[{"name":"wp","href":"https:\/\/api.w.org\/{rel}","templated":true}]}}